{"id":3222,"date":"2025-09-18T12:20:15","date_gmt":"2025-09-18T12:20:15","guid":{"rendered":"https:\/\/reisepassfuhrer.com\/?post_type=product&#038;p=3222"},"modified":"2025-09-18T12:20:16","modified_gmt":"2025-09-18T12:20:16","slug":"fuhrerschein-italien-kosten","status":"publish","type":"product","link":"https:\/\/reisepassfuhrer.com\/ru\/product\/\u0432\u043e\u0434\u0438\u0442\u0435\u043b\u044c\u0441\u043a\u0438\u0435-\u043f\u0440\u0430\u0432\u0430-\u0438\u0442\u0430\u043b\u0438\u044f-\u0441\u0442\u043e\u0438\u043c\u043e\u0441\u0442\u044c\/","title":{"rendered":"\u0432\u043e\u0434\u0438\u0442\u0435\u043b\u044c\u0441\u043a\u0438\u0435 \u043f\u0440\u0430\u0432\u0430 \u0438\u0442\u0430\u043b\u0438\u044f \u0441\u0442\u043e\u0438\u043c\u043e\u0441\u0442\u044c"},"content":{"rendered":"<h3 data-start=\"248\" data-end=\"318\">\u0412\u043e\u0434\u0438\u0442\u0435\u043b\u044c\u0441\u043a\u0438\u0435 \u043f\u0440\u0430\u0432\u0430 \u0432 \u0418\u0442\u0430\u043b\u0438\u0438 - \u0434\u0435\u0448\u0435\u0432\u043e, \u0431\u044b\u0441\u0442\u0440\u043e \u0438 \u0434\u0435\u0439\u0441\u0442\u0432\u0438\u0442\u0435\u043b\u044c\u043d\u043e \u043d\u0430 \u0432\u0441\u0435\u0439 \u0442\u0435\u0440\u0440\u0438\u0442\u043e\u0440\u0438\u0438 \u0415\u0421<\/h3>\n<p data-start=\"320\" data-end=\"598\">\u0412\u044b \u0445\u043e\u0442\u0438\u0442\u0435 <strong data-start=\"336\" data-end=\"370\">\u041f\u043e\u043b\u0443\u0447\u0435\u043d\u0438\u0435 \u0432\u043e\u0434\u0438\u0442\u0435\u043b\u044c\u0441\u043a\u0438\u0445 \u043f\u0440\u0430\u0432 \u0432 \u0418\u0442\u0430\u043b\u0438\u0438<\/strong>, \u043d\u043e \u0441\u043f\u0440\u043e\u0441\u0438\u0442\u0435 \u0441\u0435\u0431\u044f, \u043a\u0430\u043a\u0438\u0435 <strong data-start=\"397\" data-end=\"407\">\u0417\u0430\u0442\u0440\u0430\u0442\u044b<\/strong> \u0447\u0442\u043e \u0432\u044b \u0441\u043e\u0431\u0438\u0440\u0430\u0435\u0442\u0435\u0441\u044c \u0434\u0435\u043b\u0430\u0442\u044c? \u0421 \u043d\u0430\u043c\u0438 \u0432\u044b \u043f\u043e\u043b\u0443\u0447\u0438\u0442\u0435 \u043f\u043e\u043b\u043d\u0443\u044e \u043f\u0440\u043e\u0437\u0440\u0430\u0447\u043d\u043e\u0441\u0442\u044c! \u041c\u044b \u043f\u043e\u043a\u0430\u0436\u0435\u043c \u0432\u0430\u043c, \u043a\u0430\u043a \u0432\u044b \u043c\u043e\u0436\u0435\u0442\u0435 <strong data-start=\"496\" data-end=\"551\">\u041f\u043e\u043b\u0443\u0447\u0435\u043d\u0438\u0435 \u0438\u0442\u0430\u043b\u044c\u044f\u043d\u0441\u043a\u043e\u0433\u043e \u0432\u043e\u0434\u0438\u0442\u0435\u043b\u044c\u0441\u043a\u043e\u0433\u043e \u0443\u0434\u043e\u0441\u0442\u043e\u0432\u0435\u0440\u0435\u043d\u0438\u044f \u0441 \u043c\u0438\u043d\u0438\u043c\u0430\u043b\u044c\u043d\u044b\u043c\u0438 \u0437\u0430\u0442\u0440\u0430\u0442\u0430\u043c\u0438<\/strong> \u043c\u043e\u0436\u0435\u0442 - \u043b\u0435\u0433\u0430\u043b\u044c\u043d\u043e \u0438 <strong data-start=\"576\" data-end=\"597\">\u041f\u0440\u0438\u0437\u043d\u0430\u043d\u0430 \u0432\u043e \u0432\u0441\u0435\u043c \u0415\u0421<\/strong>.<\/p>\n<p data-start=\"600\" data-end=\"940\">\u0421\u0430\u0439\u0442 <strong data-start=\"604\" data-end=\"635\">\u0412\u043e\u0434\u0438\u0442\u0435\u043b\u044c\u0441\u043a\u043e\u0435 \u0443\u0434\u043e\u0441\u0442\u043e\u0432\u0435\u0440\u0435\u043d\u0438\u0435 \u0418\u0442\u0430\u043b\u0438\u044f<\/strong> \u0437\u0430\u0447\u0430\u0441\u0442\u0443\u044e \u0437\u043d\u0430\u0447\u0438\u0442\u0435\u043b\u044c\u043d\u043e \u043d\u0438\u0436\u0435, \u0447\u0435\u043c \u0432 \u0413\u0435\u0440\u043c\u0430\u043d\u0438\u0438. \u0412\u044b \u0442\u0430\u043a\u0436\u0435 \u0432\u044b\u0438\u0433\u0440\u044b\u0432\u0430\u0435\u0442\u0435 \u043e\u0442 \u0431\u043e\u043b\u0435\u0435 \u0431\u044b\u0441\u0442\u0440\u043e\u0433\u043e \u043e\u0444\u043e\u0440\u043c\u043b\u0435\u043d\u0438\u044f \u0434\u043e\u043a\u0443\u043c\u0435\u043d\u0442\u043e\u0432, \u0431\u043e\u043b\u0435\u0435 \u0433\u0438\u0431\u043a\u0438\u0445 \u0443\u0441\u043b\u043e\u0432\u0438\u0439 \u0441\u0434\u0430\u0447\u0438 \u044d\u043a\u0437\u0430\u043c\u0435\u043d\u043e\u0432 \u0438 \u043c\u0435\u043d\u044c\u0448\u0435\u0433\u043e \u043a\u043e\u043b\u0438\u0447\u0435\u0441\u0442\u0432\u0430 \u0431\u044e\u0440\u043e\u043a\u0440\u0430\u0442\u0438\u0447\u0435\u0441\u043a\u0438\u0445 \u043f\u0440\u043e\u0432\u043e\u043b\u043e\u0447\u0435\u043a. \u041d\u0430\u0448\u0430 \u0441\u043b\u0443\u0436\u0431\u0430 \u0441\u043e\u043f\u0440\u043e\u0432\u043e\u0436\u0434\u0430\u0435\u0442 \u0432\u0430\u0441 \u0448\u0430\u0433 \u0437\u0430 \u0448\u0430\u0433\u043e\u043c: \u043e\u0442 \u0440\u0435\u0433\u0438\u0441\u0442\u0440\u0430\u0446\u0438\u0438 \u0432 \u0438\u0442\u0430\u043b\u044c\u044f\u043d\u0441\u043a\u043e\u0439 \u0430\u0432\u0442\u043e\u0448\u043a\u043e\u043b\u0435 \u0434\u043e \u043f\u043e\u043b\u0443\u0447\u0435\u043d\u0438\u044f \u0432\u043e\u0434\u0438\u0442\u0435\u043b\u044c\u0441\u043a\u043e\u0433\u043e \u0443\u0434\u043e\u0441\u0442\u043e\u0432\u0435\u0440\u0435\u043d\u0438\u044f.<\/p>\n<h3 data-start=\"947\" data-end=\"986\">\u00a0\u0412\u0430\u0448\u0438 \u043f\u0440\u0435\u0438\u043c\u0443\u0449\u0435\u0441\u0442\u0432\u0430 \u0441 \u043f\u0435\u0440\u0432\u043e\u0433\u043e \u0432\u0437\u0433\u043b\u044f\u0434\u0430:<\/h3>\n<ul data-start=\"987\" data-end=\"1199\">\n<li data-start=\"987\" data-end=\"1042\">\n<p data-start=\"989\" data-end=\"1042\">\u2714\ufe0f <strong data-start=\"992\" data-end=\"1021\">\u0417\u043d\u0430\u0447\u0438\u0442\u0435\u043b\u044c\u043d\u043e\u0435 \u0441\u043d\u0438\u0436\u0435\u043d\u0438\u0435 \u0437\u0430\u0442\u0440\u0430\u0442<\/strong> \u0447\u0435\u043c \u0432 \u0413\u0435\u0440\u043c\u0430\u043d\u0438\u0438<\/p>\n<\/li>\n<li data-start=\"1043\" data-end=\"1087\">\n<p data-start=\"1045\" data-end=\"1087\">\u2714\ufe0f <strong data-start=\"1048\" data-end=\"1085\">\u041f\u043e\u043b\u043d\u043e\u0441\u0442\u044c\u044e \u0434\u0435\u0439\u0441\u0442\u0432\u0438\u0442\u0435\u043b\u0435\u043d \u043d\u0430 \u0442\u0435\u0440\u0440\u0438\u0442\u043e\u0440\u0438\u0438 \u0415\u0421<\/strong><\/p>\n<\/li>\n<li data-start=\"1088\" data-end=\"1139\">\n<p data-start=\"1090\" data-end=\"1139\">\u2714\ufe0f <strong data-start=\"1093\" data-end=\"1137\">\u0411\u044b\u0441\u0442\u0440\u044b\u0439 \u043f\u0440\u043e\u0446\u0435\u0441\u0441 \u0438 \u043f\u0435\u0440\u0441\u043e\u043d\u0430\u043b\u044c\u043d\u0430\u044f \u043f\u043e\u0434\u0434\u0435\u0440\u0436\u043a\u0430<\/strong><\/p>\n<\/li>\n<li data-start=\"1140\" data-end=\"1199\">\n<p data-start=\"1142\" data-end=\"1199\">\u2714\ufe0f \u041f\u043e\u0434\u0434\u0435\u0440\u0436\u043a\u0430 \u0441 <strong data-start=\"1163\" data-end=\"1197\">\u041f\u0435\u0440\u0435\u0432\u043e\u0434\u044b \u0438 \u0432\u0438\u0437\u0438\u0442\u044b \u0432 \u043e\u0440\u0433\u0430\u043d\u044b \u0432\u043b\u0430\u0441\u0442\u0438<\/strong><\/p>\n<\/li>\n<\/ul>\n<p data-start=\"1201\" data-end=\"1366\">\u0425\u043e\u0442\u0438\u0442\u0435 \u043b\u0438 \u0432\u044b \u043f\u043e\u043b\u0443\u0447\u0438\u0442\u044c \u043d\u043e\u0432\u043e\u0435 \u0432\u043e\u0434\u0438\u0442\u0435\u043b\u044c\u0441\u043a\u043e\u0435 \u0443\u0434\u043e\u0441\u0442\u043e\u0432\u0435\u0440\u0435\u043d\u0438\u0435 \u0438\u043b\u0438 \u043f\u043e\u043b\u0443\u0447\u0438\u0442\u044c \u043d\u043e\u0432\u043e\u0435 \u0443\u0434\u043e\u0441\u0442\u043e\u0432\u0435\u0440\u0435\u043d\u0438\u0435 \u043f\u043e\u0441\u043b\u0435 \u043b\u0438\u0448\u0435\u043d\u0438\u044f - \u043c\u044b \u043c\u043e\u0436\u0435\u043c \u0432\u0430\u043c \u043f\u043e\u043c\u043e\u0447\u044c, <strong data-start=\"1296\" data-end=\"1365\">\u041f\u043e\u043d\u0438\u043c\u0430\u043d\u0438\u0435 \u0438 \u043e\u043f\u0442\u0438\u043c\u0438\u0437\u0430\u0446\u0438\u044f \u0440\u0430\u0441\u0445\u043e\u0434\u043e\u0432 \u043d\u0430 \u0432\u043e\u0434\u0438\u0442\u0435\u043b\u044c\u0441\u043a\u0438\u0435 \u043f\u0440\u0430\u0432\u0430 \u0432 \u0418\u0442\u0430\u043b\u0438\u0438<\/strong>.<\/p>","protected":false},"excerpt":{"rendered":"<p>F\u00fchrerschein in Italien \u2013 G\u00fcnstig, Schnell &amp; EU-weit g\u00fcltig Du m\u00f6chtest den F\u00fchrerschein in Italien machen, aber fragst dich, welche Kosten auf dich zukommen? Bei uns erh\u00e4ltst du volle Transparenz! Wir zeigen dir, wie du deinen italienischen F\u00fchrerschein kosteneffizient erwerben kannst \u2013 ganz legal und EU-weit anerkannt. Die F\u00fchrerschein Italien Kosten sind oft deutlich niedriger [&hellip;]<\/p>","protected":false},"featured_media":3224,"comment_status":"open","ping_status":"closed","template":"","meta":[],"product_brand":[],"product_cat":[44],"product_tag":[],"class_list":{"0":"post-3222","1":"product","2":"type-product","3":"status-publish","4":"has-post-thumbnail","6":"product_cat-uncategorized","8":"first","9":"instock","10":"shipping-taxable","11":"product-type-simple"},"yoast_head":"<!-- This site is optimized with the Yoast SEO Premium plugin v22.2 (Yoast SEO v26.2) - https:\/\/yoast.com\/wordpress\/plugins\/seo\/ -->\n<title>f\u00fchrerschein italien kosten - Reisepassfuhrer<\/title>\n<meta name=\"robots\" content=\"noindex, follow, max-snippet:-1, max-image-preview:large, max-video-preview:-1\" \/>\n<meta property=\"og:locale\" content=\"ru_RU\" \/>\n<meta property=\"og:type\" content=\"article\" \/>\n<meta property=\"og:title\" content=\"f\u00fchrerschein italien kosten\" \/>\n<meta property=\"og:description\" content=\"F\u00fchrerschein in Italien \u2013 G\u00fcnstig, Schnell &amp; EU-weit g\u00fcltig Du m\u00f6chtest den F\u00fchrerschein in Italien machen, aber fragst dich, welche Kosten auf dich zukommen? Bei uns erh\u00e4ltst du volle Transparenz! Wir zeigen dir, wie du deinen italienischen F\u00fchrerschein kosteneffizient erwerben kannst \u2013 ganz legal und EU-weit anerkannt. Die F\u00fchrerschein Italien Kosten sind oft deutlich niedriger [&hellip;]\" \/>\n<meta property=\"og:url\" content=\"https:\/\/reisepassfuhrer.com\/ru\/product\/\u0432\u043e\u0434\u0438\u0442\u0435\u043b\u044c\u0441\u043a\u0438\u0435-\u043f\u0440\u0430\u0432\u0430-\u0438\u0442\u0430\u043b\u0438\u044f-\u0441\u0442\u043e\u0438\u043c\u043e\u0441\u0442\u044c\/\" \/>\n<meta property=\"og:site_name\" content=\"Reisepassfuhrer\" \/>\n<meta property=\"article:modified_time\" content=\"2025-09-18T12:20:16+00:00\" \/>\n<meta property=\"og:image\" content=\"http:\/\/reisepassfuhrer.com\/wp-content\/uploads\/2025\/09\/download-2025-09-18T051932.515.jpeg\" \/>\n\t<meta property=\"og:image:width\" content=\"280\" \/>\n\t<meta property=\"og:image:height\" content=\"180\" \/>\n\t<meta property=\"og:image:type\" content=\"image\/jpeg\" \/>\n<meta name=\"twitter:card\" content=\"summary_large_image\" \/>\n<meta name=\"twitter:label1\" content=\"\u041f\u0440\u0438\u043c\u0435\u0440\u043d\u043e\u0435 \u0432\u0440\u0435\u043c\u044f \u0434\u043b\u044f \u0447\u0442\u0435\u043d\u0438\u044f\" \/>\n\t<meta name=\"twitter:data1\" content=\"1 \u043c\u0438\u043d\u0443\u0442\u0430\" \/>\n<script type=\"application\/ld+json\" class=\"yoast-schema-graph\">{\"@context\":\"https:\/\/schema.org\",\"@graph\":[{\"@type\":\"WebPage\",\"@id\":\"https:\/\/reisepassfuhrer.com\/product\/fuhrerschein-italien-kosten\/\",\"url\":\"https:\/\/reisepassfuhrer.com\/product\/fuhrerschein-italien-kosten\/\",\"name\":\"f\u00fchrerschein italien kosten - Reisepassfuhrer\",\"isPartOf\":{\"@id\":\"https:\/\/reisepassfuhrer.com\/#website\"},\"primaryImageOfPage\":{\"@id\":\"https:\/\/reisepassfuhrer.com\/product\/fuhrerschein-italien-kosten\/#primaryimage\"},\"image\":{\"@id\":\"https:\/\/reisepassfuhrer.com\/product\/fuhrerschein-italien-kosten\/#primaryimage\"},\"thumbnailUrl\":\"https:\/\/reisepassfuhrer.com\/wp-content\/uploads\/2025\/09\/download-2025-09-18T051932.515.jpeg\",\"datePublished\":\"2025-09-18T12:20:15+00:00\",\"dateModified\":\"2025-09-18T12:20:16+00:00\",\"breadcrumb\":{\"@id\":\"https:\/\/reisepassfuhrer.com\/product\/fuhrerschein-italien-kosten\/#breadcrumb\"},\"inLanguage\":\"ru-RU\",\"potentialAction\":[{\"@type\":\"ReadAction\",\"target\":[\"https:\/\/reisepassfuhrer.com\/product\/fuhrerschein-italien-kosten\/\"]}]},{\"@type\":\"ImageObject\",\"inLanguage\":\"ru-RU\",\"@id\":\"https:\/\/reisepassfuhrer.com\/product\/fuhrerschein-italien-kosten\/#primaryimage\",\"url\":\"https:\/\/reisepassfuhrer.com\/wp-content\/uploads\/2025\/09\/download-2025-09-18T051932.515.jpeg\",\"contentUrl\":\"https:\/\/reisepassfuhrer.com\/wp-content\/uploads\/2025\/09\/download-2025-09-18T051932.515.jpeg\",\"width\":280,\"height\":180},{\"@type\":\"BreadcrumbList\",\"@id\":\"https:\/\/reisepassfuhrer.com\/product\/fuhrerschein-italien-kosten\/#breadcrumb\",\"itemListElement\":[{\"@type\":\"ListItem\",\"position\":1,\"name\":\"Home\",\"item\":\"https:\/\/reisepassfuhrer.com\/\"},{\"@type\":\"ListItem\",\"position\":2,\"name\":\"Shop\",\"item\":\"https:\/\/reisepassfuhrer.com\/shop\/\"},{\"@type\":\"ListItem\",\"position\":3,\"name\":\"f\u00fchrerschein italien kosten\"}]},{\"@type\":\"WebSite\",\"@id\":\"https:\/\/reisepassfuhrer.com\/#website\",\"url\":\"https:\/\/reisepassfuhrer.com\/\",\"name\":\"Reisepassfuhrer\",\"description\":\"Reisepass Beantragen Berlin\",\"publisher\":{\"@id\":\"https:\/\/reisepassfuhrer.com\/#organization\"},\"potentialAction\":[{\"@type\":\"SearchAction\",\"target\":{\"@type\":\"EntryPoint\",\"urlTemplate\":\"https:\/\/reisepassfuhrer.com\/?s={search_term_string}\"},\"query-input\":{\"@type\":\"PropertyValueSpecification\",\"valueRequired\":true,\"valueName\":\"search_term_string\"}}],\"inLanguage\":\"ru-RU\"},{\"@type\":\"Organization\",\"@id\":\"https:\/\/reisepassfuhrer.com\/#organization\",\"name\":\"Reisepassfuhrer\",\"url\":\"https:\/\/reisepassfuhrer.com\/\",\"logo\":{\"@type\":\"ImageObject\",\"inLanguage\":\"ru-RU\",\"@id\":\"https:\/\/reisepassfuhrer.com\/#\/schema\/logo\/image\/\",\"url\":\"https:\/\/reisepassfuhrer.com\/wp-content\/uploads\/2024\/03\/Reisepassfuhrer-logo.png\",\"contentUrl\":\"https:\/\/reisepassfuhrer.com\/wp-content\/uploads\/2024\/03\/Reisepassfuhrer-logo.png\",\"width\":112,\"height\":112,\"caption\":\"Reisepassfuhrer\"},\"image\":{\"@id\":\"https:\/\/reisepassfuhrer.com\/#\/schema\/logo\/image\/\"}}]}<\/script>\n<!-- \/ Yoast SEO Premium plugin. -->","yoast_head_json":{"title":"\u0441\u0442\u043e\u0438\u043c\u043e\u0441\u0442\u044c \u0432\u043e\u0434\u0438\u0442\u0435\u043b\u044c\u0441\u043a\u043e\u0433\u043e \u0443\u0434\u043e\u0441\u0442\u043e\u0432\u0435\u0440\u0435\u043d\u0438\u044f \u0432 \u0438\u0442\u0430\u043b\u0438\u0438 - Reisepassfuhrer","robots":{"index":"noindex","follow":"follow","max-snippet":"max-snippet:-1","max-image-preview":"max-image-preview:large","max-video-preview":"max-video-preview:-1"},"og_locale":"ru_RU","og_type":"article","og_title":"f\u00fchrerschein italien kosten","og_description":"F\u00fchrerschein in Italien \u2013 G\u00fcnstig, Schnell &amp; EU-weit g\u00fcltig Du m\u00f6chtest den F\u00fchrerschein in Italien machen, aber fragst dich, welche Kosten auf dich zukommen? Bei uns erh\u00e4ltst du volle Transparenz! Wir zeigen dir, wie du deinen italienischen F\u00fchrerschein kosteneffizient erwerben kannst \u2013 ganz legal und EU-weit anerkannt. Die F\u00fchrerschein Italien Kosten sind oft deutlich niedriger [&hellip;]","og_url":"https:\/\/reisepassfuhrer.com\/ru\/product\/\u0432\u043e\u0434\u0438\u0442\u0435\u043b\u044c\u0441\u043a\u0438\u0435-\u043f\u0440\u0430\u0432\u0430-\u0438\u0442\u0430\u043b\u0438\u044f-\u0441\u0442\u043e\u0438\u043c\u043e\u0441\u0442\u044c\/","og_site_name":"Reisepassfuhrer","article_modified_time":"2025-09-18T12:20:16+00:00","og_image":[{"width":280,"height":180,"url":"http:\/\/reisepassfuhrer.com\/wp-content\/uploads\/2025\/09\/download-2025-09-18T051932.515.jpeg","type":"image\/jpeg"}],"twitter_card":"summary_large_image","twitter_misc":{"\u041f\u0440\u0438\u043c\u0435\u0440\u043d\u043e\u0435 \u0432\u0440\u0435\u043c\u044f \u0434\u043b\u044f \u0447\u0442\u0435\u043d\u0438\u044f":"1 \u043c\u0438\u043d\u0443\u0442\u0430"},"schema":{"@context":"https:\/\/schema.org","@graph":[{"@type":"WebPage","@id":"https:\/\/reisepassfuhrer.com\/product\/fuhrerschein-italien-kosten\/","url":"https:\/\/reisepassfuhrer.com\/product\/fuhrerschein-italien-kosten\/","name":"\u0441\u0442\u043e\u0438\u043c\u043e\u0441\u0442\u044c \u0432\u043e\u0434\u0438\u0442\u0435\u043b\u044c\u0441\u043a\u043e\u0433\u043e \u0443\u0434\u043e\u0441\u0442\u043e\u0432\u0435\u0440\u0435\u043d\u0438\u044f \u0432 \u0438\u0442\u0430\u043b\u0438\u0438 - Reisepassfuhrer","isPartOf":{"@id":"https:\/\/reisepassfuhrer.com\/#website"},"primaryImageOfPage":{"@id":"https:\/\/reisepassfuhrer.com\/product\/fuhrerschein-italien-kosten\/#primaryimage"},"image":{"@id":"https:\/\/reisepassfuhrer.com\/product\/fuhrerschein-italien-kosten\/#primaryimage"},"thumbnailUrl":"https:\/\/reisepassfuhrer.com\/wp-content\/uploads\/2025\/09\/download-2025-09-18T051932.515.jpeg","datePublished":"2025-09-18T12:20:15+00:00","dateModified":"2025-09-18T12:20:16+00:00","breadcrumb":{"@id":"https:\/\/reisepassfuhrer.com\/product\/fuhrerschein-italien-kosten\/#breadcrumb"},"inLanguage":"ru-RU","potentialAction":[{"@type":"ReadAction","target":["https:\/\/reisepassfuhrer.com\/product\/fuhrerschein-italien-kosten\/"]}]},{"@type":"ImageObject","inLanguage":"ru-RU","@id":"https:\/\/reisepassfuhrer.com\/product\/fuhrerschein-italien-kosten\/#primaryimage","url":"https:\/\/reisepassfuhrer.com\/wp-content\/uploads\/2025\/09\/download-2025-09-18T051932.515.jpeg","contentUrl":"https:\/\/reisepassfuhrer.com\/wp-content\/uploads\/2025\/09\/download-2025-09-18T051932.515.jpeg","width":280,"height":180},{"@type":"BreadcrumbList","@id":"https:\/\/reisepassfuhrer.com\/product\/fuhrerschein-italien-kosten\/#breadcrumb","itemListElement":[{"@type":"ListItem","position":1,"name":"Home","item":"https:\/\/reisepassfuhrer.com\/"},{"@type":"ListItem","position":2,"name":"Shop","item":"https:\/\/reisepassfuhrer.com\/shop\/"},{"@type":"ListItem","position":3,"name":"f\u00fchrerschein italien kosten"}]},{"@type":"WebSite","@id":"https:\/\/reisepassfuhrer.com\/#website","url":"https:\/\/reisepassfuhrer.com\/","name":"\u041f\u0443\u0442\u0435\u0432\u043e\u0434\u0438\u0442\u0435\u043b\u044c \u043f\u043e \u043f\u0430\u0441\u043f\u043e\u0440\u0442\u0443","description":"\u041f\u043e\u0434\u0430\u0439\u0442\u0435 \u0437\u0430\u044f\u0432\u043b\u0435\u043d\u0438\u0435 \u043d\u0430 \u043f\u043e\u043b\u0443\u0447\u0435\u043d\u0438\u0435 \u043f\u0430\u0441\u043f\u043e\u0440\u0442\u0430 \u0432 \u0411\u0435\u0440\u043b\u0438\u043d\u0435","publisher":{"@id":"https:\/\/reisepassfuhrer.com\/#organization"},"potentialAction":[{"@type":"SearchAction","target":{"@type":"EntryPoint","urlTemplate":"https:\/\/reisepassfuhrer.com\/?s={search_term_string}"},"query-input":{"@type":"PropertyValueSpecification","valueRequired":true,"valueName":"search_term_string"}}],"inLanguage":"ru-RU"},{"@type":"Organization","@id":"https:\/\/reisepassfuhrer.com\/#organization","name":"\u041f\u0443\u0442\u0435\u0432\u043e\u0434\u0438\u0442\u0435\u043b\u044c \u043f\u043e \u043f\u0430\u0441\u043f\u043e\u0440\u0442\u0443","url":"https:\/\/reisepassfuhrer.com\/","logo":{"@type":"ImageObject","inLanguage":"ru-RU","@id":"https:\/\/reisepassfuhrer.com\/#\/schema\/logo\/image\/","url":"https:\/\/reisepassfuhrer.com\/wp-content\/uploads\/2024\/03\/Reisepassfuhrer-logo.png","contentUrl":"https:\/\/reisepassfuhrer.com\/wp-content\/uploads\/2024\/03\/Reisepassfuhrer-logo.png","width":112,"height":112,"caption":"Reisepassfuhrer"},"image":{"@id":"https:\/\/reisepassfuhrer.com\/#\/schema\/logo\/image\/"}}]}},"_links":{"self":[{"href":"https:\/\/reisepassfuhrer.com\/ru\/wp-json\/wp\/v2\/product\/3222","targetHints":{"allow":["GET"]}}],"collection":[{"href":"https:\/\/reisepassfuhrer.com\/ru\/wp-json\/wp\/v2\/product"}],"about":[{"href":"https:\/\/reisepassfuhrer.com\/ru\/wp-json\/wp\/v2\/types\/product"}],"replies":[{"embeddable":true,"href":"https:\/\/reisepassfuhrer.com\/ru\/wp-json\/wp\/v2\/comments?post=3222"}],"wp:featuredmedia":[{"embeddable":true,"href":"https:\/\/reisepassfuhrer.com\/ru\/wp-json\/wp\/v2\/media\/3224"}],"wp:attachment":[{"href":"https:\/\/reisepassfuhrer.com\/ru\/wp-json\/wp\/v2\/media?parent=3222"}],"wp:term":[{"taxonomy":"product_brand","embeddable":true,"href":"https:\/\/reisepassfuhrer.com\/ru\/wp-json\/wp\/v2\/product_brand?post=3222"},{"taxonomy":"product_cat","embeddable":true,"href":"https:\/\/reisepassfuhrer.com\/ru\/wp-json\/wp\/v2\/product_cat?post=3222"},{"taxonomy":"product_tag","embeddable":true,"href":"https:\/\/reisepassfuhrer.com\/ru\/wp-json\/wp\/v2\/product_tag?post=3222"}],"curies":[{"name":"wp","href":"https:\/\/api.w.org\/{rel}","templated":true}]}}