{"id":10,"date":"2024-01-13T13:52:54","date_gmt":"2024-01-13T13:52:54","guid":{"rendered":"https:\/\/reisepassfuhrer.com\/index.php\/blog\/"},"modified":"2024-05-29T09:28:18","modified_gmt":"2024-05-29T09:28:18","slug":"dienstleistungen","status":"publish","type":"page","link":"https:\/\/reisepassfuhrer.com\/zh\/\u670d\u52a1\/","title":{"rendered":"\u670d\u52a1"},"content":{"rendered":"<div data-elementor-type=\"wp-page\" data-elementor-id=\"10\" class=\"elementor elementor-10\" data-elementor-post-type=\"page\">\n\t\t\t\t<div class=\"elementor-element elementor-element-161c25a e-flex e-con-boxed e-con e-parent\" data-id=\"161c25a\" data-element_type=\"container\" data-core-v316-plus=\"true\">\n\t\t\t\t\t<div class=\"e-con-inner\">\n\t\t<div class=\"elementor-element elementor-element-52e6d45 e-con-full e-flex e-con e-child\" data-id=\"52e6d45\" data-element_type=\"container\">\n\t\t\t\t<div class=\"elementor-element elementor-element-5e74e16 elementor-widget elementor-widget-heading\" data-id=\"5e74e16\" data-element_type=\"widget\" data-widget_type=\"heading.default\">\n\t\t\t\t<div class=\"elementor-widget-container\">\n\t\t\t<style>\/*! elementor - v3.20.0 - 13-03-2024 *\/\n.elementor-heading-title{padding:0;margin:0;line-height:1}.elementor-widget-heading .elementor-heading-title[class*=elementor-size-]>a{color:inherit;font-size:inherit;line-height:inherit}.elementor-widget-heading .elementor-heading-title.elementor-size-small{font-size:15px}.elementor-widget-heading .elementor-heading-title.elementor-size-medium{font-size:19px}.elementor-widget-heading .elementor-heading-title.elementor-size-large{font-size:29px}.elementor-widget-heading .elementor-heading-title.elementor-size-xl{font-size:39px}.elementor-widget-heading .elementor-heading-title.elementor-size-xxl{font-size:59px}<\/style><h2 class=\"elementor-heading-title elementor-size-default\">MPU \u6d4b\u8bd5<\/h2>\t\t<\/div>\n\t\t\t\t<\/div>\n\t\t\t\t<\/div>\n\t\t<div class=\"elementor-element elementor-element-b8837df e-con-full e-flex e-con e-child\" data-id=\"b8837df\" data-element_type=\"container\">\n\t\t\t\t<div class=\"elementor-element elementor-element-b630331 elementor-widget elementor-widget-heading\" data-id=\"b630331\" data-element_type=\"widget\" data-widget_type=\"heading.default\">\n\t\t\t\t<div class=\"elementor-widget-container\">\n\t\t\t<h2 class=\"elementor-heading-title elementor-size-default\">\u96c5\u601d\u8003\u8bd5<\/h2>\t\t<\/div>\n\t\t\t\t<\/div>\n\t\t\t\t<\/div>\n\t\t\t\t\t<\/div>\n\t\t\t\t<\/div>\n\t\t<div class=\"elementor-element elementor-element-e2b622c e-flex e-con-boxed e-con e-parent\" data-id=\"e2b622c\" data-element_type=\"container\" data-core-v316-plus=\"true\">\n\t\t\t\t\t<div class=\"e-con-inner\">\n\t\t\t\t<div class=\"elementor-element elementor-element-6a1d4a7 elementor-widget elementor-widget-text-editor\" data-id=\"6a1d4a7\" data-element_type=\"widget\" data-widget_type=\"text-editor.default\">\n\t\t\t\t<div class=\"elementor-widget-container\">\n\t\t\t<style>\/*! elementor - v3.20.0 - 13-03-2024 *\/\n.elementor-widget-text-editor.elementor-drop-cap-view-stacked .elementor-drop-cap{background-color:#69727d;color:#fff}.elementor-widget-text-editor.elementor-drop-cap-view-framed .elementor-drop-cap{color:#69727d;border:3px solid;background-color:transparent}.elementor-widget-text-editor:not(.elementor-drop-cap-view-default) .elementor-drop-cap{margin-top:8px}.elementor-widget-text-editor:not(.elementor-drop-cap-view-default) .elementor-drop-cap-letter{width:1em;height:1em}.elementor-widget-text-editor .elementor-drop-cap{float:left;text-align:center;line-height:1;font-size:50px}.elementor-widget-text-editor .elementor-drop-cap-letter{display:inline-block}<\/style>\t\t\t\t<p>MPU \u8003\u8bd5\uff0c\u6211\u4eec\u662f\u7531\u6765\u81ea\u6b27\u6d32\u3001\u7f8e\u56fd\u548c\u52a0\u62ff\u5927\u7684\u4e09\u5bb6\u673a\u6784\u7ec4\u6210\u7684\u534f\u4f1a\u3002\u56e0\u6b64\uff0c\u6211\u4eec\u53ef\u4ee5\u5728\u4e16\u754c\u4efb\u4f55\u5730\u65b9\u4e3a\u60a8\u529e\u7406\u9a7e\u9a76\u6267\u7167\u3001\u62a4\u7167\u548c\u5b66\u5386\u8bc1\u4e66\u3002\u6211\u4eec\u5e7f\u6cdb\u7684\u7f51\u7edc\u548c\u5408\u4f5c\u4f18\u52bf\u4f7f\u6211\u4eec\u80fd\u591f\u8f7b\u677e\u89e3\u51b3\u6700\u590d\u6742\u7684\u4e2a\u4eba\u8eab\u4efd\u95ee\u9898\u3002.<\/p><p>\u5728\u6211\u4eec\u7684\u7f51\u7ad9\u4e0a\uff0c\u60a8\u4f1a\u53d1\u73b0\u6211\u4eec\u4e3a\u4e0d\u540c\u7684\u9700\u6c42\u63d0\u4f9b\u4e0d\u540c\u7684\u7533\u8bf7\u8868\u683c\u3002\u8d2d\u4e70\u9a7e\u9a76\u6267\u7167\u3001\u8d2d\u4e70\u771f\u62a4\u7167\u3001\u8d2d\u4e70\u5c45\u7559\u5361\u3001\u8d2d\u4e70\u5047\u8eab\u4efd\u8bc1\u3001\u8d2d\u4e70\u96c5\u601d\u514d\u8bd5\u8bc1\u4e66\u539f\u4ef6\u3001\u8d2d\u4e70 NCLEX \u6267\u7167\u3002\u4e4b\u6240\u4ee5\u5c06\u7533\u8bf7\u8868\u5206\u5f00\uff0c\u662f\u56e0\u4e3a\u6211\u4eec\u6709\u4e0d\u540c\u7684\u90e8\u95e8\u5904\u7406\u4e0d\u540c\u7c7b\u578b\u7684\u6587\u4ef6\u3002\u4f8b\u5982\uff0c\u5982\u679c\u60a8\u586b\u5199\u5e76\u63d0\u4ea4 \u201e\u9a7e\u9a76\u6267\u7167\u7533\u8bf7 \u201c\u8868\uff0c\u8be5\u8868\u5c06\u76f4\u63a5\u8f6c\u4ea4\u7ed9\u9a7e\u9a76\u6267\u7167\u90e8\u95e8\u3002\u5982\u679c\u60a8\u586b\u5199 \u201e\u5c45\u7559\u5361\u7533\u8bf7\u8868\u201c\uff0c\u8be5\u8868\u5c06\u76f4\u63a5\u8f6c\u4ea4\u7ed9\u5c45\u7559\u5361\u90e8\u95e8\u3002\u5982\u679c\u60a8\u586b\u5199 \u201e\u62a4\u7167\u7533\u8bf7 \u201c\u8868\uff0c\u60a8\u7684\u7533\u8bf7\u5c06\u76f4\u63a5\u8f6c\u4ea4\u7ed9\u62a4\u7167\u90e8\u95e8\u3002\u8fd9\u4e5f\u9002\u7528\u4e8e\u5047\u8eab\u4efd\u8bc1\u90e8\u3001NCLEX \u90e8\u3001\u96c5\u601d\u90e8\u548c\u5176\u4ed6\u5b66\u5386\u8bc1\u4e66\u90e8\u3002.<\/p>\t\t\t\t\t\t<\/div>\n\t\t\t\t<\/div>\n\t\t\t\t\t<\/div>\n\t\t\t\t<\/div>\n\t\t<div class=\"elementor-element elementor-element-c791dfd e-flex e-con-boxed e-con e-parent\" data-id=\"c791dfd\" data-element_type=\"container\" data-core-v316-plus=\"true\">\n\t\t\t\t\t<div class=\"e-con-inner\">\n\t\t<div class=\"elementor-element elementor-element-62cffa2 e-con-full e-flex e-con e-child\" data-id=\"62cffa2\" data-element_type=\"container\">\n\t\t\t\t<div class=\"elementor-element elementor-element-079d101 elementor-widget elementor-widget-heading\" data-id=\"079d101\" data-element_type=\"widget\" data-widget_type=\"heading.default\">\n\t\t\t\t<div class=\"elementor-widget-container\">\n\t\t\t<h4 class=\"elementor-heading-title elementor-size-default\">\u56fd\u9645\u9a7e\u9a76\u6267\u7167<\/h4>\t\t<\/div>\n\t\t\t\t<\/div>\n\t\t\t\t<\/div>\n\t\t<div class=\"elementor-element elementor-element-7c9be5b e-con-full e-flex e-con e-child\" data-id=\"7c9be5b\" data-element_type=\"container\">\n\t\t\t\t<div class=\"elementor-element elementor-element-9ced238 elementor-widget elementor-widget-heading\" data-id=\"9ced238\" data-element_type=\"widget\" data-widget_type=\"heading.default\">\n\t\t\t\t<div class=\"elementor-widget-container\">\n\t\t\t<h4 class=\"elementor-heading-title elementor-size-default\">\u826f\u597d\u884c\u4e3a\u8bc1\u660e<\/h4>\t\t<\/div>\n\t\t\t\t<\/div>\n\t\t\t\t<\/div>\n\t\t<div class=\"elementor-element elementor-element-cde1dfa e-con-full e-flex e-con e-child\" data-id=\"cde1dfa\" data-element_type=\"container\">\n\t\t\t\t<div class=\"elementor-element elementor-element-5196cdb elementor-widget elementor-widget-heading\" data-id=\"5196cdb\" data-element_type=\"widget\" data-widget_type=\"heading.default\">\n\t\t\t\t<div class=\"elementor-widget-container\">\n\t\t\t<h4 class=\"elementor-heading-title elementor-size-default\">\u7533\u8bf7\u62a4\u7167<\/h4>\t\t<\/div>\n\t\t\t\t<\/div>\n\t\t\t\t<\/div>\n\t\t<div class=\"elementor-element elementor-element-ace1223 e-con-full e-flex e-con e-child\" data-id=\"ace1223\" data-element_type=\"container\">\n\t\t\t\t<div class=\"elementor-element elementor-element-d5deb38 elementor-widget elementor-widget-heading\" data-id=\"d5deb38\" data-element_type=\"widget\" data-widget_type=\"heading.default\">\n\t\t\t\t<div class=\"elementor-widget-container\">\n\t\t\t<h4 class=\"elementor-heading-title elementor-size-default\">\u5c45\u7559\u8bb8\u53ef<\/h4>\t\t<\/div>\n\t\t\t\t<\/div>\n\t\t\t\t<\/div>\n\t\t\t\t\t<\/div>\n\t\t\t\t<\/div>\n\t\t<div class=\"elementor-element elementor-element-98787f6 e-flex e-con-boxed e-con e-parent\" data-id=\"98787f6\" data-element_type=\"container\" data-core-v316-plus=\"true\">\n\t\t\t\t\t<div class=\"e-con-inner\">\n\t\t\t\t<div class=\"elementor-element elementor-element-593ddc4 elementor-widget elementor-widget-text-editor\" data-id=\"593ddc4\" data-element_type=\"widget\" data-widget_type=\"text-editor.default\">\n\t\t\t\t<div class=\"elementor-widget-container\">\n\t\t\t\t\t\t\t<p>\u65e0\u9700\u8003\u8bd5\u7684 MPU \u8003\u8bd5\u548c\u5728 KBA \u6ce8\u518c\u7684 100% \u9a7e\u9a76\u6267\u7167\u3002\u5728\u6211\u4eec\u8fd9\u91cc\uff0c\u60a8\u53ef\u4ee5\u4ece\u5408\u6cd5\u7684\u8003\u8bd5\u4e2d\u5fc3\u83b7\u5f97\u771f\u6b63\u7684\u6ce8\u518c\u9a7e\u9a76\u6267\u7167\u6216 MPU\u3002\u4e0e\u6ce2\u5170\u6216\u6377\u514b\u5171\u548c\u56fd\u7684\u9a7e\u9a76\u6267\u7167\u6ca1\u6709\u53ef\u6bd4\u6027 \u5ba2\u6237\u8bc4\u4ef7\u3002\u6211\u4eec\u5728\u6b64\u4e3a\u60a8\u968f\u673a\u6311\u9009\u4e86\u4e24\u4efd\u5ba2\u6237\u8bc4\u4ef7\u3002\u6bcf 3 \u4e2a\u6708\u8f6e\u6362\u4e00\u6b21\u3001, <a href=\"https:\/\/echtelizenz.com\/\">mpu \u6d4b\u8bd5<\/a>.<br \/>\u5728\u7ecf\u5386\u4e86\u591a\u6b21\u8d2d\u4e70\u9a7e\u9a76\u6267\u7167\u6216 MPU \u8bc1\u4e66\u7684\u8d1f\u9762\u7ecf\u5386\u540e\uff0c\u6211\u6765\u5230\u4e86 deutscherfuehrerschein.com\u3002\u4ef7\u683c\u4f3c\u4e4e\u5f88\u516c\u9053\uff0c\u800c\u4e14\u6211\u8fd8\u9009\u62e9\u4e86\u989d\u5916\u4ed8\u6b3e\u4ee5\u83b7\u5f97\u7279\u522b\u5feb\u7684\u5904\u7406\u901f\u5ea6\uff0c\u8fd9\u6837\u6211\u7684\u603b\u4ef7\u5c31\u8fbe\u5230\u4e86 550 \u6b27\u5143\u3002\u5728 9 \u4e2a\u5de5\u4f5c\u65e5\u5185\uff0c\u6211\u7ec8\u4e8e\u5728\u675c\u585e\u5c14\u591a\u592b\u62ff\u5230\u4e86\u62a5\u544a\uff0c\u73b0\u5728\u6211\u53c8\u53ef\u4ee5\u81ea\u5df1\u5f00\u8f66\u4e86\uff0c\u975e\u5e38\u611f\u8c22\uff01\u4e0d\u5e78\u7684\u662f\uff0c\u7531\u4e8e\u6211\u7684\u5e74\u9f84\uff0c\u6211\u4e0d\u7b26\u5408 B \u7ea7\u9a7e\u9a76\u5458\u9a7e\u9a76\u8f7b\u578b\u6469\u6258\u8f66\u7684\u89c4\u5b9a\uff0c\u800c\u4e14\u4e24\u6b21\u7406\u8bba\u8003\u8bd5\u90fd\u6ca1\u6709\u901a\u8fc7\u3002\u540e\u6765\uff0c\u6211\u5728\u8fd9\u91cc\u53d1\u73b0\u4e86\u8fd9\u5bb6\u516c\u53f8\uff0c\u5e76\u4ee5\u76f8\u5f53\u4fbf\u5b9c\u7684\u4ef7\u683c\u4e70\u5230\u4e86 125cc \u9a7e\u9a76\u6267\u7167\u3002\u6211\u7ec8\u4e8e\u53ef\u4ee5\u5728\u590f\u5929\u9a91\u7740\u6211\u7684 Vespa \u5728\u79d1\u9686\u8f6c\u60a0\u4e86\u3002.<\/p>\t\t\t\t\t\t<\/div>\n\t\t\t\t<\/div>\n\t\t\t\t\t<\/div>\n\t\t\t\t<\/div>\n\t\t<div class=\"elementor-element elementor-element-81a7f6e e-flex e-con-boxed e-con e-parent\" data-id=\"81a7f6e\" data-element_type=\"container\" data-core-v316-plus=\"true\">\n\t\t\t\t\t<div class=\"e-con-inner\">\n\t\t<div class=\"elementor-element elementor-element-809b255 e-con-full e-flex e-con e-child\" data-id=\"809b255\" data-element_type=\"container\">\n\t\t\t\t<div class=\"elementor-element elementor-element-1e1745d elementor-widget elementor-widget-heading\" data-id=\"1e1745d\" data-element_type=\"widget\" data-widget_type=\"heading.default\">\n\t\t\t\t<div class=\"elementor-widget-container\">\n\t\t\t<h3 class=\"elementor-heading-title elementor-size-default\">\u56fd\u6c11\u8eab\u4efd\u53f7\u7801 \u62a4\u7167<\/h3>\t\t<\/div>\n\t\t\t\t<\/div>\n\t\t\t\t<\/div>\n\t\t<div class=\"elementor-element elementor-element-42c3bc8 e-con-full e-flex e-con e-child\" data-id=\"42c3bc8\" data-element_type=\"container\">\n\t\t\t\t<div class=\"elementor-element elementor-element-30e44c0 elementor-widget elementor-widget-heading\" data-id=\"30e44c0\" data-element_type=\"widget\" data-widget_type=\"heading.default\">\n\t\t\t\t<div class=\"elementor-widget-container\">\n\t\t\t<h2 class=\"elementor-heading-title elementor-size-default\">\u8eab\u4efd\u8bc1\u53f7\u7801<\/h2>\t\t<\/div>\n\t\t\t\t<\/div>\n\t\t\t\t<\/div>\n\t\t\t\t\t<\/div>\n\t\t\t\t<\/div>\n\t\t<div class=\"elementor-element elementor-element-35d5fdc e-flex e-con-boxed e-con e-parent\" data-id=\"35d5fdc\" data-element_type=\"container\" data-core-v316-plus=\"true\">\n\t\t\t\t\t<div class=\"e-con-inner\">\n\t\t\t\t<div class=\"elementor-element elementor-element-be2828f elementor-widget elementor-widget-text-editor\" data-id=\"be2828f\" data-element_type=\"widget\" data-widget_type=\"text-editor.default\">\n\t\t\t\t<div class=\"elementor-widget-container\">\n\t\t\t\t\t\t\t<p>\u5728\u6211\u4eec\u7684\u4ea7\u54c1\u7cfb\u5217\u4e2d\uff0c\u60a8\u53ef\u4ee5\u627e\u5230\u9a7e\u9a76\u6267\u7167\u5361\u3001\u4ea4\u6613\u5361\u548c\u8eab\u4efd\u8bc1\u3002\u6211\u4eec\u7684\u4ea7\u54c1\u4e0d\u4ec5\u5177\u6709\u9ad8\u54c1\u8d28\u7684\u7279\u70b9\u3002\u591a\u5e74\u6765\uff0c\u6211\u4eec\u4e00\u76f4\u5728\u5206\u6790\u5e02\u573a\u5f62\u52bf\uff0c\u7cbe\u5fc3\u9009\u62e9\u5408\u9002\u7684\u6750\u6599\uff0c\u786e\u4fdd\u6bcf\u4e00\u4e2a\u9a7e\u9a76\u6267\u7167\u6536\u96c6\u5668\u90fd\u8fbe\u5230\u6700\u9ad8\u6807\u51c6\u3002.<\/p><p>\u6211\u4eec\u52aa\u529b\u8bbe\u8ba1\u8eab\u4efd\u8bc1\u5361\uff0c\u5c3d\u53ef\u80fd\u8ba9\u8eab\u4efd\u8bc1\u7528\u6237\u611f\u5230\u6709\u8da3\u3002\u867d\u7136\u6211\u4eec\u7684\u8eab\u4efd\u8bc1\u4e0d\u80fd\u4f5c\u4e3a\u539f\u4ef6\u4f7f\u7528\uff0c\u4f46\u5728\u7f51\u4e0a\u9a8c\u8bc1\u3001\u56fd\u6c11\u8eab\u4efd\u53f7\u7801\u62a4\u7167\u3001\u5047\u8eab\u4efd\u8bc1\u3001MPU \u6d4b\u8bd5\u7b49\u5404\u79cd\u60c5\u51b5\u4e0b\u90fd\u80fd\u5f88\u597d\u5730\u53d1\u6325\u4f5c\u7528\u3002.<\/p><p>\u6211\u4eec\u6df1\u77e5\uff0c\u521b\u9020\u51fa\u5177\u6709\u6b63\u786e\u7f8e\u611f\u7684\u4ea7\u54c1\u662f\u4e00\u9879\u6311\u6218\u3002\u56e0\u6b64\uff0c\u6211\u4eec\u4e0d\u65ad\u63d0\u9ad8\u81ea\u8eab\u6280\u80fd\uff0c\u79ef\u7d2f\u5fc5\u8981\u7684\u7ecf\u9a8c\u3001, <a href=\"https:\/\/reisepassfuhrer.com\/zh\/\u65e0\u72af\u7f6a\u8bb0\u5f55\u8bc1\u660e\/\">\u8eab\u4efd\u8bc1\u53f7\u7801<\/a>, \u8fd9\u6837\uff0c\u6211\u4eec\u7684\u6536\u85cf\u8005\u5c31\u6709\u673a\u4f1a\u6536\u85cf\u5230\u65e0\u6bd4\u903c\u771f\u7684\u5047\u8eab\u4efd\u8bc1\u3002.<\/p><p>\u8bf7\u4e0e\u6211\u4eec\u8054\u7cfb--\u6211\u4eec\u5f88\u4e50\u610f\u56de\u7b54\u60a8\u7684\u4efb\u4f55\u95ee\u9898\u5e76\u6d88\u9664\u60a8\u7684\u4efb\u4f55\u7591\u8651\u3002\u6211\u4eec\u5e97\u91cc\u7684\u6bcf\u4e00\u4f4d\u987e\u5ba2\u90fd\u6709\u8d28\u91cf\u4fdd\u8bc1\uff0c\u5e76\u5bf9\u6211\u4eec\u7684\u4ea7\u54c1\u611f\u5230\u6ee1\u610f\u3002\u6211\u4eec\u5173\u6ce8\u6bcf\u4e00\u4e2a\u7ec6\u8282\u3002.<\/p><p>\u6bcf\u5f20\u8d3a\u5361\u90fd\u7531\u4f18\u8d28\u6750\u6599\u5236\u6210\uff0c\u5e76\u5e26\u6709\u5168\u606f\u5c42\u3002\u6211\u4eec\u7684\u5361\u7247\u4e3a\u6807\u51c6\u5c3a\u5bf8\uff08\u5982\u4fe1\u7528\u5361\u7b49\uff09<\/p><p>\u7528 DeepL.com \u7ffb\u8bd1\uff08\u514d\u8d39\u7248\uff09<\/p>\t\t\t\t\t\t<\/div>\n\t\t\t\t<\/div>\n\t\t\t\t\t<\/div>\n\t\t\t\t<\/div>\n\t\t\t\t<\/div>","protected":false},"excerpt":{"rendered":"<p>MPU Test IELTS Test MPU test, Wir sind ein Zusammenschluss von drei Agenturen aus Europa, den USA und Kanada. Deshalb k\u00f6nnen wir Ihren F\u00fchrerschein, Reisepass und Ihre akademischen Zeugnisse \u00fcberall auf der Welt besorgen. Unser weitreichendes Netzwerk und die Vorteile der Zusammenarbeit im Verbund machen es uns sehr einfach, auch sehr komplexe Fragestellungen zur Personenidentifikation [&hellip;]<\/p>","protected":false},"author":1,"featured_media":0,"parent":0,"menu_order":0,"comment_status":"closed","ping_status":"closed","template":"","meta":{"footnotes":""},"class_list":["post-10","page","type-page","status-publish","hentry"],"yoast_head":"<!-- This site is optimized with the Yoast SEO Premium plugin v22.2 (Yoast SEO v26.2) - https:\/\/yoast.com\/wordpress\/plugins\/seo\/ -->\n<title>MPU Test<\/title>\n<meta name=\"description\" content=\"MPU ohne Pr\u00fcfung und F\u00fchrerschein 100% registriert beim KBA. Bei uns im Hause erhalten Sie einen echten, eingetragenen F\u00fchrerschein\" \/>\n<meta name=\"robots\" content=\"noindex, follow, max-snippet:-1, max-image-preview:large, max-video-preview:-1\" \/>\n<meta property=\"og:locale\" content=\"zh_CN\" \/>\n<meta property=\"og:type\" content=\"article\" \/>\n<meta property=\"og:title\" content=\"Dienstleistungen\" \/>\n<meta property=\"og:description\" content=\"MPU ohne Pr\u00fcfung und F\u00fchrerschein 100% registriert beim KBA. Bei uns im Hause erhalten Sie einen echten, eingetragenen F\u00fchrerschein\" \/>\n<meta property=\"og:url\" content=\"https:\/\/reisepassfuhrer.com\/zh\/\u670d\u52a1\/\" \/>\n<meta property=\"og:site_name\" content=\"Reisepassfuhrer\" \/>\n<meta property=\"article:modified_time\" content=\"2024-05-29T09:28:18+00:00\" \/>\n<meta name=\"twitter:card\" content=\"summary_large_image\" \/>\n<meta name=\"twitter:label1\" content=\"\u9884\u8ba1\u9605\u8bfb\u65f6\u95f4\" \/>\n\t<meta name=\"twitter:data1\" content=\"3 \u5206\" \/>\n<script type=\"application\/ld+json\" class=\"yoast-schema-graph\">{\"@context\":\"https:\/\/schema.org\",\"@graph\":[{\"@type\":\"WebPage\",\"@id\":\"https:\/\/reisepassfuhrer.com\/dienstleistungen\/\",\"url\":\"https:\/\/reisepassfuhrer.com\/dienstleistungen\/\",\"name\":\"MPU Test\",\"isPartOf\":{\"@id\":\"https:\/\/reisepassfuhrer.com\/#website\"},\"datePublished\":\"2024-01-13T13:52:54+00:00\",\"dateModified\":\"2024-05-29T09:28:18+00:00\",\"description\":\"MPU ohne Pr\u00fcfung und F\u00fchrerschein 100% registriert beim KBA. Bei uns im Hause erhalten Sie einen echten, eingetragenen F\u00fchrerschein\",\"breadcrumb\":{\"@id\":\"https:\/\/reisepassfuhrer.com\/dienstleistungen\/#breadcrumb\"},\"inLanguage\":\"zh-Hans\",\"potentialAction\":[{\"@type\":\"ReadAction\",\"target\":[\"https:\/\/reisepassfuhrer.com\/dienstleistungen\/\"]}]},{\"@type\":\"BreadcrumbList\",\"@id\":\"https:\/\/reisepassfuhrer.com\/dienstleistungen\/#breadcrumb\",\"itemListElement\":[{\"@type\":\"ListItem\",\"position\":1,\"name\":\"Home\",\"item\":\"https:\/\/reisepassfuhrer.com\/\"},{\"@type\":\"ListItem\",\"position\":2,\"name\":\"Dienstleistungen\"}]},{\"@type\":\"WebSite\",\"@id\":\"https:\/\/reisepassfuhrer.com\/#website\",\"url\":\"https:\/\/reisepassfuhrer.com\/\",\"name\":\"Reisepassfuhrer\",\"description\":\"Reisepass Beantragen Berlin\",\"publisher\":{\"@id\":\"https:\/\/reisepassfuhrer.com\/#organization\"},\"potentialAction\":[{\"@type\":\"SearchAction\",\"target\":{\"@type\":\"EntryPoint\",\"urlTemplate\":\"https:\/\/reisepassfuhrer.com\/?s={search_term_string}\"},\"query-input\":{\"@type\":\"PropertyValueSpecification\",\"valueRequired\":true,\"valueName\":\"search_term_string\"}}],\"inLanguage\":\"zh-Hans\"},{\"@type\":\"Organization\",\"@id\":\"https:\/\/reisepassfuhrer.com\/#organization\",\"name\":\"Reisepassfuhrer\",\"url\":\"https:\/\/reisepassfuhrer.com\/\",\"logo\":{\"@type\":\"ImageObject\",\"inLanguage\":\"zh-Hans\",\"@id\":\"https:\/\/reisepassfuhrer.com\/#\/schema\/logo\/image\/\",\"url\":\"https:\/\/reisepassfuhrer.com\/wp-content\/uploads\/2024\/03\/Reisepassfuhrer-logo.png\",\"contentUrl\":\"https:\/\/reisepassfuhrer.com\/wp-content\/uploads\/2024\/03\/Reisepassfuhrer-logo.png\",\"width\":112,\"height\":112,\"caption\":\"Reisepassfuhrer\"},\"image\":{\"@id\":\"https:\/\/reisepassfuhrer.com\/#\/schema\/logo\/image\/\"}}]}<\/script>\n<!-- \/ Yoast SEO Premium plugin. -->","yoast_head_json":{"title":"MPU \u6d4b\u8bd5","description":"\u65e0\u9700\u8003\u8bd5\u7684 MPU \u548c\u5728 KBA \u6ce8\u518c\u7684 100% \u9a7e\u9a76\u6267\u7167\u3002\u60a8\u5c06\u4ece\u6211\u4eec\u8fd9\u91cc\u83b7\u5f97\u771f\u6b63\u7684\u6ce8\u518c\u9a7e\u9a76\u6267\u7167","robots":{"index":"noindex","follow":"follow","max-snippet":"max-snippet:-1","max-image-preview":"max-image-preview:large","max-video-preview":"max-video-preview:-1"},"og_locale":"zh_CN","og_type":"article","og_title":"Dienstleistungen","og_description":"MPU ohne Pr\u00fcfung und F\u00fchrerschein 100% registriert beim KBA. Bei uns im Hause erhalten Sie einen echten, eingetragenen F\u00fchrerschein","og_url":"https:\/\/reisepassfuhrer.com\/zh\/\u670d\u52a1\/","og_site_name":"Reisepassfuhrer","article_modified_time":"2024-05-29T09:28:18+00:00","twitter_card":"summary_large_image","twitter_misc":{"\u9884\u8ba1\u9605\u8bfb\u65f6\u95f4":"3 \u5206"},"schema":{"@context":"https:\/\/schema.org","@graph":[{"@type":"WebPage","@id":"https:\/\/reisepassfuhrer.com\/dienstleistungen\/","url":"https:\/\/reisepassfuhrer.com\/dienstleistungen\/","name":"MPU \u6d4b\u8bd5","isPartOf":{"@id":"https:\/\/reisepassfuhrer.com\/#website"},"datePublished":"2024-01-13T13:52:54+00:00","dateModified":"2024-05-29T09:28:18+00:00","description":"\u65e0\u9700\u8003\u8bd5\u7684 MPU \u548c\u5728 KBA \u6ce8\u518c\u7684 100% \u9a7e\u9a76\u6267\u7167\u3002\u60a8\u5c06\u4ece\u6211\u4eec\u8fd9\u91cc\u83b7\u5f97\u771f\u6b63\u7684\u6ce8\u518c\u9a7e\u9a76\u6267\u7167","breadcrumb":{"@id":"https:\/\/reisepassfuhrer.com\/dienstleistungen\/#breadcrumb"},"inLanguage":"zh-Hans","potentialAction":[{"@type":"ReadAction","target":["https:\/\/reisepassfuhrer.com\/dienstleistungen\/"]}]},{"@type":"BreadcrumbList","@id":"https:\/\/reisepassfuhrer.com\/dienstleistungen\/#breadcrumb","itemListElement":[{"@type":"ListItem","position":1,"name":"Home","item":"https:\/\/reisepassfuhrer.com\/"},{"@type":"ListItem","position":2,"name":"Dienstleistungen"}]},{"@type":"WebSite","@id":"https:\/\/reisepassfuhrer.com\/#website","url":"https:\/\/reisepassfuhrer.com\/","name":"\u62a4\u7167\u6307\u5357","description":"\u7533\u8bf7\u67cf\u6797\u62a4\u7167","publisher":{"@id":"https:\/\/reisepassfuhrer.com\/#organization"},"potentialAction":[{"@type":"SearchAction","target":{"@type":"EntryPoint","urlTemplate":"https:\/\/reisepassfuhrer.com\/?s={search_term_string}"},"query-input":{"@type":"PropertyValueSpecification","valueRequired":true,"valueName":"search_term_string"}}],"inLanguage":"zh-Hans"},{"@type":"Organization","@id":"https:\/\/reisepassfuhrer.com\/#organization","name":"\u62a4\u7167\u6307\u5357","url":"https:\/\/reisepassfuhrer.com\/","logo":{"@type":"ImageObject","inLanguage":"zh-Hans","@id":"https:\/\/reisepassfuhrer.com\/#\/schema\/logo\/image\/","url":"https:\/\/reisepassfuhrer.com\/wp-content\/uploads\/2024\/03\/Reisepassfuhrer-logo.png","contentUrl":"https:\/\/reisepassfuhrer.com\/wp-content\/uploads\/2024\/03\/Reisepassfuhrer-logo.png","width":112,"height":112,"caption":"Reisepassfuhrer"},"image":{"@id":"https:\/\/reisepassfuhrer.com\/#\/schema\/logo\/image\/"}}]}},"_links":{"self":[{"href":"https:\/\/reisepassfuhrer.com\/zh\/wp-json\/wp\/v2\/pages\/10","targetHints":{"allow":["GET"]}}],"collection":[{"href":"https:\/\/reisepassfuhrer.com\/zh\/wp-json\/wp\/v2\/pages"}],"about":[{"href":"https:\/\/reisepassfuhrer.com\/zh\/wp-json\/wp\/v2\/types\/page"}],"author":[{"embeddable":true,"href":"https:\/\/reisepassfuhrer.com\/zh\/wp-json\/wp\/v2\/users\/1"}],"replies":[{"embeddable":true,"href":"https:\/\/reisepassfuhrer.com\/zh\/wp-json\/wp\/v2\/comments?post=10"}],"version-history":[{"count":37,"href":"https:\/\/reisepassfuhrer.com\/zh\/wp-json\/wp\/v2\/pages\/10\/revisions"}],"predecessor-version":[{"id":2921,"href":"https:\/\/reisepassfuhrer.com\/zh\/wp-json\/wp\/v2\/pages\/10\/revisions\/2921"}],"wp:attachment":[{"href":"https:\/\/reisepassfuhrer.com\/zh\/wp-json\/wp\/v2\/media?parent=10"}],"curies":[{"name":"wp","href":"https:\/\/api.w.org\/{rel}","templated":true}]}}