{"id":2824,"date":"2024-03-18T17:56:14","date_gmt":"2024-03-18T17:56:14","guid":{"rendered":"https:\/\/reisepassfuhrer.com\/?page_id=2824"},"modified":"2024-05-29T17:45:01","modified_gmt":"2024-05-29T17:45:01","slug":"internationaler-fuhrerschein-schweiz","status":"publish","type":"page","link":"https:\/\/reisepassfuhrer.com\/zh\/\u745e\u58eb\u56fd\u9645\u9a7e\u9a76\u8bc1\/","title":{"rendered":"\u7533\u8bf7\u745e\u58eb\u56fd\u9645\u9a7e\u9a76\u6267\u7167 - \u7b80\u5355\u5feb\u6377"},"content":{"rendered":"<div data-elementor-type=\"wp-page\" data-elementor-id=\"2824\" class=\"elementor elementor-2824\" data-elementor-post-type=\"page\">\n\t\t\t\t<div class=\"elementor-element elementor-element-fd4af8e e-flex e-con-boxed e-con e-parent\" data-id=\"fd4af8e\" data-element_type=\"container\" data-core-v316-plus=\"true\">\n\t\t\t\t\t<div class=\"e-con-inner\">\n\t\t<div class=\"elementor-element elementor-element-754a4c2 e-con-full e-flex e-con e-child\" data-id=\"754a4c2\" data-element_type=\"container\">\n\t\t\t\t<div class=\"elementor-element elementor-element-2786251 elementor-widget elementor-widget-heading\" data-id=\"2786251\" data-element_type=\"widget\" data-widget_type=\"heading.default\">\n\t\t\t\t<div class=\"elementor-widget-container\">\n\t\t\t<style>\/*! elementor - v3.20.0 - 13-03-2024 *\/\n.elementor-heading-title{padding:0;margin:0;line-height:1}.elementor-widget-heading .elementor-heading-title[class*=elementor-size-]>a{color:inherit;font-size:inherit;line-height:inherit}.elementor-widget-heading .elementor-heading-title.elementor-size-small{font-size:15px}.elementor-widget-heading .elementor-heading-title.elementor-size-medium{font-size:19px}.elementor-widget-heading .elementor-heading-title.elementor-size-large{font-size:29px}.elementor-widget-heading .elementor-heading-title.elementor-size-xl{font-size:39px}.elementor-widget-heading .elementor-heading-title.elementor-size-xxl{font-size:59px}<\/style><h2 class=\"elementor-heading-title elementor-size-default\">\u9a7e\u9a76\u6267\u7167\u8d39\u7528<\/h2>\t\t<\/div>\n\t\t\t\t<\/div>\n\t\t\t\t<\/div>\n\t\t<div class=\"elementor-element elementor-element-f56f4ef e-con-full e-flex e-con e-child\" data-id=\"f56f4ef\" data-element_type=\"container\">\n\t\t\t\t<div class=\"elementor-element elementor-element-1bd92be elementor-widget elementor-widget-heading\" data-id=\"1bd92be\" data-element_type=\"widget\" data-widget_type=\"heading.default\">\n\t\t\t\t<div class=\"elementor-widget-container\">\n\t\t\t<h2 class=\"elementor-heading-title elementor-size-default\">be poland<\/h2>\t\t<\/div>\n\t\t\t\t<\/div>\n\t\t\t\t<\/div>\n\t\t\t\t\t<\/div>\n\t\t\t\t<\/div>\n\t\t<div class=\"elementor-element elementor-element-576716a3 e-flex e-con-boxed e-con e-parent\" data-id=\"576716a3\" data-element_type=\"container\" data-core-v316-plus=\"true\">\n\t\t\t\t\t<div class=\"e-con-inner\">\n\t\t\t\t<div class=\"elementor-element elementor-element-2f82d64 elementor-widget elementor-widget-text-editor\" data-id=\"2f82d64\" data-element_type=\"widget\" data-widget_type=\"text-editor.default\">\n\t\t\t\t<div class=\"elementor-widget-container\">\n\t\t\t<style>\/*! elementor - v3.20.0 - 13-03-2024 *\/\n.elementor-widget-text-editor.elementor-drop-cap-view-stacked .elementor-drop-cap{background-color:#69727d;color:#fff}.elementor-widget-text-editor.elementor-drop-cap-view-framed .elementor-drop-cap{color:#69727d;border:3px solid;background-color:transparent}.elementor-widget-text-editor:not(.elementor-drop-cap-view-default) .elementor-drop-cap{margin-top:8px}.elementor-widget-text-editor:not(.elementor-drop-cap-view-default) .elementor-drop-cap-letter{width:1em;height:1em}.elementor-widget-text-editor .elementor-drop-cap{float:left;text-align:center;line-height:1;font-size:50px}.elementor-widget-text-editor .elementor-drop-cap-letter{display:inline-block}<\/style>\t\t\t\t<!-- wp:image {\"id\":2826,\"width\":\"830px\",\"height\":\"auto\",\"sizeSlug\":\"full\",\"linkDestination\":\"none\"} -->\n<figure class=\"wp-block-image size-full is-resized\"><img fetchpriority=\"high\" decoding=\"async\" width=\"845\" height=\"360\" class=\"wp-image-2826\" style=\"width: 830px; height: auto;\" src=\"https:\/\/reisepassfuhrer.com\/wp-content\/uploads\/2024\/03\/Internationaler-Fuhrerschein-Schweiz.png\" alt=\"\u745e\u58eb\u56fd\u9645\u9a7e\u7167\" srcset=\"https:\/\/reisepassfuhrer.com\/wp-content\/uploads\/2024\/03\/Internationaler-Fuhrerschein-Schweiz.png 845w, https:\/\/reisepassfuhrer.com\/wp-content\/uploads\/2024\/03\/Internationaler-Fuhrerschein-Schweiz-300x128.png 300w, https:\/\/reisepassfuhrer.com\/wp-content\/uploads\/2024\/03\/Internationaler-Fuhrerschein-Schweiz-768x327.png 768w, https:\/\/reisepassfuhrer.com\/wp-content\/uploads\/2024\/03\/Internationaler-Fuhrerschein-Schweiz-450x192.png 450w\" sizes=\"(max-width: 845px) 100vw, 845px\" \/><\/figure>\n<!-- \/wp:image --><!-- wp:paragraph -->\n<p><strong>\u524d\u5f80\u745e\u58eb\u65c5\u884c\uff0c\u4f46\u884c\u52a8\u4e0d\u4fbf\uff1f\u6301\u6709\u56fd\u9645\u9a7e\u7167\u5c31\u6ca1\u95ee\u9898\uff01<\/strong><\/p>\n<!-- \/wp:paragraph --><!-- wp:paragraph -->\n<p><strong>\u7b80\u5355\u5feb\u6377<\/strong> \u53ea\u9700\u51e0\u5206\u949f\u5373\u53ef\u5728\u7ebf\u7533\u8bf7\u56fd\u9645\u9a7e\u9a76\u6267\u7167\u3002.<\/p>\n<!-- \/wp:paragraph --><!-- wp:paragraph -->\n<p><strong>\u65e0\u9700\u7b49\u5f85\uff1a<\/strong> \u60a8\u7684\u9a7e\u9a76\u6267\u7167\u5c06\u76f4\u63a5\u90ae\u5bc4\u5230\u60a8\u5bb6\u4e2d\u3002.<\/p>\n<!-- \/wp:paragraph --><!-- wp:paragraph -->\n<p><strong>\u5728 150 \u591a\u4e2a\u56fd\u5bb6\u6709\u6548\uff1a<\/strong> \u5728\u745e\u58eb\u548c\u8bb8\u591a\u5176\u4ed6\u56fd\u5bb6\u5b89\u5168\u3001\u5408\u6cd5\u5730\u9a7e\u9a76\u60a8\u7684\u56fd\u9645\u9a7e\u7167\u3002.<\/p>\n<!-- \/wp:paragraph --><!-- wp:paragraph -->\n<p><strong>\u5168\u5305\uff1a<\/strong> \u6211\u4eec\u8d1f\u8d23\u4ece\u7533\u8bf7\u5230\u4ea4\u4ed8\u7684\u6574\u4e2a\u8fc7\u7a0b\u3002.<\/p>\n<!-- \/wp:paragraph --><!-- wp:paragraph -->\n<p><strong>\u4f60\u7684\u4f18\u52bf<\/strong><\/p>\n<!-- \/wp:paragraph --><!-- wp:list -->\n<ul><!-- wp:list-item -->\n<li><strong>\u7b80\u5355\u5feb\u6377<\/strong>\u00a0\u5728\u7ebf\u7533\u8bf7\u53ea\u9700\u51e0\u5206\u949f<\/li>\n<!-- \/wp:list-item --><!-- wp:list-item -->\n<li><strong>\u8212\u9002\uff1a<\/strong>\u00a0\u76f4\u63a5\u90ae\u5bc4\u5230\u60a8\u5bb6\u4e2d<\/li>\n<!-- \/wp:list-item --><!-- wp:list-item -->\n<li><strong>\u5168\u7403\u6709\u6548\uff1a<\/strong>\u00a0\u5728 150 \u591a\u4e2a\u56fd\u5bb6\u5408\u6cd5\u9a7e\u9a76<\/li>\n<!-- \/wp:list-item --><!-- wp:list-item -->\n<li><strong>\u65e0\u5fe7\u65e0\u8651<\/strong>\u00a0\u6211\u4eec\u8d1f\u8d23\u4e00\u5207<\/li>\n<!-- \/wp:list-item --><\/ul>\n<!-- \/wp:list --><!-- wp:paragraph -->\n<p><strong>\u4f60\u8981\u505a\u4ec0\u4e48\uff1f<\/strong><\/p>\n<!-- \/wp:paragraph --><!-- wp:list {\"ordered\":true} -->\n<ol><!-- wp:list-item -->\n<li>\u586b\u5199\u5728\u7ebf\u8868\u683c\u3002.<\/li>\n<!-- \/wp:list-item --><!-- wp:list-item -->\n<li>\u4e0a\u4f20\u8fd1\u671f\u62a4\u7167\u7167\u7247\u3002.<\/li>\n<!-- \/wp:list-item --><!-- wp:list-item -->\n<li>\u5b89\u5168\u5728\u7ebf\u7f34\u8d39\u3002.<\/li>\n<!-- \/wp:list-item --><!-- wp:list-item -->\n<li>\u90ae\u5bc4\u56fd\u9645\u9a7e\u9a76\u6267\u7167\u3002.<\/li>\n<!-- \/wp:list-item --><\/ol>\n<!-- \/wp:list --><!-- wp:paragraph -->\n<p><strong>\u7acb\u5373\u7533\u8bf7\uff0c\u65e0\u5fe7\u524d\u5f80\u745e\u58eb\uff01<\/strong><\/p>\n<!-- \/wp:paragraph --><!-- wp:paragraph -->\n<p><strong>\u66f4\u591a\u4fe1\u606f\uff1a<\/strong><\/p>\n<!-- \/wp:paragraph --><!-- wp:list -->\n<ul><!-- wp:list-item -->\n<li><strong>\u54ea\u4e9b\u56fd\u5bb6\u63a5\u53d7\u56fd\u9645\u9a7e\u9a76\u6267\u7167\uff1f<\/strong>\u00a0\u6240\u6709\u63a5\u53d7\u56fd\u9645\u9a7e\u9a76\u6267\u7167\u7684\u56fd\u5bb6\u540d\u5355\u53ef\u5728\u8054\u90a6\u4ea4\u901a\u548c\u6570\u5b57\u57fa\u7840\u8bbe\u65bd\u90e8\u7f51\u7ad9\u4e0a\u67e5\u8be2\u3002.<\/li>\n<!-- \/wp:list-item --><!-- wp:list-item -->\n<li><strong>\u56fd\u9645\u9a7e\u9a76\u6267\u7167\u7684\u6709\u6548\u671f\u6709\u591a\u957f\uff1f<\/strong>\u00a0\u56fd\u9645\u9a7e\u9a76\u6267\u7167\u7684\u6709\u6548\u671f\u4e3a\u4e09\u5e74\u3002.<\/li>\n<!-- \/wp:list-item --><!-- wp:list-item -->\n<li><strong>\u56fd\u9645\u9a7e\u9a76\u6267\u7167\u7684\u8d39\u7528\u662f\u591a\u5c11\uff1f<\/strong>\u00a0\u5fb7\u56fd\u56fd\u9645\u9a7e\u9a76\u6267\u7167\u7684\u8d39\u7528\u4e3a 16.30 \u6b27\u5143\u3002.<\/li>\n<!-- \/wp:list-item --><\/ul>\n<!-- \/wp:list --><!-- wp:paragraph -->\n<p><strong>\u91cd\u8981\u8bf4\u660e<\/strong><\/p>\n<!-- \/wp:paragraph --><!-- wp:list -->\n<ul><!-- wp:list-item -->\n<li>\u56fd\u9645\u9a7e\u9a76\u6267\u7167\u4e0d\u80fd\u66ff\u4ee3\u56fd\u5185\u9a7e\u9a76\u6267\u7167\u3002\u60a8\u5fc5\u987b\u59cb\u7ec8\u968f\u8eab\u643a\u5e26\u4e24\u79cd\u9a7e\u9a76\u6267\u7167\u3002.<\/li>\n<!-- \/wp:list-item --><!-- wp:list-item -->\n<li>\u56fd\u9645\u9a7e\u9a76\u6267\u7167\u4ec5\u4e0e\u56fd\u5185\u9a7e\u9a76\u6267\u7167\u540c\u65f6\u6709\u6548\u3002.<\/li>\n<!-- \/wp:list-item --><!-- wp:list-item -->\n<li>\u5728\u67d0\u4e9b\u56fd\u5bb6\uff0c\u56fd\u9645\u9a7e\u9a76\u6267\u7167\u662f\u4e0d\u591f\u7684\u3002\u8bf7\u5728\u65c5\u884c\u524d\u4e86\u89e3\u76ee\u7684\u5730\u56fd\u5bb6\u5bf9\u9a7e\u9a76\u6267\u7167\u7684\u89c4\u5b9a\u3002.<\/li>\n<!-- \/wp:list-item --><\/ul>\n<!-- \/wp:list --><!-- wp:paragraph -->\n<p><strong>\u5728\u54ea\u91cc\u53ef\u4ee5\u627e\u5230\u56fd\u9645 <a href=\"https:\/\/reisepassfuhrer.com\/zh\/\u65e0\u72af\u7f6a\u8bb0\u5f55\u8bc1\u660e\/\">\u9a7e\u9a76\u6267\u7167<\/a> \u7533\u8bf7\uff1f<\/strong><\/p>\n<!-- \/wp:paragraph --><!-- wp:list -->\n<ul><!-- wp:list-item -->\n<li><strong>\u60a8\u5c45\u4f4f\u5dde\u7684\u9053\u8def\u4ea4\u901a\u529e\u516c\u5ba4<\/strong><\/li>\n<!-- \/wp:list-item --><!-- wp:list-item -->\n<li><strong>\u9053\u8def\u4ea4\u901a\u529e\u516c\u5ba4\u5728\u7ebf\u95e8\u6237\u7f51\u7ad9<\/strong><\/li>\n<!-- \/wp:list-item --><!-- wp:list-item -->\n<li><strong>\u0e21\u0e15\u0e34\u0e0a\u0e19<\/strong>\u00a0\u745e\u58eb\u6c7d\u8f66\u4ff1\u4e50\u90e8\uff08ACS\uff09<\/li>\n<!-- \/wp:list-item --><!-- wp:list-item -->\n<li><strong>\u0e21\u0e15\u0e34\u0e0a\u0e19<\/strong>\u00a0\u745e\u58eb\u65c5\u6e38\u4ff1\u4e50\u90e8\uff08TCS\uff09<\/li>\n<!-- \/wp:list-item --><\/ul>\n<!-- \/wp:list --><!-- wp:heading {\"level\":5} -->\n<h5 id=\"h-kosten\" class=\"wp-block-heading\"><strong>\u8d39\u7528\uff1a<\/strong><\/h5>\n<!-- \/wp:heading --><!-- wp:paragraph -->\n<p>\u56fd\u9645\u9a7e\u9a76\u6267\u7167\u7684\u8d39\u7528\u56e0\u5dde\u800c\u5f02\u3002\u901a\u5e38\u5728 15 \u745e\u58eb\u6cd5\u90ce\u5230 30 \u745e\u58eb\u6cd5\u90ce\u4e4b\u95f4\u3002.<\/p>\n<!-- \/wp:paragraph --><!-- wp:paragraph -->\n<p><strong>\u6709\u6548\u6027\uff1a<\/strong><\/p>\n<!-- \/wp:paragraph --><!-- wp:paragraph -->\n<p>\u56fd\u9645\u9a7e\u9a76\u6267\u7167\u7684\u6709\u6548\u671f\u4e3a 3 \u5e74\u3002.<\/p>\n<!-- \/wp:paragraph --><!-- wp:paragraph -->\n<p><strong>\u7b80\u5355\u5feb\u6377<\/strong><\/p>\n<!-- \/wp:paragraph --><!-- wp:list -->\n<ul><!-- wp:list-item -->\n<li><strong>\u5728\u7ebf\u7533\u8bf7\uff1a<\/strong>\u00a0\u5728\u5bb6\u4e2d\u5373\u53ef\u7533\u8bf7\u56fd\u9645\u9a7e\u9a76\u6267\u7167\u3002.<\/li>\n<!-- \/wp:list-item --><!-- wp:list-item -->\n<li><strong>\u5904\u7406\u65f6\u95f4\u77ed\uff1a<\/strong>\u00a0\u901a\u5e38\uff0c\u60a8\u5c06\u5728 3-5 \u4e2a\u5de5\u4f5c\u65e5\u5185\u6536\u5230\u9a7e\u9a76\u6267\u7167\u3002.<\/li>\n<!-- \/wp:list-item --><!-- wp:list-item -->\n<li><strong>\u6ca1\u6709\u68c0\u67e5\uff1a<\/strong>\u00a0\u60a8\u65e0\u9700\u53c2\u52a0\u989d\u5916\u7684\u8003\u8bd5\u3002.<\/li>\n<!-- \/wp:list-item --><\/ul>\n<!-- \/wp:list --><!-- wp:paragraph -->\n<p><strong>\u5148\u51b3\u6761\u4ef6 \uff1a<\/strong><\/p>\n<!-- \/wp:paragraph --><!-- wp:list -->\n<ul><!-- wp:list-item -->\n<li><strong>\u6709\u6548\u7684\u56fd\u5bb6\u9a7e\u7167\uff1a<\/strong>\u00a0\u60a8\u5fc5\u987b\u6301\u6709\u672c\u56fd\u7684\u6709\u6548\u9a7e\u9a76\u6267\u7167\u3002.<\/li>\n<!-- \/wp:list-item --><!-- wp:list-item -->\n<li><strong>\u6700\u4f4e\u5e74\u9f84\uff1a<\/strong>\u00a0\u7533\u9886\u56fd\u9645\u9a7e\u9a76\u6267\u7167\u7684\u6700\u4f4e\u5e74\u9f84\u4e3a 18 \u5c81\u3002.<\/li>\n<!-- \/wp:list-item --><!-- wp:list-item -->\n<li><strong>\u62a4\u7167\u7167\u7247\uff1a<\/strong>\u00a0\u60a8\u9700\u8981\u4e00\u5f20\u8fd1\u671f\u62a4\u7167\u7167\u7247\u3002.<\/li>\n<!-- \/wp:list-item --><\/ul>\n<!-- \/wp:list --><!-- wp:paragraph -->\n<p><strong>\u5982\u4f55\u7533\u8bf7\u56fd\u9645\u9a7e\u9a76\u6267\u7167\uff1a<\/strong><\/p>\n<!-- \/wp:paragraph --><!-- wp:list {\"ordered\":true} -->\n<ol><!-- wp:list-item -->\n<li><strong>\u8bbf\u95ee\u76f8\u5173\u9053\u8def\u4ea4\u901a\u529e\u516c\u5ba4\u7684\u7f51\u7ad9\u3002.<\/strong><\/li>\n<!-- \/wp:list-item --><!-- wp:list-item -->\n<li><strong>\u586b\u5199\u5728\u7ebf\u7533\u8bf7\u8868\u3002.<\/strong><\/li>\n<!-- \/wp:list-item --><!-- wp:list-item -->\n<li><strong>\u4e0a\u4f20\u6240\u9700\u6587\u4ef6\u3002.<\/strong><\/li>\n<!-- \/wp:list-item --><!-- wp:list-item -->\n<li><strong>\u652f\u4ed8\u8d39\u7528\u3002.<\/strong>(\u8bf4\u660e)<\/li>\n<!-- \/wp:list-item --><!-- wp:list-item -->\n<li><strong>\u7b49\u5f85\u9a7e\u7167\u5bc4\u51fa\u3002.<\/strong><\/li>\n<!-- \/wp:list-item --><\/ol>\n<!-- \/wp:list --><!-- wp:paragraph -->\n<p><strong>\u5c0f\u8d34\u58eb<\/strong> <a href=\"http:\/\/facebook.com\">\u901a\u77e5<\/a> \u60a8\u53ef\u4ee5\u5728\u9053\u8def\u4ea4\u901a\u8bb8\u53ef\u8bc1\u529e\u516c\u5ba4\u7684\u7f51\u7ad9\u4e0a\u4e86\u89e3\u5177\u4f53\u7684\u8d39\u7528\u548c\u529e\u7406\u65f6\u95f4\u3002.<\/p>\n<!-- \/wp:paragraph -->\t\t\t\t\t\t<\/div>\n\t\t\t\t<\/div>\n\t\t\t\t\t<\/div>\n\t\t\t\t<\/div>\n\t\t<div class=\"elementor-element elementor-element-464aa0b e-flex e-con-boxed e-con e-parent\" data-id=\"464aa0b\" data-element_type=\"container\" data-core-v316-plus=\"true\">\n\t\t\t\t\t<div class=\"e-con-inner\">\n\t\t<div class=\"elementor-element elementor-element-8d8397f e-con-full e-flex e-con e-child\" data-id=\"8d8397f\" data-element_type=\"container\">\n\t\t\t\t<div class=\"elementor-element elementor-element-2e5c51c elementor-widget elementor-widget-heading\" data-id=\"2e5c51c\" data-element_type=\"widget\" data-widget_type=\"heading.default\">\n\t\t\t\t<div class=\"elementor-widget-container\">\n\t\t\t<h5 class=\"elementor-heading-title elementor-size-default\">\u9a7e\u9a76\u6267\u7167\u5ef6\u671f<\/h5>\t\t<\/div>\n\t\t\t\t<\/div>\n\t\t\t\t<\/div>\n\t\t<div class=\"elementor-element elementor-element-79e6856 e-con-full e-flex e-con e-child\" data-id=\"79e6856\" data-element_type=\"container\">\n\t\t\t\t<div class=\"elementor-element elementor-element-2900abe elementor-widget elementor-widget-heading\" data-id=\"2900abe\" data-element_type=\"widget\" data-widget_type=\"heading.default\">\n\t\t\t\t<div class=\"elementor-widget-container\">\n\t\t\t<h3 class=\"elementor-heading-title elementor-size-default\">\u9a7e\u9a76\u6267\u7167\u8d39\u7528<\/h3>\t\t<\/div>\n\t\t\t\t<\/div>\n\t\t\t\t<\/div>\n\t\t<div class=\"elementor-element elementor-element-11d7efc e-con-full e-flex e-con e-child\" data-id=\"11d7efc\" data-element_type=\"container\">\n\t\t\t\t<div class=\"elementor-element elementor-element-1874fd7 elementor-widget elementor-widget-heading\" data-id=\"1874fd7\" data-element_type=\"widget\" data-widget_type=\"heading.default\">\n\t\t\t\t<div class=\"elementor-widget-container\">\n\t\t\t<h3 class=\"elementor-heading-title elementor-size-default\">7 \u5929\u5185\u83b7\u5f97\u9a7e\u9a76\u6267\u7167<\/h3>\t\t<\/div>\n\t\t\t\t<\/div>\n\t\t\t\t<\/div>\n\t\t<div class=\"elementor-element elementor-element-fd121f2 e-con-full e-flex e-con e-child\" data-id=\"fd121f2\" data-element_type=\"container\">\n\t\t\t\t<div class=\"elementor-element elementor-element-9195cfd elementor-widget elementor-widget-heading\" data-id=\"9195cfd\" data-element_type=\"widget\" data-widget_type=\"heading.default\">\n\t\t\t\t<div class=\"elementor-widget-container\">\n\t\t\t<h3 class=\"elementor-heading-title elementor-size-default\">\u6ce2\u5170\u9a7e\u9a76\u6267\u7167<\/h3>\t\t<\/div>\n\t\t\t\t<\/div>\n\t\t\t\t<\/div>\n\t\t\t\t\t<\/div>\n\t\t\t\t<\/div>\n\t\t\t\t<\/div>","protected":false},"excerpt":{"rendered":"<p>ce f\u00fchrerschein kosten be polen In die Schweiz reisen und mobil sein? Mit dem internationalen F\u00fchrerschein kein Problem! Schnell und einfach: Beantragen Sie Ihren internationalen F\u00fchrerschein online in wenigen Minuten. Keine Wartezeiten: Sie erhalten Ihren F\u00fchrerschein per Post direkt nach Hause geschickt. G\u00fcltig in \u00fcber 150 L\u00e4ndern: Fahren Sie mit Ihrem internationalen F\u00fchrerschein in der [&hellip;]<\/p>","protected":false},"author":2,"featured_media":0,"parent":0,"menu_order":0,"comment_status":"closed","ping_status":"closed","template":"","meta":{"footnotes":""},"class_list":["post-2824","page","type-page","status-publish","hentry"],"yoast_head":"<!-- This site is optimized with the Yoast SEO Premium plugin v22.2 (Yoast SEO v26.2) - https:\/\/yoast.com\/wordpress\/plugins\/seo\/ -->\n<title>Internationaler F\u00fchrerschein Schweiz<\/title>\n<meta name=\"description\" content=\"Erhalten Sie schnell und einfach Ihren Internationaler F\u00fchrerschein Schweiz. Wir erkl\u00e4ren Ihnen die Schritte und helfen Ihnen.\" \/>\n<meta name=\"robots\" content=\"noindex, follow, max-snippet:-1, max-image-preview:large, max-video-preview:-1\" \/>\n<meta property=\"og:locale\" content=\"zh_CN\" \/>\n<meta property=\"og:type\" content=\"article\" \/>\n<meta property=\"og:title\" content=\"Internationalen F\u00fchrerschein f\u00fcr die Schweiz beantragen \u2013 schnell und einfach\" \/>\n<meta property=\"og:description\" content=\"Erhalten Sie schnell und einfach Ihren Internationaler F\u00fchrerschein Schweiz. Wir erkl\u00e4ren Ihnen die Schritte und helfen Ihnen.\" \/>\n<meta property=\"og:url\" content=\"https:\/\/reisepassfuhrer.com\/zh\/\u745e\u58eb\u56fd\u9645\u9a7e\u9a76\u8bc1\/\" \/>\n<meta property=\"og:site_name\" content=\"Reisepassfuhrer\" \/>\n<meta property=\"article:modified_time\" content=\"2024-05-29T17:45:01+00:00\" \/>\n<meta property=\"og:image\" content=\"https:\/\/reisepassfuhrer.com\/wp-content\/uploads\/2024\/03\/Internationaler-Fuhrerschein-Schweiz.png\" \/>\n<meta name=\"twitter:card\" content=\"summary_large_image\" \/>\n<meta name=\"twitter:label1\" content=\"\u9884\u8ba1\u9605\u8bfb\u65f6\u95f4\" \/>\n\t<meta name=\"twitter:data1\" content=\"3 \u5206\" \/>\n<script type=\"application\/ld+json\" class=\"yoast-schema-graph\">{\"@context\":\"https:\/\/schema.org\",\"@graph\":[{\"@type\":\"WebPage\",\"@id\":\"https:\/\/reisepassfuhrer.com\/internationaler-fuhrerschein-schweiz\/\",\"url\":\"https:\/\/reisepassfuhrer.com\/internationaler-fuhrerschein-schweiz\/\",\"name\":\"Internationaler F\u00fchrerschein Schweiz\",\"isPartOf\":{\"@id\":\"https:\/\/reisepassfuhrer.com\/#website\"},\"primaryImageOfPage\":{\"@id\":\"https:\/\/reisepassfuhrer.com\/internationaler-fuhrerschein-schweiz\/#primaryimage\"},\"image\":{\"@id\":\"https:\/\/reisepassfuhrer.com\/internationaler-fuhrerschein-schweiz\/#primaryimage\"},\"thumbnailUrl\":\"https:\/\/reisepassfuhrer.com\/wp-content\/uploads\/2024\/03\/Internationaler-Fuhrerschein-Schweiz.png\",\"datePublished\":\"2024-03-18T17:56:14+00:00\",\"dateModified\":\"2024-05-29T17:45:01+00:00\",\"description\":\"Erhalten Sie schnell und einfach Ihren Internationaler F\u00fchrerschein Schweiz. Wir erkl\u00e4ren Ihnen die Schritte und helfen Ihnen.\",\"breadcrumb\":{\"@id\":\"https:\/\/reisepassfuhrer.com\/internationaler-fuhrerschein-schweiz\/#breadcrumb\"},\"inLanguage\":\"zh-Hans\",\"potentialAction\":[{\"@type\":\"ReadAction\",\"target\":[\"https:\/\/reisepassfuhrer.com\/internationaler-fuhrerschein-schweiz\/\"]}]},{\"@type\":\"ImageObject\",\"inLanguage\":\"zh-Hans\",\"@id\":\"https:\/\/reisepassfuhrer.com\/internationaler-fuhrerschein-schweiz\/#primaryimage\",\"url\":\"https:\/\/reisepassfuhrer.com\/wp-content\/uploads\/2024\/03\/Internationaler-Fuhrerschein-Schweiz.png\",\"contentUrl\":\"https:\/\/reisepassfuhrer.com\/wp-content\/uploads\/2024\/03\/Internationaler-Fuhrerschein-Schweiz.png\"},{\"@type\":\"BreadcrumbList\",\"@id\":\"https:\/\/reisepassfuhrer.com\/internationaler-fuhrerschein-schweiz\/#breadcrumb\",\"itemListElement\":[{\"@type\":\"ListItem\",\"position\":1,\"name\":\"Home\",\"item\":\"https:\/\/reisepassfuhrer.com\/\"},{\"@type\":\"ListItem\",\"position\":2,\"name\":\"Internationalen F\u00fchrerschein f\u00fcr die Schweiz beantragen \u2013 schnell und einfach\"}]},{\"@type\":\"WebSite\",\"@id\":\"https:\/\/reisepassfuhrer.com\/#website\",\"url\":\"https:\/\/reisepassfuhrer.com\/\",\"name\":\"Reisepassfuhrer\",\"description\":\"Reisepass Beantragen Berlin\",\"publisher\":{\"@id\":\"https:\/\/reisepassfuhrer.com\/#organization\"},\"potentialAction\":[{\"@type\":\"SearchAction\",\"target\":{\"@type\":\"EntryPoint\",\"urlTemplate\":\"https:\/\/reisepassfuhrer.com\/?s={search_term_string}\"},\"query-input\":{\"@type\":\"PropertyValueSpecification\",\"valueRequired\":true,\"valueName\":\"search_term_string\"}}],\"inLanguage\":\"zh-Hans\"},{\"@type\":\"Organization\",\"@id\":\"https:\/\/reisepassfuhrer.com\/#organization\",\"name\":\"Reisepassfuhrer\",\"url\":\"https:\/\/reisepassfuhrer.com\/\",\"logo\":{\"@type\":\"ImageObject\",\"inLanguage\":\"zh-Hans\",\"@id\":\"https:\/\/reisepassfuhrer.com\/#\/schema\/logo\/image\/\",\"url\":\"https:\/\/reisepassfuhrer.com\/wp-content\/uploads\/2024\/03\/Reisepassfuhrer-logo.png\",\"contentUrl\":\"https:\/\/reisepassfuhrer.com\/wp-content\/uploads\/2024\/03\/Reisepassfuhrer-logo.png\",\"width\":112,\"height\":112,\"caption\":\"Reisepassfuhrer\"},\"image\":{\"@id\":\"https:\/\/reisepassfuhrer.com\/#\/schema\/logo\/image\/\"}}]}<\/script>\n<!-- \/ Yoast SEO Premium plugin. -->","yoast_head_json":{"title":"\u745e\u58eb\u56fd\u9645\u9a7e\u7167","description":"\u5feb\u901f\u3001\u8f7b\u677e\u5730\u83b7\u5f97\u745e\u58eb\u56fd\u9645\u9a7e\u7167\u3002\u6211\u4eec\u5c06\u4e3a\u60a8\u89e3\u91ca\u76f8\u5173\u6b65\u9aa4\u5e76\u63d0\u4f9b\u5e2e\u52a9\u3002.","robots":{"index":"noindex","follow":"follow","max-snippet":"max-snippet:-1","max-image-preview":"max-image-preview:large","max-video-preview":"max-video-preview:-1"},"og_locale":"zh_CN","og_type":"article","og_title":"Internationalen F\u00fchrerschein f\u00fcr die Schweiz beantragen \u2013 schnell und einfach","og_description":"Erhalten Sie schnell und einfach Ihren Internationaler F\u00fchrerschein Schweiz. Wir erkl\u00e4ren Ihnen die Schritte und helfen Ihnen.","og_url":"https:\/\/reisepassfuhrer.com\/zh\/\u745e\u58eb\u56fd\u9645\u9a7e\u9a76\u8bc1\/","og_site_name":"Reisepassfuhrer","article_modified_time":"2024-05-29T17:45:01+00:00","og_image":[{"url":"https:\/\/reisepassfuhrer.com\/wp-content\/uploads\/2024\/03\/Internationaler-Fuhrerschein-Schweiz.png","type":"","width":"","height":""}],"twitter_card":"summary_large_image","twitter_misc":{"\u9884\u8ba1\u9605\u8bfb\u65f6\u95f4":"3 \u5206"},"schema":{"@context":"https:\/\/schema.org","@graph":[{"@type":"WebPage","@id":"https:\/\/reisepassfuhrer.com\/internationaler-fuhrerschein-schweiz\/","url":"https:\/\/reisepassfuhrer.com\/internationaler-fuhrerschein-schweiz\/","name":"\u745e\u58eb\u56fd\u9645\u9a7e\u7167","isPartOf":{"@id":"https:\/\/reisepassfuhrer.com\/#website"},"primaryImageOfPage":{"@id":"https:\/\/reisepassfuhrer.com\/internationaler-fuhrerschein-schweiz\/#primaryimage"},"image":{"@id":"https:\/\/reisepassfuhrer.com\/internationaler-fuhrerschein-schweiz\/#primaryimage"},"thumbnailUrl":"https:\/\/reisepassfuhrer.com\/wp-content\/uploads\/2024\/03\/Internationaler-Fuhrerschein-Schweiz.png","datePublished":"2024-03-18T17:56:14+00:00","dateModified":"2024-05-29T17:45:01+00:00","description":"\u5feb\u901f\u3001\u8f7b\u677e\u5730\u83b7\u5f97\u745e\u58eb\u56fd\u9645\u9a7e\u7167\u3002\u6211\u4eec\u5c06\u4e3a\u60a8\u89e3\u91ca\u76f8\u5173\u6b65\u9aa4\u5e76\u63d0\u4f9b\u5e2e\u52a9\u3002.","breadcrumb":{"@id":"https:\/\/reisepassfuhrer.com\/internationaler-fuhrerschein-schweiz\/#breadcrumb"},"inLanguage":"zh-Hans","potentialAction":[{"@type":"ReadAction","target":["https:\/\/reisepassfuhrer.com\/internationaler-fuhrerschein-schweiz\/"]}]},{"@type":"ImageObject","inLanguage":"zh-Hans","@id":"https:\/\/reisepassfuhrer.com\/internationaler-fuhrerschein-schweiz\/#primaryimage","url":"https:\/\/reisepassfuhrer.com\/wp-content\/uploads\/2024\/03\/Internationaler-Fuhrerschein-Schweiz.png","contentUrl":"https:\/\/reisepassfuhrer.com\/wp-content\/uploads\/2024\/03\/Internationaler-Fuhrerschein-Schweiz.png"},{"@type":"BreadcrumbList","@id":"https:\/\/reisepassfuhrer.com\/internationaler-fuhrerschein-schweiz\/#breadcrumb","itemListElement":[{"@type":"ListItem","position":1,"name":"Home","item":"https:\/\/reisepassfuhrer.com\/"},{"@type":"ListItem","position":2,"name":"Internationalen F\u00fchrerschein f\u00fcr die Schweiz beantragen \u2013 schnell und einfach"}]},{"@type":"WebSite","@id":"https:\/\/reisepassfuhrer.com\/#website","url":"https:\/\/reisepassfuhrer.com\/","name":"\u62a4\u7167\u6307\u5357","description":"\u7533\u8bf7\u67cf\u6797\u62a4\u7167","publisher":{"@id":"https:\/\/reisepassfuhrer.com\/#organization"},"potentialAction":[{"@type":"SearchAction","target":{"@type":"EntryPoint","urlTemplate":"https:\/\/reisepassfuhrer.com\/?s={search_term_string}"},"query-input":{"@type":"PropertyValueSpecification","valueRequired":true,"valueName":"search_term_string"}}],"inLanguage":"zh-Hans"},{"@type":"Organization","@id":"https:\/\/reisepassfuhrer.com\/#organization","name":"\u62a4\u7167\u6307\u5357","url":"https:\/\/reisepassfuhrer.com\/","logo":{"@type":"ImageObject","inLanguage":"zh-Hans","@id":"https:\/\/reisepassfuhrer.com\/#\/schema\/logo\/image\/","url":"https:\/\/reisepassfuhrer.com\/wp-content\/uploads\/2024\/03\/Reisepassfuhrer-logo.png","contentUrl":"https:\/\/reisepassfuhrer.com\/wp-content\/uploads\/2024\/03\/Reisepassfuhrer-logo.png","width":112,"height":112,"caption":"Reisepassfuhrer"},"image":{"@id":"https:\/\/reisepassfuhrer.com\/#\/schema\/logo\/image\/"}}]}},"_links":{"self":[{"href":"https:\/\/reisepassfuhrer.com\/zh\/wp-json\/wp\/v2\/pages\/2824","targetHints":{"allow":["GET"]}}],"collection":[{"href":"https:\/\/reisepassfuhrer.com\/zh\/wp-json\/wp\/v2\/pages"}],"about":[{"href":"https:\/\/reisepassfuhrer.com\/zh\/wp-json\/wp\/v2\/types\/page"}],"author":[{"embeddable":true,"href":"https:\/\/reisepassfuhrer.com\/zh\/wp-json\/wp\/v2\/users\/2"}],"replies":[{"embeddable":true,"href":"https:\/\/reisepassfuhrer.com\/zh\/wp-json\/wp\/v2\/comments?post=2824"}],"version-history":[{"count":10,"href":"https:\/\/reisepassfuhrer.com\/zh\/wp-json\/wp\/v2\/pages\/2824\/revisions"}],"predecessor-version":[{"id":2930,"href":"https:\/\/reisepassfuhrer.com\/zh\/wp-json\/wp\/v2\/pages\/2824\/revisions\/2930"}],"wp:attachment":[{"href":"https:\/\/reisepassfuhrer.com\/zh\/wp-json\/wp\/v2\/media?parent=2824"}],"curies":[{"name":"wp","href":"https:\/\/api.w.org\/{rel}","templated":true}]}}