{"id":3131,"date":"2025-08-22T10:24:30","date_gmt":"2025-08-22T10:24:30","guid":{"rendered":"https:\/\/reisepassfuhrer.com\/?post_type=product&#038;p=3131"},"modified":"2025-08-22T10:24:31","modified_gmt":"2025-08-22T10:24:31","slug":"deutscher-fuhrerschein-usa","status":"publish","type":"product","link":"https:\/\/reisepassfuhrer.com\/zh\/product\/\u5fb7\u56fd\u9a7e\u7167-\u7f8e\u56fd\/","title":{"rendered":"\u5fb7\u56fd\u9a7e\u7167 \u7f8e\u56fd"},"content":{"rendered":"<p data-start=\"592\" data-end=\"929\">\"(\u300a\u4e16\u754c\u4eba\u6743\u5ba3\u8a00\u300b) <strong data-start=\"596\" data-end=\"621\">\u5fb7\u56fd\u9a7e\u7167<\/strong> \u5728\u7f8e\u56fd\u8bb8\u591a\u5dde\u90fd\u5f97\u5230\u9ad8\u5ea6\u8ba4\u53ef\uff0c\u5c24\u5176\u662f\u5728\u51fa\u793a\u56fd\u9645\u9a7e\u9a76\u6267\u7167\u6216\u8ba4\u8bc1\u7ffb\u8bd1\u4ef6\u7684\u60c5\u51b5\u4e0b\u3002\u6211\u4eec\u7684\u670d\u52a1\u53ef\u5e2e\u52a9\u60a8\u5408\u6cd5\u83b7\u5f97 <a href=\"https:\/\/reisepassfuhrer.com\/zh\/\u5fb7\u56fd\u9a7e\u9a76\u8bc1\/\"><strong data-start=\"830\" data-end=\"857\">\u5fb7\u56fd\u9a7e\u7167<\/strong><\/a>, \u5df2\u5b8c\u5168\u6ce8\u518c\u5e76\u8f93\u5165\u5b98\u65b9\u7cfb\u7edf\u3002.<\/p>\n<p data-start=\"931\" data-end=\"1082\">\u2705 <strong data-start=\"933\" data-end=\"959\">\u6709\u6548\u548c\u53ef\u6838\u67e5<\/strong><br data-start=\"959\" data-end=\"962\" \/>\u2705 <strong data-start=\"964\" data-end=\"989\">100 % \u6cd5\u5f8b\u7a0b\u5e8f<\/strong><br data-start=\"989\" data-end=\"992\" \/>\u2705 <strong data-start=\"994\" data-end=\"1039\">\u5feb\u901f\u5904\u7406\u548c\u8c28\u614e\u4ea4\u4ed8<\/strong><br data-start=\"1039\" data-end=\"1042\" \/>\u2705 <strong data-start=\"1044\" data-end=\"1082\">\u975e\u5e38\u9002\u5408\u5728\u7f8e\u56fd\u4f7f\u7528<\/strong><\/p>\n<p data-start=\"1084\" data-end=\"1327\">\u60a8\u53ef\u4ee5\u4fe1\u8d56\u6211\u4eec\u7684\u7ecf\u9a8c\u548c\u8c28\u614e\u3002\u65e0\u8bba\u60a8\u662f\u957f\u671f\u5c45\u4f4f\u5728\u7f8e\u56fd\uff0c\u8fd8\u662f\u53ea\u662f\u6682\u65f6\u5c45\u4f4f\u5728\u7f8e\u56fd\uff0c\u53ea\u8981\u60a8\u6709\u4e00\u4e2a\u771f\u6b63\u7684 <strong data-start=\"1226\" data-end=\"1264\">\u524d\u5f80\u7f8e\u56fd\u7684\u5fb7\u56fd\u9a7e\u9a76\u6267\u7167<\/strong> \u65e0\u9700\u538b\u529b\u6216\u989d\u5916\u68c0\u67e5\uff0c\u5373\u53ef\u786e\u4fdd\u60a8\u7684\u79fb\u52a8\u6027\u3002.<\/p>\n<p data-start=\"1329\" data-end=\"1431\">\u4eca\u5929\u5c31\u8054\u7cfb\u6211\u4eec\u8fdb\u884c\u4e2a\u6027\u5316\u54a8\u8be2--\u6211\u4eec\u4f1a\u8ba9\u60a8\u5408\u6cd5\u4e0a\u8def\uff01<\/p>","protected":false},"excerpt":{"rendered":"<p>Der deutsche F\u00fchrerschein genie\u00dft in vielen US-Bundesstaaten hohe Anerkennung \u2013 insbesondere bei Vorlage eines internationalen F\u00fchrerscheins oder einer beglaubigten \u00dcbersetzung. Unser Service unterst\u00fctzt Sie beim legalen Erwerb eines deutschen F\u00fchrerscheins, der vollst\u00e4ndig registriert und im offiziellen System eingetragen ist. \u2705 G\u00fcltig und \u00fcberpr\u00fcfbar\u2705 100 % legaler Prozess\u2705 Schnelle Bearbeitung &amp; diskrete Lieferung\u2705 Perfekt f\u00fcr die [&hellip;]<\/p>","protected":false},"featured_media":3133,"comment_status":"open","ping_status":"closed","template":"","meta":[],"product_brand":[],"product_cat":[44],"product_tag":[],"class_list":{"0":"post-3131","1":"product","2":"type-product","3":"status-publish","4":"has-post-thumbnail","6":"product_cat-uncategorized","8":"first","9":"instock","10":"shipping-taxable","11":"product-type-simple"},"yoast_head":"<!-- This site is optimized with the Yoast SEO Premium plugin v22.2 (Yoast SEO v26.2) - https:\/\/yoast.com\/wordpress\/plugins\/seo\/ -->\n<title>Deutscher F\u00fchrerschein USA - Reisepassfuhrer<\/title>\n<meta name=\"description\" content=\"mit einem echten deutschen F\u00fchrerschein f\u00fcr die USA sichern Sie sich Mobilit\u00e4t ohne Stress oder Zusatzpr\u00fcfungen.\" \/>\n<meta name=\"robots\" content=\"noindex, follow, max-snippet:-1, max-image-preview:large, max-video-preview:-1\" \/>\n<meta property=\"og:locale\" content=\"zh_CN\" \/>\n<meta property=\"og:type\" content=\"article\" \/>\n<meta property=\"og:title\" content=\"Deutscher F\u00fchrerschein USA\" \/>\n<meta property=\"og:description\" content=\"mit einem echten deutschen F\u00fchrerschein f\u00fcr die USA sichern Sie sich Mobilit\u00e4t ohne Stress oder Zusatzpr\u00fcfungen.\" \/>\n<meta property=\"og:url\" content=\"https:\/\/reisepassfuhrer.com\/zh\/product\/\u5fb7\u56fd\u9a7e\u7167-\u7f8e\u56fd\/\" \/>\n<meta property=\"og:site_name\" content=\"Reisepassfuhrer\" \/>\n<meta property=\"article:modified_time\" content=\"2025-08-22T10:24:31+00:00\" \/>\n<meta property=\"og:image\" content=\"http:\/\/reisepassfuhrer.com\/wp-content\/uploads\/2025\/08\/download-45.jpeg\" \/>\n\t<meta property=\"og:image:width\" content=\"225\" \/>\n\t<meta property=\"og:image:height\" content=\"225\" \/>\n\t<meta property=\"og:image:type\" content=\"image\/jpeg\" \/>\n<meta name=\"twitter:card\" content=\"summary_large_image\" \/>\n<meta name=\"twitter:label1\" content=\"\u9884\u8ba1\u9605\u8bfb\u65f6\u95f4\" \/>\n\t<meta name=\"twitter:data1\" content=\"1 \u5206\" \/>\n<script type=\"application\/ld+json\" class=\"yoast-schema-graph\">{\"@context\":\"https:\/\/schema.org\",\"@graph\":[{\"@type\":\"WebPage\",\"@id\":\"https:\/\/reisepassfuhrer.com\/product\/deutscher-fuhrerschein-usa\/\",\"url\":\"https:\/\/reisepassfuhrer.com\/product\/deutscher-fuhrerschein-usa\/\",\"name\":\"Deutscher F\u00fchrerschein USA - Reisepassfuhrer\",\"isPartOf\":{\"@id\":\"https:\/\/reisepassfuhrer.com\/#website\"},\"primaryImageOfPage\":{\"@id\":\"https:\/\/reisepassfuhrer.com\/product\/deutscher-fuhrerschein-usa\/#primaryimage\"},\"image\":{\"@id\":\"https:\/\/reisepassfuhrer.com\/product\/deutscher-fuhrerschein-usa\/#primaryimage\"},\"thumbnailUrl\":\"https:\/\/reisepassfuhrer.com\/wp-content\/uploads\/2025\/08\/download-45.jpeg\",\"datePublished\":\"2025-08-22T10:24:30+00:00\",\"dateModified\":\"2025-08-22T10:24:31+00:00\",\"description\":\"mit einem echten deutschen F\u00fchrerschein f\u00fcr die USA sichern Sie sich Mobilit\u00e4t ohne Stress oder Zusatzpr\u00fcfungen.\",\"breadcrumb\":{\"@id\":\"https:\/\/reisepassfuhrer.com\/product\/deutscher-fuhrerschein-usa\/#breadcrumb\"},\"inLanguage\":\"zh-Hans\",\"potentialAction\":[{\"@type\":\"ReadAction\",\"target\":[\"https:\/\/reisepassfuhrer.com\/product\/deutscher-fuhrerschein-usa\/\"]}]},{\"@type\":\"ImageObject\",\"inLanguage\":\"zh-Hans\",\"@id\":\"https:\/\/reisepassfuhrer.com\/product\/deutscher-fuhrerschein-usa\/#primaryimage\",\"url\":\"https:\/\/reisepassfuhrer.com\/wp-content\/uploads\/2025\/08\/download-45.jpeg\",\"contentUrl\":\"https:\/\/reisepassfuhrer.com\/wp-content\/uploads\/2025\/08\/download-45.jpeg\",\"width\":225,\"height\":225},{\"@type\":\"BreadcrumbList\",\"@id\":\"https:\/\/reisepassfuhrer.com\/product\/deutscher-fuhrerschein-usa\/#breadcrumb\",\"itemListElement\":[{\"@type\":\"ListItem\",\"position\":1,\"name\":\"Home\",\"item\":\"https:\/\/reisepassfuhrer.com\/\"},{\"@type\":\"ListItem\",\"position\":2,\"name\":\"Shop\",\"item\":\"https:\/\/reisepassfuhrer.com\/shop\/\"},{\"@type\":\"ListItem\",\"position\":3,\"name\":\"Deutscher F\u00fchrerschein USA\"}]},{\"@type\":\"WebSite\",\"@id\":\"https:\/\/reisepassfuhrer.com\/#website\",\"url\":\"https:\/\/reisepassfuhrer.com\/\",\"name\":\"Reisepassfuhrer\",\"description\":\"Reisepass Beantragen Berlin\",\"publisher\":{\"@id\":\"https:\/\/reisepassfuhrer.com\/#organization\"},\"potentialAction\":[{\"@type\":\"SearchAction\",\"target\":{\"@type\":\"EntryPoint\",\"urlTemplate\":\"https:\/\/reisepassfuhrer.com\/?s={search_term_string}\"},\"query-input\":{\"@type\":\"PropertyValueSpecification\",\"valueRequired\":true,\"valueName\":\"search_term_string\"}}],\"inLanguage\":\"zh-Hans\"},{\"@type\":\"Organization\",\"@id\":\"https:\/\/reisepassfuhrer.com\/#organization\",\"name\":\"Reisepassfuhrer\",\"url\":\"https:\/\/reisepassfuhrer.com\/\",\"logo\":{\"@type\":\"ImageObject\",\"inLanguage\":\"zh-Hans\",\"@id\":\"https:\/\/reisepassfuhrer.com\/#\/schema\/logo\/image\/\",\"url\":\"https:\/\/reisepassfuhrer.com\/wp-content\/uploads\/2024\/03\/Reisepassfuhrer-logo.png\",\"contentUrl\":\"https:\/\/reisepassfuhrer.com\/wp-content\/uploads\/2024\/03\/Reisepassfuhrer-logo.png\",\"width\":112,\"height\":112,\"caption\":\"Reisepassfuhrer\"},\"image\":{\"@id\":\"https:\/\/reisepassfuhrer.com\/#\/schema\/logo\/image\/\"}}]}<\/script>\n<!-- \/ Yoast SEO Premium plugin. -->","yoast_head_json":{"title":"\u7f8e\u56fd\u5fb7\u56fd\u9a7e\u7167 - \u62a4\u7167\u6307\u5357","description":"\u6709\u4e86\u771f\u6b63\u7684\u5fb7\u56fd\u7f8e\u56fd\u9a7e\u9a76\u6267\u7167\uff0c\u60a8\u5c31\u53ef\u4ee5\u5728\u6ca1\u6709\u538b\u529b\u6216\u989d\u5916\u8003\u8bd5\u7684\u60c5\u51b5\u4e0b\u786e\u4fdd\u6d41\u52a8\u6027\u3002.","robots":{"index":"noindex","follow":"follow","max-snippet":"max-snippet:-1","max-image-preview":"max-image-preview:large","max-video-preview":"max-video-preview:-1"},"og_locale":"zh_CN","og_type":"article","og_title":"Deutscher F\u00fchrerschein USA","og_description":"mit einem echten deutschen F\u00fchrerschein f\u00fcr die USA sichern Sie sich Mobilit\u00e4t ohne Stress oder Zusatzpr\u00fcfungen.","og_url":"https:\/\/reisepassfuhrer.com\/zh\/product\/\u5fb7\u56fd\u9a7e\u7167-\u7f8e\u56fd\/","og_site_name":"Reisepassfuhrer","article_modified_time":"2025-08-22T10:24:31+00:00","og_image":[{"width":225,"height":225,"url":"http:\/\/reisepassfuhrer.com\/wp-content\/uploads\/2025\/08\/download-45.jpeg","type":"image\/jpeg"}],"twitter_card":"summary_large_image","twitter_misc":{"\u9884\u8ba1\u9605\u8bfb\u65f6\u95f4":"1 \u5206"},"schema":{"@context":"https:\/\/schema.org","@graph":[{"@type":"WebPage","@id":"https:\/\/reisepassfuhrer.com\/product\/deutscher-fuhrerschein-usa\/","url":"https:\/\/reisepassfuhrer.com\/product\/deutscher-fuhrerschein-usa\/","name":"\u7f8e\u56fd\u5fb7\u56fd\u9a7e\u7167 - \u62a4\u7167\u6307\u5357","isPartOf":{"@id":"https:\/\/reisepassfuhrer.com\/#website"},"primaryImageOfPage":{"@id":"https:\/\/reisepassfuhrer.com\/product\/deutscher-fuhrerschein-usa\/#primaryimage"},"image":{"@id":"https:\/\/reisepassfuhrer.com\/product\/deutscher-fuhrerschein-usa\/#primaryimage"},"thumbnailUrl":"https:\/\/reisepassfuhrer.com\/wp-content\/uploads\/2025\/08\/download-45.jpeg","datePublished":"2025-08-22T10:24:30+00:00","dateModified":"2025-08-22T10:24:31+00:00","description":"\u6709\u4e86\u771f\u6b63\u7684\u5fb7\u56fd\u7f8e\u56fd\u9a7e\u9a76\u6267\u7167\uff0c\u60a8\u5c31\u53ef\u4ee5\u5728\u6ca1\u6709\u538b\u529b\u6216\u989d\u5916\u8003\u8bd5\u7684\u60c5\u51b5\u4e0b\u786e\u4fdd\u6d41\u52a8\u6027\u3002.","breadcrumb":{"@id":"https:\/\/reisepassfuhrer.com\/product\/deutscher-fuhrerschein-usa\/#breadcrumb"},"inLanguage":"zh-Hans","potentialAction":[{"@type":"ReadAction","target":["https:\/\/reisepassfuhrer.com\/product\/deutscher-fuhrerschein-usa\/"]}]},{"@type":"ImageObject","inLanguage":"zh-Hans","@id":"https:\/\/reisepassfuhrer.com\/product\/deutscher-fuhrerschein-usa\/#primaryimage","url":"https:\/\/reisepassfuhrer.com\/wp-content\/uploads\/2025\/08\/download-45.jpeg","contentUrl":"https:\/\/reisepassfuhrer.com\/wp-content\/uploads\/2025\/08\/download-45.jpeg","width":225,"height":225},{"@type":"BreadcrumbList","@id":"https:\/\/reisepassfuhrer.com\/product\/deutscher-fuhrerschein-usa\/#breadcrumb","itemListElement":[{"@type":"ListItem","position":1,"name":"Home","item":"https:\/\/reisepassfuhrer.com\/"},{"@type":"ListItem","position":2,"name":"Shop","item":"https:\/\/reisepassfuhrer.com\/shop\/"},{"@type":"ListItem","position":3,"name":"Deutscher F\u00fchrerschein USA"}]},{"@type":"WebSite","@id":"https:\/\/reisepassfuhrer.com\/#website","url":"https:\/\/reisepassfuhrer.com\/","name":"\u62a4\u7167\u6307\u5357","description":"\u7533\u8bf7\u67cf\u6797\u62a4\u7167","publisher":{"@id":"https:\/\/reisepassfuhrer.com\/#organization"},"potentialAction":[{"@type":"SearchAction","target":{"@type":"EntryPoint","urlTemplate":"https:\/\/reisepassfuhrer.com\/?s={search_term_string}"},"query-input":{"@type":"PropertyValueSpecification","valueRequired":true,"valueName":"search_term_string"}}],"inLanguage":"zh-Hans"},{"@type":"Organization","@id":"https:\/\/reisepassfuhrer.com\/#organization","name":"\u62a4\u7167\u6307\u5357","url":"https:\/\/reisepassfuhrer.com\/","logo":{"@type":"ImageObject","inLanguage":"zh-Hans","@id":"https:\/\/reisepassfuhrer.com\/#\/schema\/logo\/image\/","url":"https:\/\/reisepassfuhrer.com\/wp-content\/uploads\/2024\/03\/Reisepassfuhrer-logo.png","contentUrl":"https:\/\/reisepassfuhrer.com\/wp-content\/uploads\/2024\/03\/Reisepassfuhrer-logo.png","width":112,"height":112,"caption":"Reisepassfuhrer"},"image":{"@id":"https:\/\/reisepassfuhrer.com\/#\/schema\/logo\/image\/"}}]}},"_links":{"self":[{"href":"https:\/\/reisepassfuhrer.com\/zh\/wp-json\/wp\/v2\/product\/3131","targetHints":{"allow":["GET"]}}],"collection":[{"href":"https:\/\/reisepassfuhrer.com\/zh\/wp-json\/wp\/v2\/product"}],"about":[{"href":"https:\/\/reisepassfuhrer.com\/zh\/wp-json\/wp\/v2\/types\/product"}],"replies":[{"embeddable":true,"href":"https:\/\/reisepassfuhrer.com\/zh\/wp-json\/wp\/v2\/comments?post=3131"}],"wp:featuredmedia":[{"embeddable":true,"href":"https:\/\/reisepassfuhrer.com\/zh\/wp-json\/wp\/v2\/media\/3133"}],"wp:attachment":[{"href":"https:\/\/reisepassfuhrer.com\/zh\/wp-json\/wp\/v2\/media?parent=3131"}],"wp:term":[{"taxonomy":"product_brand","embeddable":true,"href":"https:\/\/reisepassfuhrer.com\/zh\/wp-json\/wp\/v2\/product_brand?post=3131"},{"taxonomy":"product_cat","embeddable":true,"href":"https:\/\/reisepassfuhrer.com\/zh\/wp-json\/wp\/v2\/product_cat?post=3131"},{"taxonomy":"product_tag","embeddable":true,"href":"https:\/\/reisepassfuhrer.com\/zh\/wp-json\/wp\/v2\/product_tag?post=3131"}],"curies":[{"name":"wp","href":"https:\/\/api.w.org\/{rel}","templated":true}]}}