{"id":3135,"date":"2025-08-24T11:01:29","date_gmt":"2025-08-24T11:01:29","guid":{"rendered":"https:\/\/reisepassfuhrer.com\/?post_type=product&#038;p=3135"},"modified":"2025-08-24T11:01:30","modified_gmt":"2025-08-24T11:01:30","slug":"geburtsdatum-rumanischer-ausweis","status":"publish","type":"product","link":"https:\/\/reisepassfuhrer.com\/zh\/product\/\u51fa\u751f\u65e5\u671f-\u7f57\u9a6c\u5c3c\u4e9a\u8eab\u4efd\u8bc1\/","title":{"rendered":"\u51fa\u751f\u65e5\u671f \u7f57\u9a6c\u5c3c\u4e9a\u8eab\u4efd\u8bc1"},"content":{"rendered":"<p data-start=\"386\" data-end=\"470\"><strong data-start=\"386\" data-end=\"470\">\u7f57\u9a6c\u5c3c\u4e9a\u8eab\u4efd\u8bc1\u4e0a\u7684\u51fa\u751f\u65e5\u671f--\u7b80\u5355\u89e3\u91ca\uff0c\u53ef\u9760\u786e\u5b9a<\/strong><\/p>\n<p data-start=\"472\" data-end=\"775\">\u60a8\u9700\u8981 <strong data-start=\"489\" data-end=\"574\">\u7f57\u9a6c\u5c3c\u4e9a\u8eab\u4efd\u8bc1\uff08Carte de Identitate\uff09\u4e0a\u7684\u6b63\u786e\u51fa\u751f\u65e5\u671f<\/strong> \u6216\u60f3\u4e86\u89e3\u8fd9\u4e9b\u4fe1\u606f\u7684\u7ed3\u6784\uff1f\u6211\u4eec\u7684\u670d\u52a1\u53ef\u4e3a\u60a8\u63d0\u4f9b\u5feb\u901f\u3001\u7cbe\u786e\u7684\u89e3\u51b3\u65b9\u6848--\u65e0\u8bba\u662f\u7528\u4e8e\u8eab\u4efd\u68c0\u67e5\u3001\u6587\u4ef6\u9a8c\u8bc1\u8fd8\u662f\u884c\u653f\u7ba1\u7406\u76ee\u7684\u3002.<\/p>\n<p data-start=\"777\" data-end=\"1115\">\u7f57\u9a6c\u5c3c\u4e9a\u8eab\u4efd\u8bc1\u4e0a\u7684\u51fa\u751f\u65e5\u671f\u662f\u4ee5\u4e0b\u5185\u5bb9\u7684\u4e00\u90e8\u5206 <strong data-start=\"837\" data-end=\"859\">\u4e2a\u4eba\u8d44\u6599<\/strong> \u5e76\u5728\u8eab\u4efd\u9a8c\u8bc1\u4e2d\u53d1\u6325\u6838\u5fc3\u4f5c\u7528\u3002\u6211\u4eec\u5e2e\u52a9\u60a8\u4f7f\u7528\u8fd9\u4e9b\u4fe1\u606f <strong data-start=\"970\" data-end=\"1033\">\u6b63\u786e\u8bc6\u522b\u3001\u89e3\u91ca\u6216\u63d0\u4f9b<\/strong>, \u65e0\u8bba\u60a8\u662f\u5728\u5904\u7406\u771f\u5b9e\u6587\u6863\u8fd8\u662f\u5206\u6790\u8bad\u7ec3\u6570\u636e\u3002.<\/p>\n<p data-start=\"1117\" data-end=\"1286\">\u2705 <strong data-start=\"1119\" data-end=\"1155\">\u53ef\u9760\u4e14\u7b26\u5408\u6570\u636e\u4fdd\u62a4\u8981\u6c42<\/strong><br data-start=\"1155\" data-end=\"1158\" \/>\u2705 <strong data-start=\"1160\" data-end=\"1210\">\u6613\u4e8e\u4f7f\u7528--\u65e0\u9700\u4efb\u4f55\u76f8\u5173\u77e5\u8bc6<\/strong><br data-start=\"1210\" data-end=\"1213\" \/>\u2705 <strong data-start=\"1215\" data-end=\"1286\">\u4e3a\u5f53\u5c40\u3001\u516c\u53f8\u6216\u79c1\u4eba\u67e5\u8be2\u63d0\u4f9b\u5feb\u901f\u7ed3\u679c<\/strong><\/p>\n<p data-start=\"1288\" data-end=\"1476\"><strong data-start=\"1288\" data-end=\"1330\">\u4f9d\u9760\u7ecf\u9a8c\u548c\u51c6\u786e\u6027<\/strong>, \u5728\u6d89\u53ca\u5b98\u65b9\u6587\u4ef6\u6570\u636e\u65f6\u3002\u6709\u4e86\u6211\u4eec\u63d0\u4f9b\u7684\u7f57\u9a6c\u5c3c\u4e9a\u8eab\u4efd\u8bc1\u51fa\u751f\u65e5\u671f\u670d\u52a1\uff0c\u60a8\u7684\u5b89\u5168\u5c31\u6709\u4e86\u4fdd\u969c\u3002.<\/p>","protected":false},"excerpt":{"rendered":"<p>Geburtsdatum auf rum\u00e4nischem Ausweis \u2013 Einfach erkl\u00e4rt und zuverl\u00e4ssig ermittelt Du ben\u00f6tigst das korrekte Geburtsdatum von einem rum\u00e4nischen Personalausweis (Carte de Identitate) oder m\u00f6chtest verstehen, wie diese Information strukturiert ist? Unser Service bietet dir eine schnelle und pr\u00e4zise L\u00f6sung \u2013 ob zur Identit\u00e4tspr\u00fcfung, Dokumentenpr\u00fcfung oder f\u00fcr administrative Zwecke. Das Geburtsdatum auf einem rum\u00e4nischen Ausweis ist [&hellip;]<\/p>","protected":false},"featured_media":3137,"comment_status":"open","ping_status":"closed","template":"","meta":[],"product_brand":[],"product_cat":[44],"product_tag":[],"class_list":{"0":"post-3135","1":"product","2":"type-product","3":"status-publish","4":"has-post-thumbnail","6":"product_cat-uncategorized","8":"first","9":"instock","10":"shipping-taxable","11":"product-type-simple"},"yoast_head":"<!-- This site is optimized with the Yoast SEO Premium plugin v22.2 (Yoast SEO v26.2) - https:\/\/yoast.com\/wordpress\/plugins\/seo\/ -->\n<title>geburtsdatum rum\u00e4nischer ausweis<\/title>\n<meta name=\"description\" content=\"Du ben\u00f6tigst das korrekte Geburtsdatum von einem rum\u00e4nischen Personalausweis (Carte de Identitate) oder m\u00f6chtest verstehen\" \/>\n<meta name=\"robots\" content=\"noindex, follow, max-snippet:-1, max-image-preview:large, max-video-preview:-1\" \/>\n<meta property=\"og:locale\" content=\"zh_CN\" \/>\n<meta property=\"og:type\" content=\"article\" \/>\n<meta property=\"og:title\" content=\"geburtsdatum rum\u00e4nischer ausweis\" \/>\n<meta property=\"og:description\" content=\"Du ben\u00f6tigst das korrekte Geburtsdatum von einem rum\u00e4nischen Personalausweis (Carte de Identitate) oder m\u00f6chtest verstehen\" \/>\n<meta property=\"og:url\" content=\"https:\/\/reisepassfuhrer.com\/zh\/product\/\u51fa\u751f\u65e5\u671f-\u7f57\u9a6c\u5c3c\u4e9a\u8eab\u4efd\u8bc1\/\" \/>\n<meta property=\"og:site_name\" content=\"Reisepassfuhrer\" \/>\n<meta property=\"article:modified_time\" content=\"2025-08-24T11:01:30+00:00\" \/>\n<meta property=\"og:image\" content=\"http:\/\/reisepassfuhrer.com\/wp-content\/uploads\/2025\/08\/download-49.jpeg\" \/>\n\t<meta property=\"og:image:width\" content=\"285\" \/>\n\t<meta property=\"og:image:height\" content=\"177\" \/>\n\t<meta property=\"og:image:type\" content=\"image\/jpeg\" \/>\n<meta name=\"twitter:card\" content=\"summary_large_image\" \/>\n<meta name=\"twitter:label1\" content=\"\u9884\u8ba1\u9605\u8bfb\u65f6\u95f4\" \/>\n\t<meta name=\"twitter:data1\" content=\"1 \u5206\" \/>\n<script type=\"application\/ld+json\" class=\"yoast-schema-graph\">{\"@context\":\"https:\/\/schema.org\",\"@graph\":[{\"@type\":\"WebPage\",\"@id\":\"https:\/\/reisepassfuhrer.com\/product\/geburtsdatum-rumanischer-ausweis\/\",\"url\":\"https:\/\/reisepassfuhrer.com\/product\/geburtsdatum-rumanischer-ausweis\/\",\"name\":\"geburtsdatum rum\u00e4nischer ausweis\",\"isPartOf\":{\"@id\":\"https:\/\/reisepassfuhrer.com\/#website\"},\"primaryImageOfPage\":{\"@id\":\"https:\/\/reisepassfuhrer.com\/product\/geburtsdatum-rumanischer-ausweis\/#primaryimage\"},\"image\":{\"@id\":\"https:\/\/reisepassfuhrer.com\/product\/geburtsdatum-rumanischer-ausweis\/#primaryimage\"},\"thumbnailUrl\":\"https:\/\/reisepassfuhrer.com\/wp-content\/uploads\/2025\/08\/download-49.jpeg\",\"datePublished\":\"2025-08-24T11:01:29+00:00\",\"dateModified\":\"2025-08-24T11:01:30+00:00\",\"description\":\"Du ben\u00f6tigst das korrekte Geburtsdatum von einem rum\u00e4nischen Personalausweis (Carte de Identitate) oder m\u00f6chtest verstehen\",\"breadcrumb\":{\"@id\":\"https:\/\/reisepassfuhrer.com\/product\/geburtsdatum-rumanischer-ausweis\/#breadcrumb\"},\"inLanguage\":\"zh-Hans\",\"potentialAction\":[{\"@type\":\"ReadAction\",\"target\":[\"https:\/\/reisepassfuhrer.com\/product\/geburtsdatum-rumanischer-ausweis\/\"]}]},{\"@type\":\"ImageObject\",\"inLanguage\":\"zh-Hans\",\"@id\":\"https:\/\/reisepassfuhrer.com\/product\/geburtsdatum-rumanischer-ausweis\/#primaryimage\",\"url\":\"https:\/\/reisepassfuhrer.com\/wp-content\/uploads\/2025\/08\/download-49.jpeg\",\"contentUrl\":\"https:\/\/reisepassfuhrer.com\/wp-content\/uploads\/2025\/08\/download-49.jpeg\",\"width\":285,\"height\":177},{\"@type\":\"BreadcrumbList\",\"@id\":\"https:\/\/reisepassfuhrer.com\/product\/geburtsdatum-rumanischer-ausweis\/#breadcrumb\",\"itemListElement\":[{\"@type\":\"ListItem\",\"position\":1,\"name\":\"Home\",\"item\":\"https:\/\/reisepassfuhrer.com\/\"},{\"@type\":\"ListItem\",\"position\":2,\"name\":\"Shop\",\"item\":\"https:\/\/reisepassfuhrer.com\/shop\/\"},{\"@type\":\"ListItem\",\"position\":3,\"name\":\"geburtsdatum rum\u00e4nischer ausweis\"}]},{\"@type\":\"WebSite\",\"@id\":\"https:\/\/reisepassfuhrer.com\/#website\",\"url\":\"https:\/\/reisepassfuhrer.com\/\",\"name\":\"Reisepassfuhrer\",\"description\":\"Reisepass Beantragen Berlin\",\"publisher\":{\"@id\":\"https:\/\/reisepassfuhrer.com\/#organization\"},\"potentialAction\":[{\"@type\":\"SearchAction\",\"target\":{\"@type\":\"EntryPoint\",\"urlTemplate\":\"https:\/\/reisepassfuhrer.com\/?s={search_term_string}\"},\"query-input\":{\"@type\":\"PropertyValueSpecification\",\"valueRequired\":true,\"valueName\":\"search_term_string\"}}],\"inLanguage\":\"zh-Hans\"},{\"@type\":\"Organization\",\"@id\":\"https:\/\/reisepassfuhrer.com\/#organization\",\"name\":\"Reisepassfuhrer\",\"url\":\"https:\/\/reisepassfuhrer.com\/\",\"logo\":{\"@type\":\"ImageObject\",\"inLanguage\":\"zh-Hans\",\"@id\":\"https:\/\/reisepassfuhrer.com\/#\/schema\/logo\/image\/\",\"url\":\"https:\/\/reisepassfuhrer.com\/wp-content\/uploads\/2024\/03\/Reisepassfuhrer-logo.png\",\"contentUrl\":\"https:\/\/reisepassfuhrer.com\/wp-content\/uploads\/2024\/03\/Reisepassfuhrer-logo.png\",\"width\":112,\"height\":112,\"caption\":\"Reisepassfuhrer\"},\"image\":{\"@id\":\"https:\/\/reisepassfuhrer.com\/#\/schema\/logo\/image\/\"}}]}<\/script>\n<!-- \/ Yoast SEO Premium plugin. -->","yoast_head_json":{"title":"\u51fa\u751f\u65e5\u671f \u7f57\u9a6c\u5c3c\u4e9a\u8eab\u4efd\u8bc1","description":"\u60a8\u9700\u8981\u7f57\u9a6c\u5c3c\u4e9a\u8eab\u4efd\u8bc1\uff08Carte de Identitate\uff09\u4e0a\u7684\u6b63\u786e\u51fa\u751f\u65e5\u671f\uff0c\u6216\u5e0c\u671b\u4e86\u89e3","robots":{"index":"noindex","follow":"follow","max-snippet":"max-snippet:-1","max-image-preview":"max-image-preview:large","max-video-preview":"max-video-preview:-1"},"og_locale":"zh_CN","og_type":"article","og_title":"geburtsdatum rum\u00e4nischer ausweis","og_description":"Du ben\u00f6tigst das korrekte Geburtsdatum von einem rum\u00e4nischen Personalausweis (Carte de Identitate) oder m\u00f6chtest verstehen","og_url":"https:\/\/reisepassfuhrer.com\/zh\/product\/\u51fa\u751f\u65e5\u671f-\u7f57\u9a6c\u5c3c\u4e9a\u8eab\u4efd\u8bc1\/","og_site_name":"Reisepassfuhrer","article_modified_time":"2025-08-24T11:01:30+00:00","og_image":[{"width":285,"height":177,"url":"http:\/\/reisepassfuhrer.com\/wp-content\/uploads\/2025\/08\/download-49.jpeg","type":"image\/jpeg"}],"twitter_card":"summary_large_image","twitter_misc":{"\u9884\u8ba1\u9605\u8bfb\u65f6\u95f4":"1 \u5206"},"schema":{"@context":"https:\/\/schema.org","@graph":[{"@type":"WebPage","@id":"https:\/\/reisepassfuhrer.com\/product\/geburtsdatum-rumanischer-ausweis\/","url":"https:\/\/reisepassfuhrer.com\/product\/geburtsdatum-rumanischer-ausweis\/","name":"\u51fa\u751f\u65e5\u671f \u7f57\u9a6c\u5c3c\u4e9a\u8eab\u4efd\u8bc1","isPartOf":{"@id":"https:\/\/reisepassfuhrer.com\/#website"},"primaryImageOfPage":{"@id":"https:\/\/reisepassfuhrer.com\/product\/geburtsdatum-rumanischer-ausweis\/#primaryimage"},"image":{"@id":"https:\/\/reisepassfuhrer.com\/product\/geburtsdatum-rumanischer-ausweis\/#primaryimage"},"thumbnailUrl":"https:\/\/reisepassfuhrer.com\/wp-content\/uploads\/2025\/08\/download-49.jpeg","datePublished":"2025-08-24T11:01:29+00:00","dateModified":"2025-08-24T11:01:30+00:00","description":"\u60a8\u9700\u8981\u7f57\u9a6c\u5c3c\u4e9a\u8eab\u4efd\u8bc1\uff08Carte de Identitate\uff09\u4e0a\u7684\u6b63\u786e\u51fa\u751f\u65e5\u671f\uff0c\u6216\u5e0c\u671b\u4e86\u89e3","breadcrumb":{"@id":"https:\/\/reisepassfuhrer.com\/product\/geburtsdatum-rumanischer-ausweis\/#breadcrumb"},"inLanguage":"zh-Hans","potentialAction":[{"@type":"ReadAction","target":["https:\/\/reisepassfuhrer.com\/product\/geburtsdatum-rumanischer-ausweis\/"]}]},{"@type":"ImageObject","inLanguage":"zh-Hans","@id":"https:\/\/reisepassfuhrer.com\/product\/geburtsdatum-rumanischer-ausweis\/#primaryimage","url":"https:\/\/reisepassfuhrer.com\/wp-content\/uploads\/2025\/08\/download-49.jpeg","contentUrl":"https:\/\/reisepassfuhrer.com\/wp-content\/uploads\/2025\/08\/download-49.jpeg","width":285,"height":177},{"@type":"BreadcrumbList","@id":"https:\/\/reisepassfuhrer.com\/product\/geburtsdatum-rumanischer-ausweis\/#breadcrumb","itemListElement":[{"@type":"ListItem","position":1,"name":"Home","item":"https:\/\/reisepassfuhrer.com\/"},{"@type":"ListItem","position":2,"name":"Shop","item":"https:\/\/reisepassfuhrer.com\/shop\/"},{"@type":"ListItem","position":3,"name":"geburtsdatum rum\u00e4nischer ausweis"}]},{"@type":"WebSite","@id":"https:\/\/reisepassfuhrer.com\/#website","url":"https:\/\/reisepassfuhrer.com\/","name":"\u62a4\u7167\u6307\u5357","description":"\u7533\u8bf7\u67cf\u6797\u62a4\u7167","publisher":{"@id":"https:\/\/reisepassfuhrer.com\/#organization"},"potentialAction":[{"@type":"SearchAction","target":{"@type":"EntryPoint","urlTemplate":"https:\/\/reisepassfuhrer.com\/?s={search_term_string}"},"query-input":{"@type":"PropertyValueSpecification","valueRequired":true,"valueName":"search_term_string"}}],"inLanguage":"zh-Hans"},{"@type":"Organization","@id":"https:\/\/reisepassfuhrer.com\/#organization","name":"\u62a4\u7167\u6307\u5357","url":"https:\/\/reisepassfuhrer.com\/","logo":{"@type":"ImageObject","inLanguage":"zh-Hans","@id":"https:\/\/reisepassfuhrer.com\/#\/schema\/logo\/image\/","url":"https:\/\/reisepassfuhrer.com\/wp-content\/uploads\/2024\/03\/Reisepassfuhrer-logo.png","contentUrl":"https:\/\/reisepassfuhrer.com\/wp-content\/uploads\/2024\/03\/Reisepassfuhrer-logo.png","width":112,"height":112,"caption":"Reisepassfuhrer"},"image":{"@id":"https:\/\/reisepassfuhrer.com\/#\/schema\/logo\/image\/"}}]}},"_links":{"self":[{"href":"https:\/\/reisepassfuhrer.com\/zh\/wp-json\/wp\/v2\/product\/3135","targetHints":{"allow":["GET"]}}],"collection":[{"href":"https:\/\/reisepassfuhrer.com\/zh\/wp-json\/wp\/v2\/product"}],"about":[{"href":"https:\/\/reisepassfuhrer.com\/zh\/wp-json\/wp\/v2\/types\/product"}],"replies":[{"embeddable":true,"href":"https:\/\/reisepassfuhrer.com\/zh\/wp-json\/wp\/v2\/comments?post=3135"}],"wp:featuredmedia":[{"embeddable":true,"href":"https:\/\/reisepassfuhrer.com\/zh\/wp-json\/wp\/v2\/media\/3137"}],"wp:attachment":[{"href":"https:\/\/reisepassfuhrer.com\/zh\/wp-json\/wp\/v2\/media?parent=3135"}],"wp:term":[{"taxonomy":"product_brand","embeddable":true,"href":"https:\/\/reisepassfuhrer.com\/zh\/wp-json\/wp\/v2\/product_brand?post=3135"},{"taxonomy":"product_cat","embeddable":true,"href":"https:\/\/reisepassfuhrer.com\/zh\/wp-json\/wp\/v2\/product_cat?post=3135"},{"taxonomy":"product_tag","embeddable":true,"href":"https:\/\/reisepassfuhrer.com\/zh\/wp-json\/wp\/v2\/product_tag?post=3135"}],"curies":[{"name":"wp","href":"https:\/\/api.w.org\/{rel}","templated":true}]}}