{"id":3144,"date":"2025-08-24T11:08:43","date_gmt":"2025-08-24T11:08:43","guid":{"rendered":"https:\/\/reisepassfuhrer.com\/?post_type=product&#038;p=3144"},"modified":"2025-08-24T11:08:44","modified_gmt":"2025-08-24T11:08:44","slug":"polen-fuhrerschein-kaufen","status":"publish","type":"product","link":"https:\/\/reisepassfuhrer.com\/zh\/product\/\u8d2d\u4e70\u6ce2\u5170\u9a7e\u7167\/","title":{"rendered":"\u8d2d\u4e70\u6ce2\u5170\u9a7e\u7167"},"content":{"rendered":"<h3 data-start=\"162\" data-end=\"225\"><strong data-start=\"166\" data-end=\"225\">\u8d2d\u4e70\u6ce2\u5170\u9a7e\u7167--\u60a8\u5e94\u8be5\u77e5\u9053\u7684\u4e8b\u9879<\/strong><\/h3>\n<p data-start=\"227\" data-end=\"458\">\u521b\u5efa\u4e00\u4e2a <strong data-start=\"246\" data-end=\"283\">\u5728\u6ce2\u5170\u83b7\u5f97\u9a7e\u9a76\u6267\u7167<\/strong>, \u8fd9\u542c\u8d77\u6765\u5bf9\u8bb8\u591a\u4eba\u5f88\u6709\u8bf1\u60d1\u529b\uff1a\u6210\u672c\u66f4\u4f4e\u3001\u901f\u5ea6\u66f4\u5feb\uff0c\u800c\u4e14\u5f80\u5f80\u5b98\u50da\u4e3b\u4e49\u66f4\u5c11\u3002\u4f46\u4e00\u5b9a\u8981\u5c0f\u5fc3--\u5408\u6cd5\u8d2d\u4e70\u548c\u975e\u6cd5\u8d2d\u4e70\u4e4b\u95f4\u6709\u7740\u660e\u663e\u7684\u533a\u522b\u3002.<\/p>\n<h4 data-start=\"460\" data-end=\"506\">\u2705 <strong data-start=\"467\" data-end=\"506\">\u6cd5\u5f8b\uff1a \u5728\u6ce2\u5170\u8003\u53d6\u9a7e\u9a76\u6267\u7167<\/strong><\/h4>\n<p data-start=\"507\" data-end=\"809\">\u5728\u6ce2\u5170\uff0c\u60a8\u53ef\u4ee5 <strong data-start=\"526\" data-end=\"563\">\u5408\u6cd5\u53d6\u5f97\u9a7e\u9a76\u6267\u7167<\/strong>, \u5982\u679c\u60a8\u5728\u5fb7\u56fd\u6b63\u5f0f\u6ce8\u518c\u5e76\u5b8c\u6210\u6b63\u89c4\u9a7e\u6821\u57f9\u8bad\uff08\u5305\u62ec\u8003\u8bd5\uff09\u3002\u8fd9\u6837\u7684\u9a7e\u9a76\u6267\u7167\u5728\u5fb7\u56fd\u548c\u6574\u4e2a\u6b27\u76df\u90fd\u6709\u6548\u3002 <strong data-start=\"745\" data-end=\"808\">\u53ea\u8981\u7b26\u5408\u6240\u6709\u6cd5\u5f8b\u8981\u6c42<\/strong>.<\/p>\n<h4 data-start=\"811\" data-end=\"866\">\u274c <strong data-start=\"818\" data-end=\"866\">\u975e\u6cd5\uff1a\u672a\u7ecf\u57f9\u8bad\u8d2d\u4e70\u9a7e\u9a76\u6267\u7167<\/strong><\/h4>\n<p data-start=\"867\" data-end=\"1119\">\u672a\u7ecf\u57f9\u8bad\u6216\u8003\u8bd5\u5c31 \u201e\u8d2d\u4e70 \u201c\u9a7e\u9a76\u6267\u7167\u662f <strong data-start=\"931\" data-end=\"948\">\u4e0d\u5141\u8bb8<\/strong>. .\u8fd9\u79cd\u63d0\u8bae\u4e0d\u7b26\u5408\u6cd5\u5f8b\u89c4\u5b9a\uff0c\u53ef\u80fd\u5bfc\u81f4 <strong data-start=\"1016\" data-end=\"1073\">\u5211\u4e8b\u8bc9\u8bbc\u3001\u7f5a\u6b3e\u751a\u81f3\u76d1\u7981<\/strong> \u5bf9\u4e70\u65b9\u548c\u4f9b\u5e94\u5546\u6765\u8bf4\u90fd\u662f\u5982\u6b64\u3002.<\/p>\n<hr data-start=\"1121\" data-end=\"1124\" \/>\n<h3 data-start=\"1126\" data-end=\"1138\">\ud83d\udd0d \u7ed3\u8bba<\/h3>\n<ul data-start=\"1140\" data-end=\"1421\">\n<li data-start=\"1140\" data-end=\"1246\">\n<p data-start=\"1142\" data-end=\"1246\"><strong data-start=\"1142\" data-end=\"1148\">\u662f<\/strong>\u5728\u6ce2\u5170\u53d6\u5f97\u9a7e\u9a76\u6267\u7167--\u5982\u679c\u60a8\u80fd\u8bc1\u660e\u5c45\u4f4f\u5730\u5e76\u901a\u8fc7\u8003\u8bd5\uff0c\u5219\u9a7e\u9a76\u6267\u7167\u5408\u6cd5\u6709\u6548\u3002.<\/p>\n<\/li>\n<li data-start=\"1247\" data-end=\"1311\">\n<p data-start=\"1249\" data-end=\"1311\"><strong data-start=\"1249\" data-end=\"1257\">\u6ca1\u6709<\/strong>\u7b80\u5355\u5730 \u201e\u8d2d\u4e70 \u201c\u9a7e\u9a76\u6267\u7167--\u975e\u6cd5\u4e14\u6709\u98ce\u9669\u3002.<\/p>\n<\/li>\n<li data-start=\"1312\" data-end=\"1421\">\n<p data-start=\"1314\" data-end=\"1421\"><strong data-start=\"1314\" data-end=\"1329\">\u53e6\u7c7b<\/strong>\u5982\u679c\u60a8\u60f3\u83b7\u5f97\u771f\u6b63\u7684\u3001\u6709\u6cd5\u5f8b\u4fdd\u969c\u7684\u89e3\u51b3\u65b9\u6848\uff0c\u8bf7\u641c\u7d22\u6ce2\u5170\u4fe1\u8a89\u826f\u597d\u7684\u9a7e\u9a76\u5b66\u6821\u3002.<\/p>\n<\/li>\n<\/ul>","protected":false},"excerpt":{"rendered":"<p>Polnischen F\u00fchrerschein kaufen \u2013 Was du wissen solltest Der Gedanke, einen F\u00fchrerschein in Polen zu erwerben, klingt f\u00fcr viele verlockend: g\u00fcnstiger, schneller, und oft mit weniger B\u00fcrokratie. Doch Vorsicht \u2013 zwischen legalem Erwerb und illegalem Kauf besteht ein klarer Unterschied. \u2705 Legal: F\u00fchrerschein in Polen machen Du kannst in Polen legal einen F\u00fchrerschein erwerben, wenn [&hellip;]<\/p>","protected":false},"featured_media":3146,"comment_status":"open","ping_status":"closed","template":"","meta":[],"product_brand":[],"product_cat":[44],"product_tag":[],"class_list":{"0":"post-3144","1":"product","2":"type-product","3":"status-publish","4":"has-post-thumbnail","6":"product_cat-uncategorized","8":"first","9":"instock","10":"shipping-taxable","11":"product-type-simple"},"yoast_head":"<!-- This site is optimized with the Yoast SEO Premium plugin v22.2 (Yoast SEO v26.2) - https:\/\/yoast.com\/wordpress\/plugins\/seo\/ -->\n<title>polen f\u00fchrerschein kaufen - Reisepassfuhrer<\/title>\n<meta name=\"robots\" content=\"noindex, follow, max-snippet:-1, max-image-preview:large, max-video-preview:-1\" \/>\n<meta property=\"og:locale\" content=\"zh_CN\" \/>\n<meta property=\"og:type\" content=\"article\" \/>\n<meta property=\"og:title\" content=\"polen f\u00fchrerschein kaufen\" \/>\n<meta property=\"og:description\" content=\"Polnischen F\u00fchrerschein kaufen \u2013 Was du wissen solltest Der Gedanke, einen F\u00fchrerschein in Polen zu erwerben, klingt f\u00fcr viele verlockend: g\u00fcnstiger, schneller, und oft mit weniger B\u00fcrokratie. Doch Vorsicht \u2013 zwischen legalem Erwerb und illegalem Kauf besteht ein klarer Unterschied. \u2705 Legal: F\u00fchrerschein in Polen machen Du kannst in Polen legal einen F\u00fchrerschein erwerben, wenn [&hellip;]\" \/>\n<meta property=\"og:url\" content=\"https:\/\/reisepassfuhrer.com\/zh\/product\/\u8d2d\u4e70\u6ce2\u5170\u9a7e\u7167\/\" \/>\n<meta property=\"og:site_name\" content=\"Reisepassfuhrer\" \/>\n<meta property=\"article:modified_time\" content=\"2025-08-24T11:08:44+00:00\" \/>\n<meta property=\"og:image\" content=\"http:\/\/reisepassfuhrer.com\/wp-content\/uploads\/2025\/08\/download-52.jpeg\" \/>\n\t<meta property=\"og:image:width\" content=\"278\" \/>\n\t<meta property=\"og:image:height\" content=\"181\" \/>\n\t<meta property=\"og:image:type\" content=\"image\/jpeg\" \/>\n<meta name=\"twitter:card\" content=\"summary_large_image\" \/>\n<meta name=\"twitter:label1\" content=\"\u9884\u8ba1\u9605\u8bfb\u65f6\u95f4\" \/>\n\t<meta name=\"twitter:data1\" content=\"1 \u5206\" \/>\n<script type=\"application\/ld+json\" class=\"yoast-schema-graph\">{\"@context\":\"https:\/\/schema.org\",\"@graph\":[{\"@type\":\"WebPage\",\"@id\":\"https:\/\/reisepassfuhrer.com\/product\/polen-fuhrerschein-kaufen\/\",\"url\":\"https:\/\/reisepassfuhrer.com\/product\/polen-fuhrerschein-kaufen\/\",\"name\":\"polen f\u00fchrerschein kaufen - Reisepassfuhrer\",\"isPartOf\":{\"@id\":\"https:\/\/reisepassfuhrer.com\/#website\"},\"primaryImageOfPage\":{\"@id\":\"https:\/\/reisepassfuhrer.com\/product\/polen-fuhrerschein-kaufen\/#primaryimage\"},\"image\":{\"@id\":\"https:\/\/reisepassfuhrer.com\/product\/polen-fuhrerschein-kaufen\/#primaryimage\"},\"thumbnailUrl\":\"https:\/\/reisepassfuhrer.com\/wp-content\/uploads\/2025\/08\/download-52.jpeg\",\"datePublished\":\"2025-08-24T11:08:43+00:00\",\"dateModified\":\"2025-08-24T11:08:44+00:00\",\"breadcrumb\":{\"@id\":\"https:\/\/reisepassfuhrer.com\/product\/polen-fuhrerschein-kaufen\/#breadcrumb\"},\"inLanguage\":\"zh-Hans\",\"potentialAction\":[{\"@type\":\"ReadAction\",\"target\":[\"https:\/\/reisepassfuhrer.com\/product\/polen-fuhrerschein-kaufen\/\"]}]},{\"@type\":\"ImageObject\",\"inLanguage\":\"zh-Hans\",\"@id\":\"https:\/\/reisepassfuhrer.com\/product\/polen-fuhrerschein-kaufen\/#primaryimage\",\"url\":\"https:\/\/reisepassfuhrer.com\/wp-content\/uploads\/2025\/08\/download-52.jpeg\",\"contentUrl\":\"https:\/\/reisepassfuhrer.com\/wp-content\/uploads\/2025\/08\/download-52.jpeg\",\"width\":278,\"height\":181},{\"@type\":\"BreadcrumbList\",\"@id\":\"https:\/\/reisepassfuhrer.com\/product\/polen-fuhrerschein-kaufen\/#breadcrumb\",\"itemListElement\":[{\"@type\":\"ListItem\",\"position\":1,\"name\":\"Home\",\"item\":\"https:\/\/reisepassfuhrer.com\/\"},{\"@type\":\"ListItem\",\"position\":2,\"name\":\"Shop\",\"item\":\"https:\/\/reisepassfuhrer.com\/shop\/\"},{\"@type\":\"ListItem\",\"position\":3,\"name\":\"polen f\u00fchrerschein kaufen\"}]},{\"@type\":\"WebSite\",\"@id\":\"https:\/\/reisepassfuhrer.com\/#website\",\"url\":\"https:\/\/reisepassfuhrer.com\/\",\"name\":\"Reisepassfuhrer\",\"description\":\"Reisepass Beantragen Berlin\",\"publisher\":{\"@id\":\"https:\/\/reisepassfuhrer.com\/#organization\"},\"potentialAction\":[{\"@type\":\"SearchAction\",\"target\":{\"@type\":\"EntryPoint\",\"urlTemplate\":\"https:\/\/reisepassfuhrer.com\/?s={search_term_string}\"},\"query-input\":{\"@type\":\"PropertyValueSpecification\",\"valueRequired\":true,\"valueName\":\"search_term_string\"}}],\"inLanguage\":\"zh-Hans\"},{\"@type\":\"Organization\",\"@id\":\"https:\/\/reisepassfuhrer.com\/#organization\",\"name\":\"Reisepassfuhrer\",\"url\":\"https:\/\/reisepassfuhrer.com\/\",\"logo\":{\"@type\":\"ImageObject\",\"inLanguage\":\"zh-Hans\",\"@id\":\"https:\/\/reisepassfuhrer.com\/#\/schema\/logo\/image\/\",\"url\":\"https:\/\/reisepassfuhrer.com\/wp-content\/uploads\/2024\/03\/Reisepassfuhrer-logo.png\",\"contentUrl\":\"https:\/\/reisepassfuhrer.com\/wp-content\/uploads\/2024\/03\/Reisepassfuhrer-logo.png\",\"width\":112,\"height\":112,\"caption\":\"Reisepassfuhrer\"},\"image\":{\"@id\":\"https:\/\/reisepassfuhrer.com\/#\/schema\/logo\/image\/\"}}]}<\/script>\n<!-- \/ Yoast SEO Premium plugin. -->","yoast_head_json":{"title":"\u8d2d\u4e70\u6ce2\u5170\u9a7e\u9a76\u6267\u7167 - Reisepassfuhrer","robots":{"index":"noindex","follow":"follow","max-snippet":"max-snippet:-1","max-image-preview":"max-image-preview:large","max-video-preview":"max-video-preview:-1"},"og_locale":"zh_CN","og_type":"article","og_title":"polen f\u00fchrerschein kaufen","og_description":"Polnischen F\u00fchrerschein kaufen \u2013 Was du wissen solltest Der Gedanke, einen F\u00fchrerschein in Polen zu erwerben, klingt f\u00fcr viele verlockend: g\u00fcnstiger, schneller, und oft mit weniger B\u00fcrokratie. Doch Vorsicht \u2013 zwischen legalem Erwerb und illegalem Kauf besteht ein klarer Unterschied. \u2705 Legal: F\u00fchrerschein in Polen machen Du kannst in Polen legal einen F\u00fchrerschein erwerben, wenn [&hellip;]","og_url":"https:\/\/reisepassfuhrer.com\/zh\/product\/\u8d2d\u4e70\u6ce2\u5170\u9a7e\u7167\/","og_site_name":"Reisepassfuhrer","article_modified_time":"2025-08-24T11:08:44+00:00","og_image":[{"width":278,"height":181,"url":"http:\/\/reisepassfuhrer.com\/wp-content\/uploads\/2025\/08\/download-52.jpeg","type":"image\/jpeg"}],"twitter_card":"summary_large_image","twitter_misc":{"\u9884\u8ba1\u9605\u8bfb\u65f6\u95f4":"1 \u5206"},"schema":{"@context":"https:\/\/schema.org","@graph":[{"@type":"WebPage","@id":"https:\/\/reisepassfuhrer.com\/product\/polen-fuhrerschein-kaufen\/","url":"https:\/\/reisepassfuhrer.com\/product\/polen-fuhrerschein-kaufen\/","name":"\u8d2d\u4e70\u6ce2\u5170\u9a7e\u9a76\u6267\u7167 - Reisepassfuhrer","isPartOf":{"@id":"https:\/\/reisepassfuhrer.com\/#website"},"primaryImageOfPage":{"@id":"https:\/\/reisepassfuhrer.com\/product\/polen-fuhrerschein-kaufen\/#primaryimage"},"image":{"@id":"https:\/\/reisepassfuhrer.com\/product\/polen-fuhrerschein-kaufen\/#primaryimage"},"thumbnailUrl":"https:\/\/reisepassfuhrer.com\/wp-content\/uploads\/2025\/08\/download-52.jpeg","datePublished":"2025-08-24T11:08:43+00:00","dateModified":"2025-08-24T11:08:44+00:00","breadcrumb":{"@id":"https:\/\/reisepassfuhrer.com\/product\/polen-fuhrerschein-kaufen\/#breadcrumb"},"inLanguage":"zh-Hans","potentialAction":[{"@type":"ReadAction","target":["https:\/\/reisepassfuhrer.com\/product\/polen-fuhrerschein-kaufen\/"]}]},{"@type":"ImageObject","inLanguage":"zh-Hans","@id":"https:\/\/reisepassfuhrer.com\/product\/polen-fuhrerschein-kaufen\/#primaryimage","url":"https:\/\/reisepassfuhrer.com\/wp-content\/uploads\/2025\/08\/download-52.jpeg","contentUrl":"https:\/\/reisepassfuhrer.com\/wp-content\/uploads\/2025\/08\/download-52.jpeg","width":278,"height":181},{"@type":"BreadcrumbList","@id":"https:\/\/reisepassfuhrer.com\/product\/polen-fuhrerschein-kaufen\/#breadcrumb","itemListElement":[{"@type":"ListItem","position":1,"name":"Home","item":"https:\/\/reisepassfuhrer.com\/"},{"@type":"ListItem","position":2,"name":"Shop","item":"https:\/\/reisepassfuhrer.com\/shop\/"},{"@type":"ListItem","position":3,"name":"polen f\u00fchrerschein kaufen"}]},{"@type":"WebSite","@id":"https:\/\/reisepassfuhrer.com\/#website","url":"https:\/\/reisepassfuhrer.com\/","name":"\u62a4\u7167\u6307\u5357","description":"\u7533\u8bf7\u67cf\u6797\u62a4\u7167","publisher":{"@id":"https:\/\/reisepassfuhrer.com\/#organization"},"potentialAction":[{"@type":"SearchAction","target":{"@type":"EntryPoint","urlTemplate":"https:\/\/reisepassfuhrer.com\/?s={search_term_string}"},"query-input":{"@type":"PropertyValueSpecification","valueRequired":true,"valueName":"search_term_string"}}],"inLanguage":"zh-Hans"},{"@type":"Organization","@id":"https:\/\/reisepassfuhrer.com\/#organization","name":"\u62a4\u7167\u6307\u5357","url":"https:\/\/reisepassfuhrer.com\/","logo":{"@type":"ImageObject","inLanguage":"zh-Hans","@id":"https:\/\/reisepassfuhrer.com\/#\/schema\/logo\/image\/","url":"https:\/\/reisepassfuhrer.com\/wp-content\/uploads\/2024\/03\/Reisepassfuhrer-logo.png","contentUrl":"https:\/\/reisepassfuhrer.com\/wp-content\/uploads\/2024\/03\/Reisepassfuhrer-logo.png","width":112,"height":112,"caption":"Reisepassfuhrer"},"image":{"@id":"https:\/\/reisepassfuhrer.com\/#\/schema\/logo\/image\/"}}]}},"_links":{"self":[{"href":"https:\/\/reisepassfuhrer.com\/zh\/wp-json\/wp\/v2\/product\/3144","targetHints":{"allow":["GET"]}}],"collection":[{"href":"https:\/\/reisepassfuhrer.com\/zh\/wp-json\/wp\/v2\/product"}],"about":[{"href":"https:\/\/reisepassfuhrer.com\/zh\/wp-json\/wp\/v2\/types\/product"}],"replies":[{"embeddable":true,"href":"https:\/\/reisepassfuhrer.com\/zh\/wp-json\/wp\/v2\/comments?post=3144"}],"wp:featuredmedia":[{"embeddable":true,"href":"https:\/\/reisepassfuhrer.com\/zh\/wp-json\/wp\/v2\/media\/3146"}],"wp:attachment":[{"href":"https:\/\/reisepassfuhrer.com\/zh\/wp-json\/wp\/v2\/media?parent=3144"}],"wp:term":[{"taxonomy":"product_brand","embeddable":true,"href":"https:\/\/reisepassfuhrer.com\/zh\/wp-json\/wp\/v2\/product_brand?post=3144"},{"taxonomy":"product_cat","embeddable":true,"href":"https:\/\/reisepassfuhrer.com\/zh\/wp-json\/wp\/v2\/product_cat?post=3144"},{"taxonomy":"product_tag","embeddable":true,"href":"https:\/\/reisepassfuhrer.com\/zh\/wp-json\/wp\/v2\/product_tag?post=3144"}],"curies":[{"name":"wp","href":"https:\/\/api.w.org\/{rel}","templated":true}]}}