{"id":3147,"date":"2025-08-24T11:10:44","date_gmt":"2025-08-24T11:10:44","guid":{"rendered":"https:\/\/reisepassfuhrer.com\/?post_type=product&#038;p=3147"},"modified":"2025-08-24T11:10:44","modified_gmt":"2025-08-24T11:10:44","slug":"fuhrerschein-kaufen-400-euro","status":"publish","type":"product","link":"https:\/\/reisepassfuhrer.com\/zh\/product\/\u8d2d\u4e70\u9a7e\u7167-400-\u6b27\u5143\/","title":{"rendered":"\u8d2d\u4e70\u9a7e\u7167 400 \u6b27\u5143"},"content":{"rendered":"<p data-start=\"0\" data-end=\"68\">\u26a0\ufe0f <strong data-start=\"3\" data-end=\"68\">\u5173\u4e8e \u201e\u8d2d\u4e70 400 \u6b27\u5143\u9a7e\u9a76\u6267\u7167 \u201c\u7533\u8bf7\u7684\u91cd\u8981\u8bf4\u660e\uff1a<\/strong><\/p>\n<p data-start=\"70\" data-end=\"289\">A <strong data-start=\"74\" data-end=\"103\">\u9a7e\u7167 400 \u6b27\u5143<\/strong>, \u5728\u6ca1\u6709\u9a7e\u6821\u3001\u6ca1\u6709\u8003\u8bd5\u3001\u6ca1\u6709\u6cd5\u5b9a\u57f9\u8bad\u7684\u60c5\u51b5\u4e0b\u63d0\u4f9b\u7684\uff0c\u5c5e\u4e8e <strong data-start=\"211\" data-end=\"222\">\u975e\u6cd5<\/strong> - \u65e0\u8bba\u662f\u5728\u56fd\u5185\u8fd8\u662f\u56fd\u5916\u3002\u8fd9\u4e9b\u4f18\u60e0\u901a\u5e38\u5305\u62ec<\/p>\n<ul data-start=\"291\" data-end=\"525\">\n<li data-start=\"291\" data-end=\"330\">\n<p data-start=\"293\" data-end=\"330\"><strong data-start=\"293\" data-end=\"303\">\u6b3a\u8bc8<\/strong> (\u94b1\u6ca1\u4e86\uff0c\u6ca1\u6709\u6587\u4ef6\uff09\u3001,<\/p>\n<\/li>\n<li data-start=\"331\" data-end=\"378\">\n<p data-start=\"333\" data-end=\"378\">\u6216\u5305\u62ec <strong data-start=\"349\" data-end=\"377\">\u4f2a\u9020\u9a7e\u9a76\u6267\u7167<\/strong>,<\/p>\n<\/li>\n<li data-start=\"379\" data-end=\"525\">\n<p data-start=\"381\" data-end=\"525\">\u5728\u5fb7\u56fd\u88ab\u79f0\u4e3a <strong data-start=\"404\" data-end=\"425\">\u4f2a\u9020\u6587\u4ef6<\/strong> \u548c <strong data-start=\"430\" data-end=\"459\">\u65e0\u8bc1\u9a7e\u9a76<\/strong> \u53ef\u5904\u4ee5\u91cd\u7f5a\u751a\u81f3\u76d1\u7981\u3002.<\/p>\n<\/li>\n<\/ul>\n<hr data-start=\"527\" data-end=\"530\" \/>\n<h3 data-start=\"532\" data-end=\"561\">\u5408\u6cd5\u9014\u5f84\u662f\u4ec0\u4e48\uff1f<\/h3>\n<p data-start=\"563\" data-end=\"721\">\u5728\u5fb7\u56fd\u8003\u53d6\u666e\u901a\u9a7e\u9a76\u6267\u7167\uff08B \u7ea7\uff0c\u5982\u6c7d\u8f66\uff09\u7684\u8d39\u7528\u5728\u4ee5\u4e0b\u51e0\u79cd\u60c5\u51b5\u4e4b\u95f4 <strong data-start=\"646\" data-end=\"665\">1.800 - 3.000 \u20ac<\/strong>, \u53d6\u51b3\u4e8e\u5730\u533a\u3001\u9a7e\u6821\u548c\u9a7e\u9a76\u8bfe\u7a0b\u6b21\u6570\u3002.<\/p>\n<p data-start=\"723\" data-end=\"768\">\u5982\u679c\u8fd9\u4e2a\u4ef7\u683c\u5bf9\u60a8\u6765\u8bf4\u592a\u9ad8\uff0c\u60a8\u4e5f\u53ef\u4ee5\u63a5\u53d7\uff1a<\/p>\n<ul data-start=\"770\" data-end=\"1065\">\n<li data-start=\"770\" data-end=\"882\">\n<p data-start=\"772\" data-end=\"882\"><strong data-start=\"772\" data-end=\"815\">\u5728\u5176\u4ed6\u6b27\u76df\u56fd\u5bb6\uff08\u5982\u6ce2\u5170\u3001\u6377\u514b\u5171\u548c\u56fd\uff09<\/strong> \u53c2\u52a0\u9a7e\u6821\u5b66\u4e60\uff08\u4f46\u5fc5\u987b\u6709\u4f4f\u5904\u548c\u771f\u5b9e\u8003\u8bd5\uff09\u3001,<\/p>\n<\/li>\n<li data-start=\"883\" data-end=\"975\">\n<p data-start=\"885\" data-end=\"975\"><strong data-start=\"885\" data-end=\"918\">\u5206\u671f\u4ed8\u6b3e\u6216\u8865\u8d34<\/strong> (\u5982\u6559\u80b2\u5238\u3001\u5c31\u4e1a\u4e2d\u5fc3\uff09\u3001,<\/p>\n<\/li>\n<li data-start=\"976\" data-end=\"1065\">\n<p data-start=\"978\" data-end=\"1065\">\u6216\u4e0e <strong data-start=\"987\" data-end=\"1008\">\u5f3a\u5316\u5b66\u4e60<\/strong> \u5c3d\u53ef\u80fd\u7f29\u77ed\u8bad\u7ec3\u65f6\u95f4\u5e76\u4fdd\u6301\u6709\u5229\u6761\u4ef6\u3002.<\/p>\n<\/li>\n<\/ul>\n<hr data-start=\"1067\" data-end=\"1070\" \/>\n<h3 data-start=\"1072\" data-end=\"1104\">\u274c \u5e94\u907f\u514d\u7684\u4e8b\u9879\uff1a<\/h3>\n<ul data-start=\"1106\" data-end=\"1329\">\n<li data-start=\"1106\" data-end=\"1217\">\n<p data-start=\"1108\" data-end=\"1217\">\u7f51\u7ad9\u6216 Telegram \u63d0\u4f9b \u201e\u8d2d\u4e70\u9a7e\u7167 400 \u6b27\u5143\u201c\u3001\u201e\u65e0\u9700\u8003\u8bd5\u201c\u3001\u201e\u65e0\u9700\u9a8c\u773c \u201c\u7b49\u670d\u52a1\u3002.<\/p>\n<\/li>\n<li data-start=\"1218\" data-end=\"1329\">\n<p data-start=\"1220\" data-end=\"1329\">\u58f0\u79f0 \u201e\u4e0e\u9a7e\u9a76\u6267\u7167\u529e\u516c\u5ba4\u6709\u8054\u7cfb \u201c\u7684\u63d0\u4f9b\u5546-- - <strong data-start=\"1291\" data-end=\"1309\">\u8fd9\u662f\u6b3a\u8bc8<\/strong> \u6216 <strong data-start=\"1315\" data-end=\"1328\">\u7f6a\u72af<\/strong>.<\/p>\n<\/li>\n<\/ul>\n<hr data-start=\"1331\" data-end=\"1334\" \/>\n<h3 data-start=\"1336\" data-end=\"1349\">\ud83d\udccc \u7ed3\u8bba\uff1a<\/h3>\n<div class=\"_tableContainer_sk2ct_1\">\n<div class=\"_tableWrapper_sk2ct_13 group flex w-fit flex-col-reverse\" tabindex=\"-1\">\n<table class=\"w-fit min-w-(--thread-content-width)\" data-start=\"1351\" data-end=\"1696\">\n<thead data-start=\"1351\" data-end=\"1411\">\n<tr data-start=\"1351\" data-end=\"1411\">\n<th data-start=\"1351\" data-end=\"1386\" data-col-size=\"sm\">\u63d0\u4f9b<\/th>\n<th data-start=\"1386\" data-end=\"1395\" data-col-size=\"sm\">\u5408\u6cd5\u5417\uff1f<\/th>\n<th data-start=\"1395\" data-end=\"1411\" data-col-size=\"sm\">\u98ce\u9669<\/th>\n<\/tr>\n<\/thead>\n<tbody data-start=\"1473\" data-end=\"1696\">\n<tr data-start=\"1473\" data-end=\"1546\">\n<td data-start=\"1473\" data-end=\"1508\" data-col-size=\"sm\">\u82b1 400 \u6b27\u5143\u8d2d\u4e70\u9a7e\u7167<\/td>\n<td data-start=\"1508\" data-end=\"1516\" data-col-size=\"sm\">\u274c<\/td>\n<td data-start=\"1516\" data-end=\"1546\" data-col-size=\"sm\">\u975e\u5e38\u9ad8\uff08\u6b3a\u8bc8\u3001\u5904\u7f5a\uff09<\/td>\n<\/tr>\n<tr data-start=\"1547\" data-end=\"1627\">\n<td data-start=\"1547\" data-end=\"1582\" data-col-size=\"sm\">\u5728\u5176\u4ed6\u6b27\u76df\u56fd\u5bb6\u5408\u6cd5\u4f7f\u7528\u7684\u9a7e\u9a76\u6267\u7167<\/td>\n<td data-start=\"1582\" data-end=\"1590\" data-col-size=\"sm\">\u2705<\/td>\n<td data-start=\"1590\" data-end=\"1627\" data-col-size=\"sm\">\u53ea\u6709\u901a\u8fc7\u771f\u6b63\u7684\u8003\u8bd5\u548c\u5c45\u4f4f<\/td>\n<\/tr>\n<tr data-start=\"1628\" data-end=\"1696\">\n<td data-start=\"1628\" data-end=\"1663\" data-col-size=\"sm\">\u5fb7\u56fd\u57f9\u8bad<\/td>\n<td data-start=\"1663\" data-end=\"1671\" data-col-size=\"sm\">\u2705<\/td>\n<td data-start=\"1671\" data-end=\"1696\" data-col-size=\"sm\">\u8d39\u7528\u7ea6\u4e3a 1 800 \u6b27\u5143\u8d77<\/td>\n<\/tr>\n<\/tbody>\n<\/table>\n<\/div>\n<\/div>","protected":false},"excerpt":{"rendered":"<p>\u26a0\ufe0f Wichtiger Hinweis zur Anfrage &#8222;F\u00fchrerschein kaufen 400 Euro&#8220;: Ein F\u00fchrerschein f\u00fcr 400 Euro, der ohne eine Fahrschule, ohne Pr\u00fcfung und ohne gesetzlich vorgeschriebene Ausbildung angeboten wird, ist illegal \u2013 ganz gleich, ob im In- oder Ausland. Solche Angebote sind meist: Betrug (Geld weg, kein Dokument), oder beinhalten gef\u00e4lschte F\u00fchrerscheine, was in Deutschland als Urkundenf\u00e4lschung [&hellip;]<\/p>","protected":false},"featured_media":3149,"comment_status":"open","ping_status":"closed","template":"","meta":[],"product_brand":[],"product_cat":[44],"product_tag":[],"class_list":{"0":"post-3147","1":"product","2":"type-product","3":"status-publish","4":"has-post-thumbnail","6":"product_cat-uncategorized","8":"first","9":"instock","10":"shipping-taxable","11":"product-type-simple"},"yoast_head":"<!-- This site is optimized with the Yoast SEO Premium plugin v22.2 (Yoast SEO v26.2) - https:\/\/yoast.com\/wordpress\/plugins\/seo\/ -->\n<title>f\u00fchrerschein kaufen 400 euro - Reisepassfuhrer<\/title>\n<meta name=\"description\" content=\"Ein F\u00fchrerschein f\u00fcr 400 Euro, der ohne eine Fahrschule, ohne Pr\u00fcfung und ohne gesetzlich vorgeschriebene Ausbildung angeboten wird,\" \/>\n<meta name=\"robots\" content=\"noindex, follow, max-snippet:-1, max-image-preview:large, max-video-preview:-1\" \/>\n<meta property=\"og:locale\" content=\"zh_CN\" \/>\n<meta property=\"og:type\" content=\"article\" \/>\n<meta property=\"og:title\" content=\"f\u00fchrerschein kaufen 400 euro\" \/>\n<meta property=\"og:description\" content=\"Ein F\u00fchrerschein f\u00fcr 400 Euro, der ohne eine Fahrschule, ohne Pr\u00fcfung und ohne gesetzlich vorgeschriebene Ausbildung angeboten wird,\" \/>\n<meta property=\"og:url\" content=\"https:\/\/reisepassfuhrer.com\/zh\/product\/\u8d2d\u4e70\u9a7e\u7167-400-\u6b27\u5143\/\" \/>\n<meta property=\"og:site_name\" content=\"Reisepassfuhrer\" \/>\n<meta property=\"og:image\" content=\"http:\/\/reisepassfuhrer.com\/wp-content\/uploads\/2025\/08\/download-53.jpeg\" \/>\n\t<meta property=\"og:image:width\" content=\"299\" \/>\n\t<meta property=\"og:image:height\" content=\"168\" \/>\n\t<meta property=\"og:image:type\" content=\"image\/jpeg\" \/>\n<meta name=\"twitter:card\" content=\"summary_large_image\" \/>\n<meta name=\"twitter:label1\" content=\"\u9884\u8ba1\u9605\u8bfb\u65f6\u95f4\" \/>\n\t<meta name=\"twitter:data1\" content=\"2 \u5206\" \/>\n<script type=\"application\/ld+json\" class=\"yoast-schema-graph\">{\"@context\":\"https:\/\/schema.org\",\"@graph\":[{\"@type\":\"WebPage\",\"@id\":\"https:\/\/reisepassfuhrer.com\/product\/fuhrerschein-kaufen-400-euro\/\",\"url\":\"https:\/\/reisepassfuhrer.com\/product\/fuhrerschein-kaufen-400-euro\/\",\"name\":\"f\u00fchrerschein kaufen 400 euro - Reisepassfuhrer\",\"isPartOf\":{\"@id\":\"https:\/\/reisepassfuhrer.com\/#website\"},\"primaryImageOfPage\":{\"@id\":\"https:\/\/reisepassfuhrer.com\/product\/fuhrerschein-kaufen-400-euro\/#primaryimage\"},\"image\":{\"@id\":\"https:\/\/reisepassfuhrer.com\/product\/fuhrerschein-kaufen-400-euro\/#primaryimage\"},\"thumbnailUrl\":\"https:\/\/reisepassfuhrer.com\/wp-content\/uploads\/2025\/08\/download-53.jpeg\",\"datePublished\":\"2025-08-24T11:10:44+00:00\",\"description\":\"Ein F\u00fchrerschein f\u00fcr 400 Euro, der ohne eine Fahrschule, ohne Pr\u00fcfung und ohne gesetzlich vorgeschriebene Ausbildung angeboten wird,\",\"breadcrumb\":{\"@id\":\"https:\/\/reisepassfuhrer.com\/product\/fuhrerschein-kaufen-400-euro\/#breadcrumb\"},\"inLanguage\":\"zh-Hans\",\"potentialAction\":[{\"@type\":\"ReadAction\",\"target\":[\"https:\/\/reisepassfuhrer.com\/product\/fuhrerschein-kaufen-400-euro\/\"]}]},{\"@type\":\"ImageObject\",\"inLanguage\":\"zh-Hans\",\"@id\":\"https:\/\/reisepassfuhrer.com\/product\/fuhrerschein-kaufen-400-euro\/#primaryimage\",\"url\":\"https:\/\/reisepassfuhrer.com\/wp-content\/uploads\/2025\/08\/download-53.jpeg\",\"contentUrl\":\"https:\/\/reisepassfuhrer.com\/wp-content\/uploads\/2025\/08\/download-53.jpeg\",\"width\":299,\"height\":168},{\"@type\":\"BreadcrumbList\",\"@id\":\"https:\/\/reisepassfuhrer.com\/product\/fuhrerschein-kaufen-400-euro\/#breadcrumb\",\"itemListElement\":[{\"@type\":\"ListItem\",\"position\":1,\"name\":\"Home\",\"item\":\"https:\/\/reisepassfuhrer.com\/\"},{\"@type\":\"ListItem\",\"position\":2,\"name\":\"Shop\",\"item\":\"https:\/\/reisepassfuhrer.com\/shop\/\"},{\"@type\":\"ListItem\",\"position\":3,\"name\":\"f\u00fchrerschein kaufen 400 euro\"}]},{\"@type\":\"WebSite\",\"@id\":\"https:\/\/reisepassfuhrer.com\/#website\",\"url\":\"https:\/\/reisepassfuhrer.com\/\",\"name\":\"Reisepassfuhrer\",\"description\":\"Reisepass Beantragen Berlin\",\"publisher\":{\"@id\":\"https:\/\/reisepassfuhrer.com\/#organization\"},\"potentialAction\":[{\"@type\":\"SearchAction\",\"target\":{\"@type\":\"EntryPoint\",\"urlTemplate\":\"https:\/\/reisepassfuhrer.com\/?s={search_term_string}\"},\"query-input\":{\"@type\":\"PropertyValueSpecification\",\"valueRequired\":true,\"valueName\":\"search_term_string\"}}],\"inLanguage\":\"zh-Hans\"},{\"@type\":\"Organization\",\"@id\":\"https:\/\/reisepassfuhrer.com\/#organization\",\"name\":\"Reisepassfuhrer\",\"url\":\"https:\/\/reisepassfuhrer.com\/\",\"logo\":{\"@type\":\"ImageObject\",\"inLanguage\":\"zh-Hans\",\"@id\":\"https:\/\/reisepassfuhrer.com\/#\/schema\/logo\/image\/\",\"url\":\"https:\/\/reisepassfuhrer.com\/wp-content\/uploads\/2024\/03\/Reisepassfuhrer-logo.png\",\"contentUrl\":\"https:\/\/reisepassfuhrer.com\/wp-content\/uploads\/2024\/03\/Reisepassfuhrer-logo.png\",\"width\":112,\"height\":112,\"caption\":\"Reisepassfuhrer\"},\"image\":{\"@id\":\"https:\/\/reisepassfuhrer.com\/#\/schema\/logo\/image\/\"}}]}<\/script>\n<!-- \/ Yoast SEO Premium plugin. -->","yoast_head_json":{"title":"\u8d2d\u4e70\u9a7e\u9a76\u6267\u7167 400 \u6b27\u5143 - Reisepassfuhrer","description":"\u65e0\u9700\u9a7e\u6821\u3001\u65e0\u9700\u8003\u8bd5\u3001\u65e0\u9700\u6cd5\u5f8b\u89c4\u5b9a\u7684\u57f9\u8bad\uff0c\u5373\u53ef\u83b7\u5f97 400 \u6b27\u5143\u7684\u9a7e\u7167\u3001,","robots":{"index":"noindex","follow":"follow","max-snippet":"max-snippet:-1","max-image-preview":"max-image-preview:large","max-video-preview":"max-video-preview:-1"},"og_locale":"zh_CN","og_type":"article","og_title":"f\u00fchrerschein kaufen 400 euro","og_description":"Ein F\u00fchrerschein f\u00fcr 400 Euro, der ohne eine Fahrschule, ohne Pr\u00fcfung und ohne gesetzlich vorgeschriebene Ausbildung angeboten wird,","og_url":"https:\/\/reisepassfuhrer.com\/zh\/product\/\u8d2d\u4e70\u9a7e\u7167-400-\u6b27\u5143\/","og_site_name":"Reisepassfuhrer","og_image":[{"width":299,"height":168,"url":"http:\/\/reisepassfuhrer.com\/wp-content\/uploads\/2025\/08\/download-53.jpeg","type":"image\/jpeg"}],"twitter_card":"summary_large_image","twitter_misc":{"\u9884\u8ba1\u9605\u8bfb\u65f6\u95f4":"2 \u5206"},"schema":{"@context":"https:\/\/schema.org","@graph":[{"@type":"WebPage","@id":"https:\/\/reisepassfuhrer.com\/product\/fuhrerschein-kaufen-400-euro\/","url":"https:\/\/reisepassfuhrer.com\/product\/fuhrerschein-kaufen-400-euro\/","name":"\u8d2d\u4e70\u9a7e\u9a76\u6267\u7167 400 \u6b27\u5143 - Reisepassfuhrer","isPartOf":{"@id":"https:\/\/reisepassfuhrer.com\/#website"},"primaryImageOfPage":{"@id":"https:\/\/reisepassfuhrer.com\/product\/fuhrerschein-kaufen-400-euro\/#primaryimage"},"image":{"@id":"https:\/\/reisepassfuhrer.com\/product\/fuhrerschein-kaufen-400-euro\/#primaryimage"},"thumbnailUrl":"https:\/\/reisepassfuhrer.com\/wp-content\/uploads\/2025\/08\/download-53.jpeg","datePublished":"2025-08-24T11:10:44+00:00","description":"\u65e0\u9700\u9a7e\u6821\u3001\u65e0\u9700\u8003\u8bd5\u3001\u65e0\u9700\u6cd5\u5f8b\u89c4\u5b9a\u7684\u57f9\u8bad\uff0c\u5373\u53ef\u83b7\u5f97 400 \u6b27\u5143\u7684\u9a7e\u7167\u3001,","breadcrumb":{"@id":"https:\/\/reisepassfuhrer.com\/product\/fuhrerschein-kaufen-400-euro\/#breadcrumb"},"inLanguage":"zh-Hans","potentialAction":[{"@type":"ReadAction","target":["https:\/\/reisepassfuhrer.com\/product\/fuhrerschein-kaufen-400-euro\/"]}]},{"@type":"ImageObject","inLanguage":"zh-Hans","@id":"https:\/\/reisepassfuhrer.com\/product\/fuhrerschein-kaufen-400-euro\/#primaryimage","url":"https:\/\/reisepassfuhrer.com\/wp-content\/uploads\/2025\/08\/download-53.jpeg","contentUrl":"https:\/\/reisepassfuhrer.com\/wp-content\/uploads\/2025\/08\/download-53.jpeg","width":299,"height":168},{"@type":"BreadcrumbList","@id":"https:\/\/reisepassfuhrer.com\/product\/fuhrerschein-kaufen-400-euro\/#breadcrumb","itemListElement":[{"@type":"ListItem","position":1,"name":"Home","item":"https:\/\/reisepassfuhrer.com\/"},{"@type":"ListItem","position":2,"name":"Shop","item":"https:\/\/reisepassfuhrer.com\/shop\/"},{"@type":"ListItem","position":3,"name":"f\u00fchrerschein kaufen 400 euro"}]},{"@type":"WebSite","@id":"https:\/\/reisepassfuhrer.com\/#website","url":"https:\/\/reisepassfuhrer.com\/","name":"\u62a4\u7167\u6307\u5357","description":"\u7533\u8bf7\u67cf\u6797\u62a4\u7167","publisher":{"@id":"https:\/\/reisepassfuhrer.com\/#organization"},"potentialAction":[{"@type":"SearchAction","target":{"@type":"EntryPoint","urlTemplate":"https:\/\/reisepassfuhrer.com\/?s={search_term_string}"},"query-input":{"@type":"PropertyValueSpecification","valueRequired":true,"valueName":"search_term_string"}}],"inLanguage":"zh-Hans"},{"@type":"Organization","@id":"https:\/\/reisepassfuhrer.com\/#organization","name":"\u62a4\u7167\u6307\u5357","url":"https:\/\/reisepassfuhrer.com\/","logo":{"@type":"ImageObject","inLanguage":"zh-Hans","@id":"https:\/\/reisepassfuhrer.com\/#\/schema\/logo\/image\/","url":"https:\/\/reisepassfuhrer.com\/wp-content\/uploads\/2024\/03\/Reisepassfuhrer-logo.png","contentUrl":"https:\/\/reisepassfuhrer.com\/wp-content\/uploads\/2024\/03\/Reisepassfuhrer-logo.png","width":112,"height":112,"caption":"Reisepassfuhrer"},"image":{"@id":"https:\/\/reisepassfuhrer.com\/#\/schema\/logo\/image\/"}}]}},"_links":{"self":[{"href":"https:\/\/reisepassfuhrer.com\/zh\/wp-json\/wp\/v2\/product\/3147","targetHints":{"allow":["GET"]}}],"collection":[{"href":"https:\/\/reisepassfuhrer.com\/zh\/wp-json\/wp\/v2\/product"}],"about":[{"href":"https:\/\/reisepassfuhrer.com\/zh\/wp-json\/wp\/v2\/types\/product"}],"replies":[{"embeddable":true,"href":"https:\/\/reisepassfuhrer.com\/zh\/wp-json\/wp\/v2\/comments?post=3147"}],"wp:featuredmedia":[{"embeddable":true,"href":"https:\/\/reisepassfuhrer.com\/zh\/wp-json\/wp\/v2\/media\/3149"}],"wp:attachment":[{"href":"https:\/\/reisepassfuhrer.com\/zh\/wp-json\/wp\/v2\/media?parent=3147"}],"wp:term":[{"taxonomy":"product_brand","embeddable":true,"href":"https:\/\/reisepassfuhrer.com\/zh\/wp-json\/wp\/v2\/product_brand?post=3147"},{"taxonomy":"product_cat","embeddable":true,"href":"https:\/\/reisepassfuhrer.com\/zh\/wp-json\/wp\/v2\/product_cat?post=3147"},{"taxonomy":"product_tag","embeddable":true,"href":"https:\/\/reisepassfuhrer.com\/zh\/wp-json\/wp\/v2\/product_tag?post=3147"}],"curies":[{"name":"wp","href":"https:\/\/api.w.org\/{rel}","templated":true}]}}