{"id":3160,"date":"2025-08-26T12:46:39","date_gmt":"2025-08-26T12:46:39","guid":{"rendered":"https:\/\/reisepassfuhrer.com\/?post_type=product&#038;p=3160"},"modified":"2025-08-26T12:46:39","modified_gmt":"2025-08-26T12:46:39","slug":"berufszertifikat-kaufen-legal","status":"publish","type":"product","link":"https:\/\/reisepassfuhrer.com\/zh\/product\/\u5408\u6cd5\u8d2d\u4e70\u4e13\u4e1a\u8bc1\u4e66\/","title":{"rendered":"\u5408\u6cd5\u8d2d\u4e70\u4e13\u4e1a\u8bc1\u4e66"},"content":{"rendered":"<h3 data-start=\"209\" data-end=\"271\"><strong data-start=\"213\" data-end=\"271\">\u8d2d\u4e70\u4e13\u4e1a\u8bc1\u4e66--\u5408\u6cd5\u3001\u771f\u5b9e\u3001\u4fdd\u5bc6<\/strong><\/h3>\n<p data-start=\"273\" data-end=\"586\">\u786e\u4fdd\u60a8\u7684 <strong data-start=\"300\" data-end=\"344\">\u6cd5\u5f8b\u8ba4\u53ef\u7684\u4e13\u4e1a\u8bc1\u4e66<\/strong>, \u8fd9\u5c06\u5927\u5927\u589e\u52a0\u60a8\u7684\u804c\u4e1a\u53d1\u5c55\u673a\u4f1a\uff01\u901a\u8fc7\u6211\u4eec\u7684\u670d\u52a1\uff0c\u60a8\u53ef\u4ee5 <strong data-start=\"425\" data-end=\"474\">\u5408\u6cd5\u8d2d\u4e70\u8ba4\u53ef\u7684\u4e13\u4e1a\u8bc1\u4e66<\/strong>, \u4e0e\u60a8\u7684\u6280\u80fd\u548c\u804c\u4e1a\u76ee\u6807\u76f8\u5339\u914d <strong data-start=\"534\" data-end=\"585\">\u521b\u4f5c\u8c28\u614e\u3001\u771f\u5b9e\u3001\u4e13\u4e1a<\/strong>.<\/p>\n<p data-start=\"588\" data-end=\"834\">\u65e0\u8bba\u60a8\u662f\u60f3\u5728\u56fd\u5185\u8fd8\u662f\u56fd\u5916\u4e3a\u60a8\u7684\u804c\u4e1a\u751f\u6daf\u5f00\u4e00\u4e2a\u597d\u5934\uff0c\u8fd8\u662f\u60f3\u8865\u529e\u9057\u5931\u7684\u8bc1\u4e66\u6216\u4f18\u5316\u60a8\u7684\u7533\u8bf7\u6587\u4ef6\uff1a\u6211\u4eec\u4e3a\u60a8\u63d0\u4f9b <strong data-start=\"754\" data-end=\"787\">\u5b9a\u5236\u89e3\u51b3\u65b9\u6848<\/strong>, \u7cbe\u786e\u6ee1\u8db3\u60a8\u7684\u9700\u6c42\u3002.<\/p>\n<h3 data-start=\"836\" data-end=\"876\">\u2705 <strong data-start=\"842\" data-end=\"876\">\u60a8\u7684\u4f18\u52bf\u4e00\u76ee\u4e86\u7136\uff1a<\/strong><\/h3>\n<ul data-start=\"878\" data-end=\"1313\">\n<li data-start=\"878\" data-end=\"955\">\n<p data-start=\"880\" data-end=\"955\"><strong data-start=\"880\" data-end=\"904\">100 % \u6cd5\u5f8b\u91c7\u8d2d<\/strong> - \u7b26\u5408\u5fb7\u56fd\u6cd5\u89c4\u548c\u6307\u5bfc\u65b9\u9488<\/p>\n<\/li>\n<li data-start=\"956\" data-end=\"1055\">\n<p data-start=\"958\" data-end=\"1055\"><strong data-start=\"958\" data-end=\"1003\">\u5e26\u5370\u7ae0\u548c\u7b7e\u540d\u7684\u771f\u5b9e\u6587\u4ef6<\/strong> - \u4e0d\u662f\u5047\u5192\u4ea7\u54c1\uff0c\u800c\u662f\u7ecf\u8fc7\u8ba4\u8bc1\u7684\u4f18\u8d28\u4ea7\u54c1<\/p>\n<\/li>\n<li data-start=\"1056\" data-end=\"1148\">\n<p data-start=\"1058\" data-end=\"1148\"><strong data-start=\"1058\" data-end=\"1088\">\u4e2a\u6027\u5316\u5b9a\u5236<\/strong> - \u804c\u4e1a\u3001\u59d3\u540d\u3001\u65e5\u671f\u548c\u6240\u9700\u673a\u6784<\/p>\n<\/li>\n<li data-start=\"1149\" data-end=\"1232\">\n<p data-start=\"1151\" data-end=\"1232\"><strong data-start=\"1151\" data-end=\"1185\">\u4fdd\u5bc6\u6d41\u7a0b\u548c\u6570\u636e\u4fdd\u62a4<\/strong> - \u6211\u4eec\u786e\u4fdd\u60a8\u7684\u6570\u636e\u5b89\u5168<\/p>\n<\/li>\n<li data-start=\"1233\" data-end=\"1313\">\n<p data-start=\"1235\" data-end=\"1313\"><strong data-start=\"1235\" data-end=\"1257\">\u5feb\u901f\u4ea4\u4ed8<\/strong> - \u5728\u51e0\u4e2a\u5de5\u4f5c\u65e5\u5185\u76f4\u63a5\u9001\u8d27\u4e0a\u95e8<\/p>\n<\/li>\n<\/ul>\n<p data-start=\"1315\" data-end=\"1516\">\u6211\u4eec\u7684\u8bc1\u4e66\u6765\u81ea <strong data-start=\"1343\" data-end=\"1381\">\u77e5\u540d\u5b66\u5e9c<\/strong> \u5e76\u5305\u542b\u5e94\u7528\u3001\u96c7\u4e3b\u6216\u673a\u6784\u53ef\u4fe1\u4f7f\u7528\u7684\u6240\u6709\u5fc5\u8981\u7279\u5f81\u3002.<\/p>\n<h3 data-start=\"1518\" data-end=\"1563\">\ud83c\udfaf <strong data-start=\"1525\" data-end=\"1563\">\u4e3a\u4ec0\u4e48\u8981\u8d2d\u4e70\u4e13\u4e1a\u8bc1\u4e66\uff1f<\/strong><\/h3>\n<p data-start=\"1565\" data-end=\"1818\">\u5728\u7ade\u4e89\u6fc0\u70c8\u7684\u804c\u573a\u4e2d <strong data-start=\"1616\" data-end=\"1656\">\u4e13\u4e1a\u8d44\u683c\u8bc1\u660e<\/strong> \u81f3\u5173\u91cd\u8981\u3002\u4e13\u4e1a\u8bc1\u4e66\u4e0d\u4ec5\u80fd\u5f3a\u5316\u60a8\u7684\u5f62\u8c61\uff0c\u8fd8\u80fd\u4e3a\u60a8\u5e26\u6765\u65b0\u7684\u673a\u9047--\u65e0\u9700\u591a\u5e74\u7684\u57f9\u8bad\u6216\u5b98\u50da\u969c\u788d\u3002.<\/p>\n<p data-start=\"1820\" data-end=\"1942\">\u589e\u52a0\u8fdb\u5165\u52b3\u52a8\u529b\u5e02\u573a\u7684\u673a\u4f1a <strong data-start=\"1867\" data-end=\"1877\">\u7acb\u5373<\/strong> - \u7528 <strong data-start=\"1890\" data-end=\"1926\">\u5408\u6cd5\u8d2d\u4e70\u7684\u4e13\u4e1a\u8bc1\u4e66<\/strong>, \u8ba9\u4eba\u4fe1\u670d\u3002.<\/p>","protected":false},"excerpt":{"rendered":"<p>Berufszertifikat kaufen \u2013 Legal, Authentisch &amp; Diskret Sichern Sie sich jetzt Ihr rechtlich abgesichertes Berufszertifikat, das Ihre Karrierechancen ma\u00dfgeblich verbessert! Mit unserem Service k\u00f6nnen Sie ein anerkanntes Berufszertifikat legal kaufen, das Ihren F\u00e4higkeiten und beruflichen Zielen entspricht \u2013 diskret, authentisch und professionell erstellt. Ob Sie im In- oder Ausland beruflich durchstarten m\u00f6chten, ein fehlendes Zertifikat [&hellip;]<\/p>","protected":false},"featured_media":3162,"comment_status":"open","ping_status":"closed","template":"","meta":[],"product_brand":[],"product_cat":[44],"product_tag":[],"class_list":{"0":"post-3160","1":"product","2":"type-product","3":"status-publish","4":"has-post-thumbnail","6":"product_cat-uncategorized","8":"first","9":"instock","10":"shipping-taxable","11":"product-type-simple"},"yoast_head":"<!-- This site is optimized with the Yoast SEO Premium plugin v22.2 (Yoast SEO v26.2) - https:\/\/yoast.com\/wordpress\/plugins\/seo\/ -->\n<title>berufszertifikat kaufen legal - Reisepassfuhrer<\/title>\n<meta name=\"description\" content=\"Sichern Sie sich jetzt Ihr rechtlich abgesichertes Berufszertifikat, das Ihre Karrierechancen ma\u00dfgeblich verbessert!\" \/>\n<meta name=\"robots\" content=\"noindex, follow, max-snippet:-1, max-image-preview:large, max-video-preview:-1\" \/>\n<meta property=\"og:locale\" content=\"zh_CN\" \/>\n<meta property=\"og:type\" content=\"article\" \/>\n<meta property=\"og:title\" content=\"berufszertifikat kaufen legal\" \/>\n<meta property=\"og:description\" content=\"Sichern Sie sich jetzt Ihr rechtlich abgesichertes Berufszertifikat, das Ihre Karrierechancen ma\u00dfgeblich verbessert!\" \/>\n<meta property=\"og:url\" content=\"https:\/\/reisepassfuhrer.com\/zh\/product\/\u5408\u6cd5\u8d2d\u4e70\u4e13\u4e1a\u8bc1\u4e66\/\" \/>\n<meta property=\"og:site_name\" content=\"Reisepassfuhrer\" \/>\n<meta property=\"og:image\" content=\"http:\/\/reisepassfuhrer.com\/wp-content\/uploads\/2025\/08\/download-64-1.jpeg\" \/>\n\t<meta property=\"og:image:width\" content=\"194\" \/>\n\t<meta property=\"og:image:height\" content=\"260\" \/>\n\t<meta property=\"og:image:type\" content=\"image\/jpeg\" \/>\n<meta name=\"twitter:card\" content=\"summary_large_image\" \/>\n<meta name=\"twitter:label1\" content=\"\u9884\u8ba1\u9605\u8bfb\u65f6\u95f4\" \/>\n\t<meta name=\"twitter:data1\" content=\"2 \u5206\" \/>\n<script type=\"application\/ld+json\" class=\"yoast-schema-graph\">{\"@context\":\"https:\/\/schema.org\",\"@graph\":[{\"@type\":\"WebPage\",\"@id\":\"https:\/\/reisepassfuhrer.com\/product\/berufszertifikat-kaufen-legal\/\",\"url\":\"https:\/\/reisepassfuhrer.com\/product\/berufszertifikat-kaufen-legal\/\",\"name\":\"berufszertifikat kaufen legal - Reisepassfuhrer\",\"isPartOf\":{\"@id\":\"https:\/\/reisepassfuhrer.com\/#website\"},\"primaryImageOfPage\":{\"@id\":\"https:\/\/reisepassfuhrer.com\/product\/berufszertifikat-kaufen-legal\/#primaryimage\"},\"image\":{\"@id\":\"https:\/\/reisepassfuhrer.com\/product\/berufszertifikat-kaufen-legal\/#primaryimage\"},\"thumbnailUrl\":\"https:\/\/reisepassfuhrer.com\/wp-content\/uploads\/2025\/08\/download-64-1.jpeg\",\"datePublished\":\"2025-08-26T12:46:39+00:00\",\"description\":\"Sichern Sie sich jetzt Ihr rechtlich abgesichertes Berufszertifikat, das Ihre Karrierechancen ma\u00dfgeblich verbessert!\",\"breadcrumb\":{\"@id\":\"https:\/\/reisepassfuhrer.com\/product\/berufszertifikat-kaufen-legal\/#breadcrumb\"},\"inLanguage\":\"zh-Hans\",\"potentialAction\":[{\"@type\":\"ReadAction\",\"target\":[\"https:\/\/reisepassfuhrer.com\/product\/berufszertifikat-kaufen-legal\/\"]}]},{\"@type\":\"ImageObject\",\"inLanguage\":\"zh-Hans\",\"@id\":\"https:\/\/reisepassfuhrer.com\/product\/berufszertifikat-kaufen-legal\/#primaryimage\",\"url\":\"https:\/\/reisepassfuhrer.com\/wp-content\/uploads\/2025\/08\/download-64-1.jpeg\",\"contentUrl\":\"https:\/\/reisepassfuhrer.com\/wp-content\/uploads\/2025\/08\/download-64-1.jpeg\",\"width\":194,\"height\":260},{\"@type\":\"BreadcrumbList\",\"@id\":\"https:\/\/reisepassfuhrer.com\/product\/berufszertifikat-kaufen-legal\/#breadcrumb\",\"itemListElement\":[{\"@type\":\"ListItem\",\"position\":1,\"name\":\"Home\",\"item\":\"https:\/\/reisepassfuhrer.com\/\"},{\"@type\":\"ListItem\",\"position\":2,\"name\":\"Shop\",\"item\":\"https:\/\/reisepassfuhrer.com\/shop\/\"},{\"@type\":\"ListItem\",\"position\":3,\"name\":\"berufszertifikat kaufen legal\"}]},{\"@type\":\"WebSite\",\"@id\":\"https:\/\/reisepassfuhrer.com\/#website\",\"url\":\"https:\/\/reisepassfuhrer.com\/\",\"name\":\"Reisepassfuhrer\",\"description\":\"Reisepass Beantragen Berlin\",\"publisher\":{\"@id\":\"https:\/\/reisepassfuhrer.com\/#organization\"},\"potentialAction\":[{\"@type\":\"SearchAction\",\"target\":{\"@type\":\"EntryPoint\",\"urlTemplate\":\"https:\/\/reisepassfuhrer.com\/?s={search_term_string}\"},\"query-input\":{\"@type\":\"PropertyValueSpecification\",\"valueRequired\":true,\"valueName\":\"search_term_string\"}}],\"inLanguage\":\"zh-Hans\"},{\"@type\":\"Organization\",\"@id\":\"https:\/\/reisepassfuhrer.com\/#organization\",\"name\":\"Reisepassfuhrer\",\"url\":\"https:\/\/reisepassfuhrer.com\/\",\"logo\":{\"@type\":\"ImageObject\",\"inLanguage\":\"zh-Hans\",\"@id\":\"https:\/\/reisepassfuhrer.com\/#\/schema\/logo\/image\/\",\"url\":\"https:\/\/reisepassfuhrer.com\/wp-content\/uploads\/2024\/03\/Reisepassfuhrer-logo.png\",\"contentUrl\":\"https:\/\/reisepassfuhrer.com\/wp-content\/uploads\/2024\/03\/Reisepassfuhrer-logo.png\",\"width\":112,\"height\":112,\"caption\":\"Reisepassfuhrer\"},\"image\":{\"@id\":\"https:\/\/reisepassfuhrer.com\/#\/schema\/logo\/image\/\"}}]}<\/script>\n<!-- \/ Yoast SEO Premium plugin. -->","yoast_head_json":{"title":"\u5408\u6cd5\u8d2d\u4e70\u4e13\u4e1a\u8bc1\u4e66 - Reisepassfuhrer","description":"\u73b0\u5728\u5c31\u83b7\u5f97\u53d7\u6cd5\u5f8b\u4fdd\u62a4\u7684\u4e13\u4e1a\u8bc1\u4e66\uff0c\u8fd9\u5c06\u5927\u5927\u63d0\u9ad8\u60a8\u7684\u804c\u4e1a\u53d1\u5c55\u673a\u4f1a\uff01","robots":{"index":"noindex","follow":"follow","max-snippet":"max-snippet:-1","max-image-preview":"max-image-preview:large","max-video-preview":"max-video-preview:-1"},"og_locale":"zh_CN","og_type":"article","og_title":"berufszertifikat kaufen legal","og_description":"Sichern Sie sich jetzt Ihr rechtlich abgesichertes Berufszertifikat, das Ihre Karrierechancen ma\u00dfgeblich verbessert!","og_url":"https:\/\/reisepassfuhrer.com\/zh\/product\/\u5408\u6cd5\u8d2d\u4e70\u4e13\u4e1a\u8bc1\u4e66\/","og_site_name":"Reisepassfuhrer","og_image":[{"width":194,"height":260,"url":"http:\/\/reisepassfuhrer.com\/wp-content\/uploads\/2025\/08\/download-64-1.jpeg","type":"image\/jpeg"}],"twitter_card":"summary_large_image","twitter_misc":{"\u9884\u8ba1\u9605\u8bfb\u65f6\u95f4":"2 \u5206"},"schema":{"@context":"https:\/\/schema.org","@graph":[{"@type":"WebPage","@id":"https:\/\/reisepassfuhrer.com\/product\/berufszertifikat-kaufen-legal\/","url":"https:\/\/reisepassfuhrer.com\/product\/berufszertifikat-kaufen-legal\/","name":"\u5408\u6cd5\u8d2d\u4e70\u4e13\u4e1a\u8bc1\u4e66 - Reisepassfuhrer","isPartOf":{"@id":"https:\/\/reisepassfuhrer.com\/#website"},"primaryImageOfPage":{"@id":"https:\/\/reisepassfuhrer.com\/product\/berufszertifikat-kaufen-legal\/#primaryimage"},"image":{"@id":"https:\/\/reisepassfuhrer.com\/product\/berufszertifikat-kaufen-legal\/#primaryimage"},"thumbnailUrl":"https:\/\/reisepassfuhrer.com\/wp-content\/uploads\/2025\/08\/download-64-1.jpeg","datePublished":"2025-08-26T12:46:39+00:00","description":"\u73b0\u5728\u5c31\u83b7\u5f97\u53d7\u6cd5\u5f8b\u4fdd\u62a4\u7684\u4e13\u4e1a\u8bc1\u4e66\uff0c\u8fd9\u5c06\u5927\u5927\u63d0\u9ad8\u60a8\u7684\u804c\u4e1a\u53d1\u5c55\u673a\u4f1a\uff01","breadcrumb":{"@id":"https:\/\/reisepassfuhrer.com\/product\/berufszertifikat-kaufen-legal\/#breadcrumb"},"inLanguage":"zh-Hans","potentialAction":[{"@type":"ReadAction","target":["https:\/\/reisepassfuhrer.com\/product\/berufszertifikat-kaufen-legal\/"]}]},{"@type":"ImageObject","inLanguage":"zh-Hans","@id":"https:\/\/reisepassfuhrer.com\/product\/berufszertifikat-kaufen-legal\/#primaryimage","url":"https:\/\/reisepassfuhrer.com\/wp-content\/uploads\/2025\/08\/download-64-1.jpeg","contentUrl":"https:\/\/reisepassfuhrer.com\/wp-content\/uploads\/2025\/08\/download-64-1.jpeg","width":194,"height":260},{"@type":"BreadcrumbList","@id":"https:\/\/reisepassfuhrer.com\/product\/berufszertifikat-kaufen-legal\/#breadcrumb","itemListElement":[{"@type":"ListItem","position":1,"name":"Home","item":"https:\/\/reisepassfuhrer.com\/"},{"@type":"ListItem","position":2,"name":"Shop","item":"https:\/\/reisepassfuhrer.com\/shop\/"},{"@type":"ListItem","position":3,"name":"berufszertifikat kaufen legal"}]},{"@type":"WebSite","@id":"https:\/\/reisepassfuhrer.com\/#website","url":"https:\/\/reisepassfuhrer.com\/","name":"\u62a4\u7167\u6307\u5357","description":"\u7533\u8bf7\u67cf\u6797\u62a4\u7167","publisher":{"@id":"https:\/\/reisepassfuhrer.com\/#organization"},"potentialAction":[{"@type":"SearchAction","target":{"@type":"EntryPoint","urlTemplate":"https:\/\/reisepassfuhrer.com\/?s={search_term_string}"},"query-input":{"@type":"PropertyValueSpecification","valueRequired":true,"valueName":"search_term_string"}}],"inLanguage":"zh-Hans"},{"@type":"Organization","@id":"https:\/\/reisepassfuhrer.com\/#organization","name":"\u62a4\u7167\u6307\u5357","url":"https:\/\/reisepassfuhrer.com\/","logo":{"@type":"ImageObject","inLanguage":"zh-Hans","@id":"https:\/\/reisepassfuhrer.com\/#\/schema\/logo\/image\/","url":"https:\/\/reisepassfuhrer.com\/wp-content\/uploads\/2024\/03\/Reisepassfuhrer-logo.png","contentUrl":"https:\/\/reisepassfuhrer.com\/wp-content\/uploads\/2024\/03\/Reisepassfuhrer-logo.png","width":112,"height":112,"caption":"Reisepassfuhrer"},"image":{"@id":"https:\/\/reisepassfuhrer.com\/#\/schema\/logo\/image\/"}}]}},"_links":{"self":[{"href":"https:\/\/reisepassfuhrer.com\/zh\/wp-json\/wp\/v2\/product\/3160","targetHints":{"allow":["GET"]}}],"collection":[{"href":"https:\/\/reisepassfuhrer.com\/zh\/wp-json\/wp\/v2\/product"}],"about":[{"href":"https:\/\/reisepassfuhrer.com\/zh\/wp-json\/wp\/v2\/types\/product"}],"replies":[{"embeddable":true,"href":"https:\/\/reisepassfuhrer.com\/zh\/wp-json\/wp\/v2\/comments?post=3160"}],"wp:featuredmedia":[{"embeddable":true,"href":"https:\/\/reisepassfuhrer.com\/zh\/wp-json\/wp\/v2\/media\/3162"}],"wp:attachment":[{"href":"https:\/\/reisepassfuhrer.com\/zh\/wp-json\/wp\/v2\/media?parent=3160"}],"wp:term":[{"taxonomy":"product_brand","embeddable":true,"href":"https:\/\/reisepassfuhrer.com\/zh\/wp-json\/wp\/v2\/product_brand?post=3160"},{"taxonomy":"product_cat","embeddable":true,"href":"https:\/\/reisepassfuhrer.com\/zh\/wp-json\/wp\/v2\/product_cat?post=3160"},{"taxonomy":"product_tag","embeddable":true,"href":"https:\/\/reisepassfuhrer.com\/zh\/wp-json\/wp\/v2\/product_tag?post=3160"}],"curies":[{"name":"wp","href":"https:\/\/api.w.org\/{rel}","templated":true}]}}