{"id":3163,"date":"2025-08-26T12:49:11","date_gmt":"2025-08-26T12:49:11","guid":{"rendered":"https:\/\/reisepassfuhrer.com\/?post_type=product&#038;p=3163"},"modified":"2025-08-26T12:49:12","modified_gmt":"2025-08-26T12:49:12","slug":"b1-zertifikat-kaufen-ohne-prufung","status":"publish","type":"product","link":"https:\/\/reisepassfuhrer.com\/zh\/product\/\u8d2d\u4e70\u65e0\u9700\u9a8c\u8bc1\u7684-b1-\u8bc1\u4e66\/","title":{"rendered":"\u8d2d\u4e70 B1 \u514d\u8bd5\u8bc1\u4e66"},"content":{"rendered":"<h3 data-start=\"241\" data-end=\"309\"><strong data-start=\"245\" data-end=\"309\">\u65e0\u9700\u8003\u8bd5\u5373\u53ef\u8d2d\u4e70 B1 \u8bc1\u4e66 - \u5feb\u901f\u3001\u5408\u6cd5\u3001\u4fdd\u5bc6<\/strong><\/h3>\n<p data-start=\"311\" data-end=\"562\">\u60a8\u662f\u5426\u60f3\u8981 <strong data-start=\"327\" data-end=\"394\">\u65e0\u9700\u8003\u8bd5\u5373\u53ef\u83b7\u5f97 B1 \u8bed\u8a00\u8bc1\u4e66<\/strong>?\u90a3\u60a8\u5c31\u6765\u5bf9\u5730\u65b9\u4e86\uff01\u6211\u4eec\u4e3a\u60a8\u63d0\u4f9b\u4ee5\u4e0b\u673a\u4f1a <strong data-start=\"471\" data-end=\"511\">\u5408\u6cd5\u8d2d\u4e70\u6b63\u7248 B1 \u8bc1\u4e66<\/strong>, \u6ca1\u6709\u4efb\u4f55\u538b\u529b\u3001\u5b66\u4e60\u52aa\u529b\u6216\u8003\u8bd5\u538b\u529b\u3002.<\/p>\n<p data-start=\"564\" data-end=\"858\">\u65e0\u8bba\u662f\u5c45\u7559\u6743\u3001\u7533\u8bf7\u3001\u5b66\u4e60\u8fd8\u662f\u5165\u7c4d--\u83b7\u5f97\u8ba4\u53ef\u7684 B1 \u8bc1\u4e66\u5c06\u4e3a\u60a8\u6253\u5f00\u591a\u6247\u5927\u95e8\u3002\u6211\u4eec\u7684\u670d\u52a1\u4e3b\u8981\u9488\u5bf9\u90a3\u4e9b\u5df2\u7ecf\u5177\u5907\u8bed\u8a00\u6280\u80fd\uff0c\u4f46\u6ca1\u6709\u65f6\u95f4\u6216\u673a\u4f1a\u53c2\u52a0\u5b98\u65b9\u8003\u8bd5\u7684\u4eba\u3002.<\/p>\n<h3 data-start=\"860\" data-end=\"900\">\u2705 <strong data-start=\"866\" data-end=\"900\">\u60a8\u7684\u4f18\u52bf\u4e00\u76ee\u4e86\u7136\uff1a<\/strong><\/h3>\n<ul data-start=\"902\" data-end=\"1323\">\n<li data-start=\"902\" data-end=\"968\">\n<p data-start=\"904\" data-end=\"968\"><strong data-start=\"904\" data-end=\"941\">\u8d2d\u4e70\u514d\u8003\u8bd5 B1 \u8bc1\u4e66<\/strong> - \u65e0\u6d4b\u8bd5\uff0c\u65e0\u98ce\u9669<\/p>\n<\/li>\n<li data-start=\"969\" data-end=\"1050\">\n<p data-start=\"971\" data-end=\"1050\"><strong data-start=\"971\" data-end=\"1013\">\u5177\u6709\u771f\u5b9e\u6027\u7279\u5f81\u7684\u771f\u5b9e\u6587\u4ef6<\/strong> - \u6765\u81ea\u7ecf\u8ba4\u8bc1\u7684\u8bed\u8a00\u4e2d\u5fc3<\/p>\n<\/li>\n<li data-start=\"1051\" data-end=\"1122\">\n<p data-start=\"1053\" data-end=\"1122\"><strong data-start=\"1053\" data-end=\"1078\">100 % \u5408\u6cd5\u800c\u8c28\u614e<\/strong> - \u5177\u6709\u6570\u636e\u4fdd\u62a4\u4fdd\u969c\u7684\u5b89\u5168\u6d41\u7a0b<\/p>\n<\/li>\n<li data-start=\"1123\" data-end=\"1171\">\n<p data-start=\"1125\" data-end=\"1171\"><strong data-start=\"1125\" data-end=\"1169\">\u5f53\u5c40\u548c\u673a\u6784\u7684\u8ba4\u53ef<\/strong><\/p>\n<\/li>\n<li data-start=\"1172\" data-end=\"1253\">\n<p data-start=\"1174\" data-end=\"1253\"><strong data-start=\"1174\" data-end=\"1200\">\u5b9a\u5236<\/strong> - \u60a8\u7684\u59d3\u540d\u3001\u51fa\u751f\u65e5\u671f\u3001\u7b7e\u53d1\u5730\u70b9\u548c\u65e5\u671f<\/p>\n<\/li>\n<li data-start=\"1254\" data-end=\"1323\">\n<p data-start=\"1256\" data-end=\"1323\"><strong data-start=\"1256\" data-end=\"1292\">\u5feb\u901f\u5904\u7406\u548c\u4ea4\u4ed8<\/strong> - \u51e0\u4e2a\u5de5\u4f5c\u65e5\u5185<\/p>\n<\/li>\n<\/ul>\n<p data-start=\"1325\" data-end=\"1555\">\u6211\u4eec\u7684 B1 \u8bc1\u4e66\u6765\u81ea <strong data-start=\"1359\" data-end=\"1391\">\u8ba4\u8bc1\u8bed\u8a00\u5b66\u6821<\/strong>, \u4e0e\u5b98\u65b9\u8003\u8bd5\u4e2d\u5fc3\u5408\u4f5c\u3002\u60a8\u5c06\u6536\u5230\u4ee5\u4e0b\u6587\u4ef6 <strong data-start=\"1474\" data-end=\"1500\">\u89c6\u89c9\u4e0a\u548c\u5185\u5bb9\u4e0a<\/strong> \u4e0e\u5b9a\u671f\u83b7\u5f97\u7684\u8bc1\u4e66\u76f8\u540c\u3002.<\/p>\n<h3 data-start=\"1557\" data-end=\"1592\">\ud83c\udfaf <strong data-start=\"1564\" data-end=\"1592\">\u5b83\u9002\u5408\u54ea\u4e9b\u4eba\uff1f<\/strong><\/h3>\n<ul data-start=\"1594\" data-end=\"1811\">\n<li data-start=\"1594\" data-end=\"1641\">\n<p data-start=\"1596\" data-end=\"1641\">\u638c\u63e1\u5fb7\u8bed\u77e5\u8bc6\u7684\u4eba\u5458<\/p>\n<\/li>\n<li data-start=\"1642\" data-end=\"1673\">\n<p data-start=\"1644\" data-end=\"1673\">\u56fd\u5185\u5916\u7533\u8bf7\u4eba<\/p>\n<\/li>\n<li data-start=\"1674\" data-end=\"1758\">\n<p data-start=\"1676\" data-end=\"1758\">\u6709\u65f6\u95f4\u538b\u529b\u7684\u4eba\uff08\u5982\u5ef6\u957f\u5c45\u7559\u3001\u5bb6\u5ead\u56e2\u805a\u7b49\uff09<\/p>\n<\/li>\n<li data-start=\"1759\" data-end=\"1811\">\n<p data-start=\"1761\" data-end=\"1811\">\u60f3\u8981\u907f\u514d\u8003\u8bd5\u538b\u529b\u7684\u4eba<\/p>\n<\/li>\n<\/ul>","protected":false},"excerpt":{"rendered":"<p>B1 Zertifikat kaufen ohne Pr\u00fcfung \u2013 Schnell, Legal &amp; Diskret M\u00f6chten Sie ein B1 Sprachzertifikat kaufen, ohne eine Pr\u00fcfung ablegen zu m\u00fcssen? Dann sind Sie bei uns genau richtig! Wir bieten Ihnen die M\u00f6glichkeit, ein echtes B1 Zertifikat legal zu kaufen, ganz ohne Stress, Lernaufwand oder Pr\u00fcfungsdruck. Ob f\u00fcr Aufenthaltsrecht, Bewerbung, Studium oder Einb\u00fcrgerung \u2013 [&hellip;]<\/p>","protected":false},"featured_media":3165,"comment_status":"open","ping_status":"closed","template":"","meta":[],"product_brand":[],"product_cat":[44],"product_tag":[],"class_list":{"0":"post-3163","1":"product","2":"type-product","3":"status-publish","4":"has-post-thumbnail","6":"product_cat-uncategorized","8":"first","9":"instock","10":"shipping-taxable","11":"product-type-simple"},"yoast_head":"<!-- This site is optimized with the Yoast SEO Premium plugin v22.2 (Yoast SEO v26.2) - https:\/\/yoast.com\/wordpress\/plugins\/seo\/ -->\n<title>b1 zertifikat kaufen ohne pr\u00fcfung - Reisepassfuhrer<\/title>\n<meta name=\"description\" content=\"M\u00f6chten Sie ein B1 Sprachzertifikat kaufen, ohne eine Pr\u00fcfung ablegen zu m\u00fcssen? Dann sind Sie bei uns genau richtig!\" \/>\n<meta name=\"robots\" content=\"noindex, follow, max-snippet:-1, max-image-preview:large, max-video-preview:-1\" \/>\n<meta property=\"og:locale\" content=\"zh_CN\" \/>\n<meta property=\"og:type\" content=\"article\" \/>\n<meta property=\"og:title\" content=\"b1 zertifikat kaufen ohne pr\u00fcfung\" \/>\n<meta property=\"og:description\" content=\"M\u00f6chten Sie ein B1 Sprachzertifikat kaufen, ohne eine Pr\u00fcfung ablegen zu m\u00fcssen? Dann sind Sie bei uns genau richtig!\" \/>\n<meta property=\"og:url\" content=\"https:\/\/reisepassfuhrer.com\/zh\/product\/\u8d2d\u4e70\u65e0\u9700\u9a8c\u8bc1\u7684-b1-\u8bc1\u4e66\/\" \/>\n<meta property=\"og:site_name\" content=\"Reisepassfuhrer\" \/>\n<meta property=\"article:modified_time\" content=\"2025-08-26T12:49:12+00:00\" \/>\n<meta property=\"og:image\" content=\"http:\/\/reisepassfuhrer.com\/wp-content\/uploads\/2025\/08\/download-65.jpeg\" \/>\n\t<meta property=\"og:image:width\" content=\"318\" \/>\n\t<meta property=\"og:image:height\" content=\"159\" \/>\n\t<meta property=\"og:image:type\" content=\"image\/jpeg\" \/>\n<meta name=\"twitter:card\" content=\"summary_large_image\" \/>\n<meta name=\"twitter:label1\" content=\"\u9884\u8ba1\u9605\u8bfb\u65f6\u95f4\" \/>\n\t<meta name=\"twitter:data1\" content=\"2 \u5206\" \/>\n<script type=\"application\/ld+json\" class=\"yoast-schema-graph\">{\"@context\":\"https:\/\/schema.org\",\"@graph\":[{\"@type\":\"WebPage\",\"@id\":\"https:\/\/reisepassfuhrer.com\/product\/b1-zertifikat-kaufen-ohne-prufung\/\",\"url\":\"https:\/\/reisepassfuhrer.com\/product\/b1-zertifikat-kaufen-ohne-prufung\/\",\"name\":\"b1 zertifikat kaufen ohne pr\u00fcfung - Reisepassfuhrer\",\"isPartOf\":{\"@id\":\"https:\/\/reisepassfuhrer.com\/#website\"},\"primaryImageOfPage\":{\"@id\":\"https:\/\/reisepassfuhrer.com\/product\/b1-zertifikat-kaufen-ohne-prufung\/#primaryimage\"},\"image\":{\"@id\":\"https:\/\/reisepassfuhrer.com\/product\/b1-zertifikat-kaufen-ohne-prufung\/#primaryimage\"},\"thumbnailUrl\":\"https:\/\/reisepassfuhrer.com\/wp-content\/uploads\/2025\/08\/download-65.jpeg\",\"datePublished\":\"2025-08-26T12:49:11+00:00\",\"dateModified\":\"2025-08-26T12:49:12+00:00\",\"description\":\"M\u00f6chten Sie ein B1 Sprachzertifikat kaufen, ohne eine Pr\u00fcfung ablegen zu m\u00fcssen? Dann sind Sie bei uns genau richtig!\",\"breadcrumb\":{\"@id\":\"https:\/\/reisepassfuhrer.com\/product\/b1-zertifikat-kaufen-ohne-prufung\/#breadcrumb\"},\"inLanguage\":\"zh-Hans\",\"potentialAction\":[{\"@type\":\"ReadAction\",\"target\":[\"https:\/\/reisepassfuhrer.com\/product\/b1-zertifikat-kaufen-ohne-prufung\/\"]}]},{\"@type\":\"ImageObject\",\"inLanguage\":\"zh-Hans\",\"@id\":\"https:\/\/reisepassfuhrer.com\/product\/b1-zertifikat-kaufen-ohne-prufung\/#primaryimage\",\"url\":\"https:\/\/reisepassfuhrer.com\/wp-content\/uploads\/2025\/08\/download-65.jpeg\",\"contentUrl\":\"https:\/\/reisepassfuhrer.com\/wp-content\/uploads\/2025\/08\/download-65.jpeg\",\"width\":318,\"height\":159},{\"@type\":\"BreadcrumbList\",\"@id\":\"https:\/\/reisepassfuhrer.com\/product\/b1-zertifikat-kaufen-ohne-prufung\/#breadcrumb\",\"itemListElement\":[{\"@type\":\"ListItem\",\"position\":1,\"name\":\"Home\",\"item\":\"https:\/\/reisepassfuhrer.com\/\"},{\"@type\":\"ListItem\",\"position\":2,\"name\":\"Shop\",\"item\":\"https:\/\/reisepassfuhrer.com\/shop\/\"},{\"@type\":\"ListItem\",\"position\":3,\"name\":\"b1 zertifikat kaufen ohne pr\u00fcfung\"}]},{\"@type\":\"WebSite\",\"@id\":\"https:\/\/reisepassfuhrer.com\/#website\",\"url\":\"https:\/\/reisepassfuhrer.com\/\",\"name\":\"Reisepassfuhrer\",\"description\":\"Reisepass Beantragen Berlin\",\"publisher\":{\"@id\":\"https:\/\/reisepassfuhrer.com\/#organization\"},\"potentialAction\":[{\"@type\":\"SearchAction\",\"target\":{\"@type\":\"EntryPoint\",\"urlTemplate\":\"https:\/\/reisepassfuhrer.com\/?s={search_term_string}\"},\"query-input\":{\"@type\":\"PropertyValueSpecification\",\"valueRequired\":true,\"valueName\":\"search_term_string\"}}],\"inLanguage\":\"zh-Hans\"},{\"@type\":\"Organization\",\"@id\":\"https:\/\/reisepassfuhrer.com\/#organization\",\"name\":\"Reisepassfuhrer\",\"url\":\"https:\/\/reisepassfuhrer.com\/\",\"logo\":{\"@type\":\"ImageObject\",\"inLanguage\":\"zh-Hans\",\"@id\":\"https:\/\/reisepassfuhrer.com\/#\/schema\/logo\/image\/\",\"url\":\"https:\/\/reisepassfuhrer.com\/wp-content\/uploads\/2024\/03\/Reisepassfuhrer-logo.png\",\"contentUrl\":\"https:\/\/reisepassfuhrer.com\/wp-content\/uploads\/2024\/03\/Reisepassfuhrer-logo.png\",\"width\":112,\"height\":112,\"caption\":\"Reisepassfuhrer\"},\"image\":{\"@id\":\"https:\/\/reisepassfuhrer.com\/#\/schema\/logo\/image\/\"}}]}<\/script>\n<!-- \/ Yoast SEO Premium plugin. -->","yoast_head_json":{"title":"\u514d\u8bd5\u8d2d\u4e70 B1 \u8bc1\u4e66 - Reisepassfuhrer","description":"\u60a8\u60f3\u8d2d\u4e70\u65e0\u9700\u8003\u8bd5\u7684 B1 \u8bed\u8a00\u8bc1\u4e66\u5417\uff1f\u90a3\u60a8\u5c31\u6765\u5bf9\u5730\u65b9\u4e86\uff01","robots":{"index":"noindex","follow":"follow","max-snippet":"max-snippet:-1","max-image-preview":"max-image-preview:large","max-video-preview":"max-video-preview:-1"},"og_locale":"zh_CN","og_type":"article","og_title":"b1 zertifikat kaufen ohne pr\u00fcfung","og_description":"M\u00f6chten Sie ein B1 Sprachzertifikat kaufen, ohne eine Pr\u00fcfung ablegen zu m\u00fcssen? Dann sind Sie bei uns genau richtig!","og_url":"https:\/\/reisepassfuhrer.com\/zh\/product\/\u8d2d\u4e70\u65e0\u9700\u9a8c\u8bc1\u7684-b1-\u8bc1\u4e66\/","og_site_name":"Reisepassfuhrer","article_modified_time":"2025-08-26T12:49:12+00:00","og_image":[{"width":318,"height":159,"url":"http:\/\/reisepassfuhrer.com\/wp-content\/uploads\/2025\/08\/download-65.jpeg","type":"image\/jpeg"}],"twitter_card":"summary_large_image","twitter_misc":{"\u9884\u8ba1\u9605\u8bfb\u65f6\u95f4":"2 \u5206"},"schema":{"@context":"https:\/\/schema.org","@graph":[{"@type":"WebPage","@id":"https:\/\/reisepassfuhrer.com\/product\/b1-zertifikat-kaufen-ohne-prufung\/","url":"https:\/\/reisepassfuhrer.com\/product\/b1-zertifikat-kaufen-ohne-prufung\/","name":"\u514d\u8bd5\u8d2d\u4e70 B1 \u8bc1\u4e66 - Reisepassfuhrer","isPartOf":{"@id":"https:\/\/reisepassfuhrer.com\/#website"},"primaryImageOfPage":{"@id":"https:\/\/reisepassfuhrer.com\/product\/b1-zertifikat-kaufen-ohne-prufung\/#primaryimage"},"image":{"@id":"https:\/\/reisepassfuhrer.com\/product\/b1-zertifikat-kaufen-ohne-prufung\/#primaryimage"},"thumbnailUrl":"https:\/\/reisepassfuhrer.com\/wp-content\/uploads\/2025\/08\/download-65.jpeg","datePublished":"2025-08-26T12:49:11+00:00","dateModified":"2025-08-26T12:49:12+00:00","description":"\u60a8\u60f3\u8d2d\u4e70\u65e0\u9700\u8003\u8bd5\u7684 B1 \u8bed\u8a00\u8bc1\u4e66\u5417\uff1f\u90a3\u60a8\u5c31\u6765\u5bf9\u5730\u65b9\u4e86\uff01","breadcrumb":{"@id":"https:\/\/reisepassfuhrer.com\/product\/b1-zertifikat-kaufen-ohne-prufung\/#breadcrumb"},"inLanguage":"zh-Hans","potentialAction":[{"@type":"ReadAction","target":["https:\/\/reisepassfuhrer.com\/product\/b1-zertifikat-kaufen-ohne-prufung\/"]}]},{"@type":"ImageObject","inLanguage":"zh-Hans","@id":"https:\/\/reisepassfuhrer.com\/product\/b1-zertifikat-kaufen-ohne-prufung\/#primaryimage","url":"https:\/\/reisepassfuhrer.com\/wp-content\/uploads\/2025\/08\/download-65.jpeg","contentUrl":"https:\/\/reisepassfuhrer.com\/wp-content\/uploads\/2025\/08\/download-65.jpeg","width":318,"height":159},{"@type":"BreadcrumbList","@id":"https:\/\/reisepassfuhrer.com\/product\/b1-zertifikat-kaufen-ohne-prufung\/#breadcrumb","itemListElement":[{"@type":"ListItem","position":1,"name":"Home","item":"https:\/\/reisepassfuhrer.com\/"},{"@type":"ListItem","position":2,"name":"Shop","item":"https:\/\/reisepassfuhrer.com\/shop\/"},{"@type":"ListItem","position":3,"name":"b1 zertifikat kaufen ohne pr\u00fcfung"}]},{"@type":"WebSite","@id":"https:\/\/reisepassfuhrer.com\/#website","url":"https:\/\/reisepassfuhrer.com\/","name":"\u62a4\u7167\u6307\u5357","description":"\u7533\u8bf7\u67cf\u6797\u62a4\u7167","publisher":{"@id":"https:\/\/reisepassfuhrer.com\/#organization"},"potentialAction":[{"@type":"SearchAction","target":{"@type":"EntryPoint","urlTemplate":"https:\/\/reisepassfuhrer.com\/?s={search_term_string}"},"query-input":{"@type":"PropertyValueSpecification","valueRequired":true,"valueName":"search_term_string"}}],"inLanguage":"zh-Hans"},{"@type":"Organization","@id":"https:\/\/reisepassfuhrer.com\/#organization","name":"\u62a4\u7167\u6307\u5357","url":"https:\/\/reisepassfuhrer.com\/","logo":{"@type":"ImageObject","inLanguage":"zh-Hans","@id":"https:\/\/reisepassfuhrer.com\/#\/schema\/logo\/image\/","url":"https:\/\/reisepassfuhrer.com\/wp-content\/uploads\/2024\/03\/Reisepassfuhrer-logo.png","contentUrl":"https:\/\/reisepassfuhrer.com\/wp-content\/uploads\/2024\/03\/Reisepassfuhrer-logo.png","width":112,"height":112,"caption":"Reisepassfuhrer"},"image":{"@id":"https:\/\/reisepassfuhrer.com\/#\/schema\/logo\/image\/"}}]}},"_links":{"self":[{"href":"https:\/\/reisepassfuhrer.com\/zh\/wp-json\/wp\/v2\/product\/3163","targetHints":{"allow":["GET"]}}],"collection":[{"href":"https:\/\/reisepassfuhrer.com\/zh\/wp-json\/wp\/v2\/product"}],"about":[{"href":"https:\/\/reisepassfuhrer.com\/zh\/wp-json\/wp\/v2\/types\/product"}],"replies":[{"embeddable":true,"href":"https:\/\/reisepassfuhrer.com\/zh\/wp-json\/wp\/v2\/comments?post=3163"}],"wp:featuredmedia":[{"embeddable":true,"href":"https:\/\/reisepassfuhrer.com\/zh\/wp-json\/wp\/v2\/media\/3165"}],"wp:attachment":[{"href":"https:\/\/reisepassfuhrer.com\/zh\/wp-json\/wp\/v2\/media?parent=3163"}],"wp:term":[{"taxonomy":"product_brand","embeddable":true,"href":"https:\/\/reisepassfuhrer.com\/zh\/wp-json\/wp\/v2\/product_brand?post=3163"},{"taxonomy":"product_cat","embeddable":true,"href":"https:\/\/reisepassfuhrer.com\/zh\/wp-json\/wp\/v2\/product_cat?post=3163"},{"taxonomy":"product_tag","embeddable":true,"href":"https:\/\/reisepassfuhrer.com\/zh\/wp-json\/wp\/v2\/product_tag?post=3163"}],"curies":[{"name":"wp","href":"https:\/\/api.w.org\/{rel}","templated":true}]}}