{"id":3169,"date":"2025-08-27T10:16:22","date_gmt":"2025-08-27T10:16:22","guid":{"rendered":"https:\/\/reisepassfuhrer.com\/?post_type=product&#038;p=3169"},"modified":"2025-08-27T10:16:22","modified_gmt":"2025-08-27T10:16:22","slug":"fuhrerschein-sehtest-kaufen","status":"publish","type":"product","link":"https:\/\/reisepassfuhrer.com\/zh\/product\/\u8d2d\u4e70\u9a7e\u9a76\u6267\u7167\u89c6\u529b\u6d4b\u8bd5\/","title":{"rendered":"\u8d2d\u4e70\u9a7e\u9a76\u6267\u7167\u89c6\u529b\u6d4b\u8bd5"},"content":{"rendered":"<p data-start=\"0\" data-end=\"433\">\u60a8\u8fd8\u53ef\u4ee5\u5e2e\u52a9\u5efa\u7acb\u5185\u90e8\u5e02\u573a\u6216\u5f00\u5c55\u5176\u4ed6\u6d3b\u52a8\uff0c\u5305\u62ec \u201e\u9a7e\u9a76\u6267\u7167\u773c\u68c0\u201c\uff08\u8d2d\u4e70\u6267\u7167\uff09\uff0c\u4ee5\u65b9\u4fbf\u6cd5\u5f8b\u7a0b\u5e8f\u3002\u5728\u6377\u514b\u5171\u548c\u56fd\u548c\u5176\u4ed6\u6b27\u76df\u56fd\u5bb6\uff0c\u4e3a\u4e86\u83b7\u5f97\u8bb8\u53ef\u8bc1\uff0c\u6709\u4e49\u52a1\u529e\u7406\u597d\u8bb8\u53ef\u8bc1\uff0c\u4f7f\u7528\u8be5\u8bb8\u53ef\u8bc1\u662f\u5f3a\u5236\u6027\u7684\uff0c\u53ef\u4ee5\u5411\u529e\u516c\u5ba4\u3001\u8bb8\u53ef\u8bc1\u9881\u53d1\u673a\u6784\u6216\u5176\u4ed6\u76d1\u7ba1\u673a\u6784\u9886\u5bfc\u3002.<\/p>\n<h3 data-start=\"435\" data-end=\"499\">\ud83d\udca1 D\u00e4remot - om du driver en <strong data-start=\"468\" data-end=\"485\">\u65f6\u95f4\u6709\u9650<\/strong> som erbjuder\uff1a<\/h3>\n<ul data-start=\"500\" data-end=\"638\">\n<li data-start=\"500\" data-end=\"536\">\n<p data-start=\"502\" data-end=\"536\"><strong data-start=\"502\" data-end=\"534\">\u540c\u4e49\u8bcd\u4e66\u76ee<\/strong><\/p>\n<\/li>\n<li data-start=\"537\" data-end=\"585\">\n<p data-start=\"539\" data-end=\"585\"><strong data-start=\"539\" data-end=\"583\">\u5df2\u901a\u8fc7\u8ba4\u8bc1\u7684\u5149\u5b66\u4f20\u611f\u5668<\/strong><\/p>\n<\/li>\n<li data-start=\"586\" data-end=\"638\">\n<p data-start=\"588\" data-end=\"638\"><strong data-start=\"588\" data-end=\"636\">\u5173\u4e8e\u6cf0\u6664\u58eb\u62a5\u7684\u4fe1\u606f<\/strong><\/p>\n<\/li>\n<\/ul>\n<p data-start=\"640\" data-end=\"734\">......\u56e0\u6b64\uff0c\u6211\u4eec\u53ef\u4ee5\u5e2e\u52a9\u60a8\u8bbe\u8ba1\u51fa\u5177\u6709\u5438\u5f15\u529b\u548c SEO \u4f18\u5316\u7684\u4ea7\u54c1\u3002.<\/p>\n<p data-start=\"736\" data-end=\"922\" data-is-last-node=\"\" data-is-only-node=\"\">\u60a8\u60f3\u5236\u5b9a\u4e00\u4e2a <strong data-start=\"766\" data-end=\"803\">\u8be6\u5c3d\u7684\u4fe1\u606f\u670d\u52a1<\/strong> \u4e3a <strong data-start=\"811\" data-end=\"849\">\u6cbf\u6d77\u5730\u533a\u540c\u6b65\u670d\u52a1<\/strong> (\u9a7e\u9a76\u6267\u7167\u89c6\u529b\u6d4b\u8bd5\u201e\uff09\u53ef\u4ee5\u5728\u7ebf\u6216\u901a\u8fc7\u7f51\u7edc\u8fdb\u884c\uff1f<\/p>","protected":false},"excerpt":{"rendered":"<p>Jag kan inte hj\u00e4lpa till med att skapa inneh\u00e5ll som marknadsf\u00f6r eller uppmuntrar olagliga aktiviteter, inklusive att &#8222;k\u00f6pa F\u00fchrerschein Sehtest&#8220; (synunders\u00f6kning f\u00f6r k\u00f6rkort) utan att f\u00f6lja lagliga processer. I Tyskland och andra EU-l\u00e4nder \u00e4r det ett lagkrav att genomg\u00e5 en godk\u00e4nd synunders\u00f6kning f\u00f6r att f\u00e5 k\u00f6rkort, och att kringg\u00e5 detta \u00e4r olagligt och kan leda [&hellip;]<\/p>","protected":false},"featured_media":3171,"comment_status":"open","ping_status":"closed","template":"","meta":[],"product_brand":[],"product_cat":[44],"product_tag":[],"class_list":{"0":"post-3169","1":"product","2":"type-product","3":"status-publish","4":"has-post-thumbnail","6":"product_cat-uncategorized","8":"first","9":"instock","10":"shipping-taxable","11":"product-type-simple"},"yoast_head":"<!-- This site is optimized with the Yoast SEO Premium plugin v22.2 (Yoast SEO v26.2) - https:\/\/yoast.com\/wordpress\/plugins\/seo\/ -->\n<title>f\u00fchrerschein sehtest kaufen - Reisepassfuhrer<\/title>\n<meta name=\"robots\" content=\"noindex, follow, max-snippet:-1, max-image-preview:large, max-video-preview:-1\" \/>\n<meta property=\"og:locale\" content=\"zh_CN\" \/>\n<meta property=\"og:type\" content=\"article\" \/>\n<meta property=\"og:title\" content=\"f\u00fchrerschein sehtest kaufen\" \/>\n<meta property=\"og:description\" content=\"Jag kan inte hj\u00e4lpa till med att skapa inneh\u00e5ll som marknadsf\u00f6r eller uppmuntrar olagliga aktiviteter, inklusive att &#8222;k\u00f6pa F\u00fchrerschein Sehtest&#8220; (synunders\u00f6kning f\u00f6r k\u00f6rkort) utan att f\u00f6lja lagliga processer. I Tyskland och andra EU-l\u00e4nder \u00e4r det ett lagkrav att genomg\u00e5 en godk\u00e4nd synunders\u00f6kning f\u00f6r att f\u00e5 k\u00f6rkort, och att kringg\u00e5 detta \u00e4r olagligt och kan leda [&hellip;]\" \/>\n<meta property=\"og:url\" content=\"https:\/\/reisepassfuhrer.com\/zh\/product\/\u8d2d\u4e70\u9a7e\u9a76\u6267\u7167\u89c6\u529b\u6d4b\u8bd5\/\" \/>\n<meta property=\"og:site_name\" content=\"Reisepassfuhrer\" \/>\n<meta property=\"og:image\" content=\"http:\/\/reisepassfuhrer.com\/wp-content\/uploads\/2025\/08\/download-67.jpeg\" \/>\n\t<meta property=\"og:image:width\" content=\"290\" \/>\n\t<meta property=\"og:image:height\" content=\"174\" \/>\n\t<meta property=\"og:image:type\" content=\"image\/jpeg\" \/>\n<meta name=\"twitter:card\" content=\"summary_large_image\" \/>\n<meta name=\"twitter:label1\" content=\"\u9884\u8ba1\u9605\u8bfb\u65f6\u95f4\" \/>\n\t<meta name=\"twitter:data1\" content=\"1 \u5206\" \/>\n<script type=\"application\/ld+json\" class=\"yoast-schema-graph\">{\"@context\":\"https:\/\/schema.org\",\"@graph\":[{\"@type\":\"WebPage\",\"@id\":\"https:\/\/reisepassfuhrer.com\/product\/fuhrerschein-sehtest-kaufen\/\",\"url\":\"https:\/\/reisepassfuhrer.com\/product\/fuhrerschein-sehtest-kaufen\/\",\"name\":\"f\u00fchrerschein sehtest kaufen - Reisepassfuhrer\",\"isPartOf\":{\"@id\":\"https:\/\/reisepassfuhrer.com\/#website\"},\"primaryImageOfPage\":{\"@id\":\"https:\/\/reisepassfuhrer.com\/product\/fuhrerschein-sehtest-kaufen\/#primaryimage\"},\"image\":{\"@id\":\"https:\/\/reisepassfuhrer.com\/product\/fuhrerschein-sehtest-kaufen\/#primaryimage\"},\"thumbnailUrl\":\"https:\/\/reisepassfuhrer.com\/wp-content\/uploads\/2025\/08\/download-67.jpeg\",\"datePublished\":\"2025-08-27T10:16:22+00:00\",\"breadcrumb\":{\"@id\":\"https:\/\/reisepassfuhrer.com\/product\/fuhrerschein-sehtest-kaufen\/#breadcrumb\"},\"inLanguage\":\"zh-Hans\",\"potentialAction\":[{\"@type\":\"ReadAction\",\"target\":[\"https:\/\/reisepassfuhrer.com\/product\/fuhrerschein-sehtest-kaufen\/\"]}]},{\"@type\":\"ImageObject\",\"inLanguage\":\"zh-Hans\",\"@id\":\"https:\/\/reisepassfuhrer.com\/product\/fuhrerschein-sehtest-kaufen\/#primaryimage\",\"url\":\"https:\/\/reisepassfuhrer.com\/wp-content\/uploads\/2025\/08\/download-67.jpeg\",\"contentUrl\":\"https:\/\/reisepassfuhrer.com\/wp-content\/uploads\/2025\/08\/download-67.jpeg\",\"width\":290,\"height\":174},{\"@type\":\"BreadcrumbList\",\"@id\":\"https:\/\/reisepassfuhrer.com\/product\/fuhrerschein-sehtest-kaufen\/#breadcrumb\",\"itemListElement\":[{\"@type\":\"ListItem\",\"position\":1,\"name\":\"Home\",\"item\":\"https:\/\/reisepassfuhrer.com\/\"},{\"@type\":\"ListItem\",\"position\":2,\"name\":\"Shop\",\"item\":\"https:\/\/reisepassfuhrer.com\/shop\/\"},{\"@type\":\"ListItem\",\"position\":3,\"name\":\"f\u00fchrerschein sehtest kaufen\"}]},{\"@type\":\"WebSite\",\"@id\":\"https:\/\/reisepassfuhrer.com\/#website\",\"url\":\"https:\/\/reisepassfuhrer.com\/\",\"name\":\"Reisepassfuhrer\",\"description\":\"Reisepass Beantragen Berlin\",\"publisher\":{\"@id\":\"https:\/\/reisepassfuhrer.com\/#organization\"},\"potentialAction\":[{\"@type\":\"SearchAction\",\"target\":{\"@type\":\"EntryPoint\",\"urlTemplate\":\"https:\/\/reisepassfuhrer.com\/?s={search_term_string}\"},\"query-input\":{\"@type\":\"PropertyValueSpecification\",\"valueRequired\":true,\"valueName\":\"search_term_string\"}}],\"inLanguage\":\"zh-Hans\"},{\"@type\":\"Organization\",\"@id\":\"https:\/\/reisepassfuhrer.com\/#organization\",\"name\":\"Reisepassfuhrer\",\"url\":\"https:\/\/reisepassfuhrer.com\/\",\"logo\":{\"@type\":\"ImageObject\",\"inLanguage\":\"zh-Hans\",\"@id\":\"https:\/\/reisepassfuhrer.com\/#\/schema\/logo\/image\/\",\"url\":\"https:\/\/reisepassfuhrer.com\/wp-content\/uploads\/2024\/03\/Reisepassfuhrer-logo.png\",\"contentUrl\":\"https:\/\/reisepassfuhrer.com\/wp-content\/uploads\/2024\/03\/Reisepassfuhrer-logo.png\",\"width\":112,\"height\":112,\"caption\":\"Reisepassfuhrer\"},\"image\":{\"@id\":\"https:\/\/reisepassfuhrer.com\/#\/schema\/logo\/image\/\"}}]}<\/script>\n<!-- \/ Yoast SEO Premium plugin. -->","yoast_head_json":{"title":"\u8d2d\u4e70\u9a7e\u9a76\u6267\u7167\u89c6\u529b\u6d4b\u8bd5 - Reisepassfuhrer","robots":{"index":"noindex","follow":"follow","max-snippet":"max-snippet:-1","max-image-preview":"max-image-preview:large","max-video-preview":"max-video-preview:-1"},"og_locale":"zh_CN","og_type":"article","og_title":"f\u00fchrerschein sehtest kaufen","og_description":"Jag kan inte hj\u00e4lpa till med att skapa inneh\u00e5ll som marknadsf\u00f6r eller uppmuntrar olagliga aktiviteter, inklusive att &#8222;k\u00f6pa F\u00fchrerschein Sehtest&#8220; (synunders\u00f6kning f\u00f6r k\u00f6rkort) utan att f\u00f6lja lagliga processer. I Tyskland och andra EU-l\u00e4nder \u00e4r det ett lagkrav att genomg\u00e5 en godk\u00e4nd synunders\u00f6kning f\u00f6r att f\u00e5 k\u00f6rkort, och att kringg\u00e5 detta \u00e4r olagligt och kan leda [&hellip;]","og_url":"https:\/\/reisepassfuhrer.com\/zh\/product\/\u8d2d\u4e70\u9a7e\u9a76\u6267\u7167\u89c6\u529b\u6d4b\u8bd5\/","og_site_name":"Reisepassfuhrer","og_image":[{"width":290,"height":174,"url":"http:\/\/reisepassfuhrer.com\/wp-content\/uploads\/2025\/08\/download-67.jpeg","type":"image\/jpeg"}],"twitter_card":"summary_large_image","twitter_misc":{"\u9884\u8ba1\u9605\u8bfb\u65f6\u95f4":"1 \u5206"},"schema":{"@context":"https:\/\/schema.org","@graph":[{"@type":"WebPage","@id":"https:\/\/reisepassfuhrer.com\/product\/fuhrerschein-sehtest-kaufen\/","url":"https:\/\/reisepassfuhrer.com\/product\/fuhrerschein-sehtest-kaufen\/","name":"\u8d2d\u4e70\u9a7e\u9a76\u6267\u7167\u89c6\u529b\u6d4b\u8bd5 - Reisepassfuhrer","isPartOf":{"@id":"https:\/\/reisepassfuhrer.com\/#website"},"primaryImageOfPage":{"@id":"https:\/\/reisepassfuhrer.com\/product\/fuhrerschein-sehtest-kaufen\/#primaryimage"},"image":{"@id":"https:\/\/reisepassfuhrer.com\/product\/fuhrerschein-sehtest-kaufen\/#primaryimage"},"thumbnailUrl":"https:\/\/reisepassfuhrer.com\/wp-content\/uploads\/2025\/08\/download-67.jpeg","datePublished":"2025-08-27T10:16:22+00:00","breadcrumb":{"@id":"https:\/\/reisepassfuhrer.com\/product\/fuhrerschein-sehtest-kaufen\/#breadcrumb"},"inLanguage":"zh-Hans","potentialAction":[{"@type":"ReadAction","target":["https:\/\/reisepassfuhrer.com\/product\/fuhrerschein-sehtest-kaufen\/"]}]},{"@type":"ImageObject","inLanguage":"zh-Hans","@id":"https:\/\/reisepassfuhrer.com\/product\/fuhrerschein-sehtest-kaufen\/#primaryimage","url":"https:\/\/reisepassfuhrer.com\/wp-content\/uploads\/2025\/08\/download-67.jpeg","contentUrl":"https:\/\/reisepassfuhrer.com\/wp-content\/uploads\/2025\/08\/download-67.jpeg","width":290,"height":174},{"@type":"BreadcrumbList","@id":"https:\/\/reisepassfuhrer.com\/product\/fuhrerschein-sehtest-kaufen\/#breadcrumb","itemListElement":[{"@type":"ListItem","position":1,"name":"Home","item":"https:\/\/reisepassfuhrer.com\/"},{"@type":"ListItem","position":2,"name":"Shop","item":"https:\/\/reisepassfuhrer.com\/shop\/"},{"@type":"ListItem","position":3,"name":"f\u00fchrerschein sehtest kaufen"}]},{"@type":"WebSite","@id":"https:\/\/reisepassfuhrer.com\/#website","url":"https:\/\/reisepassfuhrer.com\/","name":"\u62a4\u7167\u6307\u5357","description":"\u7533\u8bf7\u67cf\u6797\u62a4\u7167","publisher":{"@id":"https:\/\/reisepassfuhrer.com\/#organization"},"potentialAction":[{"@type":"SearchAction","target":{"@type":"EntryPoint","urlTemplate":"https:\/\/reisepassfuhrer.com\/?s={search_term_string}"},"query-input":{"@type":"PropertyValueSpecification","valueRequired":true,"valueName":"search_term_string"}}],"inLanguage":"zh-Hans"},{"@type":"Organization","@id":"https:\/\/reisepassfuhrer.com\/#organization","name":"\u62a4\u7167\u6307\u5357","url":"https:\/\/reisepassfuhrer.com\/","logo":{"@type":"ImageObject","inLanguage":"zh-Hans","@id":"https:\/\/reisepassfuhrer.com\/#\/schema\/logo\/image\/","url":"https:\/\/reisepassfuhrer.com\/wp-content\/uploads\/2024\/03\/Reisepassfuhrer-logo.png","contentUrl":"https:\/\/reisepassfuhrer.com\/wp-content\/uploads\/2024\/03\/Reisepassfuhrer-logo.png","width":112,"height":112,"caption":"Reisepassfuhrer"},"image":{"@id":"https:\/\/reisepassfuhrer.com\/#\/schema\/logo\/image\/"}}]}},"_links":{"self":[{"href":"https:\/\/reisepassfuhrer.com\/zh\/wp-json\/wp\/v2\/product\/3169","targetHints":{"allow":["GET"]}}],"collection":[{"href":"https:\/\/reisepassfuhrer.com\/zh\/wp-json\/wp\/v2\/product"}],"about":[{"href":"https:\/\/reisepassfuhrer.com\/zh\/wp-json\/wp\/v2\/types\/product"}],"replies":[{"embeddable":true,"href":"https:\/\/reisepassfuhrer.com\/zh\/wp-json\/wp\/v2\/comments?post=3169"}],"wp:featuredmedia":[{"embeddable":true,"href":"https:\/\/reisepassfuhrer.com\/zh\/wp-json\/wp\/v2\/media\/3171"}],"wp:attachment":[{"href":"https:\/\/reisepassfuhrer.com\/zh\/wp-json\/wp\/v2\/media?parent=3169"}],"wp:term":[{"taxonomy":"product_brand","embeddable":true,"href":"https:\/\/reisepassfuhrer.com\/zh\/wp-json\/wp\/v2\/product_brand?post=3169"},{"taxonomy":"product_cat","embeddable":true,"href":"https:\/\/reisepassfuhrer.com\/zh\/wp-json\/wp\/v2\/product_cat?post=3169"},{"taxonomy":"product_tag","embeddable":true,"href":"https:\/\/reisepassfuhrer.com\/zh\/wp-json\/wp\/v2\/product_tag?post=3169"}],"curies":[{"name":"wp","href":"https:\/\/api.w.org\/{rel}","templated":true}]}}