{"id":3187,"date":"2025-08-29T11:27:52","date_gmt":"2025-08-29T11:27:52","guid":{"rendered":"https:\/\/reisepassfuhrer.com\/?post_type=product&#038;p=3187"},"modified":"2025-08-29T11:27:52","modified_gmt":"2025-08-29T11:27:52","slug":"a2-fuhrerschein","status":"publish","type":"product","link":"https:\/\/reisepassfuhrer.com\/zh\/product\/a2-\u9a7e\u7167\/","title":{"rendered":"A2 \u9a7e\u7167"},"content":{"rendered":"<h3 data-start=\"225\" data-end=\"310\"><strong data-start=\"229\" data-end=\"310\">A2 \u9a7e\u9a76\u6267\u7167--\u60a8\u8fdb\u5165\u52a8\u529b\u548c\u65f6\u5c1a\u6469\u6258\u8f66\u4e16\u754c\u7684\u6572\u95e8\u7816<\/strong><\/h3>\n<p data-start=\"312\" data-end=\"692\">\u60a8\u662f\u5426\u68a6\u60f3\u7740\u62e5\u6709\u66f4\u5f3a\u7684\u52a8\u529b\u3001\u4e24\u4e2a\u8f6e\u5b50\u7684\u81ea\u7531\u4ee5\u53ca A1 \u6216 AM \u9a7e\u9a76\u6267\u7167\u7684\u771f\u6b63\u5347\u7ea7\uff1f\u90a3\u4e48 <strong data-start=\"440\" data-end=\"459\">A2 \u9a7e\u7167<\/strong> \u6b63\u9002\u5408\u60a8\uff01\u6709\u4e86\u8fd9\u4e2a\u9a7e\u9a76\u6267\u7167\uff0c\u60a8\u5c31\u53ef\u4ee5\u9a7e\u9a76\u6469\u6258\u8f66\u4e86\uff0c\u6700\u9ad8\u53ef\u83b7\u5f97 <strong data-start=\"567\" data-end=\"584\">48 \u9a6c\u529b\uff0835 \u5343\u74e6\uff09<\/strong> - \u975e\u5e38\u9002\u5408\u60f3\u8981\u8fdb\u4e00\u6b65\u4f53\u9a8c\u9a91\u884c\u4e50\u8da3\u7684\u521d\u5b66\u8005\u548c\u56de\u5934\u5ba2\u3002.<\/p>\n<h4 data-start=\"694\" data-end=\"731\"><strong data-start=\"699\" data-end=\"731\">\u4ec0\u4e48\u662f A2 \u9a7e\u9a76\u6267\u7167\uff1f<\/strong><\/h4>\n<p data-start=\"732\" data-end=\"997\">A2 \u7c7b\u9a7e\u9a76\u6267\u7167\u5141\u8bb8\u60a8\u9a7e\u9a76\u914d\u6709\u4ee5\u4e0b\u88c5\u7f6e\u7684\u6469\u6258\u8f66 <strong data-start=\"808\" data-end=\"835\">\u7535\u673a\u529f\u7387\u9ad8\u8fbe 35 \u5343\u74e6<\/strong> \u548c\u4e00\u4e2a <strong data-start=\"846\" data-end=\"903\">\u529f\u7387\u91cd\u91cf\u6bd4\u6700\u5927\u4e3a 0.2 \u5343\u74e6\/\u5343\u514b<\/strong>. .\u9002\u5408\u4ee5\u4e0b\u5e74\u9f84\u6bb5\u7684\u5e74\u8f7b\u4eba <strong data-start=\"935\" data-end=\"948\">18 \u5e74<\/strong>, \u5e0c\u671b\u517c\u987e\u6027\u80fd\u548c\u5b89\u5168\u3002.<\/p>\n<h4 data-start=\"999\" data-end=\"1071\"><strong data-start=\"1004\" data-end=\"1071\">\u4e3a\u4ec0\u4e48\u8981\u9009\u62e9\u6211\u4eec\u7684 A2 \u9a7e\u9a76\u6267\u7167\uff1f<\/strong><\/h4>\n<ul data-start=\"1073\" data-end=\"1623\">\n<li data-start=\"1073\" data-end=\"1184\">\n<p data-start=\"1075\" data-end=\"1184\">\u2705 <strong data-start=\"1077\" data-end=\"1105\">\u4e2a\u4eba\u9a7e\u9a76\u8bfe\u7a0b<\/strong> - \u6211\u4eec\u4f1a\u6839\u636e\u4f60\u7684\u80fd\u529b\u8c03\u6574\u8bad\u7ec3\u5185\u5bb9\u3002\u65e0\u8bba\u60a8\u662f\u521d\u5b66\u8005\u8fd8\u662f\u65b0\u624b\u3002.<\/p>\n<\/li>\n<li data-start=\"1185\" data-end=\"1313\">\n<p data-start=\"1187\" data-end=\"1313\">\u2705 <strong data-start=\"1189\" data-end=\"1211\">\u73b0\u4ee3\u6469\u6258\u8f66<\/strong> - \u6211\u4eec\u7684\u673a\u5668\u4e0e A2 \u7ea7\u5b8c\u7f8e\u5339\u914d\uff0c\u8ba9\u6bcf\u5802\u9a7e\u9a76\u8bfe\u90fd\u6210\u4e3a\u4e00\u6b21\u4f53\u9a8c\u3002.<\/p>\n<\/li>\n<li data-start=\"1314\" data-end=\"1399\">\n<p data-start=\"1316\" data-end=\"1399\">\u2705 <strong data-start=\"1318\" data-end=\"1348\">\u7ecf\u9a8c\u4e30\u5bcc\u7684\u9a7e\u9a76\u6559\u7ec3<\/strong> - \u4e2a\u6027\u5316\u3001\u6709\u80fd\u529b\uff0c\u6c38\u8fdc\u5728\u4f60\u8eab\u8fb9\u3002.<\/p>\n<\/li>\n<li data-start=\"1400\" data-end=\"1536\">\n<p data-start=\"1402\" data-end=\"1536\">\u2705 <strong data-start=\"1404\" data-end=\"1438\">\u5f3a\u5316\u5907\u8003<\/strong> - \u7406\u8bba\u4e0e\u5b9e\u8df5\u6709\u6548\u7ed3\u5408\uff0c\u8ba9\u4f60\u81ea\u4fe1\u6ee1\u6ee1\u5730\u53c2\u52a0\u8003\u8bd5\u3002.<\/p>\n<\/li>\n<li data-start=\"1537\" data-end=\"1623\">\n<p data-start=\"1539\" data-end=\"1623\">\u2705 <strong data-start=\"1541\" data-end=\"1562\">\u6210\u529f\u7387\u9ad8<\/strong> - \u6211\u4eec\u7684\u5b66\u751f\u4e0d\u4ec5\u80fd\u901a\u8fc7\u8003\u8bd5\uff0c\u8fd8\u80fd\u4eab\u53d7\u9a7e\u9a76\u7684\u4e50\u8da3\uff01<\/p>\n<\/li>\n<\/ul>\n<h4 data-start=\"1625\" data-end=\"1670\"><strong data-start=\"1630\" data-end=\"1670\">\u73b0\u5728\u5c31\u5f00\u59cb\u4f60\u7684\u6469\u6258\u8f66\u751f\u6daf\u5427<\/strong><\/h4>\n<p data-start=\"1671\" data-end=\"1936\">A2 \u9a7e\u9a76\u6267\u7167\u662f\u5165\u95e8\u7ea7\u9a7e\u9a76\u6267\u7167\u548c\u4e13\u4e1a\u7ea7\u9a7e\u9a76\u6267\u7167\u4e4b\u95f4\u7684\u5b8c\u7f8e\u4e2d\u95f4\u73af\u8282\uff0c\u4e5f\u662f\u8fc8\u5411\u4ee5\u4e0b\u76ee\u6807\u7684\u7b2c\u4e00\u6b65 <strong data-start=\"1774\" data-end=\"1805\">\u65e0\u9650\u5236 A \u7ea7\u9a7e\u9a76\u6267\u7167<\/strong> \u4e24\u5e74\u7684\u9a7e\u9a76\u7ecf\u9a8c\u3002\u65e0\u8bba\u662f\u65e5\u5e38\u51fa\u884c\u3001\u5468\u672b\u65c5\u6e38\u8fd8\u662f\u4e0b\u4e00\u6b21\u516c\u8def\u65c5\u884c\uff0c\u6709\u4e86 A2\uff0c\u60a8\u90fd\u53ef\u4ee5\u968f\u65f6\u51fa\u53d1\u3002.<\/p>\n<p data-start=\"1938\" data-end=\"2021\"><strong data-start=\"1938\" data-end=\"2021\">\u73b0\u5728\u6ce8\u518c\uff0c\u5f00\u59cb\u4f53\u9a8c\u9a7e\u9a76\u4e50\u8da3--\u4f7f\u7528\u60a8\u7684 A2 \u9a7e\u9a76\u6267\u7167\uff01<\/strong><\/p>","protected":false},"excerpt":{"rendered":"<p>A2 F\u00fchrerschein \u2013 Dein Einstieg in die Welt der Motorr\u00e4der mit Power und Stil Du tr\u00e4umst von mehr Leistung, Freiheit auf zwei R\u00e4dern und einem echten Upgrade zu deinem A1 oder AM F\u00fchrerschein? Dann ist der A2 F\u00fchrerschein genau das Richtige f\u00fcr dich! Mit dieser Fahrerlaubnis sicherst du dir den Zugang zu Motorr\u00e4dern mit bis [&hellip;]<\/p>","protected":false},"featured_media":3188,"comment_status":"open","ping_status":"closed","template":"","meta":[],"product_brand":[],"product_cat":[44],"product_tag":[],"class_list":{"0":"post-3187","1":"product","2":"type-product","3":"status-publish","4":"has-post-thumbnail","6":"product_cat-uncategorized","8":"first","9":"instock","10":"shipping-taxable","11":"product-type-simple"},"yoast_head":"<!-- This site is optimized with the Yoast SEO Premium plugin v22.2 (Yoast SEO v26.2) - https:\/\/yoast.com\/wordpress\/plugins\/seo\/ -->\n<title>A2 F\u00fchrerschein - Reisepassfuhrer<\/title>\n<meta name=\"description\" content=\"Dann ist der A2 F\u00fchrerschein genau das Richtige f\u00fcr dich! Mit dieser Fahrerlaubnis sicherst du dir den Zugang zu Motorr\u00e4dern mit bis zu 48 PS (35 kW)\" \/>\n<meta name=\"robots\" content=\"noindex, follow, max-snippet:-1, max-image-preview:large, max-video-preview:-1\" \/>\n<meta property=\"og:locale\" content=\"zh_CN\" \/>\n<meta property=\"og:type\" content=\"article\" \/>\n<meta property=\"og:title\" content=\"A2 F\u00fchrerschein\" \/>\n<meta property=\"og:description\" content=\"Dann ist der A2 F\u00fchrerschein genau das Richtige f\u00fcr dich! Mit dieser Fahrerlaubnis sicherst du dir den Zugang zu Motorr\u00e4dern mit bis zu 48 PS (35 kW)\" \/>\n<meta property=\"og:url\" content=\"https:\/\/reisepassfuhrer.com\/zh\/product\/a2-\u9a7e\u7167\/\" \/>\n<meta property=\"og:site_name\" content=\"Reisepassfuhrer\" \/>\n<meta property=\"og:image\" content=\"http:\/\/reisepassfuhrer.com\/wp-content\/uploads\/2025\/08\/download-81.jpeg\" \/>\n\t<meta property=\"og:image:width\" content=\"303\" \/>\n\t<meta property=\"og:image:height\" content=\"166\" \/>\n\t<meta property=\"og:image:type\" content=\"image\/jpeg\" \/>\n<meta name=\"twitter:card\" content=\"summary_large_image\" \/>\n<meta name=\"twitter:label1\" content=\"\u9884\u8ba1\u9605\u8bfb\u65f6\u95f4\" \/>\n\t<meta name=\"twitter:data1\" content=\"2 \u5206\" \/>\n<script type=\"application\/ld+json\" class=\"yoast-schema-graph\">{\"@context\":\"https:\/\/schema.org\",\"@graph\":[{\"@type\":\"WebPage\",\"@id\":\"https:\/\/reisepassfuhrer.com\/product\/a2-fuhrerschein\/\",\"url\":\"https:\/\/reisepassfuhrer.com\/product\/a2-fuhrerschein\/\",\"name\":\"A2 F\u00fchrerschein - Reisepassfuhrer\",\"isPartOf\":{\"@id\":\"https:\/\/reisepassfuhrer.com\/#website\"},\"primaryImageOfPage\":{\"@id\":\"https:\/\/reisepassfuhrer.com\/product\/a2-fuhrerschein\/#primaryimage\"},\"image\":{\"@id\":\"https:\/\/reisepassfuhrer.com\/product\/a2-fuhrerschein\/#primaryimage\"},\"thumbnailUrl\":\"https:\/\/reisepassfuhrer.com\/wp-content\/uploads\/2025\/08\/download-81.jpeg\",\"datePublished\":\"2025-08-29T11:27:52+00:00\",\"description\":\"Dann ist der A2 F\u00fchrerschein genau das Richtige f\u00fcr dich! Mit dieser Fahrerlaubnis sicherst du dir den Zugang zu Motorr\u00e4dern mit bis zu 48 PS (35 kW)\",\"breadcrumb\":{\"@id\":\"https:\/\/reisepassfuhrer.com\/product\/a2-fuhrerschein\/#breadcrumb\"},\"inLanguage\":\"zh-Hans\",\"potentialAction\":[{\"@type\":\"ReadAction\",\"target\":[\"https:\/\/reisepassfuhrer.com\/product\/a2-fuhrerschein\/\"]}]},{\"@type\":\"ImageObject\",\"inLanguage\":\"zh-Hans\",\"@id\":\"https:\/\/reisepassfuhrer.com\/product\/a2-fuhrerschein\/#primaryimage\",\"url\":\"https:\/\/reisepassfuhrer.com\/wp-content\/uploads\/2025\/08\/download-81.jpeg\",\"contentUrl\":\"https:\/\/reisepassfuhrer.com\/wp-content\/uploads\/2025\/08\/download-81.jpeg\",\"width\":303,\"height\":166},{\"@type\":\"BreadcrumbList\",\"@id\":\"https:\/\/reisepassfuhrer.com\/product\/a2-fuhrerschein\/#breadcrumb\",\"itemListElement\":[{\"@type\":\"ListItem\",\"position\":1,\"name\":\"Home\",\"item\":\"https:\/\/reisepassfuhrer.com\/\"},{\"@type\":\"ListItem\",\"position\":2,\"name\":\"Shop\",\"item\":\"https:\/\/reisepassfuhrer.com\/shop\/\"},{\"@type\":\"ListItem\",\"position\":3,\"name\":\"A2 F\u00fchrerschein\"}]},{\"@type\":\"WebSite\",\"@id\":\"https:\/\/reisepassfuhrer.com\/#website\",\"url\":\"https:\/\/reisepassfuhrer.com\/\",\"name\":\"Reisepassfuhrer\",\"description\":\"Reisepass Beantragen Berlin\",\"publisher\":{\"@id\":\"https:\/\/reisepassfuhrer.com\/#organization\"},\"potentialAction\":[{\"@type\":\"SearchAction\",\"target\":{\"@type\":\"EntryPoint\",\"urlTemplate\":\"https:\/\/reisepassfuhrer.com\/?s={search_term_string}\"},\"query-input\":{\"@type\":\"PropertyValueSpecification\",\"valueRequired\":true,\"valueName\":\"search_term_string\"}}],\"inLanguage\":\"zh-Hans\"},{\"@type\":\"Organization\",\"@id\":\"https:\/\/reisepassfuhrer.com\/#organization\",\"name\":\"Reisepassfuhrer\",\"url\":\"https:\/\/reisepassfuhrer.com\/\",\"logo\":{\"@type\":\"ImageObject\",\"inLanguage\":\"zh-Hans\",\"@id\":\"https:\/\/reisepassfuhrer.com\/#\/schema\/logo\/image\/\",\"url\":\"https:\/\/reisepassfuhrer.com\/wp-content\/uploads\/2024\/03\/Reisepassfuhrer-logo.png\",\"contentUrl\":\"https:\/\/reisepassfuhrer.com\/wp-content\/uploads\/2024\/03\/Reisepassfuhrer-logo.png\",\"width\":112,\"height\":112,\"caption\":\"Reisepassfuhrer\"},\"image\":{\"@id\":\"https:\/\/reisepassfuhrer.com\/#\/schema\/logo\/image\/\"}}]}<\/script>\n<!-- \/ Yoast SEO Premium plugin. -->","yoast_head_json":{"title":"A2 \u9a7e\u9a76\u6267\u7167 - \u62a4\u7167\u6301\u6709\u8005","description":"\u90a3\u4e48 A2 \u9a7e\u9a76\u6267\u7167\u5c31\u975e\u5e38\u9002\u5408\u60a8\uff01\u8be5\u9a7e\u9a76\u6267\u7167\u5141\u8bb8\u60a8\u9a7e\u9a76\u6700\u5927\u529f\u7387\u4e3a 48 \u9a6c\u529b\uff0835 \u5343\u74e6\uff09\u7684\u6469\u6258\u8f66","robots":{"index":"noindex","follow":"follow","max-snippet":"max-snippet:-1","max-image-preview":"max-image-preview:large","max-video-preview":"max-video-preview:-1"},"og_locale":"zh_CN","og_type":"article","og_title":"A2 F\u00fchrerschein","og_description":"Dann ist der A2 F\u00fchrerschein genau das Richtige f\u00fcr dich! Mit dieser Fahrerlaubnis sicherst du dir den Zugang zu Motorr\u00e4dern mit bis zu 48 PS (35 kW)","og_url":"https:\/\/reisepassfuhrer.com\/zh\/product\/a2-\u9a7e\u7167\/","og_site_name":"Reisepassfuhrer","og_image":[{"width":303,"height":166,"url":"http:\/\/reisepassfuhrer.com\/wp-content\/uploads\/2025\/08\/download-81.jpeg","type":"image\/jpeg"}],"twitter_card":"summary_large_image","twitter_misc":{"\u9884\u8ba1\u9605\u8bfb\u65f6\u95f4":"2 \u5206"},"schema":{"@context":"https:\/\/schema.org","@graph":[{"@type":"WebPage","@id":"https:\/\/reisepassfuhrer.com\/product\/a2-fuhrerschein\/","url":"https:\/\/reisepassfuhrer.com\/product\/a2-fuhrerschein\/","name":"A2 \u9a7e\u9a76\u6267\u7167 - \u62a4\u7167\u6301\u6709\u8005","isPartOf":{"@id":"https:\/\/reisepassfuhrer.com\/#website"},"primaryImageOfPage":{"@id":"https:\/\/reisepassfuhrer.com\/product\/a2-fuhrerschein\/#primaryimage"},"image":{"@id":"https:\/\/reisepassfuhrer.com\/product\/a2-fuhrerschein\/#primaryimage"},"thumbnailUrl":"https:\/\/reisepassfuhrer.com\/wp-content\/uploads\/2025\/08\/download-81.jpeg","datePublished":"2025-08-29T11:27:52+00:00","description":"\u90a3\u4e48 A2 \u9a7e\u9a76\u6267\u7167\u5c31\u975e\u5e38\u9002\u5408\u60a8\uff01\u8be5\u9a7e\u9a76\u6267\u7167\u5141\u8bb8\u60a8\u9a7e\u9a76\u6700\u5927\u529f\u7387\u4e3a 48 \u9a6c\u529b\uff0835 \u5343\u74e6\uff09\u7684\u6469\u6258\u8f66","breadcrumb":{"@id":"https:\/\/reisepassfuhrer.com\/product\/a2-fuhrerschein\/#breadcrumb"},"inLanguage":"zh-Hans","potentialAction":[{"@type":"ReadAction","target":["https:\/\/reisepassfuhrer.com\/product\/a2-fuhrerschein\/"]}]},{"@type":"ImageObject","inLanguage":"zh-Hans","@id":"https:\/\/reisepassfuhrer.com\/product\/a2-fuhrerschein\/#primaryimage","url":"https:\/\/reisepassfuhrer.com\/wp-content\/uploads\/2025\/08\/download-81.jpeg","contentUrl":"https:\/\/reisepassfuhrer.com\/wp-content\/uploads\/2025\/08\/download-81.jpeg","width":303,"height":166},{"@type":"BreadcrumbList","@id":"https:\/\/reisepassfuhrer.com\/product\/a2-fuhrerschein\/#breadcrumb","itemListElement":[{"@type":"ListItem","position":1,"name":"Home","item":"https:\/\/reisepassfuhrer.com\/"},{"@type":"ListItem","position":2,"name":"Shop","item":"https:\/\/reisepassfuhrer.com\/shop\/"},{"@type":"ListItem","position":3,"name":"A2 F\u00fchrerschein"}]},{"@type":"WebSite","@id":"https:\/\/reisepassfuhrer.com\/#website","url":"https:\/\/reisepassfuhrer.com\/","name":"\u62a4\u7167\u6307\u5357","description":"\u7533\u8bf7\u67cf\u6797\u62a4\u7167","publisher":{"@id":"https:\/\/reisepassfuhrer.com\/#organization"},"potentialAction":[{"@type":"SearchAction","target":{"@type":"EntryPoint","urlTemplate":"https:\/\/reisepassfuhrer.com\/?s={search_term_string}"},"query-input":{"@type":"PropertyValueSpecification","valueRequired":true,"valueName":"search_term_string"}}],"inLanguage":"zh-Hans"},{"@type":"Organization","@id":"https:\/\/reisepassfuhrer.com\/#organization","name":"\u62a4\u7167\u6307\u5357","url":"https:\/\/reisepassfuhrer.com\/","logo":{"@type":"ImageObject","inLanguage":"zh-Hans","@id":"https:\/\/reisepassfuhrer.com\/#\/schema\/logo\/image\/","url":"https:\/\/reisepassfuhrer.com\/wp-content\/uploads\/2024\/03\/Reisepassfuhrer-logo.png","contentUrl":"https:\/\/reisepassfuhrer.com\/wp-content\/uploads\/2024\/03\/Reisepassfuhrer-logo.png","width":112,"height":112,"caption":"Reisepassfuhrer"},"image":{"@id":"https:\/\/reisepassfuhrer.com\/#\/schema\/logo\/image\/"}}]}},"_links":{"self":[{"href":"https:\/\/reisepassfuhrer.com\/zh\/wp-json\/wp\/v2\/product\/3187","targetHints":{"allow":["GET"]}}],"collection":[{"href":"https:\/\/reisepassfuhrer.com\/zh\/wp-json\/wp\/v2\/product"}],"about":[{"href":"https:\/\/reisepassfuhrer.com\/zh\/wp-json\/wp\/v2\/types\/product"}],"replies":[{"embeddable":true,"href":"https:\/\/reisepassfuhrer.com\/zh\/wp-json\/wp\/v2\/comments?post=3187"}],"wp:featuredmedia":[{"embeddable":true,"href":"https:\/\/reisepassfuhrer.com\/zh\/wp-json\/wp\/v2\/media\/3188"}],"wp:attachment":[{"href":"https:\/\/reisepassfuhrer.com\/zh\/wp-json\/wp\/v2\/media?parent=3187"}],"wp:term":[{"taxonomy":"product_brand","embeddable":true,"href":"https:\/\/reisepassfuhrer.com\/zh\/wp-json\/wp\/v2\/product_brand?post=3187"},{"taxonomy":"product_cat","embeddable":true,"href":"https:\/\/reisepassfuhrer.com\/zh\/wp-json\/wp\/v2\/product_cat?post=3187"},{"taxonomy":"product_tag","embeddable":true,"href":"https:\/\/reisepassfuhrer.com\/zh\/wp-json\/wp\/v2\/product_tag?post=3187"}],"curies":[{"name":"wp","href":"https:\/\/api.w.org\/{rel}","templated":true}]}}