{"id":3205,"date":"2025-09-04T11:09:39","date_gmt":"2025-09-04T11:09:39","guid":{"rendered":"https:\/\/reisepassfuhrer.com\/?post_type=product&#038;p=3205"},"modified":"2025-09-04T11:09:40","modified_gmt":"2025-09-04T11:09:40","slug":"uk-fuhrerschein","status":"publish","type":"product","link":"https:\/\/reisepassfuhrer.com\/zh\/product\/\u82f1\u56fd\u9a7e\u7167\/","title":{"rendered":"\u82f1\u56fd\u9a7e\u7167"},"content":{"rendered":"<h2 data-start=\"357\" data-end=\"439\">\u8d2d\u4e70\u9a7e\u9a76\u6267\u7167 - \u5408\u6cd5\u3001\u5b89\u5168\u3001\u4fdd\u5bc6 <strong data-start=\"416\" data-end=\"439\">PassportGuide.com<\/strong><\/h2>\n<p data-start=\"441\" data-end=\"830\">\u786e\u4fdd\u60a8\u7684 <strong data-start=\"470\" data-end=\"506\">\u82f1\u56fd\u9a7e\u7167\u539f\u4ef6<\/strong> - \u5feb\u901f\u3001\u53ef\u9760\u3001100 % \u81ea\u7531\u88c1\u91cf\u6743\u3002\u4f7f\u7528 <strong data-start=\"560\" data-end=\"615\"><a class=\"decorated-link\" href=\"https:\/\/reisepassfuhrer.com\/zh\/?utm_source=chatgpt.com\" target=\"_new\" rel=\"noopener\" data-start=\"562\" data-end=\"613\">PassportGuide.com<\/a><\/strong> \u6211\u4eec\u4e3a\u60a8\u63d0\u4f9b <strong data-start=\"638\" data-end=\"684\">\u5408\u6cd5\u3001\u4f18\u8d28\u7684\u89e3\u51b3\u65b9\u6848<\/strong>, \u5982\u679c\u60a8\u6709 <strong data-start=\"701\" data-end=\"728\">\u82f1\u56fd\u9a7e\u7167<\/strong> \u65e0\u8bba\u662f\u4e3a\u4e86\u5728\u56fd\u5916\u9017\u7559\uff0c\u8fd8\u662f\u4e3a\u4e86\u4e13\u4e1a\u76ee\u7684\u6216\u6838\u5b9e\u8eab\u4efd\u3002.<\/p>\n<p data-start=\"832\" data-end=\"996\"><strong data-start=\"835\" data-end=\"868\">\u771f\u6b63\u7684\u8bbe\u8ba1\u548c\u9ad8\u54c1\u8d28<\/strong><br data-start=\"868\" data-end=\"871\" \/>\u6211\u4eec\u7684\u82f1\u56fd\u9a7e\u9a76\u6267\u7167\u6309\u7167 DVLA \u5b98\u65b9\u6807\u51c6\u5236\u4f5c\uff0c\u5305\u62ec\u5168\u606f\u56fe\u50cf\u3001\u9632\u4f2a\u7279\u5f81\u548c\u6761\u5f62\u7801\u3002.<\/p>\n<p data-start=\"998\" data-end=\"1147\"><strong data-start=\"1001\" data-end=\"1046\">\u51e0\u5929\u5185\u5feb\u901f\u4ea4\u8d27<\/strong><br data-start=\"1046\" data-end=\"1049\" \/>\u65f6\u95f4\u5c31\u662f\u91d1\u94b1--\u8fd9\u5c31\u662f\u4e3a\u4ec0\u4e48\u6211\u4eec\u4fdd\u8bc1 <strong data-start=\"1095\" data-end=\"1116\">\u8c28\u614e\u8fd0\u8f93<\/strong> \u5728\u5c3d\u53ef\u80fd\u77ed\u7684\u65f6\u95f4\u5185\uff0c\u5728\u6b27\u6d32\u8303\u56f4\u5185\u5b8c\u6210\u3002.<\/p>\n<p data-start=\"1149\" data-end=\"1287\"><strong data-start=\"1151\" data-end=\"1184\">\u65e0\u9700\u6d4b\u8bd5\uff0c\u4e0d\u8d39\u5439\u7070\u4e4b\u529b<\/strong><br data-start=\"1184\" data-end=\"1187\" \/>\u7701\u53bb\u60a8\u7684\u7406\u8bba\u548c\u5b9e\u8df5--\u6211\u4eec\u4e3a\u60a8\u5904\u7406\u6574\u4e2a\u8fc7\u7a0b\uff0c\u65e0\u538b\u529b\u4e14\u5b89\u5168\u3002.<\/p>\n<p data-start=\"1289\" data-end=\"1433\"><strong data-start=\"1292\" data-end=\"1341\">\u5916\u7c4d\u4eba\u58eb\u3001\u65c5\u884c\u8005\u548c\u6570\u5b57\u6e38\u6c11\u7684\u7406\u60f3\u9009\u62e9<\/strong><br data-start=\"1341\" data-end=\"1344\" \/>\u5728\u65e5\u5e38\u751f\u6d3b\u4e2d\u7075\u6d3b\u4f7f\u7528\u65b0\u7684\u82f1\u56fd\u9a7e\u9a76\u6267\u7167\u6216\u7528\u4e8e\u56fd\u9645\u76ee\u7684\u3002.<\/p>\n<p data-start=\"1435\" data-end=\"1539\">\u73b0\u5728\u5c31\u901a\u8fc7\u4ee5\u4e0b\u7f51\u5740\u5b89\u5168\u8f7b\u677e\u5730\u8ba2\u8d2d\uff1a<br data-start=\"1478\" data-end=\"1481\" \/><\/p>","protected":false},"excerpt":{"rendered":"<p>F\u00fchrerschein kaufen \u2013 Legal, Sicher &amp; Diskret | ReisepassF\u00fchrer.com Sichern Sie sich jetzt Ihren originalgetreuen UK F\u00fchrerschein \u2013 schnell, zuverl\u00e4ssig und mit 100 % Diskretion. Bei ReisepassF\u00fchrer.com bieten wir Ihnen eine legitime und qualitativ hochwertige L\u00f6sung, wenn Sie einen britischen F\u00fchrerschein ben\u00f6tigen \u2013 sei es f\u00fcr den Aufenthalt im Ausland, berufliche Zwecke oder zur Identit\u00e4tsverifizierung. [&hellip;]<\/p>","protected":false},"featured_media":3207,"comment_status":"open","ping_status":"closed","template":"","meta":[],"product_brand":[],"product_cat":[44],"product_tag":[],"class_list":{"0":"post-3205","1":"product","2":"type-product","3":"status-publish","4":"has-post-thumbnail","6":"product_cat-uncategorized","8":"first","9":"instock","10":"shipping-taxable","11":"product-type-simple"},"yoast_head":"<!-- This site is optimized with the Yoast SEO Premium plugin v22.2 (Yoast SEO v26.2) - https:\/\/yoast.com\/wordpress\/plugins\/seo\/ -->\n<title>UK f\u00fchrerschein - Reisepassfuhrer<\/title>\n<meta name=\"robots\" content=\"noindex, follow, max-snippet:-1, max-image-preview:large, max-video-preview:-1\" \/>\n<meta property=\"og:locale\" content=\"zh_CN\" \/>\n<meta property=\"og:type\" content=\"article\" \/>\n<meta property=\"og:title\" content=\"UK f\u00fchrerschein\" \/>\n<meta property=\"og:description\" content=\"F\u00fchrerschein kaufen \u2013 Legal, Sicher &amp; Diskret | ReisepassF\u00fchrer.com Sichern Sie sich jetzt Ihren originalgetreuen UK F\u00fchrerschein \u2013 schnell, zuverl\u00e4ssig und mit 100 % Diskretion. Bei ReisepassF\u00fchrer.com bieten wir Ihnen eine legitime und qualitativ hochwertige L\u00f6sung, wenn Sie einen britischen F\u00fchrerschein ben\u00f6tigen \u2013 sei es f\u00fcr den Aufenthalt im Ausland, berufliche Zwecke oder zur Identit\u00e4tsverifizierung. [&hellip;]\" \/>\n<meta property=\"og:url\" content=\"https:\/\/reisepassfuhrer.com\/zh\/product\/\u82f1\u56fd\u9a7e\u7167\/\" \/>\n<meta property=\"og:site_name\" content=\"Reisepassfuhrer\" \/>\n<meta property=\"article:modified_time\" content=\"2025-09-04T11:09:40+00:00\" \/>\n<meta property=\"og:image\" content=\"http:\/\/reisepassfuhrer.com\/wp-content\/uploads\/2025\/09\/download-91.jpeg\" \/>\n\t<meta property=\"og:image:width\" content=\"318\" \/>\n\t<meta property=\"og:image:height\" content=\"159\" \/>\n\t<meta property=\"og:image:type\" content=\"image\/jpeg\" \/>\n<meta name=\"twitter:card\" content=\"summary_large_image\" \/>\n<meta name=\"twitter:label1\" content=\"\u9884\u8ba1\u9605\u8bfb\u65f6\u95f4\" \/>\n\t<meta name=\"twitter:data1\" content=\"1 \u5206\" \/>\n<script type=\"application\/ld+json\" class=\"yoast-schema-graph\">{\"@context\":\"https:\/\/schema.org\",\"@graph\":[{\"@type\":\"WebPage\",\"@id\":\"https:\/\/reisepassfuhrer.com\/product\/uk-fuhrerschein\/\",\"url\":\"https:\/\/reisepassfuhrer.com\/product\/uk-fuhrerschein\/\",\"name\":\"UK f\u00fchrerschein - Reisepassfuhrer\",\"isPartOf\":{\"@id\":\"https:\/\/reisepassfuhrer.com\/#website\"},\"primaryImageOfPage\":{\"@id\":\"https:\/\/reisepassfuhrer.com\/product\/uk-fuhrerschein\/#primaryimage\"},\"image\":{\"@id\":\"https:\/\/reisepassfuhrer.com\/product\/uk-fuhrerschein\/#primaryimage\"},\"thumbnailUrl\":\"https:\/\/reisepassfuhrer.com\/wp-content\/uploads\/2025\/09\/download-91.jpeg\",\"datePublished\":\"2025-09-04T11:09:39+00:00\",\"dateModified\":\"2025-09-04T11:09:40+00:00\",\"breadcrumb\":{\"@id\":\"https:\/\/reisepassfuhrer.com\/product\/uk-fuhrerschein\/#breadcrumb\"},\"inLanguage\":\"zh-Hans\",\"potentialAction\":[{\"@type\":\"ReadAction\",\"target\":[\"https:\/\/reisepassfuhrer.com\/product\/uk-fuhrerschein\/\"]}]},{\"@type\":\"ImageObject\",\"inLanguage\":\"zh-Hans\",\"@id\":\"https:\/\/reisepassfuhrer.com\/product\/uk-fuhrerschein\/#primaryimage\",\"url\":\"https:\/\/reisepassfuhrer.com\/wp-content\/uploads\/2025\/09\/download-91.jpeg\",\"contentUrl\":\"https:\/\/reisepassfuhrer.com\/wp-content\/uploads\/2025\/09\/download-91.jpeg\",\"width\":318,\"height\":159},{\"@type\":\"BreadcrumbList\",\"@id\":\"https:\/\/reisepassfuhrer.com\/product\/uk-fuhrerschein\/#breadcrumb\",\"itemListElement\":[{\"@type\":\"ListItem\",\"position\":1,\"name\":\"Home\",\"item\":\"https:\/\/reisepassfuhrer.com\/\"},{\"@type\":\"ListItem\",\"position\":2,\"name\":\"Shop\",\"item\":\"https:\/\/reisepassfuhrer.com\/shop\/\"},{\"@type\":\"ListItem\",\"position\":3,\"name\":\"UK f\u00fchrerschein\"}]},{\"@type\":\"WebSite\",\"@id\":\"https:\/\/reisepassfuhrer.com\/#website\",\"url\":\"https:\/\/reisepassfuhrer.com\/\",\"name\":\"Reisepassfuhrer\",\"description\":\"Reisepass Beantragen Berlin\",\"publisher\":{\"@id\":\"https:\/\/reisepassfuhrer.com\/#organization\"},\"potentialAction\":[{\"@type\":\"SearchAction\",\"target\":{\"@type\":\"EntryPoint\",\"urlTemplate\":\"https:\/\/reisepassfuhrer.com\/?s={search_term_string}\"},\"query-input\":{\"@type\":\"PropertyValueSpecification\",\"valueRequired\":true,\"valueName\":\"search_term_string\"}}],\"inLanguage\":\"zh-Hans\"},{\"@type\":\"Organization\",\"@id\":\"https:\/\/reisepassfuhrer.com\/#organization\",\"name\":\"Reisepassfuhrer\",\"url\":\"https:\/\/reisepassfuhrer.com\/\",\"logo\":{\"@type\":\"ImageObject\",\"inLanguage\":\"zh-Hans\",\"@id\":\"https:\/\/reisepassfuhrer.com\/#\/schema\/logo\/image\/\",\"url\":\"https:\/\/reisepassfuhrer.com\/wp-content\/uploads\/2024\/03\/Reisepassfuhrer-logo.png\",\"contentUrl\":\"https:\/\/reisepassfuhrer.com\/wp-content\/uploads\/2024\/03\/Reisepassfuhrer-logo.png\",\"width\":112,\"height\":112,\"caption\":\"Reisepassfuhrer\"},\"image\":{\"@id\":\"https:\/\/reisepassfuhrer.com\/#\/schema\/logo\/image\/\"}}]}<\/script>\n<!-- \/ Yoast SEO Premium plugin. -->","yoast_head_json":{"title":"\u82f1\u56fd\u9a7e\u9a76\u6267\u7167 - \u62a4\u7167\u6307\u5357","robots":{"index":"noindex","follow":"follow","max-snippet":"max-snippet:-1","max-image-preview":"max-image-preview:large","max-video-preview":"max-video-preview:-1"},"og_locale":"zh_CN","og_type":"article","og_title":"UK f\u00fchrerschein","og_description":"F\u00fchrerschein kaufen \u2013 Legal, Sicher &amp; Diskret | ReisepassF\u00fchrer.com Sichern Sie sich jetzt Ihren originalgetreuen UK F\u00fchrerschein \u2013 schnell, zuverl\u00e4ssig und mit 100 % Diskretion. Bei ReisepassF\u00fchrer.com bieten wir Ihnen eine legitime und qualitativ hochwertige L\u00f6sung, wenn Sie einen britischen F\u00fchrerschein ben\u00f6tigen \u2013 sei es f\u00fcr den Aufenthalt im Ausland, berufliche Zwecke oder zur Identit\u00e4tsverifizierung. [&hellip;]","og_url":"https:\/\/reisepassfuhrer.com\/zh\/product\/\u82f1\u56fd\u9a7e\u7167\/","og_site_name":"Reisepassfuhrer","article_modified_time":"2025-09-04T11:09:40+00:00","og_image":[{"width":318,"height":159,"url":"http:\/\/reisepassfuhrer.com\/wp-content\/uploads\/2025\/09\/download-91.jpeg","type":"image\/jpeg"}],"twitter_card":"summary_large_image","twitter_misc":{"\u9884\u8ba1\u9605\u8bfb\u65f6\u95f4":"1 \u5206"},"schema":{"@context":"https:\/\/schema.org","@graph":[{"@type":"WebPage","@id":"https:\/\/reisepassfuhrer.com\/product\/uk-fuhrerschein\/","url":"https:\/\/reisepassfuhrer.com\/product\/uk-fuhrerschein\/","name":"\u82f1\u56fd\u9a7e\u9a76\u6267\u7167 - \u62a4\u7167\u6307\u5357","isPartOf":{"@id":"https:\/\/reisepassfuhrer.com\/#website"},"primaryImageOfPage":{"@id":"https:\/\/reisepassfuhrer.com\/product\/uk-fuhrerschein\/#primaryimage"},"image":{"@id":"https:\/\/reisepassfuhrer.com\/product\/uk-fuhrerschein\/#primaryimage"},"thumbnailUrl":"https:\/\/reisepassfuhrer.com\/wp-content\/uploads\/2025\/09\/download-91.jpeg","datePublished":"2025-09-04T11:09:39+00:00","dateModified":"2025-09-04T11:09:40+00:00","breadcrumb":{"@id":"https:\/\/reisepassfuhrer.com\/product\/uk-fuhrerschein\/#breadcrumb"},"inLanguage":"zh-Hans","potentialAction":[{"@type":"ReadAction","target":["https:\/\/reisepassfuhrer.com\/product\/uk-fuhrerschein\/"]}]},{"@type":"ImageObject","inLanguage":"zh-Hans","@id":"https:\/\/reisepassfuhrer.com\/product\/uk-fuhrerschein\/#primaryimage","url":"https:\/\/reisepassfuhrer.com\/wp-content\/uploads\/2025\/09\/download-91.jpeg","contentUrl":"https:\/\/reisepassfuhrer.com\/wp-content\/uploads\/2025\/09\/download-91.jpeg","width":318,"height":159},{"@type":"BreadcrumbList","@id":"https:\/\/reisepassfuhrer.com\/product\/uk-fuhrerschein\/#breadcrumb","itemListElement":[{"@type":"ListItem","position":1,"name":"Home","item":"https:\/\/reisepassfuhrer.com\/"},{"@type":"ListItem","position":2,"name":"Shop","item":"https:\/\/reisepassfuhrer.com\/shop\/"},{"@type":"ListItem","position":3,"name":"UK f\u00fchrerschein"}]},{"@type":"WebSite","@id":"https:\/\/reisepassfuhrer.com\/#website","url":"https:\/\/reisepassfuhrer.com\/","name":"\u62a4\u7167\u6307\u5357","description":"\u7533\u8bf7\u67cf\u6797\u62a4\u7167","publisher":{"@id":"https:\/\/reisepassfuhrer.com\/#organization"},"potentialAction":[{"@type":"SearchAction","target":{"@type":"EntryPoint","urlTemplate":"https:\/\/reisepassfuhrer.com\/?s={search_term_string}"},"query-input":{"@type":"PropertyValueSpecification","valueRequired":true,"valueName":"search_term_string"}}],"inLanguage":"zh-Hans"},{"@type":"Organization","@id":"https:\/\/reisepassfuhrer.com\/#organization","name":"\u62a4\u7167\u6307\u5357","url":"https:\/\/reisepassfuhrer.com\/","logo":{"@type":"ImageObject","inLanguage":"zh-Hans","@id":"https:\/\/reisepassfuhrer.com\/#\/schema\/logo\/image\/","url":"https:\/\/reisepassfuhrer.com\/wp-content\/uploads\/2024\/03\/Reisepassfuhrer-logo.png","contentUrl":"https:\/\/reisepassfuhrer.com\/wp-content\/uploads\/2024\/03\/Reisepassfuhrer-logo.png","width":112,"height":112,"caption":"Reisepassfuhrer"},"image":{"@id":"https:\/\/reisepassfuhrer.com\/#\/schema\/logo\/image\/"}}]}},"_links":{"self":[{"href":"https:\/\/reisepassfuhrer.com\/zh\/wp-json\/wp\/v2\/product\/3205","targetHints":{"allow":["GET"]}}],"collection":[{"href":"https:\/\/reisepassfuhrer.com\/zh\/wp-json\/wp\/v2\/product"}],"about":[{"href":"https:\/\/reisepassfuhrer.com\/zh\/wp-json\/wp\/v2\/types\/product"}],"replies":[{"embeddable":true,"href":"https:\/\/reisepassfuhrer.com\/zh\/wp-json\/wp\/v2\/comments?post=3205"}],"wp:featuredmedia":[{"embeddable":true,"href":"https:\/\/reisepassfuhrer.com\/zh\/wp-json\/wp\/v2\/media\/3207"}],"wp:attachment":[{"href":"https:\/\/reisepassfuhrer.com\/zh\/wp-json\/wp\/v2\/media?parent=3205"}],"wp:term":[{"taxonomy":"product_brand","embeddable":true,"href":"https:\/\/reisepassfuhrer.com\/zh\/wp-json\/wp\/v2\/product_brand?post=3205"},{"taxonomy":"product_cat","embeddable":true,"href":"https:\/\/reisepassfuhrer.com\/zh\/wp-json\/wp\/v2\/product_cat?post=3205"},{"taxonomy":"product_tag","embeddable":true,"href":"https:\/\/reisepassfuhrer.com\/zh\/wp-json\/wp\/v2\/product_tag?post=3205"}],"curies":[{"name":"wp","href":"https:\/\/api.w.org\/{rel}","templated":true}]}}