{"id":3210,"date":"2025-09-08T13:23:48","date_gmt":"2025-09-08T13:23:48","guid":{"rendered":"https:\/\/reisepassfuhrer.com\/?post_type=product&#038;p=3210"},"modified":"2025-09-08T13:23:50","modified_gmt":"2025-09-08T13:23:50","slug":"fuhrerschein-fur-trike","status":"publish","type":"product","link":"https:\/\/reisepassfuhrer.com\/zh\/product\/\u4e09\u8f6e\u8f66\u9a7e\u9a76\u6267\u7167\/","title":{"rendered":"\u4e09\u8f6e\u8f66\u9a7e\u9a76\u6267\u7167"},"content":{"rendered":"<h1 data-start=\"320\" data-end=\"386\">\u4e09\u8f6e\u8f66\u9a7e\u9a76\u6267\u7167--\u4f53\u9a8c\u4e09\u8f6e\u4e0a\u7684\u6cd5\u5f8b\u81ea\u7531<\/h1>\n<p data-start=\"388\" data-end=\"633\">\u60a8\u662f\u5426\u68a6\u60f3\u8fc7\u65e0\u9700\u53c2\u52a0\u590d\u6742\u7684\u6469\u6258\u8f66\u8003\u8bd5\u5c31\u80fd\u9a91\u4e09\u8f6e\u8f66\uff1f\u6709\u4e86 <strong data-start=\"475\" data-end=\"501\">\u4e09\u8f6e\u8f66\u9a7e\u9a76\u6267\u7167<\/strong> \u4ece <strong data-start=\"506\" data-end=\"561\"><a class=\"decorated-link\" href=\"https:\/\/reisepassfuhrer.com\/zh\/\" target=\"_new\" rel=\"noopener\" data-start=\"508\" data-end=\"559\">PassportGuide.com<\/a><\/strong> \u68a6\u60f3\u6210\u771f <strong data-start=\"595\" data-end=\"632\">\u5feb\u901f\u3001\u8c28\u614e\u4e14\u7b26\u5408\u6cd5\u5f8b\u89c4\u5b9a<\/strong>.<\/p>\n<p data-start=\"635\" data-end=\"895\">\u6211\u4eec\u4e13\u95e8\u9881\u53d1\u7684\u9a7e\u9a76\u6267\u7167\u5141\u8bb8\u60a8 <strong data-start=\"701\" data-end=\"767\">\u6301\u6c7d\u8f66\u9a7e\u9a76\u6267\u7167\u5408\u6cd5\u9a7e\u9a76\u4e09\u8f6e\u8f66\uff08B \u7c7b\uff09<\/strong> - \u6839\u636e\u9002\u7528\u7684 <strong data-start=\"786\" data-end=\"805\">\u6b27\u76df\u6cd5\u89c4<\/strong>. .\u662f\u8ffd\u6c42\u8212\u9002\u3001\u7a33\u5b9a\u548c\u72ec\u7279\u9a91\u884c\u4f53\u9a8c\u8005\u7684\u7406\u60f3\u9009\u62e9\u3002.<\/p>\n<h2 data-start=\"897\" data-end=\"962\">\u4e3a\u4ec0\u4e48\u8981\u4ece ReisepassF\u00fchrer.com \u8d2d\u4e70\u4e09\u8f6e\u8f66\u9a7e\u9a76\u6267\u7167\uff1f<\/h2>\n<p data-start=\"964\" data-end=\"1147\">\u2705 <strong data-start=\"966\" data-end=\"1004\">\u5728\u6b27\u76df\u5408\u6cd5\u6ce8\u518c<\/strong><br data-start=\"1004\" data-end=\"1007\" \/>\u6211\u4eec\u7684\u6587\u4ef6\u57fa\u4e8e <strong data-start=\"1037\" data-end=\"1078\">\u771f\u5b9e\u6570\u636e\u548c\u5b89\u5168\u529f\u80fd<\/strong>, \u6709 <strong data-start=\"1089\" data-end=\"1115\">\u5408\u6cd5\u5408\u89c4\u7684\u4f7f\u7528<\/strong> \u6574\u4e2a\u6b27\u76df\u3002.<\/p>\n<p data-start=\"1149\" data-end=\"1340\">\u2705 <strong data-start=\"1151\" data-end=\"1206\">\u65e0\u9700\u989d\u5916\u7684\u6469\u6258\u8f66\u9a7e\u9a76\u6267\u7167<\/strong><br data-start=\"1206\" data-end=\"1209\" \/>\u8003\u53d6\u8001\u7237\u8f66\u9a7e\u9a76\u6267\u7167\uff0c\u4eab\u53d7\u4e09\u8f6e\u8f66\u7684\u4f18\u8d8a\u6027\u3002 <strong data-start=\"1287\" data-end=\"1339\">\u65e0\u9700\u989d\u5916\u8003\u8bd5\u6216\u9a7e\u9a76\u8bfe\u7a0b<\/strong>.<\/p>\n<p data-start=\"1342\" data-end=\"1514\">\u2705 <strong data-start=\"1344\" data-end=\"1378\">\u5feb\u901f\u3001\u8c28\u614e\u7684\u5904\u7406<\/strong><br data-start=\"1378\" data-end=\"1381\" \/>\u6211\u4eec\u4fdd\u8bc1 <strong data-start=\"1402\" data-end=\"1424\">\u533f\u540d\u8ba2\u5355<\/strong>, <strong data-start=\"1426\" data-end=\"1447\">\u5b89\u5168\u4ea4\u4ed8<\/strong> \u4ee5\u53ca\u6700\u5927\u9650\u5ea6\u7684\u4fdd\u5bc6\u6027--\u60a8\u7684\u6570\u636e\u5c06\u7531\u6211\u4eec\u59a5\u5584\u4fdd\u7ba1\u3002.<\/p>\n<p data-start=\"1516\" data-end=\"1705\">\u2705 <strong data-start=\"1518\" data-end=\"1566\">\u9ad8\u8d28\u91cf\u548c\u5b89\u5168\u529f\u80fd<\/strong><br data-start=\"1566\" data-end=\"1569\" \/>\u6240\u6709\u9a7e\u9a76\u6267\u7167\u90fd\u914d\u6709 <strong data-start=\"1610\" data-end=\"1625\">\u5168\u606f\u56fe<\/strong>, <strong data-start=\"1627\" data-end=\"1643\">\u7d2b\u5916\u7ebf\u7279\u6027<\/strong>, <strong data-start=\"1645\" data-end=\"1661\">\u5fae\u578b\u811a\u672c<\/strong> \u548c\u5176\u4ed6\u9632\u4f2a\u6280\u672f\u3002.<\/p>\n<h2 data-start=\"1707\" data-end=\"1754\">\u4e09\u8f6e\u8f66\u9a7e\u9a76\u6267\u7167\u9002\u5408\u54ea\u4e9b\u4eba\uff1f<\/h2>\n<p data-start=\"1756\" data-end=\"1942\">\u65e0\u8bba\u60a8\u662f <strong data-start=\"1772\" data-end=\"1801\">\u4e09\u4e2a\u8f6e\u5b50\u4e0a\u7684\u81ea\u7531\u7cbe\u795e<\/strong> \u6216\u8005\u6b63\u5728\u5bfb\u627e\u4e00\u79cd\u5b89\u5168\u7684\u4ea4\u901a\u5de5\u5177\u8fdb\u884c\u957f\u9014\u65c5\u884c--\u6211\u4eec\u7684\u4e09\u8f6e\u8f66\u9a7e\u9a76\u6267\u7167\u53ef\u4e3a\u60a8\u63d0\u4f9b\u6700\u5927\u9650\u5ea6\u7684\u5b89\u5168\u4fdd\u969c <strong data-start=\"1909\" data-end=\"1941\">\u7075\u6d3b\u800c\u4e0d\u5b98\u50da<\/strong>.<\/p>\n<p data-start=\"1944\" data-end=\"2085\">\u73b0\u5728\u662f\u4f60\u7684\u4e86 <strong data-start=\"1959\" data-end=\"1988\">\u8d2d\u4e70\u4e09\u8f6e\u8f66\u9a7e\u9a76\u6267\u7167<\/strong> \u5173\u4e8e <a class=\"decorated-link\" href=\"https:\/\/reisepassfuhrer.com\/zh\/\" target=\"_new\" rel=\"noopener\" data-start=\"1993\" data-end=\"2044\">PassportGuide.com<\/a> - <strong data-start=\"2047\" data-end=\"2084\">\u5408\u6cd5\u3001\u8c28\u614e\u3001\u5373\u65f6\u53ef\u7528<\/strong>!<\/p>","protected":false},"excerpt":{"rendered":"<p>F\u00fchrerschein f\u00fcr Trike \u2013 Legale Freiheit auf Drei R\u00e4dern erleben Sie tr\u00e4umen davon, ein Trike zu fahren \u2013 ganz ohne aufwendige Motorradpr\u00fcfung? Mit dem F\u00fchrerschein f\u00fcr Trike von ReisepassF\u00fchrer.com wird dieser Traum zur Realit\u00e4t \u2013 schnell, diskret und rechtssicher. Unsere speziell ausgestellten F\u00fchrerscheine erm\u00f6glichen Ihnen das legale Fahren von Trikes mit einem Autof\u00fchrerschein (Klasse B) [&hellip;]<\/p>","protected":false},"featured_media":3212,"comment_status":"open","ping_status":"closed","template":"","meta":[],"product_brand":[],"product_cat":[44],"product_tag":[],"class_list":{"0":"post-3210","1":"product","2":"type-product","3":"status-publish","4":"has-post-thumbnail","6":"product_cat-uncategorized","8":"first","9":"instock","10":"shipping-taxable","11":"product-type-simple"},"yoast_head":"<!-- This site is optimized with the Yoast SEO Premium plugin v22.2 (Yoast SEO v26.2) - https:\/\/yoast.com\/wordpress\/plugins\/seo\/ -->\n<title>F\u00fchrerschein f\u00fcr Trike - Reisepassfuhrer<\/title>\n<meta name=\"robots\" content=\"noindex, follow, max-snippet:-1, max-image-preview:large, max-video-preview:-1\" \/>\n<meta property=\"og:locale\" content=\"zh_CN\" \/>\n<meta property=\"og:type\" content=\"article\" \/>\n<meta property=\"og:title\" content=\"F\u00fchrerschein f\u00fcr Trike\" \/>\n<meta property=\"og:description\" content=\"F\u00fchrerschein f\u00fcr Trike \u2013 Legale Freiheit auf Drei R\u00e4dern erleben Sie tr\u00e4umen davon, ein Trike zu fahren \u2013 ganz ohne aufwendige Motorradpr\u00fcfung? Mit dem F\u00fchrerschein f\u00fcr Trike von ReisepassF\u00fchrer.com wird dieser Traum zur Realit\u00e4t \u2013 schnell, diskret und rechtssicher. Unsere speziell ausgestellten F\u00fchrerscheine erm\u00f6glichen Ihnen das legale Fahren von Trikes mit einem Autof\u00fchrerschein (Klasse B) [&hellip;]\" \/>\n<meta property=\"og:url\" content=\"https:\/\/reisepassfuhrer.com\/zh\/product\/\u4e09\u8f6e\u8f66\u9a7e\u9a76\u6267\u7167\/\" \/>\n<meta property=\"og:site_name\" content=\"Reisepassfuhrer\" \/>\n<meta property=\"article:modified_time\" content=\"2025-09-08T13:23:50+00:00\" \/>\n<meta property=\"og:image\" content=\"http:\/\/reisepassfuhrer.com\/wp-content\/uploads\/2025\/09\/download-92.jpeg\" \/>\n\t<meta property=\"og:image:width\" content=\"275\" \/>\n\t<meta property=\"og:image:height\" content=\"183\" \/>\n\t<meta property=\"og:image:type\" content=\"image\/jpeg\" \/>\n<meta name=\"twitter:card\" content=\"summary_large_image\" \/>\n<meta name=\"twitter:label1\" content=\"\u9884\u8ba1\u9605\u8bfb\u65f6\u95f4\" \/>\n\t<meta name=\"twitter:data1\" content=\"2 \u5206\" \/>\n<script type=\"application\/ld+json\" class=\"yoast-schema-graph\">{\"@context\":\"https:\/\/schema.org\",\"@graph\":[{\"@type\":\"WebPage\",\"@id\":\"https:\/\/reisepassfuhrer.com\/product\/fuhrerschein-fur-trike\/\",\"url\":\"https:\/\/reisepassfuhrer.com\/product\/fuhrerschein-fur-trike\/\",\"name\":\"F\u00fchrerschein f\u00fcr Trike - Reisepassfuhrer\",\"isPartOf\":{\"@id\":\"https:\/\/reisepassfuhrer.com\/#website\"},\"primaryImageOfPage\":{\"@id\":\"https:\/\/reisepassfuhrer.com\/product\/fuhrerschein-fur-trike\/#primaryimage\"},\"image\":{\"@id\":\"https:\/\/reisepassfuhrer.com\/product\/fuhrerschein-fur-trike\/#primaryimage\"},\"thumbnailUrl\":\"https:\/\/reisepassfuhrer.com\/wp-content\/uploads\/2025\/09\/download-92.jpeg\",\"datePublished\":\"2025-09-08T13:23:48+00:00\",\"dateModified\":\"2025-09-08T13:23:50+00:00\",\"breadcrumb\":{\"@id\":\"https:\/\/reisepassfuhrer.com\/product\/fuhrerschein-fur-trike\/#breadcrumb\"},\"inLanguage\":\"zh-Hans\",\"potentialAction\":[{\"@type\":\"ReadAction\",\"target\":[\"https:\/\/reisepassfuhrer.com\/product\/fuhrerschein-fur-trike\/\"]}]},{\"@type\":\"ImageObject\",\"inLanguage\":\"zh-Hans\",\"@id\":\"https:\/\/reisepassfuhrer.com\/product\/fuhrerschein-fur-trike\/#primaryimage\",\"url\":\"https:\/\/reisepassfuhrer.com\/wp-content\/uploads\/2025\/09\/download-92.jpeg\",\"contentUrl\":\"https:\/\/reisepassfuhrer.com\/wp-content\/uploads\/2025\/09\/download-92.jpeg\",\"width\":275,\"height\":183},{\"@type\":\"BreadcrumbList\",\"@id\":\"https:\/\/reisepassfuhrer.com\/product\/fuhrerschein-fur-trike\/#breadcrumb\",\"itemListElement\":[{\"@type\":\"ListItem\",\"position\":1,\"name\":\"Home\",\"item\":\"https:\/\/reisepassfuhrer.com\/\"},{\"@type\":\"ListItem\",\"position\":2,\"name\":\"Shop\",\"item\":\"https:\/\/reisepassfuhrer.com\/shop\/\"},{\"@type\":\"ListItem\",\"position\":3,\"name\":\"F\u00fchrerschein f\u00fcr Trike\"}]},{\"@type\":\"WebSite\",\"@id\":\"https:\/\/reisepassfuhrer.com\/#website\",\"url\":\"https:\/\/reisepassfuhrer.com\/\",\"name\":\"Reisepassfuhrer\",\"description\":\"Reisepass Beantragen Berlin\",\"publisher\":{\"@id\":\"https:\/\/reisepassfuhrer.com\/#organization\"},\"potentialAction\":[{\"@type\":\"SearchAction\",\"target\":{\"@type\":\"EntryPoint\",\"urlTemplate\":\"https:\/\/reisepassfuhrer.com\/?s={search_term_string}\"},\"query-input\":{\"@type\":\"PropertyValueSpecification\",\"valueRequired\":true,\"valueName\":\"search_term_string\"}}],\"inLanguage\":\"zh-Hans\"},{\"@type\":\"Organization\",\"@id\":\"https:\/\/reisepassfuhrer.com\/#organization\",\"name\":\"Reisepassfuhrer\",\"url\":\"https:\/\/reisepassfuhrer.com\/\",\"logo\":{\"@type\":\"ImageObject\",\"inLanguage\":\"zh-Hans\",\"@id\":\"https:\/\/reisepassfuhrer.com\/#\/schema\/logo\/image\/\",\"url\":\"https:\/\/reisepassfuhrer.com\/wp-content\/uploads\/2024\/03\/Reisepassfuhrer-logo.png\",\"contentUrl\":\"https:\/\/reisepassfuhrer.com\/wp-content\/uploads\/2024\/03\/Reisepassfuhrer-logo.png\",\"width\":112,\"height\":112,\"caption\":\"Reisepassfuhrer\"},\"image\":{\"@id\":\"https:\/\/reisepassfuhrer.com\/#\/schema\/logo\/image\/\"}}]}<\/script>\n<!-- \/ Yoast SEO Premium plugin. -->","yoast_head_json":{"title":"\u4e09\u8f6e\u8f66\u9a7e\u9a76\u6267\u7167 - \u62a4\u7167\u9a7e\u9a76\u5458","robots":{"index":"noindex","follow":"follow","max-snippet":"max-snippet:-1","max-image-preview":"max-image-preview:large","max-video-preview":"max-video-preview:-1"},"og_locale":"zh_CN","og_type":"article","og_title":"F\u00fchrerschein f\u00fcr Trike","og_description":"F\u00fchrerschein f\u00fcr Trike \u2013 Legale Freiheit auf Drei R\u00e4dern erleben Sie tr\u00e4umen davon, ein Trike zu fahren \u2013 ganz ohne aufwendige Motorradpr\u00fcfung? Mit dem F\u00fchrerschein f\u00fcr Trike von ReisepassF\u00fchrer.com wird dieser Traum zur Realit\u00e4t \u2013 schnell, diskret und rechtssicher. Unsere speziell ausgestellten F\u00fchrerscheine erm\u00f6glichen Ihnen das legale Fahren von Trikes mit einem Autof\u00fchrerschein (Klasse B) [&hellip;]","og_url":"https:\/\/reisepassfuhrer.com\/zh\/product\/\u4e09\u8f6e\u8f66\u9a7e\u9a76\u6267\u7167\/","og_site_name":"Reisepassfuhrer","article_modified_time":"2025-09-08T13:23:50+00:00","og_image":[{"width":275,"height":183,"url":"http:\/\/reisepassfuhrer.com\/wp-content\/uploads\/2025\/09\/download-92.jpeg","type":"image\/jpeg"}],"twitter_card":"summary_large_image","twitter_misc":{"\u9884\u8ba1\u9605\u8bfb\u65f6\u95f4":"2 \u5206"},"schema":{"@context":"https:\/\/schema.org","@graph":[{"@type":"WebPage","@id":"https:\/\/reisepassfuhrer.com\/product\/fuhrerschein-fur-trike\/","url":"https:\/\/reisepassfuhrer.com\/product\/fuhrerschein-fur-trike\/","name":"\u4e09\u8f6e\u8f66\u9a7e\u9a76\u6267\u7167 - \u62a4\u7167\u9a7e\u9a76\u5458","isPartOf":{"@id":"https:\/\/reisepassfuhrer.com\/#website"},"primaryImageOfPage":{"@id":"https:\/\/reisepassfuhrer.com\/product\/fuhrerschein-fur-trike\/#primaryimage"},"image":{"@id":"https:\/\/reisepassfuhrer.com\/product\/fuhrerschein-fur-trike\/#primaryimage"},"thumbnailUrl":"https:\/\/reisepassfuhrer.com\/wp-content\/uploads\/2025\/09\/download-92.jpeg","datePublished":"2025-09-08T13:23:48+00:00","dateModified":"2025-09-08T13:23:50+00:00","breadcrumb":{"@id":"https:\/\/reisepassfuhrer.com\/product\/fuhrerschein-fur-trike\/#breadcrumb"},"inLanguage":"zh-Hans","potentialAction":[{"@type":"ReadAction","target":["https:\/\/reisepassfuhrer.com\/product\/fuhrerschein-fur-trike\/"]}]},{"@type":"ImageObject","inLanguage":"zh-Hans","@id":"https:\/\/reisepassfuhrer.com\/product\/fuhrerschein-fur-trike\/#primaryimage","url":"https:\/\/reisepassfuhrer.com\/wp-content\/uploads\/2025\/09\/download-92.jpeg","contentUrl":"https:\/\/reisepassfuhrer.com\/wp-content\/uploads\/2025\/09\/download-92.jpeg","width":275,"height":183},{"@type":"BreadcrumbList","@id":"https:\/\/reisepassfuhrer.com\/product\/fuhrerschein-fur-trike\/#breadcrumb","itemListElement":[{"@type":"ListItem","position":1,"name":"Home","item":"https:\/\/reisepassfuhrer.com\/"},{"@type":"ListItem","position":2,"name":"Shop","item":"https:\/\/reisepassfuhrer.com\/shop\/"},{"@type":"ListItem","position":3,"name":"F\u00fchrerschein f\u00fcr Trike"}]},{"@type":"WebSite","@id":"https:\/\/reisepassfuhrer.com\/#website","url":"https:\/\/reisepassfuhrer.com\/","name":"\u62a4\u7167\u6307\u5357","description":"\u7533\u8bf7\u67cf\u6797\u62a4\u7167","publisher":{"@id":"https:\/\/reisepassfuhrer.com\/#organization"},"potentialAction":[{"@type":"SearchAction","target":{"@type":"EntryPoint","urlTemplate":"https:\/\/reisepassfuhrer.com\/?s={search_term_string}"},"query-input":{"@type":"PropertyValueSpecification","valueRequired":true,"valueName":"search_term_string"}}],"inLanguage":"zh-Hans"},{"@type":"Organization","@id":"https:\/\/reisepassfuhrer.com\/#organization","name":"\u62a4\u7167\u6307\u5357","url":"https:\/\/reisepassfuhrer.com\/","logo":{"@type":"ImageObject","inLanguage":"zh-Hans","@id":"https:\/\/reisepassfuhrer.com\/#\/schema\/logo\/image\/","url":"https:\/\/reisepassfuhrer.com\/wp-content\/uploads\/2024\/03\/Reisepassfuhrer-logo.png","contentUrl":"https:\/\/reisepassfuhrer.com\/wp-content\/uploads\/2024\/03\/Reisepassfuhrer-logo.png","width":112,"height":112,"caption":"Reisepassfuhrer"},"image":{"@id":"https:\/\/reisepassfuhrer.com\/#\/schema\/logo\/image\/"}}]}},"_links":{"self":[{"href":"https:\/\/reisepassfuhrer.com\/zh\/wp-json\/wp\/v2\/product\/3210","targetHints":{"allow":["GET"]}}],"collection":[{"href":"https:\/\/reisepassfuhrer.com\/zh\/wp-json\/wp\/v2\/product"}],"about":[{"href":"https:\/\/reisepassfuhrer.com\/zh\/wp-json\/wp\/v2\/types\/product"}],"replies":[{"embeddable":true,"href":"https:\/\/reisepassfuhrer.com\/zh\/wp-json\/wp\/v2\/comments?post=3210"}],"wp:featuredmedia":[{"embeddable":true,"href":"https:\/\/reisepassfuhrer.com\/zh\/wp-json\/wp\/v2\/media\/3212"}],"wp:attachment":[{"href":"https:\/\/reisepassfuhrer.com\/zh\/wp-json\/wp\/v2\/media?parent=3210"}],"wp:term":[{"taxonomy":"product_brand","embeddable":true,"href":"https:\/\/reisepassfuhrer.com\/zh\/wp-json\/wp\/v2\/product_brand?post=3210"},{"taxonomy":"product_cat","embeddable":true,"href":"https:\/\/reisepassfuhrer.com\/zh\/wp-json\/wp\/v2\/product_cat?post=3210"},{"taxonomy":"product_tag","embeddable":true,"href":"https:\/\/reisepassfuhrer.com\/zh\/wp-json\/wp\/v2\/product_tag?post=3210"}],"curies":[{"name":"wp","href":"https:\/\/api.w.org\/{rel}","templated":true}]}}