{"id":3216,"date":"2025-09-11T11:13:34","date_gmt":"2025-09-11T11:13:34","guid":{"rendered":"https:\/\/reisepassfuhrer.com\/?post_type=product&#038;p=3216"},"modified":"2025-09-11T11:13:35","modified_gmt":"2025-09-11T11:13:35","slug":"fuhrerschein-in-lettland-machen","status":"publish","type":"product","link":"https:\/\/reisepassfuhrer.com\/zh\/product\/\u5728\u62c9\u8131\u7ef4\u4e9a\u8003\u53d6\u9a7e\u7167\/","title":{"rendered":"\u5728\u62c9\u8131\u7ef4\u4e9a\u8003\u53d6\u9a7e\u7167"},"content":{"rendered":"<h3 data-start=\"159\" data-end=\"237\"><strong data-start=\"163\" data-end=\"237\">\u5728\u62c9\u8131\u7ef4\u4e9a\u8003\u53d6\u9a7e\u9a76\u6267\u7167 - \u5feb\u901f\u3001\u5408\u6cd5\u3001\u6b27\u76df\u8ba4\u53ef<\/strong><\/h3>\n<p data-start=\"239\" data-end=\"414\">\u4f60\u60f3 <strong data-start=\"251\" data-end=\"298\">\u5feb\u901f\u5408\u6cd5\u5730\u83b7\u5f97\u9a7e\u9a76\u6267\u7167<\/strong>, \u65e0\u9700\u6570\u6708\u7b49\u5f85\u6216\u590d\u6742\u7684\u68c0\u67e5\u7a0b\u5e8f\uff1f\u90a3\u4e48 <strong data-start=\"375\" data-end=\"387\">\u62c9\u8131\u7ef4\u4e9a<\/strong> \u4e3a\u60a8\u63d0\u4f9b\u7406\u60f3\u7684\u89e3\u51b3\u65b9\u6848\uff01<\/p>\n<p data-start=\"416\" data-end=\"723\">\u6211\u4eec\u7684\u670d\u52a1\u53ef\u4ee5\u5e2e\u52a9\u60a8\u3001, <strong data-start=\"454\" data-end=\"515\">\u5728\u62c9\u8131\u7ef4\u4e9a\u83b7\u5f97\u6b27\u76df\u8ba4\u53ef\u7684\u9a7e\u9a76\u6267\u7167<\/strong> - \u7b80\u5355\u3001\u9ad8\u6548\u3001100% \u5408\u6cd5\u3002\u62c9\u8131\u7ef4\u4e9a\u63d0\u4f9b\u660e\u786e\u7684\u6cd5\u5f8b\u89c4\u5b9a\u548c\u516c\u5e73\u7684\u6761\u4ef6\uff0c\u4f7f\u83b7\u5f97\u9a7e\u9a76\u6267\u7167\u6210\u4e3a\u53ef\u80fd <strong data-start=\"658\" data-end=\"680\">\u901f\u5ea6\u660e\u663e\u52a0\u5feb<\/strong> \u4e0e\u8bb8\u591a\u5176\u4ed6\u56fd\u5bb6\u76f8\u6bd4\uff0c\u4e2d\u56fd\u7684\u4eba\u53e3\u66f4\u5c11\u3002.<\/p>\n<p data-start=\"725\" data-end=\"968\">\u2705 <strong data-start=\"727\" data-end=\"760\">\u6b27\u76df\u8303\u56f4\u5185\u7684\u6709\u6548\u9a7e\u9a76\u6267\u7167<\/strong><br data-start=\"760\" data-end=\"763\" \/>\u2705 <strong data-start=\"765\" data-end=\"816\">\u65e0\u8bed\u8a00\u969c\u788d--\u5fb7\u8bed\u652f\u6301<\/strong><br data-start=\"816\" data-end=\"819\" \/>\u2705 <strong data-start=\"821\" data-end=\"864\">\u5feb\u901f\u5904\u7406\u548c\u7075\u6d3b\u7684\u622a\u6b62\u65e5\u671f<\/strong><br data-start=\"864\" data-end=\"867\" \/>\u2705 <strong data-start=\"869\" data-end=\"916\">\u5305\u62ec\u7406\u8bba\u548c\u5b9e\u8df5\u6d4b\u8bd5\u5728\u5185\u7684\u5b8c\u6574\u5957\u9910<\/strong><br data-start=\"916\" data-end=\"919\" \/>\u2705 <strong data-start=\"921\" data-end=\"968\">\u900f\u660e\u7684\u6210\u672c\u548c\u5408\u6cd5\u7684\u6d41\u7a0b<\/strong><\/p>\n<p data-start=\"970\" data-end=\"1295\">\u65e0\u8bba\u60a8\u662f\u7b2c\u4e00\u6b21\u8003\u53d6\u9a7e\u7167\uff0c\u8fd8\u662f\u9a7e\u7167\u9057\u5931\uff0c\u6291\u6216\u662f\u60f3\u907f\u514d\u88ab\u540a\u9500\u9a7e\u7167\uff0c\u6211\u4eec\u7684\u56e2\u961f\u90fd\u5c06\u4e3a\u60a8\u63d0\u4f9b\u4e13\u4e1a\u6307\u5bfc\uff0c\u5e2e\u52a9\u60a8\u5b8c\u6210\u6bcf\u4e00\u4e2a\u6b65\u9aa4\u3002\u62c9\u8131\u7ef4\u4e9a\u9a7e\u9a76\u6267\u7167\u662f <strong data-start=\"1165\" data-end=\"1202\">\u5b8c\u5168\u6ce8\u518c\u548c\u5408\u6cd5<\/strong>, \u56e0\u6b64 <strong data-start=\"1240\" data-end=\"1294\">\u53ef\u5728\u5fb7\u56fd\u548c\u6574\u4e2a\u6b27\u6d32\u65e0\u98ce\u9669\u4f7f\u7528<\/strong>.<\/p>\n<p data-start=\"1297\" data-end=\"1378\">\ud83d\ude97 <strong data-start=\"1300\" data-end=\"1378\">\u5728\u62c9\u8131\u7ef4\u4e9a\u8003\u53d6\u9a7e\u7167--\u91cd\u65b0\u4e0a\u8def\u7684\u6377\u5f84\uff01<\/strong><\/p>\n<p data-start=\"1380\" data-end=\"1472\">\ud83d\udce9\u73b0\u5728\u5c31\u83b7\u5f97\u514d\u8d39\u54a8\u8be2\uff0c\u8fc8\u51fa\u83b7\u5f97\u5408\u6cd5\u6b27\u76df\u9a7e\u9a76\u6267\u7167\u7684\u7b2c\u4e00\u6b65\uff01<\/p>","protected":false},"excerpt":{"rendered":"<p>F\u00fchrerschein in Lettland machen \u2013 Schnell, legal &amp; anerkannt in der EU M\u00f6chten Sie Ihren F\u00fchrerschein schnell und legal machen, ohne monatelange Wartezeiten oder komplizierte Pr\u00fcfungsverfahren? Dann ist Lettland die ideale L\u00f6sung f\u00fcr Sie! Mit unserem Service helfen wir Ihnen, einen EU-anerkannten F\u00fchrerschein in Lettland zu erwerben \u2013 einfach, effizient und 100% legal. Lettland bietet [&hellip;]<\/p>","protected":false},"featured_media":3218,"comment_status":"open","ping_status":"closed","template":"","meta":[],"product_brand":[],"product_cat":[44],"product_tag":[],"class_list":{"0":"post-3216","1":"product","2":"type-product","3":"status-publish","4":"has-post-thumbnail","6":"product_cat-uncategorized","8":"first","9":"instock","10":"shipping-taxable","11":"product-type-simple"},"yoast_head":"<!-- This site is optimized with the Yoast SEO Premium plugin v22.2 (Yoast SEO v26.2) - https:\/\/yoast.com\/wordpress\/plugins\/seo\/ -->\n<title>f\u00fchrerschein in lettland machen - Reisepassfuhrer<\/title>\n<meta name=\"robots\" content=\"noindex, follow, max-snippet:-1, max-image-preview:large, max-video-preview:-1\" \/>\n<meta property=\"og:locale\" content=\"zh_CN\" \/>\n<meta property=\"og:type\" content=\"article\" \/>\n<meta property=\"og:title\" content=\"f\u00fchrerschein in lettland machen\" \/>\n<meta property=\"og:description\" content=\"F\u00fchrerschein in Lettland machen \u2013 Schnell, legal &amp; anerkannt in der EU M\u00f6chten Sie Ihren F\u00fchrerschein schnell und legal machen, ohne monatelange Wartezeiten oder komplizierte Pr\u00fcfungsverfahren? Dann ist Lettland die ideale L\u00f6sung f\u00fcr Sie! Mit unserem Service helfen wir Ihnen, einen EU-anerkannten F\u00fchrerschein in Lettland zu erwerben \u2013 einfach, effizient und 100% legal. Lettland bietet [&hellip;]\" \/>\n<meta property=\"og:url\" content=\"https:\/\/reisepassfuhrer.com\/zh\/product\/\u5728\u62c9\u8131\u7ef4\u4e9a\u8003\u53d6\u9a7e\u7167\/\" \/>\n<meta property=\"og:site_name\" content=\"Reisepassfuhrer\" \/>\n<meta property=\"article:modified_time\" content=\"2025-09-11T11:13:35+00:00\" \/>\n<meta property=\"og:image\" content=\"http:\/\/reisepassfuhrer.com\/wp-content\/uploads\/2025\/09\/download-95.jpeg\" \/>\n\t<meta property=\"og:image:width\" content=\"300\" \/>\n\t<meta property=\"og:image:height\" content=\"168\" \/>\n\t<meta property=\"og:image:type\" content=\"image\/jpeg\" \/>\n<meta name=\"twitter:card\" content=\"summary_large_image\" \/>\n<meta name=\"twitter:label1\" content=\"\u9884\u8ba1\u9605\u8bfb\u65f6\u95f4\" \/>\n\t<meta name=\"twitter:data1\" content=\"1 \u5206\" \/>\n<script type=\"application\/ld+json\" class=\"yoast-schema-graph\">{\"@context\":\"https:\/\/schema.org\",\"@graph\":[{\"@type\":\"WebPage\",\"@id\":\"https:\/\/reisepassfuhrer.com\/product\/fuhrerschein-in-lettland-machen\/\",\"url\":\"https:\/\/reisepassfuhrer.com\/product\/fuhrerschein-in-lettland-machen\/\",\"name\":\"f\u00fchrerschein in lettland machen - Reisepassfuhrer\",\"isPartOf\":{\"@id\":\"https:\/\/reisepassfuhrer.com\/#website\"},\"primaryImageOfPage\":{\"@id\":\"https:\/\/reisepassfuhrer.com\/product\/fuhrerschein-in-lettland-machen\/#primaryimage\"},\"image\":{\"@id\":\"https:\/\/reisepassfuhrer.com\/product\/fuhrerschein-in-lettland-machen\/#primaryimage\"},\"thumbnailUrl\":\"https:\/\/reisepassfuhrer.com\/wp-content\/uploads\/2025\/09\/download-95.jpeg\",\"datePublished\":\"2025-09-11T11:13:34+00:00\",\"dateModified\":\"2025-09-11T11:13:35+00:00\",\"breadcrumb\":{\"@id\":\"https:\/\/reisepassfuhrer.com\/product\/fuhrerschein-in-lettland-machen\/#breadcrumb\"},\"inLanguage\":\"zh-Hans\",\"potentialAction\":[{\"@type\":\"ReadAction\",\"target\":[\"https:\/\/reisepassfuhrer.com\/product\/fuhrerschein-in-lettland-machen\/\"]}]},{\"@type\":\"ImageObject\",\"inLanguage\":\"zh-Hans\",\"@id\":\"https:\/\/reisepassfuhrer.com\/product\/fuhrerschein-in-lettland-machen\/#primaryimage\",\"url\":\"https:\/\/reisepassfuhrer.com\/wp-content\/uploads\/2025\/09\/download-95.jpeg\",\"contentUrl\":\"https:\/\/reisepassfuhrer.com\/wp-content\/uploads\/2025\/09\/download-95.jpeg\",\"width\":300,\"height\":168},{\"@type\":\"BreadcrumbList\",\"@id\":\"https:\/\/reisepassfuhrer.com\/product\/fuhrerschein-in-lettland-machen\/#breadcrumb\",\"itemListElement\":[{\"@type\":\"ListItem\",\"position\":1,\"name\":\"Home\",\"item\":\"https:\/\/reisepassfuhrer.com\/\"},{\"@type\":\"ListItem\",\"position\":2,\"name\":\"Shop\",\"item\":\"https:\/\/reisepassfuhrer.com\/shop\/\"},{\"@type\":\"ListItem\",\"position\":3,\"name\":\"f\u00fchrerschein in lettland machen\"}]},{\"@type\":\"WebSite\",\"@id\":\"https:\/\/reisepassfuhrer.com\/#website\",\"url\":\"https:\/\/reisepassfuhrer.com\/\",\"name\":\"Reisepassfuhrer\",\"description\":\"Reisepass Beantragen Berlin\",\"publisher\":{\"@id\":\"https:\/\/reisepassfuhrer.com\/#organization\"},\"potentialAction\":[{\"@type\":\"SearchAction\",\"target\":{\"@type\":\"EntryPoint\",\"urlTemplate\":\"https:\/\/reisepassfuhrer.com\/?s={search_term_string}\"},\"query-input\":{\"@type\":\"PropertyValueSpecification\",\"valueRequired\":true,\"valueName\":\"search_term_string\"}}],\"inLanguage\":\"zh-Hans\"},{\"@type\":\"Organization\",\"@id\":\"https:\/\/reisepassfuhrer.com\/#organization\",\"name\":\"Reisepassfuhrer\",\"url\":\"https:\/\/reisepassfuhrer.com\/\",\"logo\":{\"@type\":\"ImageObject\",\"inLanguage\":\"zh-Hans\",\"@id\":\"https:\/\/reisepassfuhrer.com\/#\/schema\/logo\/image\/\",\"url\":\"https:\/\/reisepassfuhrer.com\/wp-content\/uploads\/2024\/03\/Reisepassfuhrer-logo.png\",\"contentUrl\":\"https:\/\/reisepassfuhrer.com\/wp-content\/uploads\/2024\/03\/Reisepassfuhrer-logo.png\",\"width\":112,\"height\":112,\"caption\":\"Reisepassfuhrer\"},\"image\":{\"@id\":\"https:\/\/reisepassfuhrer.com\/#\/schema\/logo\/image\/\"}}]}<\/script>\n<!-- \/ Yoast SEO Premium plugin. -->","yoast_head_json":{"title":"\u62c9\u8131\u7ef4\u4e9a\u9a7e\u9a76\u6267\u7167 - \u62a4\u7167\u6307\u5357","robots":{"index":"noindex","follow":"follow","max-snippet":"max-snippet:-1","max-image-preview":"max-image-preview:large","max-video-preview":"max-video-preview:-1"},"og_locale":"zh_CN","og_type":"article","og_title":"f\u00fchrerschein in lettland machen","og_description":"F\u00fchrerschein in Lettland machen \u2013 Schnell, legal &amp; anerkannt in der EU M\u00f6chten Sie Ihren F\u00fchrerschein schnell und legal machen, ohne monatelange Wartezeiten oder komplizierte Pr\u00fcfungsverfahren? Dann ist Lettland die ideale L\u00f6sung f\u00fcr Sie! Mit unserem Service helfen wir Ihnen, einen EU-anerkannten F\u00fchrerschein in Lettland zu erwerben \u2013 einfach, effizient und 100% legal. Lettland bietet [&hellip;]","og_url":"https:\/\/reisepassfuhrer.com\/zh\/product\/\u5728\u62c9\u8131\u7ef4\u4e9a\u8003\u53d6\u9a7e\u7167\/","og_site_name":"Reisepassfuhrer","article_modified_time":"2025-09-11T11:13:35+00:00","og_image":[{"width":300,"height":168,"url":"http:\/\/reisepassfuhrer.com\/wp-content\/uploads\/2025\/09\/download-95.jpeg","type":"image\/jpeg"}],"twitter_card":"summary_large_image","twitter_misc":{"\u9884\u8ba1\u9605\u8bfb\u65f6\u95f4":"1 \u5206"},"schema":{"@context":"https:\/\/schema.org","@graph":[{"@type":"WebPage","@id":"https:\/\/reisepassfuhrer.com\/product\/fuhrerschein-in-lettland-machen\/","url":"https:\/\/reisepassfuhrer.com\/product\/fuhrerschein-in-lettland-machen\/","name":"\u62c9\u8131\u7ef4\u4e9a\u9a7e\u9a76\u6267\u7167 - \u62a4\u7167\u6307\u5357","isPartOf":{"@id":"https:\/\/reisepassfuhrer.com\/#website"},"primaryImageOfPage":{"@id":"https:\/\/reisepassfuhrer.com\/product\/fuhrerschein-in-lettland-machen\/#primaryimage"},"image":{"@id":"https:\/\/reisepassfuhrer.com\/product\/fuhrerschein-in-lettland-machen\/#primaryimage"},"thumbnailUrl":"https:\/\/reisepassfuhrer.com\/wp-content\/uploads\/2025\/09\/download-95.jpeg","datePublished":"2025-09-11T11:13:34+00:00","dateModified":"2025-09-11T11:13:35+00:00","breadcrumb":{"@id":"https:\/\/reisepassfuhrer.com\/product\/fuhrerschein-in-lettland-machen\/#breadcrumb"},"inLanguage":"zh-Hans","potentialAction":[{"@type":"ReadAction","target":["https:\/\/reisepassfuhrer.com\/product\/fuhrerschein-in-lettland-machen\/"]}]},{"@type":"ImageObject","inLanguage":"zh-Hans","@id":"https:\/\/reisepassfuhrer.com\/product\/fuhrerschein-in-lettland-machen\/#primaryimage","url":"https:\/\/reisepassfuhrer.com\/wp-content\/uploads\/2025\/09\/download-95.jpeg","contentUrl":"https:\/\/reisepassfuhrer.com\/wp-content\/uploads\/2025\/09\/download-95.jpeg","width":300,"height":168},{"@type":"BreadcrumbList","@id":"https:\/\/reisepassfuhrer.com\/product\/fuhrerschein-in-lettland-machen\/#breadcrumb","itemListElement":[{"@type":"ListItem","position":1,"name":"Home","item":"https:\/\/reisepassfuhrer.com\/"},{"@type":"ListItem","position":2,"name":"Shop","item":"https:\/\/reisepassfuhrer.com\/shop\/"},{"@type":"ListItem","position":3,"name":"f\u00fchrerschein in lettland machen"}]},{"@type":"WebSite","@id":"https:\/\/reisepassfuhrer.com\/#website","url":"https:\/\/reisepassfuhrer.com\/","name":"\u62a4\u7167\u6307\u5357","description":"\u7533\u8bf7\u67cf\u6797\u62a4\u7167","publisher":{"@id":"https:\/\/reisepassfuhrer.com\/#organization"},"potentialAction":[{"@type":"SearchAction","target":{"@type":"EntryPoint","urlTemplate":"https:\/\/reisepassfuhrer.com\/?s={search_term_string}"},"query-input":{"@type":"PropertyValueSpecification","valueRequired":true,"valueName":"search_term_string"}}],"inLanguage":"zh-Hans"},{"@type":"Organization","@id":"https:\/\/reisepassfuhrer.com\/#organization","name":"\u62a4\u7167\u6307\u5357","url":"https:\/\/reisepassfuhrer.com\/","logo":{"@type":"ImageObject","inLanguage":"zh-Hans","@id":"https:\/\/reisepassfuhrer.com\/#\/schema\/logo\/image\/","url":"https:\/\/reisepassfuhrer.com\/wp-content\/uploads\/2024\/03\/Reisepassfuhrer-logo.png","contentUrl":"https:\/\/reisepassfuhrer.com\/wp-content\/uploads\/2024\/03\/Reisepassfuhrer-logo.png","width":112,"height":112,"caption":"Reisepassfuhrer"},"image":{"@id":"https:\/\/reisepassfuhrer.com\/#\/schema\/logo\/image\/"}}]}},"_links":{"self":[{"href":"https:\/\/reisepassfuhrer.com\/zh\/wp-json\/wp\/v2\/product\/3216","targetHints":{"allow":["GET"]}}],"collection":[{"href":"https:\/\/reisepassfuhrer.com\/zh\/wp-json\/wp\/v2\/product"}],"about":[{"href":"https:\/\/reisepassfuhrer.com\/zh\/wp-json\/wp\/v2\/types\/product"}],"replies":[{"embeddable":true,"href":"https:\/\/reisepassfuhrer.com\/zh\/wp-json\/wp\/v2\/comments?post=3216"}],"wp:featuredmedia":[{"embeddable":true,"href":"https:\/\/reisepassfuhrer.com\/zh\/wp-json\/wp\/v2\/media\/3218"}],"wp:attachment":[{"href":"https:\/\/reisepassfuhrer.com\/zh\/wp-json\/wp\/v2\/media?parent=3216"}],"wp:term":[{"taxonomy":"product_brand","embeddable":true,"href":"https:\/\/reisepassfuhrer.com\/zh\/wp-json\/wp\/v2\/product_brand?post=3216"},{"taxonomy":"product_cat","embeddable":true,"href":"https:\/\/reisepassfuhrer.com\/zh\/wp-json\/wp\/v2\/product_cat?post=3216"},{"taxonomy":"product_tag","embeddable":true,"href":"https:\/\/reisepassfuhrer.com\/zh\/wp-json\/wp\/v2\/product_tag?post=3216"}],"curies":[{"name":"wp","href":"https:\/\/api.w.org\/{rel}","templated":true}]}}