{"id":3253,"date":"2025-11-26T16:09:15","date_gmt":"2025-11-26T16:09:15","guid":{"rendered":"https:\/\/reisepassfuhrer.com\/?post_type=product&#038;p=3253"},"modified":"2025-11-26T16:09:16","modified_gmt":"2025-11-26T16:09:16","slug":"rumaenischer-fuehrerschein","status":"publish","type":"product","link":"https:\/\/reisepassfuhrer.com\/zh\/product\/\u7f57\u9a6c\u5c3c\u4e9a\u9a7e\u7167\/","title":{"rendered":"\u7f57\u9a6c\u5c3c\u4e9a\u9a7e\u9a76\u6267\u7167"},"content":{"rendered":"<p data-start=\"225\" data-end=\"285\"><strong data-start=\"225\" data-end=\"285\">\u7f57\u9a6c\u5c3c\u4e9a\u9a7e\u9a76\u6267\u7167 - \u5feb\u901f\u3001\u5b89\u5168\u3001\u516c\u8ba4<\/strong><\/p>\n<p data-start=\"287\" data-end=\"612\">\u4f7f\u7528\u6211\u4eec\u7684\u4f18\u8d28\u4ea7\u54c1\uff0c\u4f53\u9a8c\u79fb\u52a8\u7684\u81ea\u7531 <strong data-start=\"353\" data-end=\"381\">\u7f57\u9a6c\u5c3c\u4e9a\u9a7e\u9a76\u6267\u7167<\/strong>. .\u5bf9\u4e8e\u60f3\u8981\u5feb\u901f\u3001\u65b9\u4fbf\u3001\u5408\u6cd5\u5730\u83b7\u5f97\u9a7e\u9a76\u6267\u7167\u7684\u4eba\u6765\u8bf4\u662f\u7406\u60f3\u4e4b\u9009\u3002\u6211\u4eec\u7684\u4ea7\u54c1\u4ee3\u8868 <strong data-start=\"508\" data-end=\"560\">\u53ef\u9760\u3001\u8c28\u614e\u548c\u6700\u9ad8\u8d28\u91cf<\/strong>, \u8ba9\u60a8\u5728\u65c5\u884c\u65f6\u6beb\u65e0\u538b\u529b\uff0c\u5b89\u5168\u65e0\u5fe7\u3002.<\/p>\n<p data-start=\"614\" data-end=\"941\">\"(\u300a\u4e16\u754c\u4eba\u6743\u5ba3\u8a00\u300b) <strong data-start=\"618\" data-end=\"645\">\u7f57\u9a6c\u5c3c\u4e9a\u9a7e\u9a76\u6267\u7167<\/strong> \u5176\u7279\u70b9\u662f\u83b7\u5f97\u6b27\u76df\u5b98\u65b9\u8ba4\u53ef\uff0c\u4f7f\u60a8\u80fd\u591f <strong data-start=\"750\" data-end=\"816\">\u5fb7\u56fd\u548c\u5176\u4ed6\u6b27\u76df\u56fd\u5bb6\u7684\u5408\u6cd5\u516c\u8def\u8fd0\u8f93<\/strong>. .\u7531\u4e8e\u91c7\u7528\u4e86\u73b0\u4ee3\u5b89\u5168\u6807\u51c6\uff0c\u5b83\u53ef\u4ee5\u9632\u4f2a\uff0c\u5e76\u7b26\u5408\u6240\u6709\u73b0\u884c\u6cd5\u5f8b\u8981\u6c42\u3002.<\/p>\n<p data-start=\"943\" data-end=\"1214\">\u901a\u8fc7\u6211\u4eec\u7684\u670d\u52a1\uff0c\u60a8\u5c06\u53d7\u76ca\u4e8e <strong data-start=\"983\" data-end=\"1008\">\u5feb\u901f\u5904\u7406<\/strong>, \u8ba2\u8d2d\u7b80\u4fbf\uff0c\u9001\u8d27\u4e0a\u95e8\u3002\u6211\u4eec\u7279\u522b\u91cd\u89c6 <strong data-start=\"1119\" data-end=\"1142\">\u5ba2\u6237\u6ee1\u610f\u5ea6<\/strong>, \u8fd9\u6837\u60a8\u5c31\u53ef\u4ee5\u968f\u65f6\u83b7\u5f97\u4e13\u4e1a\u652f\u6301\u3002.<\/p>\n<p data-start=\"1216\" data-end=\"1559\">\u65e0\u8bba\u662f\u7528\u4e8e\u4e13\u4e1a\u7528\u9014\u3001\u5ea6\u5047\u8fd8\u662f\u957f\u671f\u79fb\u52a8--\u8fd9\u8f86\u8f66\u90fd\u80fd\u6ee1\u8db3\u60a8\u7684\u9700\u6c42\u3002 <strong data-start=\"1293\" data-end=\"1320\">\u7f57\u9a6c\u5c3c\u4e9a\u9a7e\u9a76\u6267\u7167<\/strong> \u4e3a\u60a8\u63d0\u4f9b\u6700\u5927\u7684\u7075\u6d3b\u6027\uff0c\u5e76\u786e\u4fdd\u60a8\u53ef\u4ee5\u7acb\u5373\u79fb\u52a8\u3002\u7ecf\u8fc7\u4f18\u5316\uff0c\u9002\u7528\u4e8e <strong data-start=\"1415\" data-end=\"1430\">\u5728\u7ebf\u8d2d\u4e70<\/strong>, \u6211\u4eec\u7684\u4ea7\u54c1\u662f\u60a8\u7684\u6700\u4f73\u9009\u62e9\u3002 <strong data-start=\"1482\" data-end=\"1549\">\u53ef\u9760\u3001\u4f18\u8d28\u3001\u6cd5\u5f8b\u8ba4\u53ef\u7684\u9a7e\u9a76\u6267\u7167<\/strong> \u641c\u7d22\u3002.<\/p>","protected":false},"excerpt":{"rendered":"<p>Rum\u00e4nischer F\u00fchrerschein \u2013 Schnell, Sicher und Anerkannt Erleben Sie die Freiheit, mobil zu sein, mit unserem hochwertigen rum\u00e4nischen F\u00fchrerschein. Ideal f\u00fcr alle, die ihre Fahrlizenz schnell, unkompliziert und rechtlich anerkannt erhalten m\u00f6chten. Unser Produkt steht f\u00fcr Zuverl\u00e4ssigkeit, Diskretion und h\u00f6chste Qualit\u00e4t, sodass Sie stressfrei und sicher unterwegs sind. Der rum\u00e4nische F\u00fchrerschein zeichnet sich durch seine [&hellip;]<\/p>","protected":false},"featured_media":3255,"comment_status":"open","ping_status":"closed","template":"","meta":[],"product_brand":[],"product_cat":[44],"product_tag":[],"class_list":{"0":"post-3253","1":"product","2":"type-product","3":"status-publish","4":"has-post-thumbnail","6":"product_cat-uncategorized","8":"first","9":"instock","10":"shipping-taxable","11":"product-type-simple"},"yoast_head":"<!-- This site is optimized with the Yoast SEO Premium plugin v22.2 (Yoast SEO v26.2) - https:\/\/yoast.com\/wordpress\/plugins\/seo\/ -->\n<title>Rum\u00e4nischer F\u00fchrerschein - Reisepassfuhrer<\/title>\n<meta name=\"robots\" content=\"noindex, follow, max-snippet:-1, max-image-preview:large, max-video-preview:-1\" \/>\n<meta property=\"og:locale\" content=\"zh_CN\" \/>\n<meta property=\"og:type\" content=\"article\" \/>\n<meta property=\"og:title\" content=\"Rum\u00e4nischer F\u00fchrerschein\" \/>\n<meta property=\"og:description\" content=\"Rum\u00e4nischer F\u00fchrerschein \u2013 Schnell, Sicher und Anerkannt Erleben Sie die Freiheit, mobil zu sein, mit unserem hochwertigen rum\u00e4nischen F\u00fchrerschein. Ideal f\u00fcr alle, die ihre Fahrlizenz schnell, unkompliziert und rechtlich anerkannt erhalten m\u00f6chten. Unser Produkt steht f\u00fcr Zuverl\u00e4ssigkeit, Diskretion und h\u00f6chste Qualit\u00e4t, sodass Sie stressfrei und sicher unterwegs sind. Der rum\u00e4nische F\u00fchrerschein zeichnet sich durch seine [&hellip;]\" \/>\n<meta property=\"og:url\" content=\"https:\/\/reisepassfuhrer.com\/zh\/product\/\u7f57\u9a6c\u5c3c\u4e9a\u9a7e\u7167\/\" \/>\n<meta property=\"og:site_name\" content=\"Reisepassfuhrer\" \/>\n<meta property=\"article:modified_time\" content=\"2025-11-26T16:09:16+00:00\" \/>\n<meta property=\"og:image\" content=\"http:\/\/reisepassfuhrer.com\/wp-content\/uploads\/2025\/11\/download-11.jpg\" \/>\n\t<meta property=\"og:image:width\" content=\"289\" \/>\n\t<meta property=\"og:image:height\" content=\"174\" \/>\n\t<meta property=\"og:image:type\" content=\"image\/jpeg\" \/>\n<meta name=\"twitter:card\" content=\"summary_large_image\" \/>\n<meta name=\"twitter:label1\" content=\"\u9884\u8ba1\u9605\u8bfb\u65f6\u95f4\" \/>\n\t<meta name=\"twitter:data1\" content=\"1 \u5206\" \/>\n<script type=\"application\/ld+json\" class=\"yoast-schema-graph\">{\"@context\":\"https:\/\/schema.org\",\"@graph\":[{\"@type\":\"WebPage\",\"@id\":\"https:\/\/reisepassfuhrer.com\/product\/rumaenischer-fuehrerschein\/\",\"url\":\"https:\/\/reisepassfuhrer.com\/product\/rumaenischer-fuehrerschein\/\",\"name\":\"Rum\u00e4nischer F\u00fchrerschein - Reisepassfuhrer\",\"isPartOf\":{\"@id\":\"https:\/\/reisepassfuhrer.com\/#website\"},\"primaryImageOfPage\":{\"@id\":\"https:\/\/reisepassfuhrer.com\/product\/rumaenischer-fuehrerschein\/#primaryimage\"},\"image\":{\"@id\":\"https:\/\/reisepassfuhrer.com\/product\/rumaenischer-fuehrerschein\/#primaryimage\"},\"thumbnailUrl\":\"https:\/\/reisepassfuhrer.com\/wp-content\/uploads\/2025\/11\/download-11.jpg\",\"datePublished\":\"2025-11-26T16:09:15+00:00\",\"dateModified\":\"2025-11-26T16:09:16+00:00\",\"breadcrumb\":{\"@id\":\"https:\/\/reisepassfuhrer.com\/product\/rumaenischer-fuehrerschein\/#breadcrumb\"},\"inLanguage\":\"zh-Hans\",\"potentialAction\":[{\"@type\":\"ReadAction\",\"target\":[\"https:\/\/reisepassfuhrer.com\/product\/rumaenischer-fuehrerschein\/\"]}]},{\"@type\":\"ImageObject\",\"inLanguage\":\"zh-Hans\",\"@id\":\"https:\/\/reisepassfuhrer.com\/product\/rumaenischer-fuehrerschein\/#primaryimage\",\"url\":\"https:\/\/reisepassfuhrer.com\/wp-content\/uploads\/2025\/11\/download-11.jpg\",\"contentUrl\":\"https:\/\/reisepassfuhrer.com\/wp-content\/uploads\/2025\/11\/download-11.jpg\",\"width\":289,\"height\":174},{\"@type\":\"BreadcrumbList\",\"@id\":\"https:\/\/reisepassfuhrer.com\/product\/rumaenischer-fuehrerschein\/#breadcrumb\",\"itemListElement\":[{\"@type\":\"ListItem\",\"position\":1,\"name\":\"Home\",\"item\":\"https:\/\/reisepassfuhrer.com\/\"},{\"@type\":\"ListItem\",\"position\":2,\"name\":\"Shop\",\"item\":\"https:\/\/reisepassfuhrer.com\/shop\/\"},{\"@type\":\"ListItem\",\"position\":3,\"name\":\"Rum\u00e4nischer F\u00fchrerschein\"}]},{\"@type\":\"WebSite\",\"@id\":\"https:\/\/reisepassfuhrer.com\/#website\",\"url\":\"https:\/\/reisepassfuhrer.com\/\",\"name\":\"Reisepassfuhrer\",\"description\":\"Reisepass Beantragen Berlin\",\"publisher\":{\"@id\":\"https:\/\/reisepassfuhrer.com\/#organization\"},\"potentialAction\":[{\"@type\":\"SearchAction\",\"target\":{\"@type\":\"EntryPoint\",\"urlTemplate\":\"https:\/\/reisepassfuhrer.com\/?s={search_term_string}\"},\"query-input\":{\"@type\":\"PropertyValueSpecification\",\"valueRequired\":true,\"valueName\":\"search_term_string\"}}],\"inLanguage\":\"zh-Hans\"},{\"@type\":\"Organization\",\"@id\":\"https:\/\/reisepassfuhrer.com\/#organization\",\"name\":\"Reisepassfuhrer\",\"url\":\"https:\/\/reisepassfuhrer.com\/\",\"logo\":{\"@type\":\"ImageObject\",\"inLanguage\":\"zh-Hans\",\"@id\":\"https:\/\/reisepassfuhrer.com\/#\/schema\/logo\/image\/\",\"url\":\"https:\/\/reisepassfuhrer.com\/wp-content\/uploads\/2024\/03\/Reisepassfuhrer-logo.png\",\"contentUrl\":\"https:\/\/reisepassfuhrer.com\/wp-content\/uploads\/2024\/03\/Reisepassfuhrer-logo.png\",\"width\":112,\"height\":112,\"caption\":\"Reisepassfuhrer\"},\"image\":{\"@id\":\"https:\/\/reisepassfuhrer.com\/#\/schema\/logo\/image\/\"}}]}<\/script>\n<!-- \/ Yoast SEO Premium plugin. -->","yoast_head_json":{"title":"\u7f57\u9a6c\u5c3c\u4e9a\u9a7e\u9a76\u6267\u7167 - \u62a4\u7167\u6301\u6709\u8005","robots":{"index":"noindex","follow":"follow","max-snippet":"max-snippet:-1","max-image-preview":"max-image-preview:large","max-video-preview":"max-video-preview:-1"},"og_locale":"zh_CN","og_type":"article","og_title":"Rum\u00e4nischer F\u00fchrerschein","og_description":"Rum\u00e4nischer F\u00fchrerschein \u2013 Schnell, Sicher und Anerkannt Erleben Sie die Freiheit, mobil zu sein, mit unserem hochwertigen rum\u00e4nischen F\u00fchrerschein. Ideal f\u00fcr alle, die ihre Fahrlizenz schnell, unkompliziert und rechtlich anerkannt erhalten m\u00f6chten. Unser Produkt steht f\u00fcr Zuverl\u00e4ssigkeit, Diskretion und h\u00f6chste Qualit\u00e4t, sodass Sie stressfrei und sicher unterwegs sind. Der rum\u00e4nische F\u00fchrerschein zeichnet sich durch seine [&hellip;]","og_url":"https:\/\/reisepassfuhrer.com\/zh\/product\/\u7f57\u9a6c\u5c3c\u4e9a\u9a7e\u7167\/","og_site_name":"Reisepassfuhrer","article_modified_time":"2025-11-26T16:09:16+00:00","og_image":[{"width":289,"height":174,"url":"http:\/\/reisepassfuhrer.com\/wp-content\/uploads\/2025\/11\/download-11.jpg","type":"image\/jpeg"}],"twitter_card":"summary_large_image","twitter_misc":{"\u9884\u8ba1\u9605\u8bfb\u65f6\u95f4":"1 \u5206"},"schema":{"@context":"https:\/\/schema.org","@graph":[{"@type":"WebPage","@id":"https:\/\/reisepassfuhrer.com\/product\/rumaenischer-fuehrerschein\/","url":"https:\/\/reisepassfuhrer.com\/product\/rumaenischer-fuehrerschein\/","name":"\u7f57\u9a6c\u5c3c\u4e9a\u9a7e\u9a76\u6267\u7167 - \u62a4\u7167\u6301\u6709\u8005","isPartOf":{"@id":"https:\/\/reisepassfuhrer.com\/#website"},"primaryImageOfPage":{"@id":"https:\/\/reisepassfuhrer.com\/product\/rumaenischer-fuehrerschein\/#primaryimage"},"image":{"@id":"https:\/\/reisepassfuhrer.com\/product\/rumaenischer-fuehrerschein\/#primaryimage"},"thumbnailUrl":"https:\/\/reisepassfuhrer.com\/wp-content\/uploads\/2025\/11\/download-11.jpg","datePublished":"2025-11-26T16:09:15+00:00","dateModified":"2025-11-26T16:09:16+00:00","breadcrumb":{"@id":"https:\/\/reisepassfuhrer.com\/product\/rumaenischer-fuehrerschein\/#breadcrumb"},"inLanguage":"zh-Hans","potentialAction":[{"@type":"ReadAction","target":["https:\/\/reisepassfuhrer.com\/product\/rumaenischer-fuehrerschein\/"]}]},{"@type":"ImageObject","inLanguage":"zh-Hans","@id":"https:\/\/reisepassfuhrer.com\/product\/rumaenischer-fuehrerschein\/#primaryimage","url":"https:\/\/reisepassfuhrer.com\/wp-content\/uploads\/2025\/11\/download-11.jpg","contentUrl":"https:\/\/reisepassfuhrer.com\/wp-content\/uploads\/2025\/11\/download-11.jpg","width":289,"height":174},{"@type":"BreadcrumbList","@id":"https:\/\/reisepassfuhrer.com\/product\/rumaenischer-fuehrerschein\/#breadcrumb","itemListElement":[{"@type":"ListItem","position":1,"name":"Home","item":"https:\/\/reisepassfuhrer.com\/"},{"@type":"ListItem","position":2,"name":"Shop","item":"https:\/\/reisepassfuhrer.com\/shop\/"},{"@type":"ListItem","position":3,"name":"Rum\u00e4nischer F\u00fchrerschein"}]},{"@type":"WebSite","@id":"https:\/\/reisepassfuhrer.com\/#website","url":"https:\/\/reisepassfuhrer.com\/","name":"\u62a4\u7167\u6307\u5357","description":"\u7533\u8bf7\u67cf\u6797\u62a4\u7167","publisher":{"@id":"https:\/\/reisepassfuhrer.com\/#organization"},"potentialAction":[{"@type":"SearchAction","target":{"@type":"EntryPoint","urlTemplate":"https:\/\/reisepassfuhrer.com\/?s={search_term_string}"},"query-input":{"@type":"PropertyValueSpecification","valueRequired":true,"valueName":"search_term_string"}}],"inLanguage":"zh-Hans"},{"@type":"Organization","@id":"https:\/\/reisepassfuhrer.com\/#organization","name":"\u62a4\u7167\u6307\u5357","url":"https:\/\/reisepassfuhrer.com\/","logo":{"@type":"ImageObject","inLanguage":"zh-Hans","@id":"https:\/\/reisepassfuhrer.com\/#\/schema\/logo\/image\/","url":"https:\/\/reisepassfuhrer.com\/wp-content\/uploads\/2024\/03\/Reisepassfuhrer-logo.png","contentUrl":"https:\/\/reisepassfuhrer.com\/wp-content\/uploads\/2024\/03\/Reisepassfuhrer-logo.png","width":112,"height":112,"caption":"Reisepassfuhrer"},"image":{"@id":"https:\/\/reisepassfuhrer.com\/#\/schema\/logo\/image\/"}}]}},"_links":{"self":[{"href":"https:\/\/reisepassfuhrer.com\/zh\/wp-json\/wp\/v2\/product\/3253","targetHints":{"allow":["GET"]}}],"collection":[{"href":"https:\/\/reisepassfuhrer.com\/zh\/wp-json\/wp\/v2\/product"}],"about":[{"href":"https:\/\/reisepassfuhrer.com\/zh\/wp-json\/wp\/v2\/types\/product"}],"replies":[{"embeddable":true,"href":"https:\/\/reisepassfuhrer.com\/zh\/wp-json\/wp\/v2\/comments?post=3253"}],"wp:featuredmedia":[{"embeddable":true,"href":"https:\/\/reisepassfuhrer.com\/zh\/wp-json\/wp\/v2\/media\/3255"}],"wp:attachment":[{"href":"https:\/\/reisepassfuhrer.com\/zh\/wp-json\/wp\/v2\/media?parent=3253"}],"wp:term":[{"taxonomy":"product_brand","embeddable":true,"href":"https:\/\/reisepassfuhrer.com\/zh\/wp-json\/wp\/v2\/product_brand?post=3253"},{"taxonomy":"product_cat","embeddable":true,"href":"https:\/\/reisepassfuhrer.com\/zh\/wp-json\/wp\/v2\/product_cat?post=3253"},{"taxonomy":"product_tag","embeddable":true,"href":"https:\/\/reisepassfuhrer.com\/zh\/wp-json\/wp\/v2\/product_tag?post=3253"}],"curies":[{"name":"wp","href":"https:\/\/api.w.org\/{rel}","templated":true}]}}