{"id":3407,"date":"2026-01-07T17:59:14","date_gmt":"2026-01-07T17:59:14","guid":{"rendered":"https:\/\/reisepassfuhrer.com\/?post_type=product&#038;p=3407"},"modified":"2026-01-07T17:59:15","modified_gmt":"2026-01-07T17:59:15","slug":"34-a-schein","status":"publish","type":"product","link":"https:\/\/reisepassfuhrer.com\/zh\/product\/34-a-\u5916\u89c2\/","title":{"rendered":"34 a \u5916\u89c2"},"content":{"rendered":"<p data-start=\"153\" data-end=\"222\">\u8bf7\u7b80\u8981\u544a\u8bc9\u6211\uff1a<\/p>\n<ol data-start=\"223\" data-end=\"856\">\n<li data-start=\"223\" data-end=\"438\">\n<p data-start=\"226\" data-end=\"246\">\u5982\u679c\u6d89\u53ca<\/p>\n<ul data-start=\"250\" data-end=\"438\">\n<li data-start=\"250\" data-end=\"295\">\n<p data-start=\"252\" data-end=\"295\">\u4e00\u79cd <strong data-start=\"258\" data-end=\"292\">\u5728\u7ebf\u8bfe\u7a0b\/\u51c6\u5907\u8bfe\u7a0b<\/strong>,<\/p>\n<\/li>\n<li data-start=\"299\" data-end=\"325\">\n<p data-start=\"301\" data-end=\"325\">\u4e00\u79cd <strong data-start=\"307\" data-end=\"322\">\u8bfe\u5802\u8bfe\u7a0b<\/strong>,<\/p>\n<\/li>\n<li data-start=\"329\" data-end=\"375\">\n<p data-start=\"331\" data-end=\"375\">\u4e00\u79cd <strong data-start=\"335\" data-end=\"372\">\u7535\u5b50\u5b66\u4e60+\u8003\u8bd5\u51c6\u5907<\/strong>,<\/p>\n<\/li>\n<li data-start=\"379\" data-end=\"438\">\n<p data-start=\"381\" data-end=\"438\">\u6216 <strong data-start=\"392\" data-end=\"437\">\u5168\u5957\u670d\u52a1\u5305\u62ec\u6ce8\u518c\u548c\u8003\u8bd5<\/strong>?<\/p>\n<\/li>\n<\/ul>\n<\/li>\n<li data-start=\"439\" data-end=\"545\">\n<p data-start=\"442\" data-end=\"459\"><strong data-start=\"442\" data-end=\"456\">\u76ee\u6807\u7fa4\u4f53<\/strong>:<\/p>\n<ul data-start=\"463\" data-end=\"545\">\n<li data-start=\"463\" data-end=\"490\">\n<p data-start=\"465\" data-end=\"490\">\u4fdd\u5b89\u4eba\u5458\u3001,<\/p>\n<\/li>\n<li data-start=\"494\" data-end=\"513\">\n<p data-start=\"496\" data-end=\"513\">\u804c\u4e1a\u8f6c\u6362\u8005,<\/p>\n<\/li>\n<li data-start=\"517\" data-end=\"545\">\n<p data-start=\"519\" data-end=\"545\">\u516c\u53f8\/\u96c7\u4e3b\uff1f<\/p>\n<\/li>\n<\/ul>\n<\/li>\n<li data-start=\"546\" data-end=\"741\">\n<p data-start=\"549\" data-end=\"592\"><strong data-start=\"549\" data-end=\"571\">\u7279\u6b8a\u4f18\u52bf<\/strong> (\u5982\u6709\uff09\uff1a<\/p>\n<ul data-start=\"596\" data-end=\"741\">\n<li data-start=\"596\" data-end=\"611\">\n<p data-start=\"598\" data-end=\"611\">\u7b26\u5408 IHK \u6807\u51c6<\/p>\n<\/li>\n<li data-start=\"615\" data-end=\"631\">\n<p data-start=\"617\" data-end=\"631\">100 % \u5728\u7ebf<\/p>\n<\/li>\n<li data-start=\"635\" data-end=\"658\">\n<p data-start=\"637\" data-end=\"658\">\u5feb\u901f\u7ed3\u8bba<\/p>\n<\/li>\n<li data-start=\"662\" data-end=\"685\">\n<p data-start=\"664\" data-end=\"685\">\u9ad8\u901a\u8fc7\u7387<\/p>\n<\/li>\n<li data-start=\"689\" data-end=\"741\">\n<p data-start=\"691\" data-end=\"741\">\u5206\u671f\u4ed8\u6b3e\/\u8d44\u52a9\uff08\u5982\u6559\u80b2\u5238\uff09<\/p>\n<\/li>\n<\/ul>\n<\/li>\n<li data-start=\"742\" data-end=\"856\">\n<p data-start=\"745\" data-end=\"767\">\u671f\u671b <strong data-start=\"757\" data-end=\"764\">\u58f0\u97f3<\/strong>:<\/p>\n<ul data-start=\"771\" data-end=\"856\">\n<li data-start=\"771\" data-end=\"797\">\n<p data-start=\"773\" data-end=\"797\">\u4e25\u8083\u4e13\u4e1a<\/p>\n<\/li>\n<li data-start=\"801\" data-end=\"825\">\n<p data-start=\"803\" data-end=\"825\">\u73b0\u4ee3\u4e0e\u6fc0\u52b1<\/p>\n<\/li>\n<li data-start=\"829\" data-end=\"856\">\n<p data-start=\"831\" data-end=\"856\">\u5f3a\u5927\u7684\u9500\u552e\u548c\u60c5\u611f<\/p>\n<\/li>\n<\/ul>\n<\/li>\n<\/ol>\n<p data-start=\"858\" data-end=\"1081\" data-is-last-node=\"\" data-is-only-node=\"\">\u4e00\u65e6\u83b7\u5f97\u8fd9\u4e9b\u4fe1\u606f\uff0c\u6211\u5c06\u521b\u5efa <strong data-start=\"904\" data-end=\"981\">\u7528\u5fb7\u8bed\u64b0\u5199\u7684\u7ea6 250 \u5b57\u3001\u7ecf\u8fc7\u641c\u7d22\u5f15\u64ce\u4f18\u5316\u7684\u4ea7\u54c1\u63cf\u8ff0<\/strong>, \u5177\u6709\u660e\u786e\u7684 USP\u3001\u4ee4\u4eba\u4fe1\u670d\u7684\u8bed\u8a00\u548c\u76f8\u5173\u5173\u952e\u8bcd\uff0c\u4ee5\u83b7\u5f97\u6700\u5927\u7684\u5728\u7ebf\u53ef\u89c1\u5ea6 \ud83d\ude80<\/p>","protected":false},"excerpt":{"rendered":"<p>Bitte sag mir kurz: Handelt es sich um einen Onlinekurs \/ Vorbereitungskurs, einen Pr\u00e4senzkurs, ein E-Learning + Pr\u00fcfungsvorbereitung, oder einen Komplettservice inkl. Anmeldung &amp; Pr\u00fcfung? Zielgruppe: Sicherheitsmitarbeiter, Quereinsteiger, Unternehmen \/ Arbeitgeber? Besondere Vorteile (falls vorhanden): IHK-konform 100 % online Schneller Abschluss Hohe Bestehensquote Ratenzahlung \/ F\u00f6rderung (z. B. Bildungsgutschein) Gew\u00fcnschter Ton: seri\u00f6s &amp; professionell modern [&hellip;]<\/p>","protected":false},"featured_media":3159,"comment_status":"open","ping_status":"closed","template":"","meta":[],"product_brand":[],"product_cat":[44],"product_tag":[],"class_list":{"0":"post-3407","1":"product","2":"type-product","3":"status-publish","4":"has-post-thumbnail","6":"product_cat-uncategorized","8":"first","9":"instock","10":"shipping-taxable","11":"purchasable","12":"product-type-simple"},"yoast_head":"<!-- This site is optimized with the Yoast SEO Premium plugin v22.2 (Yoast SEO v26.2) - https:\/\/yoast.com\/wordpress\/plugins\/seo\/ -->\n<title>34 a schein - Reisepassfuhrer<\/title>\n<meta name=\"robots\" content=\"noindex, follow, max-snippet:-1, max-image-preview:large, max-video-preview:-1\" \/>\n<meta property=\"og:locale\" content=\"zh_CN\" \/>\n<meta property=\"og:type\" content=\"article\" \/>\n<meta property=\"og:title\" content=\"34 a schein\" \/>\n<meta property=\"og:description\" content=\"Bitte sag mir kurz: Handelt es sich um einen Onlinekurs \/ Vorbereitungskurs, einen Pr\u00e4senzkurs, ein E-Learning + Pr\u00fcfungsvorbereitung, oder einen Komplettservice inkl. Anmeldung &amp; Pr\u00fcfung? Zielgruppe: Sicherheitsmitarbeiter, Quereinsteiger, Unternehmen \/ Arbeitgeber? Besondere Vorteile (falls vorhanden): IHK-konform 100 % online Schneller Abschluss Hohe Bestehensquote Ratenzahlung \/ F\u00f6rderung (z. B. Bildungsgutschein) Gew\u00fcnschter Ton: seri\u00f6s &amp; professionell modern [&hellip;]\" \/>\n<meta property=\"og:url\" content=\"https:\/\/reisepassfuhrer.com\/zh\/product\/34-a-\u5916\u89c2\/\" \/>\n<meta property=\"og:site_name\" content=\"Reisepassfuhrer\" \/>\n<meta property=\"article:modified_time\" content=\"2026-01-07T17:59:15+00:00\" \/>\n<meta property=\"og:image\" content=\"http:\/\/reisepassfuhrer.com\/wp-content\/uploads\/2025\/08\/download-64.jpeg\" \/>\n\t<meta property=\"og:image:width\" content=\"194\" \/>\n\t<meta property=\"og:image:height\" content=\"260\" \/>\n\t<meta property=\"og:image:type\" content=\"image\/jpeg\" \/>\n<meta name=\"twitter:card\" content=\"summary_large_image\" \/>\n<meta name=\"twitter:label1\" content=\"\u9884\u8ba1\u9605\u8bfb\u65f6\u95f4\" \/>\n\t<meta name=\"twitter:data1\" content=\"1 \u5206\" \/>\n<script type=\"application\/ld+json\" class=\"yoast-schema-graph\">{\"@context\":\"https:\/\/schema.org\",\"@graph\":[{\"@type\":\"WebPage\",\"@id\":\"https:\/\/reisepassfuhrer.com\/product\/34-a-schein\/\",\"url\":\"https:\/\/reisepassfuhrer.com\/product\/34-a-schein\/\",\"name\":\"34 a schein - Reisepassfuhrer\",\"isPartOf\":{\"@id\":\"https:\/\/reisepassfuhrer.com\/#website\"},\"primaryImageOfPage\":{\"@id\":\"https:\/\/reisepassfuhrer.com\/product\/34-a-schein\/#primaryimage\"},\"image\":{\"@id\":\"https:\/\/reisepassfuhrer.com\/product\/34-a-schein\/#primaryimage\"},\"thumbnailUrl\":\"https:\/\/reisepassfuhrer.com\/wp-content\/uploads\/2025\/08\/download-64.jpeg\",\"datePublished\":\"2026-01-07T17:59:14+00:00\",\"dateModified\":\"2026-01-07T17:59:15+00:00\",\"breadcrumb\":{\"@id\":\"https:\/\/reisepassfuhrer.com\/product\/34-a-schein\/#breadcrumb\"},\"inLanguage\":\"zh-Hans\",\"potentialAction\":[{\"@type\":\"ReadAction\",\"target\":[\"https:\/\/reisepassfuhrer.com\/product\/34-a-schein\/\"]}]},{\"@type\":\"ImageObject\",\"inLanguage\":\"zh-Hans\",\"@id\":\"https:\/\/reisepassfuhrer.com\/product\/34-a-schein\/#primaryimage\",\"url\":\"https:\/\/reisepassfuhrer.com\/wp-content\/uploads\/2025\/08\/download-64.jpeg\",\"contentUrl\":\"https:\/\/reisepassfuhrer.com\/wp-content\/uploads\/2025\/08\/download-64.jpeg\",\"width\":194,\"height\":260},{\"@type\":\"BreadcrumbList\",\"@id\":\"https:\/\/reisepassfuhrer.com\/product\/34-a-schein\/#breadcrumb\",\"itemListElement\":[{\"@type\":\"ListItem\",\"position\":1,\"name\":\"Home\",\"item\":\"https:\/\/reisepassfuhrer.com\/\"},{\"@type\":\"ListItem\",\"position\":2,\"name\":\"Shop\",\"item\":\"https:\/\/reisepassfuhrer.com\/shop\/\"},{\"@type\":\"ListItem\",\"position\":3,\"name\":\"34 a schein\"}]},{\"@type\":\"WebSite\",\"@id\":\"https:\/\/reisepassfuhrer.com\/#website\",\"url\":\"https:\/\/reisepassfuhrer.com\/\",\"name\":\"Reisepassfuhrer\",\"description\":\"Reisepass Beantragen Berlin\",\"publisher\":{\"@id\":\"https:\/\/reisepassfuhrer.com\/#organization\"},\"potentialAction\":[{\"@type\":\"SearchAction\",\"target\":{\"@type\":\"EntryPoint\",\"urlTemplate\":\"https:\/\/reisepassfuhrer.com\/?s={search_term_string}\"},\"query-input\":{\"@type\":\"PropertyValueSpecification\",\"valueRequired\":true,\"valueName\":\"search_term_string\"}}],\"inLanguage\":\"zh-Hans\"},{\"@type\":\"Organization\",\"@id\":\"https:\/\/reisepassfuhrer.com\/#organization\",\"name\":\"Reisepassfuhrer\",\"url\":\"https:\/\/reisepassfuhrer.com\/\",\"logo\":{\"@type\":\"ImageObject\",\"inLanguage\":\"zh-Hans\",\"@id\":\"https:\/\/reisepassfuhrer.com\/#\/schema\/logo\/image\/\",\"url\":\"https:\/\/reisepassfuhrer.com\/wp-content\/uploads\/2024\/03\/Reisepassfuhrer-logo.png\",\"contentUrl\":\"https:\/\/reisepassfuhrer.com\/wp-content\/uploads\/2024\/03\/Reisepassfuhrer-logo.png\",\"width\":112,\"height\":112,\"caption\":\"Reisepassfuhrer\"},\"image\":{\"@id\":\"https:\/\/reisepassfuhrer.com\/#\/schema\/logo\/image\/\"}}]}<\/script>\n<!-- \/ Yoast SEO Premium plugin. -->","yoast_head_json":{"title":"34 A Schein - \u62a4\u7167\u6301\u6709\u8005","robots":{"index":"noindex","follow":"follow","max-snippet":"max-snippet:-1","max-image-preview":"max-image-preview:large","max-video-preview":"max-video-preview:-1"},"og_locale":"zh_CN","og_type":"article","og_title":"34 a schein","og_description":"Bitte sag mir kurz: Handelt es sich um einen Onlinekurs \/ Vorbereitungskurs, einen Pr\u00e4senzkurs, ein E-Learning + Pr\u00fcfungsvorbereitung, oder einen Komplettservice inkl. Anmeldung &amp; Pr\u00fcfung? Zielgruppe: Sicherheitsmitarbeiter, Quereinsteiger, Unternehmen \/ Arbeitgeber? Besondere Vorteile (falls vorhanden): IHK-konform 100 % online Schneller Abschluss Hohe Bestehensquote Ratenzahlung \/ F\u00f6rderung (z. B. Bildungsgutschein) Gew\u00fcnschter Ton: seri\u00f6s &amp; professionell modern [&hellip;]","og_url":"https:\/\/reisepassfuhrer.com\/zh\/product\/34-a-\u5916\u89c2\/","og_site_name":"Reisepassfuhrer","article_modified_time":"2026-01-07T17:59:15+00:00","og_image":[{"width":194,"height":260,"url":"http:\/\/reisepassfuhrer.com\/wp-content\/uploads\/2025\/08\/download-64.jpeg","type":"image\/jpeg"}],"twitter_card":"summary_large_image","twitter_misc":{"\u9884\u8ba1\u9605\u8bfb\u65f6\u95f4":"1 \u5206"},"schema":{"@context":"https:\/\/schema.org","@graph":[{"@type":"WebPage","@id":"https:\/\/reisepassfuhrer.com\/product\/34-a-schein\/","url":"https:\/\/reisepassfuhrer.com\/product\/34-a-schein\/","name":"34 A Schein - \u62a4\u7167\u6301\u6709\u8005","isPartOf":{"@id":"https:\/\/reisepassfuhrer.com\/#website"},"primaryImageOfPage":{"@id":"https:\/\/reisepassfuhrer.com\/product\/34-a-schein\/#primaryimage"},"image":{"@id":"https:\/\/reisepassfuhrer.com\/product\/34-a-schein\/#primaryimage"},"thumbnailUrl":"https:\/\/reisepassfuhrer.com\/wp-content\/uploads\/2025\/08\/download-64.jpeg","datePublished":"2026-01-07T17:59:14+00:00","dateModified":"2026-01-07T17:59:15+00:00","breadcrumb":{"@id":"https:\/\/reisepassfuhrer.com\/product\/34-a-schein\/#breadcrumb"},"inLanguage":"zh-Hans","potentialAction":[{"@type":"ReadAction","target":["https:\/\/reisepassfuhrer.com\/product\/34-a-schein\/"]}]},{"@type":"ImageObject","inLanguage":"zh-Hans","@id":"https:\/\/reisepassfuhrer.com\/product\/34-a-schein\/#primaryimage","url":"https:\/\/reisepassfuhrer.com\/wp-content\/uploads\/2025\/08\/download-64.jpeg","contentUrl":"https:\/\/reisepassfuhrer.com\/wp-content\/uploads\/2025\/08\/download-64.jpeg","width":194,"height":260},{"@type":"BreadcrumbList","@id":"https:\/\/reisepassfuhrer.com\/product\/34-a-schein\/#breadcrumb","itemListElement":[{"@type":"ListItem","position":1,"name":"Home","item":"https:\/\/reisepassfuhrer.com\/"},{"@type":"ListItem","position":2,"name":"Shop","item":"https:\/\/reisepassfuhrer.com\/shop\/"},{"@type":"ListItem","position":3,"name":"34 a schein"}]},{"@type":"WebSite","@id":"https:\/\/reisepassfuhrer.com\/#website","url":"https:\/\/reisepassfuhrer.com\/","name":"\u62a4\u7167\u6307\u5357","description":"\u7533\u8bf7\u67cf\u6797\u62a4\u7167","publisher":{"@id":"https:\/\/reisepassfuhrer.com\/#organization"},"potentialAction":[{"@type":"SearchAction","target":{"@type":"EntryPoint","urlTemplate":"https:\/\/reisepassfuhrer.com\/?s={search_term_string}"},"query-input":{"@type":"PropertyValueSpecification","valueRequired":true,"valueName":"search_term_string"}}],"inLanguage":"zh-Hans"},{"@type":"Organization","@id":"https:\/\/reisepassfuhrer.com\/#organization","name":"\u62a4\u7167\u6307\u5357","url":"https:\/\/reisepassfuhrer.com\/","logo":{"@type":"ImageObject","inLanguage":"zh-Hans","@id":"https:\/\/reisepassfuhrer.com\/#\/schema\/logo\/image\/","url":"https:\/\/reisepassfuhrer.com\/wp-content\/uploads\/2024\/03\/Reisepassfuhrer-logo.png","contentUrl":"https:\/\/reisepassfuhrer.com\/wp-content\/uploads\/2024\/03\/Reisepassfuhrer-logo.png","width":112,"height":112,"caption":"Reisepassfuhrer"},"image":{"@id":"https:\/\/reisepassfuhrer.com\/#\/schema\/logo\/image\/"}}]}},"_links":{"self":[{"href":"https:\/\/reisepassfuhrer.com\/zh\/wp-json\/wp\/v2\/product\/3407","targetHints":{"allow":["GET"]}}],"collection":[{"href":"https:\/\/reisepassfuhrer.com\/zh\/wp-json\/wp\/v2\/product"}],"about":[{"href":"https:\/\/reisepassfuhrer.com\/zh\/wp-json\/wp\/v2\/types\/product"}],"replies":[{"embeddable":true,"href":"https:\/\/reisepassfuhrer.com\/zh\/wp-json\/wp\/v2\/comments?post=3407"}],"wp:featuredmedia":[{"embeddable":true,"href":"https:\/\/reisepassfuhrer.com\/zh\/wp-json\/wp\/v2\/media\/3159"}],"wp:attachment":[{"href":"https:\/\/reisepassfuhrer.com\/zh\/wp-json\/wp\/v2\/media?parent=3407"}],"wp:term":[{"taxonomy":"product_brand","embeddable":true,"href":"https:\/\/reisepassfuhrer.com\/zh\/wp-json\/wp\/v2\/product_brand?post=3407"},{"taxonomy":"product_cat","embeddable":true,"href":"https:\/\/reisepassfuhrer.com\/zh\/wp-json\/wp\/v2\/product_cat?post=3407"},{"taxonomy":"product_tag","embeddable":true,"href":"https:\/\/reisepassfuhrer.com\/zh\/wp-json\/wp\/v2\/product_tag?post=3407"}],"curies":[{"name":"wp","href":"https:\/\/api.w.org\/{rel}","templated":true}]}}