{"id":3409,"date":"2026-01-07T18:02:49","date_gmt":"2026-01-07T18:02:49","guid":{"rendered":"https:\/\/reisepassfuhrer.com\/?post_type=product&#038;p=3409"},"modified":"2026-01-07T18:02:50","modified_gmt":"2026-01-07T18:02:50","slug":"bachelorurkunde","status":"publish","type":"product","link":"https:\/\/reisepassfuhrer.com\/zh\/product\/\u5b66\u58eb\u5b66\u4f4d\u8bc1\u4e66\/","title":{"rendered":"\u5b66\u58eb\u5b66\u4f4d\u8bc1\u4e66"},"content":{"rendered":"<p data-start=\"145\" data-end=\"874\">\u786e\u4fdd\u60a8\u7684 <strong data-start=\"167\" data-end=\"186\">\u5b66\u58eb\u5b66\u4f4d\u8bc1\u4e66<\/strong> - \u60a8\u5b66\u672f\u6210\u5c31\u548c\u4e2a\u4eba\u627f\u8bfa\u7684\u5b98\u65b9\u8bc1\u660e\u3002\u6211\u4eec\u7684\u8bc1\u4e66\u5177\u6709\u4ee5\u4e0b\u8bf4\u670d\u529b <strong data-start=\"303\" data-end=\"381\">\u9ad8\u8d28\u91cf\u7684\u505a\u5de5\u3001\u7ec6\u81f4\u7684\u8bbe\u8ba1\u548c\u5b98\u65b9\u7684\u8ba4\u53ef<\/strong>, \u56e0\u6b64\uff0c\u5b83\u4eec\u65e2\u9002\u5408\u4e13\u4e1a\u7528\u9014\uff0c\u4e5f\u9002\u5408\u79c1\u4eba\u6536\u85cf\u3002\u901a\u8fc7\u6211\u4eec\u7684\u670d\u52a1\uff0c\u60a8\u5c06\u83b7\u5f97\u4ee5\u4e0b\u8bc1\u4e66 <strong data-start=\"524\" data-end=\"565\">\u5feb\u901f\u3001\u53ef\u9760\u3001\u7b26\u5408\u6cd5\u5f8b\u89c4\u5b9a<\/strong>, \u65e0\u9700\u7ed5\u9053\u5927\u5b66\u3002\u9002\u5408 <strong data-start=\"607\" data-end=\"648\">\u6bd5\u4e1a\u751f\u3001\u516c\u53f8\u6216\u6536\u85cf\u5bb6<\/strong>, \u91cd\u89c6\u771f\u5b9e\u6027\u548c\u8d28\u91cf\u3002\u4f9d\u9760 <strong data-start=\"717\" data-end=\"751\">\u4e13\u4e1a\u5b66\u58eb\u5b66\u4f4d\u8bc1\u4e66<\/strong>, \u4ee5\u8868\u5f70\u60a8\u7684\u6210\u5c31\uff0c\u5e76\u4ea7\u751f\u7acb\u7aff\u89c1\u5f71\u7684\u6548\u679c\u3002\u73b0\u5728\u5c31\u8ba2\u8d2d\u5427\uff0c\u8ba9\u60a8\u7684\u5b66\u4f4d\u8bc1\u4e66\u66f4\u5177\u98ce\u683c\uff01<\/p>","protected":false},"excerpt":{"rendered":"<p>Sichern Sie sich Ihre Bachelorurkunde \u2013 Ihr offizieller Nachweis f\u00fcr akademische Leistungen und pers\u00f6nliches Engagement. Unsere Urkunden \u00fcberzeugen durch hochwertige Verarbeitung, detailgetreues Design und offizielle Anerkennung, sodass sie sowohl f\u00fcr berufliche Zwecke als auch f\u00fcr private Sammlungen perfekt geeignet sind. Mit unserem Service erhalten Sie Ihre Urkunde schnell, zuverl\u00e4ssig und rechtssicher, ohne Umwege \u00fcber Hochschulen. [&hellip;]<\/p>","protected":false},"featured_media":0,"comment_status":"open","ping_status":"closed","template":"","meta":[],"product_brand":[],"product_cat":[44],"product_tag":[],"class_list":{"0":"post-3409","1":"product","2":"type-product","3":"status-publish","5":"product_cat-uncategorized","7":"first","8":"instock","9":"shipping-taxable","10":"product-type-simple"},"yoast_head":"<!-- This site is optimized with the Yoast SEO Premium plugin v22.2 (Yoast SEO v26.2) - https:\/\/yoast.com\/wordpress\/plugins\/seo\/ -->\n<title>bachelorurkunde - Reisepassfuhrer<\/title>\n<meta name=\"robots\" content=\"noindex, follow, max-snippet:-1, max-image-preview:large, max-video-preview:-1\" \/>\n<meta property=\"og:locale\" content=\"zh_CN\" \/>\n<meta property=\"og:type\" content=\"article\" \/>\n<meta property=\"og:title\" content=\"bachelorurkunde\" \/>\n<meta property=\"og:description\" content=\"Sichern Sie sich Ihre Bachelorurkunde \u2013 Ihr offizieller Nachweis f\u00fcr akademische Leistungen und pers\u00f6nliches Engagement. Unsere Urkunden \u00fcberzeugen durch hochwertige Verarbeitung, detailgetreues Design und offizielle Anerkennung, sodass sie sowohl f\u00fcr berufliche Zwecke als auch f\u00fcr private Sammlungen perfekt geeignet sind. Mit unserem Service erhalten Sie Ihre Urkunde schnell, zuverl\u00e4ssig und rechtssicher, ohne Umwege \u00fcber Hochschulen. [&hellip;]\" \/>\n<meta property=\"og:url\" content=\"https:\/\/reisepassfuhrer.com\/zh\/product\/\u5b66\u58eb\u5b66\u4f4d\u8bc1\u4e66\/\" \/>\n<meta property=\"og:site_name\" content=\"Reisepassfuhrer\" \/>\n<meta property=\"article:modified_time\" content=\"2026-01-07T18:02:50+00:00\" \/>\n<meta name=\"twitter:card\" content=\"summary_large_image\" \/>\n<meta name=\"twitter:label1\" content=\"\u9884\u8ba1\u9605\u8bfb\u65f6\u95f4\" \/>\n\t<meta name=\"twitter:data1\" content=\"1 \u5206\" \/>\n<script type=\"application\/ld+json\" class=\"yoast-schema-graph\">{\"@context\":\"https:\/\/schema.org\",\"@graph\":[{\"@type\":\"WebPage\",\"@id\":\"https:\/\/reisepassfuhrer.com\/product\/bachelorurkunde\/\",\"url\":\"https:\/\/reisepassfuhrer.com\/product\/bachelorurkunde\/\",\"name\":\"bachelorurkunde - Reisepassfuhrer\",\"isPartOf\":{\"@id\":\"https:\/\/reisepassfuhrer.com\/#website\"},\"datePublished\":\"2026-01-07T18:02:49+00:00\",\"dateModified\":\"2026-01-07T18:02:50+00:00\",\"breadcrumb\":{\"@id\":\"https:\/\/reisepassfuhrer.com\/product\/bachelorurkunde\/#breadcrumb\"},\"inLanguage\":\"zh-Hans\",\"potentialAction\":[{\"@type\":\"ReadAction\",\"target\":[\"https:\/\/reisepassfuhrer.com\/product\/bachelorurkunde\/\"]}]},{\"@type\":\"BreadcrumbList\",\"@id\":\"https:\/\/reisepassfuhrer.com\/product\/bachelorurkunde\/#breadcrumb\",\"itemListElement\":[{\"@type\":\"ListItem\",\"position\":1,\"name\":\"Home\",\"item\":\"https:\/\/reisepassfuhrer.com\/\"},{\"@type\":\"ListItem\",\"position\":2,\"name\":\"Shop\",\"item\":\"https:\/\/reisepassfuhrer.com\/shop\/\"},{\"@type\":\"ListItem\",\"position\":3,\"name\":\"bachelorurkunde\"}]},{\"@type\":\"WebSite\",\"@id\":\"https:\/\/reisepassfuhrer.com\/#website\",\"url\":\"https:\/\/reisepassfuhrer.com\/\",\"name\":\"Reisepassfuhrer\",\"description\":\"Reisepass Beantragen Berlin\",\"publisher\":{\"@id\":\"https:\/\/reisepassfuhrer.com\/#organization\"},\"potentialAction\":[{\"@type\":\"SearchAction\",\"target\":{\"@type\":\"EntryPoint\",\"urlTemplate\":\"https:\/\/reisepassfuhrer.com\/?s={search_term_string}\"},\"query-input\":{\"@type\":\"PropertyValueSpecification\",\"valueRequired\":true,\"valueName\":\"search_term_string\"}}],\"inLanguage\":\"zh-Hans\"},{\"@type\":\"Organization\",\"@id\":\"https:\/\/reisepassfuhrer.com\/#organization\",\"name\":\"Reisepassfuhrer\",\"url\":\"https:\/\/reisepassfuhrer.com\/\",\"logo\":{\"@type\":\"ImageObject\",\"inLanguage\":\"zh-Hans\",\"@id\":\"https:\/\/reisepassfuhrer.com\/#\/schema\/logo\/image\/\",\"url\":\"https:\/\/reisepassfuhrer.com\/wp-content\/uploads\/2024\/03\/Reisepassfuhrer-logo.png\",\"contentUrl\":\"https:\/\/reisepassfuhrer.com\/wp-content\/uploads\/2024\/03\/Reisepassfuhrer-logo.png\",\"width\":112,\"height\":112,\"caption\":\"Reisepassfuhrer\"},\"image\":{\"@id\":\"https:\/\/reisepassfuhrer.com\/#\/schema\/logo\/image\/\"}}]}<\/script>\n<!-- \/ Yoast SEO Premium plugin. -->","yoast_head_json":{"title":"\u5b66\u58eb\u5b66\u4f4d\u8bc1\u4e66 - \u62a4\u7167\u6307\u5357","robots":{"index":"noindex","follow":"follow","max-snippet":"max-snippet:-1","max-image-preview":"max-image-preview:large","max-video-preview":"max-video-preview:-1"},"og_locale":"zh_CN","og_type":"article","og_title":"bachelorurkunde","og_description":"Sichern Sie sich Ihre Bachelorurkunde \u2013 Ihr offizieller Nachweis f\u00fcr akademische Leistungen und pers\u00f6nliches Engagement. Unsere Urkunden \u00fcberzeugen durch hochwertige Verarbeitung, detailgetreues Design und offizielle Anerkennung, sodass sie sowohl f\u00fcr berufliche Zwecke als auch f\u00fcr private Sammlungen perfekt geeignet sind. Mit unserem Service erhalten Sie Ihre Urkunde schnell, zuverl\u00e4ssig und rechtssicher, ohne Umwege \u00fcber Hochschulen. [&hellip;]","og_url":"https:\/\/reisepassfuhrer.com\/zh\/product\/\u5b66\u58eb\u5b66\u4f4d\u8bc1\u4e66\/","og_site_name":"Reisepassfuhrer","article_modified_time":"2026-01-07T18:02:50+00:00","twitter_card":"summary_large_image","twitter_misc":{"\u9884\u8ba1\u9605\u8bfb\u65f6\u95f4":"1 \u5206"},"schema":{"@context":"https:\/\/schema.org","@graph":[{"@type":"WebPage","@id":"https:\/\/reisepassfuhrer.com\/product\/bachelorurkunde\/","url":"https:\/\/reisepassfuhrer.com\/product\/bachelorurkunde\/","name":"\u5b66\u58eb\u5b66\u4f4d\u8bc1\u4e66 - \u62a4\u7167\u6307\u5357","isPartOf":{"@id":"https:\/\/reisepassfuhrer.com\/#website"},"datePublished":"2026-01-07T18:02:49+00:00","dateModified":"2026-01-07T18:02:50+00:00","breadcrumb":{"@id":"https:\/\/reisepassfuhrer.com\/product\/bachelorurkunde\/#breadcrumb"},"inLanguage":"zh-Hans","potentialAction":[{"@type":"ReadAction","target":["https:\/\/reisepassfuhrer.com\/product\/bachelorurkunde\/"]}]},{"@type":"BreadcrumbList","@id":"https:\/\/reisepassfuhrer.com\/product\/bachelorurkunde\/#breadcrumb","itemListElement":[{"@type":"ListItem","position":1,"name":"Home","item":"https:\/\/reisepassfuhrer.com\/"},{"@type":"ListItem","position":2,"name":"Shop","item":"https:\/\/reisepassfuhrer.com\/shop\/"},{"@type":"ListItem","position":3,"name":"bachelorurkunde"}]},{"@type":"WebSite","@id":"https:\/\/reisepassfuhrer.com\/#website","url":"https:\/\/reisepassfuhrer.com\/","name":"\u62a4\u7167\u6307\u5357","description":"\u7533\u8bf7\u67cf\u6797\u62a4\u7167","publisher":{"@id":"https:\/\/reisepassfuhrer.com\/#organization"},"potentialAction":[{"@type":"SearchAction","target":{"@type":"EntryPoint","urlTemplate":"https:\/\/reisepassfuhrer.com\/?s={search_term_string}"},"query-input":{"@type":"PropertyValueSpecification","valueRequired":true,"valueName":"search_term_string"}}],"inLanguage":"zh-Hans"},{"@type":"Organization","@id":"https:\/\/reisepassfuhrer.com\/#organization","name":"\u62a4\u7167\u6307\u5357","url":"https:\/\/reisepassfuhrer.com\/","logo":{"@type":"ImageObject","inLanguage":"zh-Hans","@id":"https:\/\/reisepassfuhrer.com\/#\/schema\/logo\/image\/","url":"https:\/\/reisepassfuhrer.com\/wp-content\/uploads\/2024\/03\/Reisepassfuhrer-logo.png","contentUrl":"https:\/\/reisepassfuhrer.com\/wp-content\/uploads\/2024\/03\/Reisepassfuhrer-logo.png","width":112,"height":112,"caption":"Reisepassfuhrer"},"image":{"@id":"https:\/\/reisepassfuhrer.com\/#\/schema\/logo\/image\/"}}]}},"_links":{"self":[{"href":"https:\/\/reisepassfuhrer.com\/zh\/wp-json\/wp\/v2\/product\/3409","targetHints":{"allow":["GET"]}}],"collection":[{"href":"https:\/\/reisepassfuhrer.com\/zh\/wp-json\/wp\/v2\/product"}],"about":[{"href":"https:\/\/reisepassfuhrer.com\/zh\/wp-json\/wp\/v2\/types\/product"}],"replies":[{"embeddable":true,"href":"https:\/\/reisepassfuhrer.com\/zh\/wp-json\/wp\/v2\/comments?post=3409"}],"wp:attachment":[{"href":"https:\/\/reisepassfuhrer.com\/zh\/wp-json\/wp\/v2\/media?parent=3409"}],"wp:term":[{"taxonomy":"product_brand","embeddable":true,"href":"https:\/\/reisepassfuhrer.com\/zh\/wp-json\/wp\/v2\/product_brand?post=3409"},{"taxonomy":"product_cat","embeddable":true,"href":"https:\/\/reisepassfuhrer.com\/zh\/wp-json\/wp\/v2\/product_cat?post=3409"},{"taxonomy":"product_tag","embeddable":true,"href":"https:\/\/reisepassfuhrer.com\/zh\/wp-json\/wp\/v2\/product_tag?post=3409"}],"curies":[{"name":"wp","href":"https:\/\/api.w.org\/{rel}","templated":true}]}}