{"id":3457,"date":"2026-04-27T22:41:53","date_gmt":"2026-04-27T22:41:53","guid":{"rendered":"https:\/\/reisepassfuhrer.com\/?post_type=product&#038;p=3457"},"modified":"2026-04-27T22:41:54","modified_gmt":"2026-04-27T22:41:54","slug":"erweitertes-fuehrungszeugnis-online-beantragen","status":"publish","type":"product","link":"https:\/\/reisepassfuhrer.com\/zh\/product\/erweitertes-fuehrungszeugnis-online-beantragen\/","title":{"rendered":"\u5728\u7ebf\u7533\u8bf7\u5ef6\u671f\u9a7e\u9a76\u6267\u7167"},"content":{"rendered":"<section class=\"text-token-text-primary w-full focus:outline-none [--shadow-height:45px] has-data-writing-block:pointer-events-none has-data-writing-block:-mt-(--shadow-height) has-data-writing-block:pt-(--shadow-height) [&amp;:has([data-writing-block])&gt;*]:pointer-events-auto [content-visibility:auto] supports-[content-visibility:auto]:[contain-intrinsic-size:auto_100lvh] R6Vx5W_threadScrollVars scroll-mb-[calc(var(--scroll-root-safe-area-inset-bottom,0px)+var(--thread-response-height))] scroll-mt-[calc(var(--header-height)+min(200px,max(70px,20svh)))]\" dir=\"auto\" data-turn-id=\"request-WEB:35753e64-cba8-4091-a85d-54490834c8f7-1\" data-testid=\"conversation-turn-4\" data-scroll-anchor=\"false\" data-turn=\"assistant\">\n<div class=\"text-base my-auto mx-auto pb-10 [--thread-content-margin:var(--thread-content-margin-xs,calc(var(--spacing)*4))] @w-sm\/main:[--thread-content-margin:var(--thread-content-margin-sm,calc(var(--spacing)*6))] @w-lg\/main:[--thread-content-margin:var(--thread-content-margin-lg,calc(var(--spacing)*16))] px-(--thread-content-margin)\">\n<div class=\"[--thread-content-max-width:40rem] @w-lg\/main:[--thread-content-max-width:48rem] mx-auto max-w-(--thread-content-max-width) flex-1 group\/turn-messages focus-visible:outline-hidden relative flex w-full min-w-0 flex-col agent-turn\">\n<div class=\"flex max-w-full flex-col gap-4 grow\">\n<div class=\"min-h-8 text-message relative flex w-full flex-col items-end gap-2 text-start break-words whitespace-normal outline-none keyboard-focused:focus-ring [.text-message+&amp;]:mt-1\" dir=\"auto\" tabindex=\"0\" data-message-author-role=\"assistant\" data-message-id=\"bee1f665-8d2b-44ce-896e-36643a3a26ea\" data-message-model-slug=\"gpt-5-3\" data-turn-start-message=\"true\">\n<div class=\"flex w-full flex-col gap-1 empty:hidden\">\n<div class=\"markdown prose dark:prose-invert w-full wrap-break-word light markdown-new-styling\">\n<h2 data-section-id=\"1u2du7k\" data-start=\"0\" data-end=\"84\">Erweitertes F\u00fchrungszeugnis online beantragen \u2013 Schnell, sicher und unkompliziert<\/h2>\n<p data-start=\"86\" data-end=\"499\">M\u00f6chten Sie Ihr <strong data-start=\"102\" data-end=\"151\">erweitertes F\u00fchrungszeugnis online beantragen<\/strong>, ohne lange Wartezeiten und komplizierte Beh\u00f6rdeng\u00e4nge? Mit unserem digitalen Service gelingt Ihnen die Antragstellung bequem von zu Hause aus \u2013 effizient, sicher und zeitsparend. Ob f\u00fcr eine T\u00e4tigkeit im sozialen Bereich, f\u00fcr die Arbeit mit Kindern oder f\u00fcr beh\u00f6rdliche Nachweise: Wir begleiten Sie Schritt f\u00fcr Schritt durch den gesamten Prozess.<\/p>\n<h2 data-section-id=\"1gqzrg3\" data-start=\"501\" data-end=\"545\">Einfacher Online-Antrag mit eID-Verfahren<\/h2>\n<p data-start=\"547\" data-end=\"889\">Dank moderner Technologien wie der <strong data-start=\"582\" data-end=\"614\">Online-Ausweisfunktion (eID)<\/strong> k\u00f6nnen Sie Ihr F\u00fchrungszeugnis direkt online beantragen. Unser benutzerfreundliches System f\u00fchrt Sie klar und verst\u00e4ndlich durch alle notwendigen Schritte \u2013 von der Identit\u00e4tspr\u00fcfung bis zur finalen Antragstellung. So vermeiden Sie typische Fehler und sparen wertvolle Zeit.<\/p>\n<h2 data-section-id=\"1i1jqx5\" data-start=\"891\" data-end=\"936\">Schnelle Bearbeitung &amp; maximale Sicherheit<\/h2>\n<p data-start=\"938\" data-end=\"1238\">Profitieren Sie von einer <strong data-start=\"964\" data-end=\"994\">schnellen Bearbeitungszeit<\/strong> und h\u00f6chsten Sicherheitsstandards beim Datenschutz. Ihre pers\u00f6nlichen Daten werden verschl\u00fcsselt \u00fcbertragen und streng vertraulich behandelt. Nach erfolgreicher Antragstellung behalten Sie jederzeit den \u00dcberblick \u00fcber den Status Ihres Antrags.<\/p>\n<h2 data-section-id=\"1c48oar\" data-start=\"1240\" data-end=\"1289\">Relevante Keywords f\u00fcr optimale Auffindbarkeit<\/h2>\n<p data-start=\"1291\" data-end=\"1624\">Unsere Inhalte sind gezielt optimiert f\u00fcr Suchanfragen wie <strong data-start=\"1350\" data-end=\"1518\">\u201eerweitertes F\u00fchrungszeugnis beantragen online\u201c, \u201eF\u00fchrungszeugnis Deutschland online Antrag\u201c, \u201epolizeiliches F\u00fchrungszeugnis online\u201c, \u201eBackground Check Deutschland\u201c<\/strong> \u548c <strong data-start=\"1523\" data-end=\"1559\">\u201eeID F\u00fchrungszeugnis beantragen\u201c<\/strong>. So finden Sie schnell die richtigen Informationen und L\u00f6sungen.<\/p>\n<h2 data-section-id=\"cro81m\" data-start=\"1626\" data-end=\"1668\">Jetzt online beantragen und Zeit sparen<\/h2>\n<p data-start=\"1670\" data-end=\"1874\" data-is-last-node=\"\" data-is-only-node=\"\">Vermeiden Sie unn\u00f6tigen Aufwand und starten Sie noch heute Ihren Antrag f\u00fcr das erweiterte F\u00fchrungszeugnis online. Schnell, bequem und zuverl\u00e4ssig \u2013 genau so, wie moderne Verwaltungsprozesse sein sollten.<\/p>\n<\/div>\n<\/div>\n<\/div>\n<\/div>\n<div class=\"z-0 flex min-h-[46px] justify-start\"><\/div>\n<\/div>\n<\/div>\n<\/section>\n<div class=\"pointer-events-none -mt-px h-px translate-y-[calc(var(--scroll-root-safe-area-inset-bottom)-14*var(--spacing))]\" aria-hidden=\"true\"><\/div>","protected":false},"excerpt":{"rendered":"<p>Erweitertes F\u00fchrungszeugnis online beantragen \u2013 Schnell, sicher und unkompliziert M\u00f6chten Sie Ihr erweitertes F\u00fchrungszeugnis online beantragen, ohne lange Wartezeiten und komplizierte Beh\u00f6rdeng\u00e4nge? Mit unserem digitalen Service gelingt Ihnen die Antragstellung bequem von zu Hause aus \u2013 effizient, sicher und zeitsparend. Ob f\u00fcr eine T\u00e4tigkeit im sozialen Bereich, f\u00fcr die Arbeit mit Kindern oder f\u00fcr beh\u00f6rdliche [&hellip;]<\/p>","protected":false},"featured_media":3459,"comment_status":"open","ping_status":"closed","template":"","meta":[],"product_brand":[],"product_cat":[44],"product_tag":[],"class_list":{"0":"post-3457","1":"product","2":"type-product","3":"status-publish","4":"has-post-thumbnail","6":"product_cat-uncategorized","8":"first","9":"instock","10":"shipping-taxable","11":"purchasable","12":"product-type-simple"},"yoast_head":"<!-- This site is optimized with the Yoast SEO Premium plugin v22.2 (Yoast SEO v26.2) - https:\/\/yoast.com\/wordpress\/plugins\/seo\/ -->\n<title>Erweitertes f\u00fchrungszeugnis online beantragen - Reisepassfuhrer<\/title>\n<meta name=\"robots\" content=\"noindex, follow, max-snippet:-1, max-image-preview:large, max-video-preview:-1\" \/>\n<meta property=\"og:locale\" content=\"zh_CN\" \/>\n<meta property=\"og:type\" content=\"article\" \/>\n<meta property=\"og:title\" content=\"Erweitertes f\u00fchrungszeugnis online beantragen\" \/>\n<meta property=\"og:description\" content=\"Erweitertes F\u00fchrungszeugnis online beantragen \u2013 Schnell, sicher und unkompliziert M\u00f6chten Sie Ihr erweitertes F\u00fchrungszeugnis online beantragen, ohne lange Wartezeiten und komplizierte Beh\u00f6rdeng\u00e4nge? Mit unserem digitalen Service gelingt Ihnen die Antragstellung bequem von zu Hause aus \u2013 effizient, sicher und zeitsparend. Ob f\u00fcr eine T\u00e4tigkeit im sozialen Bereich, f\u00fcr die Arbeit mit Kindern oder f\u00fcr beh\u00f6rdliche [&hellip;]\" \/>\n<meta property=\"og:url\" content=\"https:\/\/reisepassfuhrer.com\/zh\/product\/erweitertes-fuehrungszeugnis-online-beantragen\/\" \/>\n<meta property=\"og:site_name\" content=\"Reisepassfuhrer\" \/>\n<meta property=\"article:modified_time\" content=\"2026-04-27T22:41:54+00:00\" \/>\n<meta property=\"og:image\" content=\"http:\/\/reisepassfuhrer.com\/wp-content\/uploads\/2026\/04\/imageye___-_imgi_266_7200fee8-a64f-446e-825e-9a5604c3dd41-scaled.jpeg\" \/>\n\t<meta property=\"og:image:width\" content=\"2560\" \/>\n\t<meta property=\"og:image:height\" content=\"1710\" \/>\n\t<meta property=\"og:image:type\" content=\"image\/jpeg\" \/>\n<meta name=\"twitter:card\" content=\"summary_large_image\" \/>\n<meta name=\"twitter:label1\" content=\"\u9884\u8ba1\u9605\u8bfb\u65f6\u95f4\" \/>\n\t<meta name=\"twitter:data1\" content=\"2 \u5206\" \/>\n<script type=\"application\/ld+json\" class=\"yoast-schema-graph\">{\"@context\":\"https:\/\/schema.org\",\"@graph\":[{\"@type\":\"WebPage\",\"@id\":\"https:\/\/reisepassfuhrer.com\/product\/erweitertes-fuehrungszeugnis-online-beantragen\/\",\"url\":\"https:\/\/reisepassfuhrer.com\/product\/erweitertes-fuehrungszeugnis-online-beantragen\/\",\"name\":\"Erweitertes f\u00fchrungszeugnis online beantragen - Reisepassfuhrer\",\"isPartOf\":{\"@id\":\"https:\/\/reisepassfuhrer.com\/#website\"},\"primaryImageOfPage\":{\"@id\":\"https:\/\/reisepassfuhrer.com\/product\/erweitertes-fuehrungszeugnis-online-beantragen\/#primaryimage\"},\"image\":{\"@id\":\"https:\/\/reisepassfuhrer.com\/product\/erweitertes-fuehrungszeugnis-online-beantragen\/#primaryimage\"},\"thumbnailUrl\":\"https:\/\/reisepassfuhrer.com\/wp-content\/uploads\/2026\/04\/imageye___-_imgi_266_7200fee8-a64f-446e-825e-9a5604c3dd41-scaled.jpeg\",\"datePublished\":\"2026-04-27T22:41:53+00:00\",\"dateModified\":\"2026-04-27T22:41:54+00:00\",\"breadcrumb\":{\"@id\":\"https:\/\/reisepassfuhrer.com\/product\/erweitertes-fuehrungszeugnis-online-beantragen\/#breadcrumb\"},\"inLanguage\":\"zh-Hans\",\"potentialAction\":[{\"@type\":\"ReadAction\",\"target\":[\"https:\/\/reisepassfuhrer.com\/product\/erweitertes-fuehrungszeugnis-online-beantragen\/\"]}]},{\"@type\":\"ImageObject\",\"inLanguage\":\"zh-Hans\",\"@id\":\"https:\/\/reisepassfuhrer.com\/product\/erweitertes-fuehrungszeugnis-online-beantragen\/#primaryimage\",\"url\":\"https:\/\/reisepassfuhrer.com\/wp-content\/uploads\/2026\/04\/imageye___-_imgi_266_7200fee8-a64f-446e-825e-9a5604c3dd41-scaled.jpeg\",\"contentUrl\":\"https:\/\/reisepassfuhrer.com\/wp-content\/uploads\/2026\/04\/imageye___-_imgi_266_7200fee8-a64f-446e-825e-9a5604c3dd41-scaled.jpeg\",\"width\":2560,\"height\":1710},{\"@type\":\"BreadcrumbList\",\"@id\":\"https:\/\/reisepassfuhrer.com\/product\/erweitertes-fuehrungszeugnis-online-beantragen\/#breadcrumb\",\"itemListElement\":[{\"@type\":\"ListItem\",\"position\":1,\"name\":\"Home\",\"item\":\"https:\/\/reisepassfuhrer.com\/\"},{\"@type\":\"ListItem\",\"position\":2,\"name\":\"Shop\",\"item\":\"https:\/\/reisepassfuhrer.com\/shop\/\"},{\"@type\":\"ListItem\",\"position\":3,\"name\":\"Erweitertes f\u00fchrungszeugnis online beantragen\"}]},{\"@type\":\"WebSite\",\"@id\":\"https:\/\/reisepassfuhrer.com\/#website\",\"url\":\"https:\/\/reisepassfuhrer.com\/\",\"name\":\"Reisepassfuhrer\",\"description\":\"Reisepass Beantragen Berlin\",\"publisher\":{\"@id\":\"https:\/\/reisepassfuhrer.com\/#organization\"},\"potentialAction\":[{\"@type\":\"SearchAction\",\"target\":{\"@type\":\"EntryPoint\",\"urlTemplate\":\"https:\/\/reisepassfuhrer.com\/?s={search_term_string}\"},\"query-input\":{\"@type\":\"PropertyValueSpecification\",\"valueRequired\":true,\"valueName\":\"search_term_string\"}}],\"inLanguage\":\"zh-Hans\"},{\"@type\":\"Organization\",\"@id\":\"https:\/\/reisepassfuhrer.com\/#organization\",\"name\":\"Reisepassfuhrer\",\"url\":\"https:\/\/reisepassfuhrer.com\/\",\"logo\":{\"@type\":\"ImageObject\",\"inLanguage\":\"zh-Hans\",\"@id\":\"https:\/\/reisepassfuhrer.com\/#\/schema\/logo\/image\/\",\"url\":\"https:\/\/reisepassfuhrer.com\/wp-content\/uploads\/2024\/03\/Reisepassfuhrer-logo.png\",\"contentUrl\":\"https:\/\/reisepassfuhrer.com\/wp-content\/uploads\/2024\/03\/Reisepassfuhrer-logo.png\",\"width\":112,\"height\":112,\"caption\":\"Reisepassfuhrer\"},\"image\":{\"@id\":\"https:\/\/reisepassfuhrer.com\/#\/schema\/logo\/image\/\"}}]}<\/script>\n<!-- \/ Yoast SEO Premium plugin. -->","yoast_head_json":{"title":"Erweitertes f\u00fchrungszeugnis online beantragen - Reisepassfuhrer","robots":{"index":"noindex","follow":"follow","max-snippet":"max-snippet:-1","max-image-preview":"max-image-preview:large","max-video-preview":"max-video-preview:-1"},"og_locale":"zh_CN","og_type":"article","og_title":"Erweitertes f\u00fchrungszeugnis online beantragen","og_description":"Erweitertes F\u00fchrungszeugnis online beantragen \u2013 Schnell, sicher und unkompliziert M\u00f6chten Sie Ihr erweitertes F\u00fchrungszeugnis online beantragen, ohne lange Wartezeiten und komplizierte Beh\u00f6rdeng\u00e4nge? Mit unserem digitalen Service gelingt Ihnen die Antragstellung bequem von zu Hause aus \u2013 effizient, sicher und zeitsparend. Ob f\u00fcr eine T\u00e4tigkeit im sozialen Bereich, f\u00fcr die Arbeit mit Kindern oder f\u00fcr beh\u00f6rdliche [&hellip;]","og_url":"https:\/\/reisepassfuhrer.com\/zh\/product\/erweitertes-fuehrungszeugnis-online-beantragen\/","og_site_name":"Reisepassfuhrer","article_modified_time":"2026-04-27T22:41:54+00:00","og_image":[{"width":2560,"height":1710,"url":"http:\/\/reisepassfuhrer.com\/wp-content\/uploads\/2026\/04\/imageye___-_imgi_266_7200fee8-a64f-446e-825e-9a5604c3dd41-scaled.jpeg","type":"image\/jpeg"}],"twitter_card":"summary_large_image","twitter_misc":{"\u9884\u8ba1\u9605\u8bfb\u65f6\u95f4":"2 \u5206"},"schema":{"@context":"https:\/\/schema.org","@graph":[{"@type":"WebPage","@id":"https:\/\/reisepassfuhrer.com\/product\/erweitertes-fuehrungszeugnis-online-beantragen\/","url":"https:\/\/reisepassfuhrer.com\/product\/erweitertes-fuehrungszeugnis-online-beantragen\/","name":"Erweitertes f\u00fchrungszeugnis online beantragen - Reisepassfuhrer","isPartOf":{"@id":"https:\/\/reisepassfuhrer.com\/#website"},"primaryImageOfPage":{"@id":"https:\/\/reisepassfuhrer.com\/product\/erweitertes-fuehrungszeugnis-online-beantragen\/#primaryimage"},"image":{"@id":"https:\/\/reisepassfuhrer.com\/product\/erweitertes-fuehrungszeugnis-online-beantragen\/#primaryimage"},"thumbnailUrl":"https:\/\/reisepassfuhrer.com\/wp-content\/uploads\/2026\/04\/imageye___-_imgi_266_7200fee8-a64f-446e-825e-9a5604c3dd41-scaled.jpeg","datePublished":"2026-04-27T22:41:53+00:00","dateModified":"2026-04-27T22:41:54+00:00","breadcrumb":{"@id":"https:\/\/reisepassfuhrer.com\/product\/erweitertes-fuehrungszeugnis-online-beantragen\/#breadcrumb"},"inLanguage":"zh-Hans","potentialAction":[{"@type":"ReadAction","target":["https:\/\/reisepassfuhrer.com\/product\/erweitertes-fuehrungszeugnis-online-beantragen\/"]}]},{"@type":"ImageObject","inLanguage":"zh-Hans","@id":"https:\/\/reisepassfuhrer.com\/product\/erweitertes-fuehrungszeugnis-online-beantragen\/#primaryimage","url":"https:\/\/reisepassfuhrer.com\/wp-content\/uploads\/2026\/04\/imageye___-_imgi_266_7200fee8-a64f-446e-825e-9a5604c3dd41-scaled.jpeg","contentUrl":"https:\/\/reisepassfuhrer.com\/wp-content\/uploads\/2026\/04\/imageye___-_imgi_266_7200fee8-a64f-446e-825e-9a5604c3dd41-scaled.jpeg","width":2560,"height":1710},{"@type":"BreadcrumbList","@id":"https:\/\/reisepassfuhrer.com\/product\/erweitertes-fuehrungszeugnis-online-beantragen\/#breadcrumb","itemListElement":[{"@type":"ListItem","position":1,"name":"Home","item":"https:\/\/reisepassfuhrer.com\/"},{"@type":"ListItem","position":2,"name":"Shop","item":"https:\/\/reisepassfuhrer.com\/shop\/"},{"@type":"ListItem","position":3,"name":"Erweitertes f\u00fchrungszeugnis online beantragen"}]},{"@type":"WebSite","@id":"https:\/\/reisepassfuhrer.com\/#website","url":"https:\/\/reisepassfuhrer.com\/","name":"\u62a4\u7167\u6307\u5357","description":"\u7533\u8bf7\u67cf\u6797\u62a4\u7167","publisher":{"@id":"https:\/\/reisepassfuhrer.com\/#organization"},"potentialAction":[{"@type":"SearchAction","target":{"@type":"EntryPoint","urlTemplate":"https:\/\/reisepassfuhrer.com\/?s={search_term_string}"},"query-input":{"@type":"PropertyValueSpecification","valueRequired":true,"valueName":"search_term_string"}}],"inLanguage":"zh-Hans"},{"@type":"Organization","@id":"https:\/\/reisepassfuhrer.com\/#organization","name":"\u62a4\u7167\u6307\u5357","url":"https:\/\/reisepassfuhrer.com\/","logo":{"@type":"ImageObject","inLanguage":"zh-Hans","@id":"https:\/\/reisepassfuhrer.com\/#\/schema\/logo\/image\/","url":"https:\/\/reisepassfuhrer.com\/wp-content\/uploads\/2024\/03\/Reisepassfuhrer-logo.png","contentUrl":"https:\/\/reisepassfuhrer.com\/wp-content\/uploads\/2024\/03\/Reisepassfuhrer-logo.png","width":112,"height":112,"caption":"Reisepassfuhrer"},"image":{"@id":"https:\/\/reisepassfuhrer.com\/#\/schema\/logo\/image\/"}}]}},"_links":{"self":[{"href":"https:\/\/reisepassfuhrer.com\/zh\/wp-json\/wp\/v2\/product\/3457","targetHints":{"allow":["GET"]}}],"collection":[{"href":"https:\/\/reisepassfuhrer.com\/zh\/wp-json\/wp\/v2\/product"}],"about":[{"href":"https:\/\/reisepassfuhrer.com\/zh\/wp-json\/wp\/v2\/types\/product"}],"replies":[{"embeddable":true,"href":"https:\/\/reisepassfuhrer.com\/zh\/wp-json\/wp\/v2\/comments?post=3457"}],"wp:featuredmedia":[{"embeddable":true,"href":"https:\/\/reisepassfuhrer.com\/zh\/wp-json\/wp\/v2\/media\/3459"}],"wp:attachment":[{"href":"https:\/\/reisepassfuhrer.com\/zh\/wp-json\/wp\/v2\/media?parent=3457"}],"wp:term":[{"taxonomy":"product_brand","embeddable":true,"href":"https:\/\/reisepassfuhrer.com\/zh\/wp-json\/wp\/v2\/product_brand?post=3457"},{"taxonomy":"product_cat","embeddable":true,"href":"https:\/\/reisepassfuhrer.com\/zh\/wp-json\/wp\/v2\/product_cat?post=3457"},{"taxonomy":"product_tag","embeddable":true,"href":"https:\/\/reisepassfuhrer.com\/zh\/wp-json\/wp\/v2\/product_tag?post=3457"}],"curies":[{"name":"wp","href":"https:\/\/api.w.org\/{rel}","templated":true}]}}